{"id":19394,"date":"2023-06-06T17:23:55","date_gmt":"2023-06-06T16:23:55","guid":{"rendered":"https:\/\/uat.achilles.com\/product\/environmental-sustainability\/"},"modified":"2023-08-06T20:15:41","modified_gmt":"2023-08-06T17:15:41","slug":"environmental-sustainability","status":"publish","type":"product","link":"https:\/\/www.achilles.com\/de\/product\/oekologische-nachhaltigkeit\/","title":{"rendered":"Environmental Sustainability"},"content":{"rendered":"    <div class=\"top_section\">\n        <div class=\"container\">\n            <div class=\"top_info half\">\n                                    <h1 class=\"top_title\">\u00d6kologische Nachhaltigkeit in Lieferketten<\/h1>\n                                    <div class=\"top_text\">\n                        <p>Nachhaltiges Lieferkettenmanagement tr\u00e4gt dazu bei, eine bessere Zukunft nicht nur f\u00fcr unseren Planeten, sondern auch f\u00fcr Menschen und Unternehmen zu gew\u00e4hrleisten.<\/p>\n                    <\/div>\n                            <\/div>\n        <\/div>\n        <div class=\"top_media\">\n\t\t\t            <img decoding=\"async\" src=\"https:\/\/www.achilles.com\/app\/uploads\/2023\/06\/Homepage-Hero-scaled-1.jpg\" alt=\"\">\n                    <\/div>\n    <\/div>\n\n\n    <div class=\"content_section\">\r\n        <div class=\"container\">\r\n            <div class=\"services_wrap\">\r\n                                <div class=\"services_left\">\r\n                                        <p class=\"title_category\">ERKENNTNISBASIERTES HANDELN<\/p>\r\n                                        <h2 class=\"title_section\">Es ist an der Zeit, sich proaktiv mit dem Thema nachhaltige Beschaffung auseinanderzusetzen<\/h2>\r\n                                        <a class=\"link\" href=\"https:\/\/uat.achilles.com\/#Back\">Back to all products<\/a>\r\n                                    <\/div>\r\n                                <div class=\"services_right\">\r\n                    <div class=\"typical_text\">\r\n                        <p>Nachhaltigkeit in den Gesch\u00e4ftsaktivit\u00e4ten ist nicht nur das einzig Richtige, sondern zunehmend auch ein wichtiger Erfolgsma\u00dfstab. Die Risiken der Nichteinhaltung von nationalen und internationalen Gesetzen k\u00f6nnen erheblich sein, aber \u00f6kologische Nachhaltigkeit ist auch eine gro\u00dfe Chance. Wir sind Experten darin, Sie bei der Erschlie\u00dfung der finanziellen, operativen und Reputationsvorteile einer Zusammenarbeit mit nachhaltigen Lieferketten zu unterst\u00fctzen.<\/p>\n<p>Unser Schwerpunkt liegt nicht nur auf der Unterst\u00fctzung von Unternehmen bei der Erf\u00fcllung ihrer Pflichten in Bezug auf Umweltberichterstattung. Wir konzentrieren uns auch darauf, die Effizienz zu steigern, Risiken zu reduzieren und Kosten zu senken. Bei \u00f6kologischer Nachhaltigkeit geht es um Menschen und unseren Planeten, aber auch um Profit. Unternehmen versuchen zunehmend, Wettbewerbsvorteile aus den gesellschaftlichen, \u00f6kologischen und \u00f6konomischen Auswirkungen ihrer T\u00e4tigkeit zu ziehen. Wir sorgen daf\u00fcr, dass Sie alle Ziele abhaken k\u00f6nnen, indem Sie Erwartungen von Kunden und Mitarbeitern erf\u00fcllen, Kosten senken und globale \u00d6kosysteme unterst\u00fctzen.<\/p>\n<p>Unser Expertenteam fungiert als weiteres Augenpaar, das die richtige Art von sozialen und \u00f6kologischen Daten sowohl von Ihrem eigenen Unternehmen als auch von Ihren Lieferanten erfasst und validiert. Wir reduzieren die Komplexit\u00e4t des Themas Nachhaltigkeit und bieten umfassende Berichte und Einblicke, die umsetzbare Gesch\u00e4ftsentscheidungen f\u00f6rdern.<\/p>\n                    <\/div>\r\n                <\/div>\r\n                            <\/div>\r\n        <\/div>\r\n    <\/div>\r\n\n\n     <div class=\"stats_full\">\r\n        <div class=\"stats_bg\">\r\n                        <img decoding=\"async\" src=\"https:\/\/www.achilles.com\/app\/uploads\/2023\/06\/Sustainability-Webinar-scaled-1.jpg\" alt=\"\">\r\n                    <\/div>\r\n        <div class=\"container\">\r\n            <div class=\"stats_center\">\r\n                <div class=\"corner corner_top_left\"><\/div>\r\n                <div class=\"corner corner_top_right\"><\/div>\r\n                <div class=\"corner corner_bottom_left\"><\/div>\r\n                <div class=\"corner corner_bottom_right\"><\/div>\r\n                <div class=\"stats_center_item\">\r\n                                        <div class=\"stats_anim\">\r\n                        <div class=\"stats_center_number stats_anim_item\" data-total=\"53\">\r\n                            <span class=\"stats_anim_total\">0<\/span>%                        <\/div>\r\n                    <\/div>\r\n                                        <p class=\"stats_center_text large_text\">Nur\r\nder Eink\u00e4ufer sprechen ihre Lieferanten auf die Reduzierung ihrer eingebetteten Emissionen an.<\/p>\r\n                                        <p class=\"stats_center_cop large_text\">PwC\u2019s 17th Annual Global CEO Survey \u2013 2014<\/p>\r\n                                    <\/div>\r\n            <\/div>\r\n        <\/div>\r\n    <\/div>\r\n\n\n    <div class=\"content_section\">\r\n        <div class=\"container\">\r\n            <div class=\"services_wrap\">\r\n                                <div class=\"services_left\">\r\n                                        <p class=\"title_category\">Benefits<\/p>\r\n                                        <h2 class=\"title_section\">H\u00f6here Standards f\u00fcr \u00f6kologische Nachhaltigkeit<\/h2>\r\n                                    <\/div>\r\n                                <div class=\"services_right\">\r\n                    <div class=\"services_list\">\r\n                                                <div class=\"service_box\">\r\n                                                        <p class=\"service_box_name\">\r\n                                <span class=\"service_box_check icon-Success\"><\/span>\r\n                                Umweltmanagementsysteme                            <\/p>\r\n                                                        <div class=\"typical_text\">\r\n                                <p>Die Verbesserung der \u00f6kologischen Nachhaltigkeit in einem Unternehmen ist nur der Anfang. Treiben Sie den Wandel in Ihrer gesamten Lieferkette voran und beschleunigen Sie die Auswirkungen des Wandels.<\/p>\r\n                            <\/div>\r\n                                                    <\/div>\r\n                                                <div class=\"service_box\">\r\n                                                        <p class=\"service_box_name\">\r\n                                <span class=\"service_box_check icon-Success\"><\/span>\r\n                                Energieeinsparung                            <\/p>\r\n                                                        <div class=\"typical_text\">\r\n                                <p>Verwalten Sie Ihren Energieverbrauch und realisieren Sie Niedrigenergie-Management in Ihrem Unternehmen und in der gesamten Lieferkette.<\/p>\r\n                            <\/div>\r\n                                                    <\/div>\r\n                                                <div class=\"service_box\">\r\n                                                        <p class=\"service_box_name\">\r\n                                <span class=\"service_box_check icon-Success\"><\/span>\r\n                                Kohlendioxidreduktion                            <\/p>\r\n                                                        <div class=\"typical_text\">\r\n                                <p>Das weltweit anerkannte CarbonReduce-Programm (unterst\u00fctzt durch Toit\u016b) hilft Unternehmen, ihren Kohlendioxidaussto\u00df zu messen, zu pr\u00fcfen und sich zur Reduzierung zu verpflichten.<\/p>\r\n                            <\/div>\r\n                                                    <\/div>\r\n                                                <div class=\"service_box\">\r\n                                                        <p class=\"service_box_name\">\r\n                                <span class=\"service_box_check icon-Success\"><\/span>\r\n                                Abfall und Recycling                            <\/p>\r\n                                                        <div class=\"typical_text\">\r\n                                <p>Reduzieren Sie Ineffizienzen in Ihrer gesamten Lieferkette, indem Sie sicherstellen, dass Ihre Lieferanten alle Abfallvorschriften einhalten.<\/p>\r\n                            <\/div>\r\n                                                    <\/div>\r\n                                                <div class=\"service_box\">\r\n                                                        <p class=\"service_box_name\">\r\n                                <span class=\"service_box_check icon-Success\"><\/span>\r\n                                Wassermanagement                            <\/p>\r\n                                                        <div class=\"typical_text\">\r\n                                <p>Stellen Sie sicher, dass die Wassernutzung, -lagerung und -entsorgung konform und nicht unn\u00f6tig kostspielig ist.<\/p>\r\n                            <\/div>\r\n                                                    <\/div>\r\n                                                <div class=\"service_box\">\r\n                                                        <p class=\"service_box_name\">\r\n                                <span class=\"service_box_check icon-Success\"><\/span>\r\n                                Gefahrstoffe                            <\/p>\r\n                                                        <div class=\"typical_text\">\r\n                                <p>Stellen Sie sicher, dass Ihre Betriebsabl\u00e4ufe stets sicher, effizient und konform sind.<\/p>\r\n                            <\/div>\r\n                                                    <\/div>\r\n                                            <\/div>\r\n                <\/div>\r\n                            <\/div>\r\n        <\/div>\r\n    <\/div>\r\n\n\n            <div class=\"cta_section\">\r\n            <div class=\"cta_box_bg\">\r\n                                <img decoding=\"async\" src=\"https:\/\/www.achilles.com\/app\/uploads\/2023\/05\/cta_1.jpg\" alt=\"\">\r\n                            <\/div>\r\n                <div class=\"container\">\r\n                    <div class=\"cta_wrapper\">\r\n                        <div class=\"cta_info\">\r\n                                                        <h3 class=\"cta_box_name\">In Aktion sehen<\/h3>\r\n                                                        <a class=\"btn btn_big\" href=\"https:\/\/uat.achilles.com\/#3\">Eine Demo anfordern<\/a>\r\n                                                    <\/div>\r\n                <\/div>\r\n            <\/div>\r\n        <\/div>\r\n    \n\n    <div class=\"content_section\">\r\n        <div class=\"container\">\r\n                        <div class=\"tools_description\">\r\n                                <p class=\"title_category\">Features<\/p>\r\n                                <h2 class=\"title_section\">So funktioniert es<\/h2>\r\n                                <div class=\"typical_text\">\r\n                    <p>Vom Sourcing- und Auswahlprozess bis hin zu Ihren laufenden Gesch\u00e4ftsbeziehungen sind unsere Dienstleistungen darauf ausgerichtet, das mit Drittanbietern verbundene Risiko zu reduzieren und die Compliance zu verbessern \u2013 und das bei jedem Schritt.<\/p>\n                <\/div>\r\n                            <\/div>\r\n                        <div class=\"tools_wrap tabs_section\">\r\n                <div class=\"tools_tabs tabs_buttons\">\r\n                                        <div class=\"tools_btn tab_btn current\" data-tab=\"1\">\r\n                        <span>Pr\u00e4qualifizierungsfragebogen<\/span>\r\n                        <span class=\"tools_btn_arrow icon-Chevron-Right\"><\/span>\r\n                    <\/div>\r\n                                        <div class=\"tools_btn tab_btn\" data-tab=\"2\">\r\n                        <span>CarbonReduce-Audit<\/span>\r\n                        <span class=\"tools_btn_arrow icon-Chevron-Right\"><\/span>\r\n                    <\/div>\r\n                                        <div class=\"tools_btn tab_btn\" data-tab=\"3\">\r\n                        <span>QMS-Audit<\/span>\r\n                        <span class=\"tools_btn_arrow icon-Chevron-Right\"><\/span>\r\n                    <\/div>\r\n                                    <\/div>\r\n                <div class=\"tools_content\">\r\n                                        <div class=\"tool_container tab_container tab_container_1 active\">\r\n                        <div class=\"typical_text\">\r\n                            <h6>Pr\u00e4qualifizierungsfragebogen<\/h6>\n<p>Ein Bestandteil unseres Pr\u00e4qualifizierungsprozesses f\u00fcr Lieferanten ist das Sammeln und \u00dcberpr\u00fcfen von umweltrelevanten Daten. Dadurch erhalten Eink\u00e4ufer einen vollst\u00e4ndigeren und genaueren \u00dcberblick \u00fcber die Risikoprofile von potenziellen und bestehenden Lieferanten. Wir beseitigen Unsicherheiten bei der Zusammenarbeit mit neuen Unternehmen und unterst\u00fctzen die St\u00e4rkung bestehender Gesch\u00e4ftsbeziehungen.<\/p>\n                        <\/div>\r\n                                            <\/div>\r\n                                        <div class=\"tool_container tab_container tab_container_2\">\r\n                        <div class=\"typical_text\">\r\n                            <h6>CarbonReduce-Audit<\/h6>\n<p>Unser CarbonReduce-Programm (Programm zur Verringerung des Kohlendioxidaussto\u00dfes) in Zusammenarbeit mit Toit\u016b ist eine f\u00fchrende, weltweit anerkannte Zertifizierung nach ISO 14064-1. Wir geben Unternehmen die M\u00f6glichkeit, ihren Kohlendioxidaussto\u00df genau zu messen und effektive Strategien zur Reduzierung ihrer Emissionen zu entwickeln. Auf unserer Online-Plattform erfassen wir den Kohlendioxidaussto\u00df nicht nur, sondern berechnen ihn auch, w\u00e4hrend unser Expertenteam Audits vor Ort durchf\u00fchrt und dabei ein umfassendes Instrumentarium einsetzt, mit dem Sie eine kontinuierliche Verbesserung auf j\u00e4hrlicher Basis nachweisen k\u00f6nnen.<\/p>\n                        <\/div>\r\n                                            <\/div>\r\n                                        <div class=\"tool_container tab_container tab_container_3\">\r\n                        <div class=\"typical_text\">\r\n                            <h6>QMS-Audit<\/h6>\n<p>Unsere Qualit\u00e4tsmanagementsystem-Audits, die vollst\u00e4ndig in einen marktf\u00fchrenden Service zur Lieferantenpr\u00e4qualifizierung integriert sind, k\u00f6nnen je nach Umfang der Bewertung 1 bis 2 Tage dauern. Diese End-to-End-L\u00f6sung erm\u00f6glicht es Unternehmen auf der ganzen Welt, mit Lieferanten verbundene Risiken zu minimieren sowie die Compliance von Lieferanten zu messen und zu verfolgen \u2013 entweder als Erg\u00e4nzung zu den vorhandenen internen Audit-Ressourcen oder als kosteng\u00fcnstige Alternative.<\/p>\n                        <\/div>\r\n                                            <\/div>\r\n                                    <\/div>\r\n            <\/div>\r\n                    <\/div>\r\n    <\/div>\r\n\n\n    <div class=\"quote_section\">\r\n        <div class=\"quote_bg\">\r\n                        <img decoding=\"async\" src=\"https:\/\/www.achilles.com\/app\/uploads\/2023\/05\/quote_financial.jpg\" alt=\"\">\r\n                    <\/div>\r\n        <div class=\"container\">\r\n            <div class=\"quote_wrapper\">\r\n                <div class=\"quote_item\">\r\n                                        <div class=\"quote_item_text\">\r\n                        <p>Die Einbeziehung der Lieferkette ist ein entscheidender Faktor. Als eigenst\u00e4ndiges Unternehmen k\u00f6nnen Sie selbst schon viel erreichen, aber wenn Sie die Lieferkette mit einbeziehen, erzielen Sie noch viel bedeutendere Reduzierungen. Und das ist noch nicht alles, denn wir wollen mit f\u00fchrenden Lieferanten zusammenarbeiten, die selbst Verantwortung \u00fcbernehmen.<\/p>\n                    <\/div>\r\n                                        <p class=\"quote_item_author\">David Riley, Carbon Manager, Anglian Water<\/p>\r\n                                        <a href=\"https:\/\/uat.achilles.com\/#Read-more\" class=\"btn btn_big\">Die Fallstudie lesen<\/a>\r\n                                    <\/div>\r\n            <\/div>\r\n        <\/div>\r\n    <\/div>\r\n\n\n    <div class=\"content_section bg_grey\">\n        <div class=\"container\">\n                        <div class=\"description_section full\">\n                                <p class=\"title_category\">Packages<\/p>\n                                                <h2 class=\"title_section\">W\u00e4hlen Sie das passende Paket<\/h2>\n                                            <\/div>\n            \n                        <div class=\"packages_wrap\">\n                                <a class=\"package_box\" href=\"https:\/\/uat.achilles.com\/#1\">\n                                        <p class=\"package_box_name\">Assure<\/p>\n                                                            <div class=\"typical_text\">\n                        <p>Weitere Informationen zu diesem Paket<\/p>\n                    <\/div>\n                                    <\/a>\n                                <a class=\"package_box\" href=\"https:\/\/uat.achilles.com\/#2\">\n                                        <p class=\"package_box_name\">Professional<\/p>\n                                                            <div class=\"typical_text\">\n                        <p>Weitere Informationen zu diesem Paket<\/p>\n                    <\/div>\n                                    <\/a>\n                                <a class=\"package_box\" href=\"https:\/\/uat.achilles.com\/#3\">\n                                        <p class=\"package_box_name\">Enterprise<\/p>\n                                                            <div class=\"typical_text\">\n                        <p>Weitere Informationen zu diesem Paket<\/p>\n                    <\/div>\n                                    <\/a>\n                            <\/div>\n            \n                    <\/div>\n    <\/div>\n\n\n    <div class=\"request_section\">\r\n        <div class=\"contact_bg\">\r\n                        <img decoding=\"async\" src=\"https:\/\/www.achilles.com\/app\/uploads\/2023\/05\/contact_bg.jpg\" alt=\"\">\r\n                    <\/div>\r\n        <div class=\"container\">\r\n            <div class=\"request_inner\">\r\n                                <div class=\"request_wrapper\">\r\n                <h2 class=\"title_section\">Want to understand how we can help your business? <br>Request a call back from our team of experts<\/h2>\r\n                <\/div>\r\n                                <div class=\"request_box\">\r\n                                        <div class=\"typical_text\">\r\n                        <p>Fields marked with * are mandatory.<\/p>\r\n                    <\/div>\r\n                    <!--[if lte IE 8]>\r\n    <script charset=\"utf-8\" type=\"text\/javascript\" src=\"\/\/js.hsforms.net\/forms\/v2-legacy.js\"><\/script>\r\n    <![endif]-->\r\n    <script charset=\"utf-8\" type=\"text\/javascript\" src=\"\/\/js.hsforms.net\/forms\/v2.js\"><\/script>\r\n    <script>\r\n      hbspt.forms.create({\r\n        portalId: \"5387762\",\r\n        formId: \"a23cf73a-36bd-433c-a1d8-4acd8b05b928\"\r\n      })\r\n    <\/script>                <\/div>\r\n            <\/div>\r\n        <\/div>\r\n    <\/div>\r\n\r\n\n\n\r\n\r\n  <div class=\"resources_other content_section\">\r\n        <div class=\"container\">\r\n                        <h3 class=\"title_block\">Weil \u00f6kologische Nachhaltigkeit ein wichtiges Thema f\u00fcr Sie ist \u2013 lesen Sie diese Blogbeitr\u00e4ge<\/h3>\r\n                        <div class=\"resources_wrap\">\r\n                                <a class=\"resource_item\" href=\"https:\/\/www.achilles.com\/de\/industry-insights\/wer-zertifiziert-die-zertifizierer-was-passiert-wenn-ihre-datenvalidierung-versagt\/\">\r\n                                        <div class=\"resource_item_img\">\r\n                        <img decoding=\"async\" src=\"https:\/\/www.achilles.com\/app\/uploads\/2023\/07\/lawrence-macaron-71NntD40AKo-unsplash.jpg\" alt=\"Wer zertifiziert die Zertifizierer: Was passiert, wenn Ihre Datenvalidierung versagt?\">\r\n                    <\/div>\r\n                                        <div class=\"resource_item_info\">\r\n                        <div class=\"resource_item_description\">\r\n                            <p class=\"resource_item_name\">Wer zertifiziert die Zertifizierer: Was passiert, wenn Ihre Datenvalidierung versagt?<\/p>\r\n                            <div class=\"typical_text\">\r\n                                <p>Lieferketten verlassen sich auf das Vertrauen, das durch eine externe\u2026<\/p>\r\n                            <\/div>\r\n                        <\/div>\r\n                                                <div class=\"resource_item_categories\">\r\n                                                        <div class=\"resource_category\">\r\n                                                                <span class=\"resource_category_name\"><\/span>\r\n                            <\/div>\r\n                                                        <div class=\"resource_category\">\r\n                                                                <span class=\"resource_category_name\"><\/span>\r\n                            <\/div>\r\n                                                    <\/div>\r\n                                            <\/div>\r\n                <\/a>\r\n                                <a class=\"resource_item\" href=\"https:\/\/www.achilles.com\/de\/boom-der-erneuerbaren-energien-birgt-risiken-fuer-die-lieferkette\/\">\r\n                                        <div class=\"resource_item_img\">\r\n                        <img decoding=\"async\" src=\"https:\/\/www.achilles.com\/app\/uploads\/2025\/10\/andreas-gucklhorn-Ilpf2eUPpUE-unsplash.jpg\" alt=\"Boom der erneuerbaren Energien birgt Risiken f\u00fcr die Lieferkette\">\r\n                    <\/div>\r\n                                        <div class=\"resource_item_info\">\r\n                        <div class=\"resource_item_description\">\r\n                            <p class=\"resource_item_name\">Boom der erneuerbaren Energien birgt Risiken f\u00fcr die Lieferkette<\/p>\r\n                            <div class=\"typical_text\">\r\n                                <p>Einem aktuellen Bericht der BBC zufolge haben erneuerbare Energien die\u2026<\/p>\r\n                            <\/div>\r\n                        <\/div>\r\n                                                <div class=\"resource_item_categories\">\r\n                                                        <div class=\"resource_category\">\r\n                                                                <span class=\"resource_category_name\"><\/span>\r\n                            <\/div>\r\n                                                        <div class=\"resource_category\">\r\n                                                                <span class=\"resource_category_name\"><\/span>\r\n                            <\/div>\r\n                                                    <\/div>\r\n                                            <\/div>\r\n                <\/a>\r\n                            <\/div>\r\n        <\/div>\r\n    <\/div> \r\n","protected":false},"excerpt":{"rendered":"<p>Environmental sustainability management is not just the right thing to do, it is an increasingly important benchmark of success. Helping to capture and validate the right kind of social and environmental data from both your own organisation and your suppliers.<\/p>\n","protected":false},"featured_media":0,"template":"","class_list":["post-19394","product","type-product","status-publish","hentry"],"acf":[],"_links":{"self":[{"href":"https:\/\/www.achilles.com\/de\/wp-json\/wp\/v2\/product\/19394","targetHints":{"allow":["GET"]}}],"collection":[{"href":"https:\/\/www.achilles.com\/de\/wp-json\/wp\/v2\/product"}],"about":[{"href":"https:\/\/www.achilles.com\/de\/wp-json\/wp\/v2\/types\/product"}],"wp:attachment":[{"href":"https:\/\/www.achilles.com\/de\/wp-json\/wp\/v2\/media?parent=19394"}],"curies":[{"name":"wp","href":"https:\/\/api.w.org\/{rel}","templated":true}]}}