{"id":93241,"date":"2026-01-07T10:31:57","date_gmt":"2026-01-07T10:31:57","guid":{"rendered":"https:\/\/www.achilles.com\/?page_id=93241"},"modified":"2026-03-10T12:34:32","modified_gmt":"2026-03-10T12:34:32","slug":"erweitern-sie-ihre-reichweite","status":"publish","type":"page","link":"https:\/\/www.achilles.com\/de\/erweitern-sie-ihre-reichweite\/","title":{"rendered":"Erweitern Sie Ihre Reichweite"},"content":{"rendered":"    <div class=\"top_section top_find_network\">\r\n        <div class=\"container\">\r\n            <div class=\"top_info\">\r\n                                    <h1 class=\"top_title\">Erweitern Sie Ihre Reichweite. Erschlie\u00dfen Sie neue M\u00f6glichkeiten auf lokalen und globalen M\u00e4rkten.   <\/h1>\r\n                                    <div class=\"top_texttop_block-large_text\">\r\n                        <p>Treten Sie weiteren Achilles-Netzwerken bei, um Zugang zu aktiven Einkaufsorganisationen auf der ganzen Welt zu erhalten. Verbringen Sie weniger Zeit mit der Einhaltung von Vorschriften und mehr Zeit mit dem Abschluss von Gesch\u00e4ften. <\/p>\n                    <\/div>\r\n                                    <div class=\"top_buttons\">\r\n                                                    <a class=\"btn btn_big\" href=\"#networks\">Netzwerke Anzeigen<\/a>\r\n                                                    <a class=\"btn btn_white btn_big\" href=\"#call-back\">R\u00fcckruf Anfordern<\/a>\r\n                                            <\/div>\r\n                            <\/div>\r\n        <\/div>\r\n        <div class=\"top_media\">\r\n\t\t\t            <img decoding=\"async\" src=\"https:\/\/www.achilles.com\/app\/uploads\/2025\/11\/AdobeStock_192130727.jpeg\" alt=\"Achilles Repro was founded in Madrid and has expanded to include all Southern Europe and Latam\">\r\n                    <\/div>\r\n    <\/div>\r\n\n\n\r\n            <div class=\"content_section\">\r\n            <div class=\"container\">\r\n                                <div class=\"description_page full top\">\r\n                                        <h1 class=\"title_section\">Erweitern Sie Ihre Reichweite. Erschlie\u00dfen Sie neue M\u00f6glichkeiten. <\/h1>\r\n                                        <div class=\"typical_text large_text\">\r\n                        <p>Verbesserte Sichtbarkeit \u00fcber mehrere Achilles-Netzwerke hinweg.  <\/p>\r\n                    <\/div>\r\n                                    <\/div>\r\n                                <div class=\"content_wrap\">\r\n                    <div class=\"content_info ogo\">\r\n                                                <p class=\"title_category\">Achilles <\/p>\r\n                                                <h2 class=\"title_section\">Verbringen Sie weniger Zeit mit der Einhaltung von Vorschriften<\/h2>\r\n                                                <h5 class=\"title_small\">Konzentrieren Sie Ihr Unternehmen auf Wachstum<\/h5>\r\n                                                <div class=\"typical_text\">\r\n                            <p>Verbringen Sie weniger Zeit mit der Einhaltung von Vorschriften und mehr Zeit mit der Gewinnung neuer Gesch\u00e4fte. Der Beitritt zu einem zus\u00e4tzlichen Achilles-Netzwerk gibt Ihrem Unternehmen: <\/p>\n<ul>\n<li>Zugang zu einem gr\u00f6\u00dferen Pool von K\u00e4ufern, die aktiv nach Lieferanten wie Ihnen suchen<\/li>\n<li>Verbesserte Sichtbarkeit \u00fcber mehrere Achilles&#8216; Netzwerke hinweg<\/li>\n<li>Intelligentere Tools f\u00fcr den Abgleich zwischen Lieferanten und K\u00e4ufern<\/li>\n<li>Datenvalidierung in Echtzeit<\/li>\n<\/ul>\n<p>Bauen Sie Vertrauen auf, steigern Sie Ihre Bekanntheit und kn\u00fcpfen Sie Kontakte zu den richtigen Gelegenheiten, denn Wachstum beginnt mit den richtigen Kundenkontakten.<\/p>\n                        <\/div>\r\n                                            <\/div>\r\n                                        <div class=\"content_media\">\r\n                        <img decoding=\"async\" src=\"https:\/\/www.achilles.com\/app\/uploads\/2023\/06\/Agile-Procurement-Hero-Image-2.jpg\" alt=\"network for supply chain compliance\">\r\n                    <\/div>\r\n                                    <\/div>\r\n                            <\/div>\r\n        <\/div>\r\n    \n\n    <div class=\"content_section bg_grey\">\n        <div class=\"container\">\n                        <div class=\"description_section full\">\n                                <p class=\"title_category\">Achilles <\/p>\n                                                <h2 class=\"title_section\">Europ\u00e4ische K\u00e4uferm\u00e4rkte<\/h2>\n                                            <\/div>\n            \n                        <div class=\"packages_wrap column_four\">\n                                <a class=\"package_box\">\n                                        <p class=\"package_box_name\">StartBANK<\/p>\n                                                            <div class=\"typical_text\">\n                        <p><strong><img loading=\"lazy\" decoding=\"async\" class=\"wp-image-82869 alignnone\" src=\"https:\/\/www.achilles.com\/app\/uploads\/2025\/10\/Australian-construction-worksite.png\" alt=\"Bauarbeiter bauen bei Sonnenaufgang in Australien ein Ger\u00fcst auf der Baustelle auf, um die Sicherheit auf der Baustelle und das Management der Bauunternehmer zu verbessern.\" width=\"300\" height=\"225\" \/><\/strong><\/p>\n<p>Die StartBANK hilft Bau- und Facility-Management-Unternehmen in Norwegen.<\/p>\n                    <\/div>\n                                    <\/a>\n                                <a class=\"package_box\">\n                                        <p class=\"package_box_name\">TransQ  <\/p>\n                                                            <div class=\"typical_text\">\n                        <p><img loading=\"lazy\" decoding=\"async\" class=\"alignnone wp-image-68977\" src=\"https:\/\/www.achilles.com\/app\/uploads\/2025\/05\/TRACCS-Web-site-Banner.png\" alt=\"\" width=\"654\" height=\"490\" \/><\/p>\n<p>Treten Sie in Kontakt mit vertrauensw\u00fcrdigen Eink\u00e4ufern im Bereich Transport und Logistik in den Nordics.<\/p>\n                    <\/div>\n                                    <\/a>\n                                <a class=\"package_box\">\n                                        <p class=\"package_box_name\">UNCE  <\/p>\n                                                            <div class=\"typical_text\">\n                        <p><strong><img loading=\"lazy\" decoding=\"async\" class=\"alignnone wp-image-13492\" src=\"https:\/\/www.achilles.com\/app\/uploads\/2023\/07\/iStock-139883089-300x200.jpg\" alt=\"\" width=\"337\" height=\"225\" srcset=\"https:\/\/www.achilles.com\/app\/uploads\/2023\/07\/iStock-139883089-300x200.jpg 300w, https:\/\/www.achilles.com\/app\/uploads\/2023\/07\/iStock-139883089.jpg 724w\" sizes=\"auto, (max-width: 337px) 100vw, 337px\" \/><\/strong><\/p>\n<p>Erreichen Sie ein Netzwerk von Versorgungsunternehmen, die in nordeurop\u00e4ischen M\u00e4rkten t\u00e4tig sind.<\/p>\n                    <\/div>\n                                    <\/a>\n                                <a class=\"package_box\">\n                                        <p class=\"package_box_name\">Repro<\/p>\n                                                            <div class=\"typical_text\">\n                        <p><strong><img loading=\"lazy\" decoding=\"async\" class=\"alignnone wp-image-14656 size-medium\" src=\"https:\/\/www.achilles.com\/app\/uploads\/2023\/07\/arrays-blue-solar-panels-photovoltaic-power-station-aerial-view-new-energy-scaled-1-300x200.jpg\" alt=\"Felder mit Reihen von Solarmodulen\" width=\"300\" height=\"200\" srcset=\"https:\/\/www.achilles.com\/app\/uploads\/2023\/07\/arrays-blue-solar-panels-photovoltaic-power-station-aerial-view-new-energy-scaled-1-300x200.jpg 300w, https:\/\/www.achilles.com\/app\/uploads\/2023\/07\/arrays-blue-solar-panels-photovoltaic-power-station-aerial-view-new-energy-scaled-1-1024x682.jpg 1024w, https:\/\/www.achilles.com\/app\/uploads\/2023\/07\/arrays-blue-solar-panels-photovoltaic-power-station-aerial-view-new-energy-scaled-1-768x512.jpg 768w, https:\/\/www.achilles.com\/app\/uploads\/2023\/07\/arrays-blue-solar-panels-photovoltaic-power-station-aerial-view-new-energy-scaled-1-1536x1023.jpg 1536w, https:\/\/www.achilles.com\/app\/uploads\/2023\/07\/arrays-blue-solar-panels-photovoltaic-power-station-aerial-view-new-energy-scaled-1.jpg 2048w\" sizes=\"auto, (max-width: 300px) 100vw, 300px\" \/><\/strong><\/p>\n<p>Repro ist das vertrauensw\u00fcrdige Netzwerk f\u00fcr die Versorgungsindustrie in S\u00fcdamerika und S\u00fcdeuropa.<\/p>\n                    <\/div>\n                                    <\/a>\n                            <\/div>\n            \n                    <\/div>\n    <\/div>\n\n\n    <div class=\"content_section\" id=\"networks\">\n        <div class=\"container\">\n                        <div class=\"description_section full\">\n                                <p class=\"title_category\">Zus\u00e4tzliche Netzwerke  <\/p>\n                                                <h2 class=\"title_section\">Treten Sie mit wichtigen Eink\u00e4ufern in Gro\u00dfbritannien, Irland und weltweit in Kontakt.  <\/h2>\n                                                <div class=\"typical_text\">\n                    <div>Treten Sie den globalen Netzwerken von Achilles bei, um Zugang zu internationalen Eink\u00e4ufern zu erhalten<\/div>\n                <\/div>\n                            <\/div>\n            \n                        <div class=\"packages_wrap column_four\">\n                                <a class=\"package_box\">\n                                        <p class=\"package_box_name\">Achilles Network  <\/p>\n                                                            <div class=\"typical_text\">\n                        <p><img loading=\"lazy\" decoding=\"async\" class=\"alignnone wp-image-72878\" src=\"https:\/\/www.achilles.com\/app\/uploads\/2025\/06\/Copy-of-Website-Main-Header-Full-Width-LIMIT-to-1000KB-4-2.png\" alt=\"Achilles Supply-Line\" width=\"400\" height=\"300\" \/><\/p>\n<p>Der branchen\u00fcbergreifende Standard f\u00fcr globale Transparenz in der Lieferkette.<\/p>\n                    <\/div>\n                                    <\/a>\n                                <a class=\"package_box\" href=\"https:\/\/www.achilles.com\/global-energy\">\n                                        <p class=\"package_box_name\">Global Energy <\/p>\n                                                            <div class=\"typical_text\">\n                        <p><img loading=\"lazy\" decoding=\"async\" class=\"alignnone wp-image-77249\" src=\"https:\/\/www.achilles.com\/app\/uploads\/2025\/07\/wind-website-banners-1.png\" alt=\"a group of wind turbines in the ocean\" width=\"400\" height=\"300\" \/><\/p>\n<p>Vernetzen Sie sich mit f\u00fchrenden globalen Eink\u00e4ufern aus den Bereichen \u00d6l, Gas und erneuerbare Energien<\/p>\n                    <\/div>\n                                    <\/a>\n                                <a class=\"package_box\">\n                                        <p class=\"package_box_name\">Building Confidence<\/p>\n                                                            <div class=\"typical_text\">\n                        <p><img loading=\"lazy\" decoding=\"async\" class=\"alignnone wp-image-57573\" src=\"https:\/\/www.achilles.com\/app\/uploads\/2025\/01\/Construction.png\" alt=\"Man on a construction building site looking up at a yellow crane\" width=\"400\" height=\"300\" \/><\/p>\n<p>BuildingConfidence ist die h\u00f6chste Akkreditierungsstufe f\u00fcr Bauwesen im Vereinigten K\u00f6nigreich.<\/p>\n                    <\/div>\n                                    <\/a>\n                                <a class=\"package_box\">\n                                        <p class=\"package_box_name\">UVDB<\/p>\n                                                            <div class=\"typical_text\">\n                        <p><img loading=\"lazy\" decoding=\"async\" class=\"alignnone wp-image-70946\" src=\"https:\/\/www.achilles.com\/app\/uploads\/2025\/06\/AdobeStock_88883448-web.jpeg\" alt=\"\" width=\"400\" height=\"260\" \/><\/p>\n<p>Erhalten Sie Zugang zu Eink\u00e4ufern im britischen Versorgungsmarkt und treten Sie UVDB bei.<\/p>\n                    <\/div>\n                                    <\/a>\n                            <\/div>\n            \n                    <\/div>\n    <\/div>\n\n\n    <div class=\"request_section\" id=\"call-back\">\r\n        <div class=\"contact_bg\">\r\n                    <\/div>\r\n        <div class=\"container\">\r\n            <div class=\"request_inner\">\r\n                                <div class=\"request_wrapper\">\r\n                <h2 class=\"title_section\">Sind Sie bereit, Ihr Gesch\u00e4ft auszubauen?  <\/h2>\r\n                <\/div>\r\n                                <div class=\"request_box\">\r\n                                        <h5 class=\"contact_content_subtitle\">Unser Supplier-Success-Team kann Ihnen helfen, die richtigen Netzwerke f\u00fcr Ihr Unternehmen zu identifizieren.<\/h5>\r\n                    <script charset=\"utf-8\" type=\"text\/javascript\" src=\"\/\/js.hsforms.net\/forms\/embed\/v2.js\"><\/script>\r\n<script>\r\n  hbspt.forms.create({\r\n    portalId: \"5387762\",\r\n    formId: \"f2fe6b97-e683-4cfd-bcd5-2438d149a904\",\r\n    region: \"na1\"\r\n  });\r\n<\/script>                <\/div>\r\n            <\/div>\r\n        <\/div>\r\n    <\/div>\r\n\r\n","protected":false},"excerpt":{"rendered":"","protected":false},"author":74,"featured_media":0,"parent":0,"menu_order":0,"comment_status":"closed","ping_status":"closed","template":"","meta":{"_acf_changed":true,"content-type":"","footnotes":""},"class_list":["post-93241","page","type-page","status-publish","hentry"],"acf":[],"_links":{"self":[{"href":"https:\/\/www.achilles.com\/de\/wp-json\/wp\/v2\/pages\/93241","targetHints":{"allow":["GET"]}}],"collection":[{"href":"https:\/\/www.achilles.com\/de\/wp-json\/wp\/v2\/pages"}],"about":[{"href":"https:\/\/www.achilles.com\/de\/wp-json\/wp\/v2\/types\/page"}],"author":[{"embeddable":true,"href":"https:\/\/www.achilles.com\/de\/wp-json\/wp\/v2\/users\/74"}],"replies":[{"embeddable":true,"href":"https:\/\/www.achilles.com\/de\/wp-json\/wp\/v2\/comments?post=93241"}],"version-history":[{"count":0,"href":"https:\/\/www.achilles.com\/de\/wp-json\/wp\/v2\/pages\/93241\/revisions"}],"wp:attachment":[{"href":"https:\/\/www.achilles.com\/de\/wp-json\/wp\/v2\/media?parent=93241"}],"curies":[{"name":"wp","href":"https:\/\/api.w.org\/{rel}","templated":true}]}}