{"id":845,"date":"2023-05-12T18:10:44","date_gmt":"2023-05-12T17:10:44","guid":{"rendered":"https:\/\/uat.achilles.com\/ambassadors\/"},"modified":"2025-06-06T07:53:40","modified_gmt":"2025-06-06T06:53:40","slug":"ambassadors","status":"publish","type":"page","link":"https:\/\/www.achilles.com\/de\/uber-uns\/botschafter\/","title":{"rendered":"Achilles Botschafter"},"content":{"rendered":"        <div class=\"content_section\">\r\n            <div class=\"container\">\r\n                                <div class=\"description_page full\">\r\n                                        <h1 class=\"title_page\">Botschafter<\/h1>\r\n                                        <div class=\"typical_text large_text\">\r\n                        <p>Treffen Sie unser Netzwerk von externen Experten<\/p>\r\n                    <\/div>\r\n                                        <div class=\"typical_text\">\r\n                        <p>Bei unserer Arbeit geht es darum, die Standards in der gesamten Lieferkette anzuheben. Um das zu erreichen, muss man sie gut kennen. Und da wir mit Unternehmen aller Gr\u00f6\u00dfen, Branchen und aus allen Teilen der Welt zusammenarbeiten, wissen wir um den Wert einer externen Perspektive. Deshalb arbeiten wir mit einem breiten Netzwerk von externen Experten zusammen. Und so wie unsere Ambitionen weiter wachsen, so w\u00e4chst auch unser Netzwerk.    <\/p>\n<p><strong>Werden Sie ein Botschafter<\/strong><\/p>\n<p>Wenn Sie \u00fcber Talent und Fachwissen in den Bereichen Kategorienmanagement, Einhaltung von Umweltvorschriften, Gesundheit und Sicherheit, Risikominderung, CSR oder einem der Sektoren, in denen wir t\u00e4tig sind, verf\u00fcgen, w\u00fcrden wir uns freuen, von Ihnen zu h\u00f6ren. Sie k\u00f6nnen uns <a href=\"https:\/\/www.achilles.com\/de\/kontaktiere-uns\/\">hier<\/a> kontaktieren. <\/p>\n                    <\/div>\r\n                                    <\/div>\r\n                                <div class=\"ambassadors_wrap\">\r\n                                        <div class=\"ambassador_item\">\r\n                                                <div class=\"ambassador_item_img\">\r\n                            <img decoding=\"async\" src=\"https:\/\/www.achilles.com\/app\/uploads\/2023\/09\/Peter-Schellenberger.jpeg\" alt=\"\">\r\n                        <\/div>\r\n                                                <div class=\"ambassador_item_info\">\r\n                                                        <p class=\"ambassador_item_name\">Peter Schellenberger<\/p>\r\n                                                        <p class=\"ambassador_item_text\">Consultant<\/p>\r\n                                                    <\/div>\r\n                                                <div class=\"ambassador_item_details\">\r\n                                                        <div class=\"ambassador_item_point\">\r\n                                <p class=\"ambassador_item_title\">Company<\/p>\r\n                                <p class=\"ambassador_item_text\">Novamaxis<\/p>\r\n                            <\/div>\r\n                                                        <div class=\"ambassador_item_point\">\r\n                                <p class=\"ambassador_item_title\">Sector<\/p>\r\n                                <p class=\"ambassador_item_text\">Versand<\/p>\r\n                            <\/div>\r\n                                                        <div class=\"ambassador_item_point\">\r\n                                <p class=\"ambassador_item_title\">Subject expertise<\/p>\r\n                                <p class=\"ambassador_item_text\">Globale Lieferkette, Beschaffung<\/p>\r\n                            <\/div>\r\n                                                    <\/div>\r\n                                            <\/div>\r\n                                        <div class=\"ambassador_item\">\r\n                                                <div class=\"ambassador_item_img\">\r\n                            <img decoding=\"async\" src=\"https:\/\/www.achilles.com\/app\/uploads\/2023\/11\/Achilles_1299-scaled.jpg\" alt=\"\">\r\n                        <\/div>\r\n                                                <div class=\"ambassador_item_info\">\r\n                                                        <p class=\"ambassador_item_name\">Dr. Darren Mann<\/p>\r\n                                                        <p class=\"ambassador_item_text\">Medical Director<\/p>\r\n                                                    <\/div>\r\n                                                <div class=\"ambassador_item_details\">\r\n                                                        <div class=\"ambassador_item_point\">\r\n                                <p class=\"ambassador_item_title\">Company<\/p>\r\n                                <p class=\"ambassador_item_text\">King&#8217;s College London<\/p>\r\n                            <\/div>\r\n                                                        <div class=\"ambassador_item_point\">\r\n                                <p class=\"ambassador_item_title\">Sector<\/p>\r\n                                <p class=\"ambassador_item_text\">Alle<\/p>\r\n                            <\/div>\r\n                                                        <div class=\"ambassador_item_point\">\r\n                                <p class=\"ambassador_item_title\">Subject expertise<\/p>\r\n                                <p class=\"ambassador_item_text\">Globale Lieferkette, Gesundheitswesen<\/p>\r\n                            <\/div>\r\n                                                    <\/div>\r\n                                            <\/div>\r\n                                        <div class=\"ambassador_item\">\r\n                                                <div class=\"ambassador_item_img\">\r\n                            <img decoding=\"async\" src=\"https:\/\/www.achilles.com\/app\/uploads\/2023\/11\/Achilles_1321-scaled.jpg\" alt=\"\">\r\n                        <\/div>\r\n                                                <div class=\"ambassador_item_info\">\r\n                                                        <p class=\"ambassador_item_name\">Tony Underwood<\/p>\r\n                                                        <p class=\"ambassador_item_text\">High Performance Coach and Mentor<\/p>\r\n                                                    <\/div>\r\n                                                <div class=\"ambassador_item_details\">\r\n                                                        <div class=\"ambassador_item_point\">\r\n                                <p class=\"ambassador_item_title\">Company<\/p>\r\n                                <p class=\"ambassador_item_text\">Universit\u00e4t York St. John<\/p>\r\n                            <\/div>\r\n                                                        <div class=\"ambassador_item_point\">\r\n                                <p class=\"ambassador_item_title\">Sector<\/p>\r\n                                <p class=\"ambassador_item_text\">Alle<\/p>\r\n                            <\/div>\r\n                                                        <div class=\"ambassador_item_point\">\r\n                                <p class=\"ambassador_item_title\">Subject expertise<\/p>\r\n                                <p class=\"ambassador_item_text\">Umwelt, Wohlbefinden der Mitarbeiter, Menschenrechte<\/p>\r\n                            <\/div>\r\n                                                    <\/div>\r\n                                            <\/div>\r\n                                        <div class=\"ambassador_item\">\r\n                                                <div class=\"ambassador_item_img\">\r\n                            <img decoding=\"async\" src=\"https:\/\/www.achilles.com\/app\/uploads\/2023\/11\/Achilles_1301-scaled.jpg\" alt=\"\">\r\n                        <\/div>\r\n                                                <div class=\"ambassador_item_info\">\r\n                                                        <p class=\"ambassador_item_name\">Karin Tynelius<\/p>\r\n                                                        <p class=\"ambassador_item_text\">Stakeholder Relations<\/p>\r\n                                                    <\/div>\r\n                                                <div class=\"ambassador_item_details\">\r\n                                                        <div class=\"ambassador_item_point\">\r\n                                <p class=\"ambassador_item_title\">Company<\/p>\r\n                                <p class=\"ambassador_item_text\">Sibanye-Stillwater<\/p>\r\n                            <\/div>\r\n                                                        <div class=\"ambassador_item_point\">\r\n                                <p class=\"ambassador_item_title\">Sector<\/p>\r\n                                <p class=\"ambassador_item_text\">Bergbau, Chemikalien, Batteriemineralien<\/p>\r\n                            <\/div>\r\n                                                        <div class=\"ambassador_item_point\">\r\n                                <p class=\"ambassador_item_title\">Subject expertise<\/p>\r\n                                <p class=\"ambassador_item_text\">ESG, nachhaltige Beschaffung<\/p>\r\n                            <\/div>\r\n                                                    <\/div>\r\n                                            <\/div>\r\n                                        <div class=\"ambassador_item\">\r\n                                                <div class=\"ambassador_item_img\">\r\n                            <img decoding=\"async\" src=\"https:\/\/www.achilles.com\/app\/uploads\/2023\/05\/ambassador_4.jpg\" alt=\"\">\r\n                        <\/div>\r\n                                                <div class=\"ambassador_item_info\">\r\n                                                        <p class=\"ambassador_item_name\">Javier Caravantes<\/p>\r\n                                                        <p class=\"ambassador_item_text\">Global Procurement Director<\/p>\r\n                                                    <\/div>\r\n                                                <div class=\"ambassador_item_details\">\r\n                                                        <div class=\"ambassador_item_point\">\r\n                                <p class=\"ambassador_item_title\">Company<\/p>\r\n                                <p class=\"ambassador_item_text\">Parques Reunidos<\/p>\r\n                            <\/div>\r\n                                                        <div class=\"ambassador_item_point\">\r\n                                <p class=\"ambassador_item_title\">Sector<\/p>\r\n                                <p class=\"ambassador_item_text\">Dienstleistungen<\/p>\r\n                            <\/div>\r\n                                                        <div class=\"ambassador_item_point\">\r\n                                <p class=\"ambassador_item_title\">Subject expertise<\/p>\r\n                                <p class=\"ambassador_item_text\">Sourcing und Beschaffung<\/p>\r\n                            <\/div>\r\n                                                    <\/div>\r\n                                            <\/div>\r\n                                        <div class=\"ambassador_item\">\r\n                                                <div class=\"ambassador_item_img\">\r\n                            <img decoding=\"async\" src=\"https:\/\/www.achilles.com\/app\/uploads\/2023\/05\/ambassador_5.png\" alt=\"\">\r\n                        <\/div>\r\n                                                <div class=\"ambassador_item_info\">\r\n                                                        <p class=\"ambassador_item_name\">Oz Alashe MBE<\/p>\r\n                                                        <p class=\"ambassador_item_text\">CEO &#038; Founder<\/p>\r\n                                                    <\/div>\r\n                                                <div class=\"ambassador_item_details\">\r\n                                                        <div class=\"ambassador_item_point\">\r\n                                <p class=\"ambassador_item_title\">Company<\/p>\r\n                                <p class=\"ambassador_item_text\">Cybsafe<\/p>\r\n                            <\/div>\r\n                                                        <div class=\"ambassador_item_point\">\r\n                                <p class=\"ambassador_item_title\">Sector<\/p>\r\n                                <p class=\"ambassador_item_text\">Alle<\/p>\r\n                            <\/div>\r\n                                                        <div class=\"ambassador_item_point\">\r\n                                <p class=\"ambassador_item_title\">Subject expertise<\/p>\r\n                                <p class=\"ambassador_item_text\">Cyber Security<\/p>\r\n                            <\/div>\r\n                                                    <\/div>\r\n                                            <\/div>\r\n                                        <div class=\"ambassador_item\">\r\n                                                <div class=\"ambassador_item_img\">\r\n                            <img decoding=\"async\" src=\"https:\/\/www.achilles.com\/app\/uploads\/2023\/05\/ambassador_6.jpg\" alt=\"\">\r\n                        <\/div>\r\n                                                <div class=\"ambassador_item_info\">\r\n                                                        <p class=\"ambassador_item_name\">Shaun McCarthy OBE<\/p>\r\n                                                        <p class=\"ambassador_item_text\">Chairman<\/p>\r\n                                                    <\/div>\r\n                                                <div class=\"ambassador_item_details\">\r\n                                                        <div class=\"ambassador_item_point\">\r\n                                <p class=\"ambassador_item_title\">Company<\/p>\r\n                                <p class=\"ambassador_item_text\">Schule f\u00fcr Nachhaltigkeit in der Lieferkette<\/p>\r\n                            <\/div>\r\n                                                        <div class=\"ambassador_item_point\">\r\n                                <p class=\"ambassador_item_title\">Sector<\/p>\r\n                                <p class=\"ambassador_item_text\">Alle (Infrastruktur)<\/p>\r\n                            <\/div>\r\n                                                        <div class=\"ambassador_item_point\">\r\n                                <p class=\"ambassador_item_title\">Subject expertise<\/p>\r\n                                <p class=\"ambassador_item_text\">Nachhaltigkeit \/ CSR<\/p>\r\n                            <\/div>\r\n                                                    <\/div>\r\n                                            <\/div>\r\n                                        <div class=\"ambassador_item\">\r\n                                                <div class=\"ambassador_item_img\">\r\n                            <img decoding=\"async\" src=\"https:\/\/www.achilles.com\/app\/uploads\/2023\/05\/ambassador_7.jpg\" alt=\"\">\r\n                        <\/div>\r\n                                                <div class=\"ambassador_item_info\">\r\n                                                        <p class=\"ambassador_item_name\">Hugo Pagliotti<\/p>\r\n                                                        <p class=\"ambassador_item_text\">HSEQ Consultant<\/p>\r\n                                                    <\/div>\r\n                                                <div class=\"ambassador_item_details\">\r\n                                                        <div class=\"ambassador_item_point\">\r\n                                <p class=\"ambassador_item_title\">Company<\/p>\r\n                                <p class=\"ambassador_item_text\">Unabh\u00e4ngig<\/p>\r\n                            <\/div>\r\n                                                        <div class=\"ambassador_item_point\">\r\n                                <p class=\"ambassador_item_title\">Sector<\/p>\r\n                                <p class=\"ambassador_item_text\">Alle<\/p>\r\n                            <\/div>\r\n                                                        <div class=\"ambassador_item_point\">\r\n                                <p class=\"ambassador_item_title\">Subject expertise<\/p>\r\n                                <p class=\"ambassador_item_text\">Beschaffung, Gesundheit und Sicherheit, Umwelt- und Qualit\u00e4tsmanagement<\/p>\r\n                            <\/div>\r\n                                                    <\/div>\r\n                                            <\/div>\r\n                                        <div class=\"ambassador_item\">\r\n                                                <div class=\"ambassador_item_img\">\r\n                            <img decoding=\"async\" src=\"https:\/\/www.achilles.com\/app\/uploads\/2024\/08\/WhatsApp-Image-2024-08-16-at-12.36.24-PM.jpeg\" alt=\"\">\r\n                        <\/div>\r\n                                                <div class=\"ambassador_item_info\">\r\n                                                        <p class=\"ambassador_item_name\">Amitava Baksi<\/p>\r\n                                                        <p class=\"ambassador_item_text\">Management Consultant &#038; Advisor <\/p>\r\n                                                    <\/div>\r\n                                                <div class=\"ambassador_item_details\">\r\n                                                        <div class=\"ambassador_item_point\">\r\n                                <p class=\"ambassador_item_title\">Company<\/p>\r\n                                <p class=\"ambassador_item_text\">Unabh\u00e4ngig<\/p>\r\n                            <\/div>\r\n                                                        <div class=\"ambassador_item_point\">\r\n                                <p class=\"ambassador_item_title\">Sector<\/p>\r\n                                <p class=\"ambassador_item_text\">Alle<\/p>\r\n                            <\/div>\r\n                                                        <div class=\"ambassador_item_point\">\r\n                                <p class=\"ambassador_item_title\">Subject expertise<\/p>\r\n                                <p class=\"ambassador_item_text\">Beschaffung, Gesundheit und Sicherheit, Nachhaltigkeit, CSR<\/p>\r\n                            <\/div>\r\n                                                    <\/div>\r\n                                            <\/div>\r\n                                    <\/div>\r\n                            <\/div>\r\n        <\/div>\r\n    <div class=\"content_section bg_grey\">\r\n        <div class=\"container\">\r\n                                    <div class=\"cta_wrap\">\r\n                                <a href=\"\/contact-us\/\" class=\"cta_box\" >\r\n                    <div class=\"cta_box_bg\">\r\n                                                <img decoding=\"async\" src=\"https:\/\/www.achilles.com\/app\/uploads\/2023\/05\/cta_6.jpg\" alt=\"\">\r\n                                            <\/div>\r\n                    <div class=\"cta_box_info\">\r\n                                                <h3 class=\"cta_box_name\">Treten Sie dem Botschafterprogramm bei<\/h3>\r\n                                                <span class=\"btn\">Find out more<\/span>\r\n                                            <\/div>\r\n                <\/a>\r\n                                <a href=\"\/industry-insights\/\" class=\"cta_box\" >\r\n                    <div class=\"cta_box_bg\">\r\n                                                <img decoding=\"async\" src=\"https:\/\/www.achilles.com\/app\/uploads\/2023\/05\/cta_5.jpg\" alt=\"\">\r\n                                            <\/div>\r\n                    <div class=\"cta_box_info\">\r\n                                                <h3 class=\"cta_box_name\">Besuchen Sie unser Ressourcenzentrum<\/h3>\r\n                                                <span class=\"btn\">Find out more<\/span>\r\n                                            <\/div>\r\n                <\/a>\r\n                            <\/div>\r\n                                <\/div>\r\n    <\/div>\r\n","protected":false},"excerpt":{"rendered":"","protected":false},"author":1,"featured_media":0,"parent":18919,"menu_order":0,"comment_status":"closed","ping_status":"closed","template":"","meta":{"_acf_changed":false,"content-type":"","footnotes":""},"class_list":["post-845","page","type-page","status-publish","hentry"],"acf":[],"_links":{"self":[{"href":"https:\/\/www.achilles.com\/de\/wp-json\/wp\/v2\/pages\/845","targetHints":{"allow":["GET"]}}],"collection":[{"href":"https:\/\/www.achilles.com\/de\/wp-json\/wp\/v2\/pages"}],"about":[{"href":"https:\/\/www.achilles.com\/de\/wp-json\/wp\/v2\/types\/page"}],"author":[{"embeddable":true,"href":"https:\/\/www.achilles.com\/de\/wp-json\/wp\/v2\/users\/1"}],"replies":[{"embeddable":true,"href":"https:\/\/www.achilles.com\/de\/wp-json\/wp\/v2\/comments?post=845"}],"version-history":[{"count":0,"href":"https:\/\/www.achilles.com\/de\/wp-json\/wp\/v2\/pages\/845\/revisions"}],"up":[{"embeddable":true,"href":"https:\/\/www.achilles.com\/de\/wp-json\/wp\/v2\/pages\/18919"}],"wp:attachment":[{"href":"https:\/\/www.achilles.com\/de\/wp-json\/wp\/v2\/media?parent=845"}],"curies":[{"name":"wp","href":"https:\/\/api.w.org\/{rel}","templated":true}]}}