{"id":69877,"date":"2025-05-13T13:03:15","date_gmt":"2025-05-13T12:03:15","guid":{"rendered":"https:\/\/www.achilles.com\/?page_id=69877"},"modified":"2025-07-23T12:01:59","modified_gmt":"2025-07-23T11:01:59","slug":"achilles-carbon-accounting","status":"publish","type":"page","link":"https:\/\/www.achilles.com\/de\/achilles-carbon-accounting\/","title":{"rendered":"Achilles Carbon Accounting"},"content":{"rendered":"            <div class=\"content_section\">\r\n            <div class=\"container\">\r\n                                <div class=\"content_wrap\">\r\n                    <div class=\"content_info ogo\">\r\n                                                <h2 class=\"title_page\">\u00dcbernehmen Sie die Kontrolle \u00fcber Ihre CO\u2082-Daten und Berichterstattung mit Achilles<\/h2>\r\n                                                <div class=\"typical_text\">\r\n                            <p>Speziell f\u00fcr wachsende Unternehmen entwickelt: Achilles Carbon Accounting automatisiert die Messung des CO\u2082-Fu\u00dfabdrucks und vereinfacht die Emissionsberichterstattung. Bleiben Sie konform, erreichen Sie Ihre Nachhaltigkeitsziele \u2013 und konzentrieren Sie sich auf das Wesentliche.<\/p>\n                        <\/div>\r\n                                                <a class=\"btn btn_white\" aria-label=\"\u00dcbernehmen Sie die Kontrolle \u00fcber Ihre CO\u2082-Daten und Berichterstattung mit Achilles - Jetzt starten\" href=\"#form\">Jetzt starten<\/a>\r\n                                            <\/div>\r\n                                        <div class=\"content_media\">\r\n                        <img decoding=\"async\" src=\"https:\/\/www.achilles.com\/app\/uploads\/2025\/05\/Achilles-Carbon-Accounting-Software-Dashboard.png\" width=\"700\" alt=\"Achilles Carbon Account Software Dashboard Screenshot\">\r\n                    <\/div>\r\n                                    <\/div>\r\n                            <\/div>\r\n        <\/div>\r\n    \n\n    <div class=\"content_section bg_grey\">\r\n        <div class=\"container\">\r\n                        <div class=\"description_section big\">\r\n                                <h2 class=\"title_section\">Vereinfachte CO\u2082-Fu\u00dfabdruck-Berichterstattung<\/h2>\r\n                                <div class=\"typical_text middle_text\">\r\n                    <p>Die Achilles Carbon Accounting Software hilft Unternehmen dabei, die Prozesse zur Messung und Berichterstattung ihres CO\u2082-Fu\u00dfabdrucks zu automatisieren und zu optimieren. Unser Fokus liegt darauf, die Komplexit\u00e4t der Datenerfassung, -verarbeitung und -berichterstattung von Treibhausgasemissionen (GHG) zu reduzieren \u2013 und es einfacher zu machen, Anforderungen wie CSRD, SBTi und CDP zu erf\u00fcllen.<\/p>\n                <\/div>\r\n                            <\/div>\r\n                                    <div class=\"features_wrap\">\r\n                                <div class=\"feature_item center\">\r\n                                        <div class=\"feature_item_icon\">\r\n                        <img decoding=\"async\" src=\"https:\/\/www.achilles.com\/app\/uploads\/2025\/02\/Search-Data-Insights-icon.png\" alt=\"Data collection validation icon\">\r\n                    <\/div>\r\n                                        <h3 class=\"feature_item_name\">Datenerfassung und -integration<\/h3>\r\n                                        <div class=\"typical_text middle_text\">\r\n                        <p>Automatisieren Sie die Datenerfassung aus Energieversorgern, Buchhaltungssoftware und anderen relevanten Systemen, um schneller und einfacher pr\u00e4zise CO\u2082-Bilanzen zu erstellen.<\/p>\r\n                    <\/div>\r\n                                    <\/div>\r\n                                <div class=\"feature_item center\">\r\n                                        <div class=\"feature_item_icon\">\r\n                        <img decoding=\"async\" src=\"https:\/\/www.achilles.com\/app\/uploads\/2025\/02\/Insights-Data-icon.png\" alt=\"Insights Data icon\">\r\n                    <\/div>\r\n                                        <h3 class=\"feature_item_name\">Optimierte Berichterstattung<\/h3>\r\n                                        <div class=\"typical_text middle_text\">\r\n                        <p>Eine benutzerfreundliche Tool-Suite generiert pr\u00fcfungsbereite Berichte und Visualisierungen \u2013 ideal, um regulatorische Anforderungen zu erf\u00fcllen und Berichterstattungspflichten nachzukommen.<\/p>\r\n                    <\/div>\r\n                                    <\/div>\r\n                                <div class=\"feature_item center\">\r\n                                        <div class=\"feature_item_icon\">\r\n                        <img decoding=\"async\" src=\"https:\/\/www.achilles.com\/app\/uploads\/2025\/02\/Carbon-Green-scales-weigh-icon.png\" alt=\"icon green. scales balancing CO2 and a lead\">\r\n                    <\/div>\r\n                                        <h3 class=\"feature_item_name\">Scope-3-Emissionen<\/h3>\r\n                                        <div class=\"typical_text middle_text\">\r\n                        <p>L\u00f6sen Sie die Herausforderung der Scope-3-Berichterstattung mithilfe unserer Expertise in der Lieferkette, enger Zusammenarbeit mit Lieferanten und einem datenbasierten Management auf Portfolioebene \u2013 f\u00fcr pr\u00e4zise, pr\u00fcfbare Ergebnisse.<\/p>\r\n                    <\/div>\r\n                                    <\/div>\r\n                            <\/div>\r\n                                <\/div>\r\n    <\/div>\r\n\n\n            <div class=\"content_section\">\r\n            <div class=\"container\">\r\n                <div class=\"content_wrap right\">\r\n                    <div class=\"content_info ogo2\">\r\n                                                <h2 class=\"title_section\">Mehr als nur messen \u2013 starten Sie Ihre Dekarbonisierung mit Vertrauen<\/h2>\r\n                                                <h5 class=\"title_small\">Weltweit f\u00fchrende Unterst\u00fctzung bei Scope-1-, -2- und -3-Reduktionen<\/h5>\r\n                                                <div class=\"typical_text\">\r\n                            <div class=\"zMgcWd dSKvsb\" data-il=\"\">\n<div data-crb-p=\"\">\n<div class=\"xFTqob\">\n<p class=\"vM0jzc\">Verwandeln Sie Ihre Nachhaltigkeitsziele in konkrete Strategien \u2013 mit hilfreichen Tools zur Umstellung auf erneuerbare Energien, Effizienzsteigerung und Nutzung CO\u2082-armer Technologien. Von Solar- und Windkraft \u00fcber nachhaltige Mobilit\u00e4t bis hin zu gr\u00fcnen Geb\u00e4uden: Reduzieren Sie Emissionen in Scope 1, 2 und 3 \u2013 vom eigenen Betrieb bis zur gesamten Lieferkette.<\/p>\n<\/div>\n<\/div>\n<\/div>\n                        <\/div>\r\n                                                <a class=\"btn btn_big\" href=\"#form\">Demo buchen<\/a>\r\n                                            <\/div>\r\n\t\t\t\t\t\t\t\t\t\t\r\n                                        <div class=\"content_media\">\r\n                        <img decoding=\"async\" src=\"https:\/\/www.achilles.com\/app\/uploads\/2025\/05\/Achilles-Carbon-Accounting-Survey.png\" width=\"400\" alt=\"Achilles Carbon Accounting Survey Screenshot\">\r\n                    <\/div>\r\n                                    <\/div>\r\n            <\/div>\r\n        <\/div>\r\n    \n\n            <div class=\"content_section bg_grey\">\r\n            <div class=\"container\">\r\n                <div class=\"content_wrap\">\r\n                    <div class=\"content_info ogo2\">\r\n                                                <h2 class=\"title_section\">Benutzerfreundlich und erschwinglich<\/h2>\r\n                                                <h5 class=\"title_small\">Leistungsstarke Tools und Expertise \u2013 ohne hohen Enterprise-Preis<\/h5>\r\n                                                <div class=\"typical_text\">\r\n                            <div class=\"zMgcWd dSKvsb\" data-il=\"\">\n<div data-crb-p=\"\">\n<div class=\"xFTqob\">\n<p class=\"vM0jzc\"><span data-huuid=\"5493916750244171490\">Achilles Carbon Accounting wurde entwickelt, um erschwinglich und einfach zu bedienen zu sein \u2013 und ist damit f\u00fcr Unternehmen aller Gr\u00f6\u00dfen, Branchen und ESG-Reifegrade zug\u00e4nglich. Und das Beste: Unsere CO\u2082-Experten bieten pers\u00f6nlichen Support und begleiten Sie durch den gesamten Carbon-Accounting-Prozess.<\/p>\n<\/div>\n<\/div>\n<\/div>\n                        <\/div>\r\n                                                <a class=\"btn btn_big\" href=\"#form\">Mit einem CO\u2082-Experten sprechen<\/a>\r\n                                            <\/div>\r\n\t\t\t\t\t\t\t\t\t\t\r\n                                        <div class=\"content_media\">\r\n                        <img decoding=\"async\" src=\"https:\/\/www.achilles.com\/app\/uploads\/2025\/05\/Achilles-Carbon-Accounting-Reports.png\" width=\"400\" alt=\"Achilles Carbon Accounting Reporting Screenshot\">\r\n                    <\/div>\r\n                                    <\/div>\r\n            <\/div>\r\n        <\/div>\r\n    \n\n        <div class=\"content_section\">\r\n            <div class=\"container\">\r\n                                <div class=\"description_section\">\r\n                                        <p class=\"title_category\">WARUM ACHILLES<\/p>\r\n                                        <h2 class=\"title_page\">Carbon Accounting, das tiefer geht und mehr liefert<\/h2>\r\n                                    <\/div>\r\n                                <div class=\"features_wrap features_four\">\r\n                                        <div class=\"feature_item\">\r\n                                                <div class=\"feature_item_icon\">\r\n                            <img decoding=\"async\" src=\"https:\/\/www.achilles.com\/app\/uploads\/2025\/02\/excellence-icon.png\" alt=\"rosette icon\">\r\n                        <\/div>\r\n                                                <h3 class=\"feature_item_name\">Globale Nachhaltigkeitsexpertise<\/h3>\r\n                                                <div class=\"typical_text\">\r\n                            <p>Mit \u00fcber 30 Jahren Erfahrung im Bereich Risiko und Compliance bietet Achilles fundiertes Know-how in Sachen Nachhaltigkeit und globalem Lieferkettenrisikomanagement \u2013 entscheidend f\u00fcr eine pr\u00e4zise CO\u2082-Berichterstattung.<\/p>\n                        <\/div>\r\n                                            <\/div>\r\n                                        <div class=\"feature_item\">\r\n                                                <div class=\"feature_item_icon\">\r\n                            <img decoding=\"async\" src=\"https:\/\/www.achilles.com\/app\/uploads\/2025\/02\/World-hands-icon.png\" alt=\"World hands icon\">\r\n                        <\/div>\r\n                                                <h3 class=\"feature_item_name\">Praktische Werkzeuge f\u00fcr CO\u2082-Reduktion<\/h3>\r\n                                                <div class=\"typical_text\">\r\n                            <p>Achilles Carbon Accounting geht \u00fcber die reine Nachverfolgung hinaus \u2013 wir helfen Ihnen, Erkenntnisse in konkrete Ma\u00dfnahmen umzusetzen und unterst\u00fctzen Dekarbonisierungsstrategien in Betrieb, Energieverbrauch und Lieferkette.<\/p>\n                        <\/div>\r\n                                            <\/div>\r\n                                        <div class=\"feature_item\">\r\n                                                <div class=\"feature_item_icon\">\r\n                            <img decoding=\"async\" src=\"https:\/\/www.achilles.com\/app\/uploads\/2025\/02\/Puzzle-icon.png\" alt=\"Puzzle icon showing how different aspects of sustainability fit together\">\r\n                        <\/div>\r\n                                                <h3 class=\"feature_item_name\">Ganzheitliches ESG- und Risikomanagement<\/h3>\r\n                                                <div class=\"typical_text\">\r\n                            <p>Von der Lieferantensorgfaltspflicht \u00fcber Carbon Accounting bis hin zur nicht-finanziellen Berichterstattung \u2013 Achilles bietet ein integriertes Toolset, um sich wandelnden Anforderungen an Unternehmensresilienz, ESG-Compliance und Nachhaltigkeit gerecht zu werden \u2013 alles an einem Ort.<\/p>\n                        <\/div>\r\n                                            <\/div>\r\n                                        <div class=\"feature_item\">\r\n                                                <div class=\"feature_item_icon\">\r\n                            <img decoding=\"async\" src=\"https:\/\/www.achilles.com\/app\/uploads\/2025\/02\/Certified-icon.png\" alt=\"Certified icon\">\r\n                        <\/div>\r\n                                                <h3 class=\"feature_item_name\">Unabh\u00e4ngige Pr\u00fcfung und Verifizierung<\/h3>\r\n                                                <div class=\"typical_text\">\r\n                            <p>Im Gegensatz zu vielen anderen L\u00f6sungen bietet Achilles die M\u00f6glichkeit einer international anerkannten, unabh\u00e4ngigen Emissionspr\u00fcfung und Verifizierung \u2013 zur St\u00e4rkung Ihrer CO\u2082-Glaubw\u00fcrdigkeit und zur Erreichung Ihrer Dekarbonisierungsziele.<\/p>\n                        <\/div>\r\n                                            <\/div>\r\n                                    <\/div>\r\n                            <\/div>\r\n        <\/div>\r\n\n\n    <div class=\"content_section\">\r\n        <div class=\"container\">\r\n                        <div class=\"posts_panel\">\r\n                <div class=\"description_section\">\r\n                                        <p class=\"title_category\">NACHRICHTEN UND EINBLICKE<\/p>\r\n                     \r\n                    <h2 class=\"title_section\">Speziell f\u00fcr Sie ausgew\u00e4hlt<\/h2>\r\n                                    <\/div>\r\n                            <\/div>\r\n                                    <div class=\"posts_wrap\">\r\n                                <div class=\"post_item\">\r\n                    <div class=\"post_item_top\">\r\n                                                <a class=\"post_item_img\" href=\"https:\/\/www.achilles.com\/de\/der-achilles-jahresbericht-zu-risiko-und-nachhaltigkeit-2026\/\">\r\n                            <img decoding=\"async\" src=\"https:\/\/www.achilles.com\/app\/uploads\/2026\/03\/Web-page-top-banner-thumbnail-of-Achilles-Global-Supplier-Risk-and-Sustainability-Survey-2026.jpg\" alt=\"Der Achilles Jahresbericht zu Risiko und Nachhaltigkeit 2026\">\r\n                        <\/a>\r\n                                                <ul class=\"post_item_categories\">\r\n                                                        <li>Wei\u00dfes Papier<\/li>\r\n                                                    <\/ul>\r\n                    <\/div>\r\n                    <a class=\"post_item_name\" href=\"https:\/\/www.achilles.com\/de\/der-achilles-jahresbericht-zu-risiko-und-nachhaltigkeit-2026\/\">Der Achilles Jahresbericht zu Risiko und Nachhaltigkeit 2026<\/a>\r\n                <\/div>\r\n                                <div class=\"post_item\">\r\n                    <div class=\"post_item_top\">\r\n                                                <a class=\"post_item_img\" href=\"https:\/\/www.achilles.com\/de\/der-roi-des-lieferketten-risikomanagements-neue-studie-von-verdantix\/\">\r\n                            <img decoding=\"async\" src=\"https:\/\/www.achilles.com\/app\/uploads\/2026\/03\/Verdantix-ROI-Web-site-header-4.png\" alt=\"Der ROI des Lieferketten-Risikomanagements: Neue Studie von Verdantix\">\r\n                        <\/a>\r\n                                                <ul class=\"post_item_categories\">\r\n                                                        <li>Bericht<\/li>\r\n                                                        <li>Einblicke in die Branche<\/li>\r\n                                                    <\/ul>\r\n                    <\/div>\r\n                    <a class=\"post_item_name\" href=\"https:\/\/www.achilles.com\/de\/der-roi-des-lieferketten-risikomanagements-neue-studie-von-verdantix\/\">Der ROI des Lieferketten-Risikomanagements: Neue Studie von Verdantix<\/a>\r\n                <\/div>\r\n                                <div class=\"post_item\">\r\n                    <div class=\"post_item_top\">\r\n                                                <a class=\"post_item_img\" href=\"https:\/\/www.achilles.com\/de\/einblicke-branche\/wie-das-engagement-von-lieferanten-die-nachhaltigkeit-in-maritimen-lieferketten-beeinflusst\/\">\r\n                            <img decoding=\"async\" src=\"https:\/\/www.achilles.com\/app\/uploads\/2025\/01\/Maritime.png\" alt=\"Wie das Engagement von Lieferanten die Nachhaltigkeit in maritimen Lieferketten beeinflusst\">\r\n                        <\/a>\r\n                                                <ul class=\"post_item_categories\">\r\n                                                        <li>Einblicke in die Branche<\/li>\r\n                                                        <li>Fallstudien<\/li>\r\n                                                    <\/ul>\r\n                    <\/div>\r\n                    <a class=\"post_item_name\" href=\"https:\/\/www.achilles.com\/de\/einblicke-branche\/wie-das-engagement-von-lieferanten-die-nachhaltigkeit-in-maritimen-lieferketten-beeinflusst\/\">Wie das Engagement von Lieferanten die Nachhaltigkeit in maritimen Lieferketten beeinflusst<\/a>\r\n                <\/div>\r\n                            <\/div>\r\n                    <\/div>\r\n    <\/div>\r\n\n\n    <div class=\"request_section\" id=\"form\">\r\n        <div class=\"contact_bg\">\r\n                        <img decoding=\"async\" src=\"https:\/\/www.achilles.com\/app\/uploads\/2025\/05\/Carbon-accounting.png\" alt=\"\">\r\n                    <\/div>\r\n        <div class=\"container\">\r\n            <div class=\"request_inner\">\r\n                                <div class=\"request_wrapper\">\r\n                <h2 class=\"title_section\">Loslegen<\/h2>\r\n                <\/div>\r\n                                <div class=\"request_box\">\r\n                                        <h5 class=\"contact_content_subtitle\">Vereinbaren Sie eine unverbindliche Demo von Achilles Carbon Accounting<\/h5>\r\n                    <script charset=\"utf-8\" type=\"text\/javascript\" src=\"\/\/js.hsforms.net\/forms\/embed\/v2.js\"><\/script>\r\n<script>\r\n  hbspt.forms.create({\r\n    portalId: \"5387762\",\r\n    formId: \"74bf5bfa-bafe-4310-909d-de345e336eff\",\r\n    region: \"na1\"\r\n  });\r\n<\/script>                <\/div>\r\n            <\/div>\r\n        <\/div>\r\n    <\/div>\r\n\r\n","protected":false},"excerpt":{"rendered":"","protected":false},"author":2,"featured_media":0,"parent":0,"menu_order":0,"comment_status":"closed","ping_status":"closed","template":"","meta":{"_acf_changed":true,"content-type":"","footnotes":""},"class_list":["post-69877","page","type-page","status-publish","hentry"],"acf":[],"_links":{"self":[{"href":"https:\/\/www.achilles.com\/de\/wp-json\/wp\/v2\/pages\/69877","targetHints":{"allow":["GET"]}}],"collection":[{"href":"https:\/\/www.achilles.com\/de\/wp-json\/wp\/v2\/pages"}],"about":[{"href":"https:\/\/www.achilles.com\/de\/wp-json\/wp\/v2\/types\/page"}],"author":[{"embeddable":true,"href":"https:\/\/www.achilles.com\/de\/wp-json\/wp\/v2\/users\/2"}],"replies":[{"embeddable":true,"href":"https:\/\/www.achilles.com\/de\/wp-json\/wp\/v2\/comments?post=69877"}],"version-history":[{"count":0,"href":"https:\/\/www.achilles.com\/de\/wp-json\/wp\/v2\/pages\/69877\/revisions"}],"wp:attachment":[{"href":"https:\/\/www.achilles.com\/de\/wp-json\/wp\/v2\/media?parent=69877"}],"curies":[{"name":"wp","href":"https:\/\/api.w.org\/{rel}","templated":true}]}}