{"id":625,"date":"2023-05-12T14:26:13","date_gmt":"2023-05-12T13:26:13","guid":{"rendered":"https:\/\/uat.achilles.com\/about-us\/join-the-team\/"},"modified":"2025-06-06T07:57:01","modified_gmt":"2025-06-06T06:57:01","slug":"karrieren","status":"publish","type":"page","link":"https:\/\/www.achilles.com\/de\/uber-uns\/karriere\/","title":{"rendered":"Achilles Karrieren"},"content":{"rendered":"    <div class=\"top_section\">\n        <div class=\"container\">\n            <div class=\"top_info half\">\n                                    <h1 class=\"top_title\">Werden Sie Teil des Teams von Achilles<\/h1>\n                                    <div class=\"top_buttons\">\n                                                    <a class=\"btn btn_big\" href=\"#vacancies\">Stellenangebote ansehen<\/a>\n                                                    <a class=\"btn btn_white btn_big\" href=\"\/app\/uploads\/2024\/11\/Recruitment-Job-Applicant-Privacy-Notice-2024.pdf\">Politik herunterladen<\/a>\n                                            <\/div>\n                            <\/div>\n        <\/div>\n        <div class=\"top_media\">\n\t\t\t            <img decoding=\"async\" src=\"https:\/\/www.achilles.com\/app\/uploads\/2024\/05\/Achilles-Careers-People-Team-scaled.jpg\" alt=\"Team of people working in an office\">\n                    <\/div>\n    <\/div>\n    <div class=\"content_section\">\r\n        <div class=\"container\">\r\n                        <div class=\"description_section full\">\r\n                                <h2 class=\"title_section\">Ver\u00e4ndere die Art und Weise, wie die Welt Gesch\u00e4fte macht<\/h2>\r\n                                <div class=\"typical_text\">\r\n                    <p>Wir sind Experten f\u00fcr die Leistung von Lieferketten und wissen daher besser als die meisten anderen, wie vernetzt die Welt wirklich ist &#8211; und wie gro\u00df der Unterschied ist, den verantwortungsvolle Gesch\u00e4ftspraktiken ausmachen k\u00f6nnen. Wir stellen unsere Kunden an die erste Stelle &#8211; indem wir ihnen helfen, bessere Gesch\u00e4fte zu machen, die Gesundheits- und Sicherheitsstandards zu erh\u00f6hen und nicht nachhaltige Praktiken in ihren Lieferketten zu beseitigen &#8211; aber die Vorteile unserer Dienstleistungen sind weit \u00fcber die Organisationen, mit denen wir zusammenarbeiten, hinaus sp\u00fcrbar.<\/p>\n                <\/div>\r\n                            <\/div>\r\n                        <div class=\"features_wrap\">\r\n                                <div class=\"feature_item\">\r\n                                        <div class=\"feature_item_icon\">\r\n                        <img decoding=\"async\" src=\"https:\/\/www.achilles.com\/app\/uploads\/2025\/02\/World-hands-icon.png\" alt=\"World hands icon\">\r\n                    <\/div>\r\n                                        <h3 class=\"feature_item_name\">Global sein<\/h3>\r\n                                        <div class=\"typical_text\">\r\n                        <p>Wir helfen unseren Kunden, Chancen auf der ganzen Welt zu ergreifen &#8211; und wir sind stolz darauf, dass wir dasselbe f\u00fcr unsere Mitarbeiter tun. Wir betrachten unser gesamtes globales Unternehmen als ein einziges Team &#8211; du hast also reichlich Gelegenheit, deinen Horizont und deine beruflichen F\u00e4higkeiten zu erweitern.<\/p>\n                    <\/div>\r\n                                    <\/div>\r\n                                <div class=\"feature_item\">\r\n                                        <div class=\"feature_item_icon\">\r\n                        <img decoding=\"async\" src=\"https:\/\/www.achilles.com\/app\/uploads\/2025\/02\/Relationships-icon.png\" alt=\"Relationships icon\">\r\n                    <\/div>\r\n                                        <h3 class=\"feature_item_name\">Gestalte deine Zukunft<\/h3>\r\n                                        <div class=\"typical_text\">\r\n                        <p>Wir sind nichts ohne unsere Leute. Sie sind oft am besten in der Lage, uns zu sagen, wie die Dinge sein sollten &#8211; und wir sind immer bereit, uns anzuh\u00f6ren, was sie zu sagen haben. Wir sind stolz darauf, dass so viele unserer Mitarbeiter\/innen langfristig bei uns bleiben, aber wir sind immer auf der Suche nach neuen Talenten, die bereit sind, Ergebnisse zu liefern.<\/p>\n                    <\/div>\r\n                                    <\/div>\r\n                                <div class=\"feature_item\">\r\n                                        <div class=\"feature_item_icon\">\r\n                        <img decoding=\"async\" src=\"https:\/\/www.achilles.com\/app\/uploads\/2025\/02\/Credibility-Trust-icon-on-white-block.png\" alt=\"Credibility Trust icon on white block\">\r\n                    <\/div>\r\n                                        <h3 class=\"feature_item_name\">Vorw\u00e4rts gehen<\/h3>\r\n                                        <div class=\"typical_text\">\r\n                        <p>Als Unternehmen, in dem der Mensch im Mittelpunkt steht, wissen wir, dass der Erfolg von der Entwicklung und Bindung talentierter Mitarbeiter abh\u00e4ngt. Von deinem ersten bis zu deinem letzten Tag bei uns geben wir dir die Werkzeuge an die Hand, die du brauchst, um erfolgreich zu sein &#8211; und belohnen dich, wenn du es bist.<\/p>\n                    <\/div>\r\n                                    <\/div>\r\n                            <\/div>\r\n                    <\/div>\r\n    <\/div>\r\n    <div class=\"content_section bg_grey\">\r\n        <div class=\"container\">\r\n                        <div class=\"description_section full\">\r\n                                <p class=\"title_category\">Unsere Werte<\/p>\r\n                                <h2 class=\"title_section\">Der Weg des Achilles<\/h2>\r\n                                <div class=\"typical_text middle_text\">\r\n                    <p>Die Art und Weise, wie wir die Dinge hier erledigen, ist uns wichtig. Es geht nicht nur darum, was wir tun, sondern auch darum, wie wir arbeiten, was uns zu Achilles macht!<\/p>\n<p>Der Achilles Way legt unser gemeinsames Verst\u00e4ndnis von unseren Grundwerten und Verhaltensweisen dar, die unsere Unternehmenskultur untermauern und gleichzeitig die Vielfalt unserer verschiedenen L\u00e4nder, Mitarbeiter, Teams und Funktionen respektieren und einbeziehen.<\/p>\n                <\/div>\r\n                            <\/div>\r\n                        <div class=\"features_wrap\">\r\n                                <div class=\"feature_item\">\r\n                                        <div class=\"feature_item_icon\">\r\n                        <img decoding=\"async\" src=\"https:\/\/www.achilles.com\/app\/uploads\/2024\/05\/icon_6.png\" alt=\"Icon of red paper aeroplane on a green background\">\r\n                    <\/div>\r\n                                        <h3 class=\"feature_item_name\">Neugierig sein<\/h3>\r\n                                        <div class=\"typical_text\">\r\n                        <p>Stellen Sie Fragen, verstehen Sie warum, hinterfragen Sie und wachsen Sie.<\/p>\n                    <\/div>\r\n                                    <\/div>\r\n                                <div class=\"feature_item\">\r\n                                        <div class=\"feature_item_icon\">\r\n                        <img decoding=\"async\" src=\"https:\/\/www.achilles.com\/app\/uploads\/2024\/05\/icon_9.png\" alt=\"hand holding wooden blocks with green ticks \">\r\n                    <\/div>\r\n                                        <h3 class=\"feature_item_name\">Commit<\/h3>\r\n                                        <div class=\"typical_text\">\r\n                        <p>Zeigen Sie Leidenschaft, schaffen Sie Werte, liefern Sie einfache L\u00f6sungen, seien Sie eine F\u00fchrungspers\u00f6nlichkeit.<\/p>\n                    <\/div>\r\n                                    <\/div>\r\n                                <div class=\"feature_item\">\r\n                                        <div class=\"feature_item_icon\">\r\n                        <img decoding=\"async\" src=\"https:\/\/www.achilles.com\/app\/uploads\/2024\/05\/icon_4.png\" alt=\"Central icon of a person with offshoots connecting to others representing collaboration\">\r\n                    <\/div>\r\n                                        <h3 class=\"feature_item_name\">Zusammenarbeiten<\/h3>\r\n                                        <div class=\"typical_text\">\r\n                        <p>Denken Sie inklusiv, zeigen Sie Respekt, seien Sie hilfsbereit, danken Sie.<\/p>\n                    <\/div>\r\n                                    <\/div>\r\n                            <\/div>\r\n                    <\/div>\r\n    <\/div>\r\n    <div class=\"content_section\" id=\"vacancies\">\r\n        <div class=\"container\">\r\n                        <div class=\"content_block\">\r\n                                <h2 class=\"title_section\">Aktuelle Stellenausschreibungen<\/h2>\r\n                <iframe scrolling=\"yes\" src=\"https:\/\/achilleshr.secure.force.com\/Recruit\/fRecruit__ApplyJobList?portal=single%20portal\" style=\"width: 100%; height: 850px; border: 0px; overflow-x: scroll;\" id=\"FairsailApplicantPortalIframe\"><\/iframe>            <\/div>\r\n            <div class=\"content_block\">                                    <div class=\"cta_wrap\">\r\n                                <a href=\"\/about-us\/executive-team\/\" class=\"cta_box\" >\r\n                    <div class=\"cta_box_bg\">\r\n                                            <\/div>\r\n                    <div class=\"cta_box_info\">\r\n                                                <h3 class=\"cta_box_name\">Unser Volk<\/h3>\r\n                                                <span class=\"btn btn_big\">Mehr lesen<\/span>\r\n                                            <\/div>\r\n                <\/a>\r\n                                <a href=\"mailto:ukihr@achilles.com\" class=\"cta_box\" >\r\n                    <div class=\"cta_box_bg\">\r\n                                                <img decoding=\"async\" src=\"https:\/\/www.achilles.com\/app\/uploads\/2023\/05\/contact_icon_9.svg\" alt=\"\">\r\n                                            <\/div>\r\n                    <div class=\"cta_box_info\">\r\n                                                <h3 class=\"cta_box_name\">Hast du irgendwelche Fragen?<\/h3>\r\n                                                <span class=\"btn btn_big\">Kontakt aufnehmen<\/span>\r\n                                            <\/div>\r\n                <\/a>\r\n                            <\/div>\r\n                        <div class=\"cta_text typical_text\">\r\n                <p>&nbsp;<\/p>\n<p><img loading=\"lazy\" decoding=\"async\" class=\"alignnone  wp-image-54224 aligncenter\" src=\"https:\/\/www.achilles.com\/wp\/wp-content\/uploads\/2024\/11\/Bronze-banner-300x90.jpg\" alt=\"armed forces covenant banner\" width=\"397\" height=\"119\" srcset=\"https:\/\/www.achilles.com\/app\/uploads\/2024\/11\/Bronze-banner-300x90.jpg 300w, https:\/\/www.achilles.com\/app\/uploads\/2024\/11\/Bronze-banner.jpg 500w\" sizes=\"auto, (max-width: 397px) 100vw, 397px\" \/><\/p>\n<p>Achilles is proud to have signed up to the Armed Forces Covenant. We demonstrate our commitment by promoting the Armed Forces, supporting the employment of veterans, service spouses and partners, and supporting employees who are members of the Reserve Forces.<\/p>\n            <\/div>\r\n                        <\/div>        <\/div>\r\n    <\/div>\r\n\n<p><\/p>\n","protected":false},"excerpt":{"rendered":"","protected":false},"author":1,"featured_media":30132,"parent":18919,"menu_order":0,"comment_status":"closed","ping_status":"closed","template":"","meta":{"_acf_changed":false,"content-type":"","footnotes":""},"class_list":["post-625","page","type-page","status-publish","has-post-thumbnail","hentry"],"acf":[],"_links":{"self":[{"href":"https:\/\/www.achilles.com\/de\/wp-json\/wp\/v2\/pages\/625","targetHints":{"allow":["GET"]}}],"collection":[{"href":"https:\/\/www.achilles.com\/de\/wp-json\/wp\/v2\/pages"}],"about":[{"href":"https:\/\/www.achilles.com\/de\/wp-json\/wp\/v2\/types\/page"}],"author":[{"embeddable":true,"href":"https:\/\/www.achilles.com\/de\/wp-json\/wp\/v2\/users\/1"}],"replies":[{"embeddable":true,"href":"https:\/\/www.achilles.com\/de\/wp-json\/wp\/v2\/comments?post=625"}],"version-history":[{"count":0,"href":"https:\/\/www.achilles.com\/de\/wp-json\/wp\/v2\/pages\/625\/revisions"}],"up":[{"embeddable":true,"href":"https:\/\/www.achilles.com\/de\/wp-json\/wp\/v2\/pages\/18919"}],"wp:featuredmedia":[{"embeddable":true,"href":"https:\/\/www.achilles.com\/de\/wp-json\/wp\/v2\/media\/30132"}],"wp:attachment":[{"href":"https:\/\/www.achilles.com\/de\/wp-json\/wp\/v2\/media?parent=625"}],"curies":[{"name":"wp","href":"https:\/\/api.w.org\/{rel}","templated":true}]}}