{"id":54425,"date":"2024-08-24T12:24:05","date_gmt":"2024-08-24T11:24:05","guid":{"rendered":"https:\/\/www.achilles.com\/achilles-score\/"},"modified":"2025-09-01T22:52:02","modified_gmt":"2025-09-01T21:52:02","slug":"achilles-score","status":"publish","type":"page","link":"https:\/\/www.achilles.com\/de\/achilles-score\/","title":{"rendered":"Achilles Sustainability Score"},"content":{"rendered":"    <div class=\"top_section\">\n        <div class=\"container\">\n            <div class=\"top_info half\">\n                                    <h1 class=\"top_title\">Ein Werkzeug f\u00fcr Entscheidungen, nicht nur f\u00fcr Offenlegung<\/h1>\n                                    <div class=\"top_text\">\n                        <p>Bewerten Sie Nachhaltigkeitsrisiken Ihrer Lieferanten in der gesamten Lieferkette \u2013 in gro\u00dfem Ma\u00dfstab, von automatisiertem, kontaktlosem Predictive Screening bis hin zu detaillierten, verifizierten Bewertungen.<\/p>\n                    <\/div>\n                                    <div class=\"top_buttons\">\n                                                    <a class=\"btn btn_big\" href=\"#form\">Demo buchen <\/a>\n                                                    <a class=\"btn btn_white btn_big\" href=\"#form\">Mehr erfahren<\/a>\n                                            <\/div>\n                            <\/div>\n        <\/div>\n        <div class=\"top_media\">\n\t\t\t            <img decoding=\"async\" src=\"https:\/\/www.achilles.com\/app\/uploads\/2024\/08\/AC1453-Achilles-Score-graphs-woman-with-laptop-V2-scaled.jpg\" alt=\"\">\n                    <\/div>\n    <\/div>\n\n\n            <div class=\"content_section\">\r\n            <div class=\"container\">\r\n                <div class=\"content_wrap\">\r\n                    <div class=\"content_info ogo2\">\r\n                                                <h2 class=\"title_section\">Ein skalierbarer Ansatz zur Bewertung von ESG-Risiken<\/h2>\r\n                                                <div class=\"typical_text\">\r\n                            <p>Bewerten und managen Sie Nachhaltigkeitsrisiken mit flexiblen Tools, die f\u00fcr die reale Komplexit\u00e4t entwickelt wurden. Von detaillierten, evidenzbasierten ESG-Scores bis hin zu schnellem Predictive Screening von \u201eLong-Tail\u201c-Lieferanten \u2013 Achilles hilft Ihnen, fr\u00fch zu handeln, Due Diligence nachzuweisen und bessere Entscheidungen in der gesamten Lieferkette zu treffen.<\/p>\n<p>&nbsp;<\/p>\n                        <\/div>\r\n                                            <\/div>\r\n\t\t\t\t\t\t\t\t\t\t\r\n                                        <div class=\"content_media\">\r\n                        <img decoding=\"async\" src=\"https:\/\/www.achilles.com\/app\/uploads\/2024\/08\/Untitled-design-1.jpg\" alt=\"\">\r\n                    <\/div>\r\n                                    <\/div>\r\n            <\/div>\r\n        <\/div>\r\n    \n\n            <div class=\"content_section\">\r\n            <div class=\"container\">\r\n                <div class=\"content_wrap\">\r\n                    <div class=\"content_info ogo2\">\r\n                                                <h2 class=\"title_section\">AchillesAI Predictive Scoring<\/h2>\r\n                                                <h5 class=\"title_small\">Ein schnelles, kontaktloses ESG-Screening f\u00fcr Ihre gesamte Lieferkette<\/h5>\r\n                                                <div class=\"typical_text\">\r\n                            <p>Angetrieben von AchillesAI bietet Achilles Predictive Scoring eine M\u00f6glichkeit, ESG- und L\u00e4nderrisiken schnell zu verstehen \u2013 ohne Einbindung der Lieferanten. Ob beim Onboarding neuer Lieferanten, bei der Bewertung von \u201eLong-Tail\u201c-Risiken oder zur Vorbereitung einer Transaktion \u2013 dieser Service liefert schnelle Einblicke, sodass Sie Ihre Ressourcen dort einsetzen k\u00f6nnen, wo sie am meisten bewirken.<\/p>\n                        <\/div>\r\n                                                <a class=\"btn btn_big\" href=\"https:\/\/www.achilles.com\/de\/einblicke-branche\/achillesai-predictive-scoring-ein-um-tiefere-lieferantenbewertungen-zu-ergaenzen\/\">Erfahren Sie mehr<\/a>\r\n                                            <\/div>\r\n\t\t\t\t\t\t\t\t\t\t\r\n                                        <div class=\"content_media\">\r\n                        <img decoding=\"async\" src=\"https:\/\/www.achilles.com\/app\/uploads\/2025\/08\/MyA-Predictive-3.png\" alt=\"\">\r\n                    <\/div>\r\n                                    <\/div>\r\n            <\/div>\r\n        <\/div>\r\n    \n\n    <div class=\"content_section bg_grey\">\r\n        <div class=\"container\">\r\n                        <div class=\"description_section\">\r\n                                <p class=\"title_category\">JETZT STARTEN<\/p>\r\n                                <h2 class=\"title_section\">Zeigen Sie Ihre Nachhaltigkeitsnachweise und f\u00f6rdern Sie das Unternehmenswachstum<\/h2>\r\n                                <div class=\"typical_text\">\r\n                    <div class=\"mt-1 flex gap-3 empty:hidden -ml-2\">\n<div class=\"items-center justify-start rounded-xl p-1 flex\">\n<div class=\"flex items-center\">\n<div class=\"flex\"><\/div>\n<div class=\"flex items-center pb-0\">\n<div class=\"[&amp;_svg]:h-full [&amp;_svg]:w-full icon-md h-4 w-4\"><\/div>\n<\/div>\n<\/div>\n<\/div>\n<\/div>\n                <\/div>\r\n                            <\/div>\r\n                        <div class=\"features_wrap\">\r\n                                <div class=\"feature_item\">\r\n                                        <div class=\"feature_item_icon\">\r\n                        <img decoding=\"async\" src=\"https:\/\/www.achilles.com\/app\/uploads\/2025\/02\/9.png\" alt=\"a clock and calendar icon on a white background\">\r\n                    <\/div>\r\n                                        <h3 class=\"feature_item_name\">7-Tage-Screening<\/h3>\r\n                                        <div class=\"typical_text\">\r\n                        <p>Pr\u00fcfen Sie Tausende von Lieferanten in weniger als einer Woche. Kein Onboarding, keine Frageb\u00f6gen.<\/p>\n                    <\/div>\r\n                                    <\/div>\r\n                                <div class=\"feature_item\">\r\n                                        <div class=\"feature_item_icon\">\r\n                        <img decoding=\"async\" src=\"https:\/\/www.achilles.com\/app\/uploads\/2025\/06\/Email-Icons-5.png\" alt=\"Risk management icon\">\r\n                    <\/div>\r\n                                        <h3 class=\"feature_item_name\">ESG- und L\u00e4nderrisiko<\/h3>\r\n                                        <div class=\"typical_text\">\r\n                        <p>Erkennen Sie ESG- und geopolitische Risiken, bevor Lieferanten eingebunden werden. Handeln Sie fr\u00fch, um St\u00f6rungen in der Lieferkette zu vermeiden.<\/p>\n<p>&nbsp;<\/p>\n                    <\/div>\r\n                                    <\/div>\r\n                                <div class=\"feature_item\">\r\n                                        <div class=\"feature_item_icon\">\r\n                        <img decoding=\"async\" src=\"https:\/\/www.achilles.com\/app\/uploads\/2025\/01\/95.png\" alt=\"green circles connected with lines and silhouette of people in the circles\">\r\n                    <\/div>\r\n                                        <h3 class=\"feature_item_name\">Long-Tail-Lieferanten<\/h3>\r\n                                        <div class=\"typical_text\">\r\n                        <p>Pr\u00fcfen Sie schnell nicht-strategische Lieferanten, um verborgene Risiken aufzudecken und zu entscheiden, wer intensiver gepr\u00fcft werden sollte.<\/p>\n<p>&nbsp;<\/p>\n                    <\/div>\r\n                                    <\/div>\r\n                            <\/div>\r\n                    <\/div>\r\n    <\/div>\r\n\n\n            <div class=\"content_section\">\r\n            <div class=\"container\">\r\n                <div class=\"content_wrap right\">\r\n                    <div class=\"content_info ogo2\">\r\n                                                <h2 class=\"title_section\">Verified Scoring<\/h2>\r\n                                                <h5 class=\"title_small\">Ein fundiertes, validiertes Bild der Nachhaltigkeitsleistung Ihrer Lieferanten<\/h5>\r\n                                                <div class=\"typical_text\">\r\n                            <p>Ein tiefgehender, aber effizienter Ansatz, der Ihnen hilft, Risiken aufzudecken, Transparenz zu erh\u00f6hen und positives Handeln zu belohnen \u2013 alles gest\u00fctzt auf verifizierte Nachweise. Anders als generische Scorecards passt sich unsere Bewertung den Branchen Ihrer Lieferanten an und spiegelt sowohl deren Ma\u00dfnahmen als auch die Bewertungen daf\u00fcr wider.<\/p>\n                        <\/div>\r\n                                                <a class=\"btn btn_big\" href=\"https:\/\/www.achilles.com\/de\/einblicke-branche\/achillesai-predictive-scoring-ein-um-tiefere-lieferantenbewertungen-zu-ergaenzen\/\">Erfahren Sie mehr<\/a>\r\n                                            <\/div>\r\n\t\t\t\t\t\t\t\t\t\t\r\n                                        <div class=\"content_media\">\r\n                        <img decoding=\"async\" src=\"https:\/\/www.achilles.com\/app\/uploads\/2025\/08\/Verified-score-1.png\" alt=\"\">\r\n                    <\/div>\r\n                                    <\/div>\r\n            <\/div>\r\n        <\/div>\r\n    \n\n    <div class=\"content_section bg_grey\">\r\n        <div class=\"container\">\r\n                        <div class=\"description_section\">\r\n                                <p class=\"title_category\">G\u00c5 VIDERE<\/p>\r\n                                <h2 class=\"title_section\">Gj\u00f8r innsikt til trygghet<\/h2>\r\n                            <\/div>\r\n                        <div class=\"features_wrap\">\r\n                                <div class=\"feature_item\">\r\n                                        <div class=\"feature_item_icon\">\r\n                        <img decoding=\"async\" src=\"https:\/\/www.achilles.com\/app\/uploads\/2025\/02\/Credentials-icon.png\" alt=\"Credentials Prequalify icon\">\r\n                    <\/div>\r\n                                        <h3 class=\"feature_item_name\">Nachweis von Due Diligence<\/h3>\r\n                                        <div class=\"typical_text\">\r\n                        <p>Verifizierte, pr\u00fcfbare Daten, um zu zeigen, dass Ihre Lieferkette ESG- und Compliance-Anforderungen erf\u00fcllt \u2013 einschlie\u00dflich CSRD, Gesetzen gegen moderne Sklaverei und Audit-Anforderungen.<\/p>\n                    <\/div>\r\n                                    <\/div>\r\n                                <div class=\"feature_item\">\r\n                                        <div class=\"feature_item_icon\">\r\n                        <img decoding=\"async\" src=\"https:\/\/www.achilles.com\/app\/uploads\/2025\/06\/Email-Icons-8.png\" alt=\"Compliance icon\">\r\n                    <\/div>\r\n                                        <h3 class=\"feature_item_name\">\u00dcber ESG hinaus<\/h3>\r\n                                        <div class=\"typical_text\">\r\n                        <p>Erhalten Sie einen vollst\u00e4ndigen \u00dcberblick \u00fcber Lieferantenrisiken \u2013 einschlie\u00dflich Arbeitssicherheit, Finanzen, Versicherungen und Cyber, nicht nur Kohlenstoff- und Klimametriken.<\/p>\n                    <\/div>\r\n                                    <\/div>\r\n                                <div class=\"feature_item\">\r\n                                        <div class=\"feature_item_icon\">\r\n                        <img decoding=\"async\" src=\"https:\/\/www.achilles.com\/app\/uploads\/2025\/02\/Relationships-icon.png\" alt=\"Relationships icon\">\r\n                    <\/div>\r\n                                        <h3 class=\"feature_item_name\">Strategische Lieferanten<\/h3>\r\n                                        <div class=\"typical_text\">\r\n                        <p>Branchenspezifisches, verifiziertes Scoring f\u00fcr tiefere Einblicke, Vertrauen bei Stakeholdern und Schutz der Reputation.<\/p>\n                    <\/div>\r\n                                    <\/div>\r\n                            <\/div>\r\n                    <\/div>\r\n    <\/div>\r\n\n\n    <div class=\"content_section\">\r\n        <div class=\"container\">\r\n            <div class=\"services_wrap\">\r\n                                <div class=\"services_left\">\r\n                                        <h2 class=\"title_section\">Warum Achilles<\/h2>\r\n                                        <div class=\"typical_text\">\r\n                        <p>Die meisten ESG-Tools bieten statische, einheitliche Bewertungen, die reale Risiken \u00fcbersehen. Sehen Sie, wie Achilles es anders macht.<\/p>\n                    <\/div>\r\n                                    <\/div>\r\n                                <div class=\"services_right\">\r\n                    <div class=\"services_list\">\r\n                                                <div class=\"service_box\">\r\n                                                        <p class=\"service_box_name\">\r\n                                <span class=\"service_box_check icon-Success\"><\/span>\r\n                                Adaptives Scoring, zugeschnitten auf jeden Lieferanten                            <\/p>\r\n                                                    <\/div>\r\n                                                <div class=\"service_box\">\r\n                                                        <p class=\"service_box_name\">\r\n                                <span class=\"service_box_check icon-Success\"><\/span>\r\n                                Sektor- und l\u00e4nderspezifische Risikomodelle                            <\/p>\r\n                                                    <\/div>\r\n                                                <div class=\"service_box\">\r\n                                                        <p class=\"service_box_name\">\r\n                                <span class=\"service_box_check icon-Success\"><\/span>\r\n                                Live-\u00dcberwachung wichtiger Dokumente (z. B. Versicherungen, Arbeitssicherheit)                            <\/p>\r\n                                                    <\/div>\r\n                                                <div class=\"service_box\">\r\n                                                        <p class=\"service_box_name\">\r\n                                <span class=\"service_box_check icon-Success\"><\/span>\r\n                                Volle Transparenz dar\u00fcber, was die Bewertung beeinflusst                            <\/p>\r\n                                                    <\/div>\r\n                                                <div class=\"service_box\">\r\n                                                        <p class=\"service_box_name\">\r\n                                <span class=\"service_box_check icon-Success\"><\/span>\r\n                                ESG-, Finanz- und Compliance-Daten an einem Ort                            <\/p>\r\n                                                    <\/div>\r\n                                                <div class=\"service_box\">\r\n                                                        <p class=\"service_box_name\">\r\n                                <span class=\"service_box_check icon-Success\"><\/span>\r\n                                Keine zus\u00e4tzlichen Geb\u00fchren f\u00fcr Lieferanten zur Aktualisierung oder Verbesserung                            <\/p>\r\n                                                    <\/div>\r\n                                                <div class=\"service_box\">\r\n                                                        <p class=\"service_box_name\">\r\n                                <span class=\"service_box_check icon-Success\"><\/span>\r\n                                Kontinuierlich aktualisiert \u2013 nicht nur einmal im Jahr                            <\/p>\r\n                                                    <\/div>\r\n                                            <\/div>\r\n                <\/div>\r\n                            <\/div>\r\n        <\/div>\r\n    <\/div>\r\n\n\n    <div class=\"request_section\" id=\"form\">\r\n        <div class=\"contact_bg\">\r\n                        <img decoding=\"async\" src=\"https:\/\/www.achilles.com\/app\/uploads\/2024\/08\/1-1.jpg\" alt=\"\">\r\n                    <\/div>\r\n        <div class=\"container\">\r\n            <div class=\"request_inner\">\r\n                                <div class=\"request_wrapper\">\r\n                <h2 class=\"title_section\">Intelligentes ESG-Scoring, das mit Ihrem Risiko w\u00e4chst<\/h2>\r\n                <\/div>\r\n                                <div class=\"request_box\">\r\n                                        <h5 class=\"contact_content_subtitle\">Demo buchen<\/h5>\r\n                    <script charset=\"utf-8\" type=\"text\/javascript\" src=\"\/\/js.hsforms.net\/forms\/embed\/v2.js\"><\/script>\r\n<script>\r\n  hbspt.forms.create({\r\n    region: \"na1\",\r\n    portalId: \"5387762\",\r\n    formId: \"b9cbe605-cb80-4bae-abf5-15d86ac4efdf\"\r\n  });\r\n<\/script>                <\/div>\r\n            <\/div>\r\n        <\/div>\r\n    <\/div>\r\n\r\n","protected":false},"excerpt":{"rendered":"","protected":false},"author":24,"featured_media":0,"parent":0,"menu_order":0,"comment_status":"closed","ping_status":"closed","template":"","meta":{"_acf_changed":true,"content-type":"","footnotes":""},"class_list":["post-54425","page","type-page","status-publish","hentry"],"acf":[],"_links":{"self":[{"href":"https:\/\/www.achilles.com\/de\/wp-json\/wp\/v2\/pages\/54425","targetHints":{"allow":["GET"]}}],"collection":[{"href":"https:\/\/www.achilles.com\/de\/wp-json\/wp\/v2\/pages"}],"about":[{"href":"https:\/\/www.achilles.com\/de\/wp-json\/wp\/v2\/types\/page"}],"author":[{"embeddable":true,"href":"https:\/\/www.achilles.com\/de\/wp-json\/wp\/v2\/users\/24"}],"replies":[{"embeddable":true,"href":"https:\/\/www.achilles.com\/de\/wp-json\/wp\/v2\/comments?post=54425"}],"version-history":[{"count":0,"href":"https:\/\/www.achilles.com\/de\/wp-json\/wp\/v2\/pages\/54425\/revisions"}],"wp:attachment":[{"href":"https:\/\/www.achilles.com\/de\/wp-json\/wp\/v2\/media?parent=54425"}],"curies":[{"name":"wp","href":"https:\/\/api.w.org\/{rel}","templated":true}]}}