{"id":54044,"date":"2024-10-03T11:28:20","date_gmt":"2024-10-03T10:28:20","guid":{"rendered":"https:\/\/www.achilles.com\/carbon-measurement-and-reporting\/"},"modified":"2025-02-21T10:44:23","modified_gmt":"2025-02-21T10:44:23","slug":"carbon-measurement-and-reporting","status":"publish","type":"page","link":"https:\/\/www.achilles.com\/de\/carbon-measurement-and-reporting\/","title":{"rendered":"Kohlenstoffmessung und -berichterstattung"},"content":{"rendered":"    <div class=\"top_section\">\n        <div class=\"container\">\n            <div class=\"top_info half\">\n                                    <h1 class=\"top_title\">Genaue Berechnung und Messung zur Kohlenstoffreduzierung<\/h1>\n                                    <div class=\"top_text\">\n                        <p>Emissionsmessung und -reduzierung m\u00fcssen nicht \u00fcberw\u00e4ltigend sein. Achilles erm\u00f6glicht es Unternehmen jeder Gr\u00f6\u00dfe, ihre Kohlenstoffemissionen zu messen, zu reduzieren und zu melden &#8211; ganz einfach. Legen Sie wissenschaftlich fundierte Kohlenstoffziele fest, treiben Sie echte Fortschritte voran und erzielen Sie eine nachhaltige Wirkung auf Ihre Nachhaltigkeitsziele.  <\/p>\n                    <\/div>\n                                    <div class=\"top_buttons\">\n                                                    <a target=\"_blank\" class=\"btn btn_big\" href=\"https:\/\/meetings.hubspot.com\/ben-rodriguez1\/?__hstc=82494281.0095b3d6d883e457ea7e8370c3ce45bf.1694163453394.1727796812394.1727867923177.748&#038;__hssc=82494281.17.1727867923177&#038;__hsfp=2132701734&#038;uuid=242b4ba6-f2e7-4844-a866-d6f88140baca\">Buchen Sie eine Kohlenstoffberatung<\/a>\n                                            <\/div>\n                            <\/div>\n        <\/div>\n        <div class=\"top_media\">\n\t\t\t            <img decoding=\"async\" src=\"https:\/\/www.achilles.com\/app\/uploads\/2024\/10\/carbon-banner.png\" alt=\"a pair of footprints in the middle of a green field\">\n                    <\/div>\n    <\/div>\n\n\n            <div class=\"content_section\">\r\n            <div class=\"container\">\r\n                <div class=\"content_wrap\">\r\n                    <div class=\"content_info ogo2\">\r\n                                                <p class=\"title_category\">Beginnen Sie Ihre Reise: Legen Sie eine Basis fest und reduzieren Sie die CO2-Emissionen<\/p>\r\n                                                <h2 class=\"title_page\">Das Achilles Carbon Management Modul<\/h2>\r\n                                                <div class=\"typical_text\">\r\n                            <p>Das Achilles Carbon Management Modul wurde entwickelt, um Unternehmen dabei zu helfen, die Kontrolle \u00fcber ihren Kohlenstoffaussto\u00df zu \u00fcbernehmen, indem es eine M\u00f6glichkeit bietet, den Kohlenstoffaussto\u00df zu erfassen und zu reduzieren. Ganz gleich, ob Sie gerade erst mit dem Thema Nachhaltigkeit beginnen oder Ihre derzeitigen Bem\u00fchungen verst\u00e4rken m\u00f6chten, wir bieten Ihnen eine einfache und effektive M\u00f6glichkeit, Ihren CO2-Fu\u00dfabdruck zu messen, zu verwalten und zu reduzieren. Durch die Unterst\u00fctzung bei der Festlegung von wissenschaftlich fundierten Kohlenstoffzielen k\u00f6nnen Lieferanten ihre Emissionen selbstbewusst senken und ihr Engagement f\u00fcr Nachhaltigkeit demonstrieren.  <\/p>\n                        <\/div>\r\n                                            <\/div>\r\n\t\t\t\t\t                    <div class=\"content_media_video\">\r\n                        <video  autoplay muted playsinline loop>\r\n                                        <source src=\"https:\/\/www.achilles.com\/app\/uploads\/2024\/07\/Carbon-reporting-confidence.mp4\" type=\"video\/mp4\">\r\n                                        \r\n                                    <\/video>\r\n                    <\/div>\r\n                    \t\t\t\t\t\r\n                                    <\/div>\r\n            <\/div>\r\n        <\/div>\r\n    \n\n    <div class=\"content_section bg_grey\">\r\n        <div class=\"container\">\r\n                        <div class=\"description_section\">\r\n                                <h2 class=\"title_section\">So funktioniert das Kohlenstoffmodul<\/h2>\r\n                            <\/div>\r\n                        <div class=\"features_wrap\">\r\n                                <div class=\"feature_item\">\r\n                                        <h3 class=\"feature_item_name\">Schritt-f\u00fcr-Schritt-Anleitung<\/h3>\r\n                                        <div class=\"typical_text\">\r\n                        <p><img loading=\"lazy\" decoding=\"async\" class=\"alignnone size-full wp-image-50626 aligncenter\" src=\"https:\/\/www.achilles.com\/wp\/wp-content\/uploads\/2024\/10\/carbon-3.png\" alt=\"Fu\u00dfabdr\u00fccke mit Zahlen\" width=\"200\" height=\"200\" srcset=\"https:\/\/www.achilles.com\/app\/uploads\/2024\/10\/carbon-3.png 200w, https:\/\/www.achilles.com\/app\/uploads\/2024\/10\/carbon-3-150x150.png 150w\" sizes=\"auto, (max-width: 200px) 100vw, 200px\" \/><\/p>\n<p>Achilles bietet eine vollst\u00e4ndige Liste von Fragen, die Unternehmen dabei helfen, die ben\u00f6tigten Emissionsrohdaten zu sammeln. Diese Daten sind f\u00fcr die Messung ihres CO2-Fu\u00dfabdrucks unerl\u00e4sslich. Sie enthalten Informationen \u00fcber den Benzinverbrauch, den Stromverbrauch und mehr.  <\/p>\n                    <\/div>\r\n                                    <\/div>\r\n                                <div class=\"feature_item\">\r\n                                        <h3 class=\"feature_item_name\">Kohlenstoff-Fu\u00dfabdruck-Rechner<\/h3>\r\n                                        <div class=\"typical_text\">\r\n                        <p><img loading=\"lazy\" decoding=\"async\" class=\"alignnone size-full wp-image-50606 aligncenter\" src=\"https:\/\/www.achilles.com\/wp\/wp-content\/uploads\/2024\/10\/carbon-5.png\" alt=\"Kohlenstoffmessger\u00e4t\" width=\"200\" height=\"200\" srcset=\"https:\/\/www.achilles.com\/app\/uploads\/2024\/10\/carbon-5.png 200w, https:\/\/www.achilles.com\/app\/uploads\/2024\/10\/carbon-5-150x150.png 150w\" sizes=\"auto, (max-width: 200px) 100vw, 200px\" \/><\/p>\n<p>Unser kosteng\u00fcnstiger Rechner verwendet weltweit anerkannte Algorithmen, die eine genaue <strong>Verfolgung der Emissionen<\/strong> und die Einhaltung internationaler Standards wie des <strong>Greenhouse Gas Protocol<\/strong> gew\u00e4hrleisten.<\/p>\n                    <\/div>\r\n                                    <\/div>\r\n                                <div class=\"feature_item\">\r\n                                        <h3 class=\"feature_item_name\">Detaillierte Kohlenstoff-Analyse<\/h3>\r\n                                        <div class=\"typical_text\">\r\n                        <p><img loading=\"lazy\" decoding=\"async\" class=\"alignnone size-full wp-image-50656 aligncenter\" src=\"https:\/\/www.achilles.com\/wp\/wp-content\/uploads\/2024\/10\/carbon-6.png\" alt=\"Balkendiagramm-Symbol\" width=\"200\" height=\"200\" srcset=\"https:\/\/www.achilles.com\/app\/uploads\/2024\/10\/carbon-6.png 200w, https:\/\/www.achilles.com\/app\/uploads\/2024\/10\/carbon-6-150x150.png 150w\" sizes=\"auto, (max-width: 200px) 100vw, 200px\" \/><\/p>\n<p>Nutzen Sie klare, umsetzbare Erkenntnisse, um <strong>den Fortschritt bei der Kohlenstoffreduzierung zu messen<\/strong>, die Leistung im Laufe der Zeit zu verfolgen und Strategien zur Reduzierung zu priorisieren.<\/p>\n<p>&nbsp;<\/p>\n<p style=\"text-align: right;\"><a class=\"cta-button red-box\" href=\"#carbon_form\">Anfangen<\/a><\/p>\n                    <\/div>\r\n                                    <\/div>\r\n                            <\/div>\r\n                    <\/div>\r\n    <\/div>\r\n\n\n            <div class=\"content_section\">\r\n            <div class=\"container\">\r\n                <div class=\"content_wrap\">\r\n                    <div class=\"content_info ogo2\">\r\n                                                <p class=\"title_category\">Take Decisive Action<\/p>\r\n                                                <div class=\"typical_text\">\r\n                            <h3>Berechnen und messen Sie Kohlenstoff mit aussagekr\u00e4ftigen Analysen<\/h3>\n<p>Achilles versetzt Unternehmen in die Lage, sinnvolle \u00c4nderungen vorzunehmen, indem es detaillierte Kohlenstoffanalysen bereitstellt. Diese Einblicke erm\u00f6glichen es Ihnen,:<\/p>\n<ul>\n<li>Sie Ihre Fortschritte bei der Kohlenstoffreduzierung<\/li>\n<li>Sie die Leistung im Laufe der Zeit<\/li>\n<li>Sie umsetzbare Schritte zur Reduzierung der Emissionen.<\/li>\n<\/ul>\n                        <\/div>\r\n                                            <\/div>\r\n\t\t\t\t\t\t\t\t\t\t\r\n                                        <div class=\"content_media\">\r\n                        <img decoding=\"async\" src=\"https:\/\/www.achilles.com\/app\/uploads\/2024\/09\/Analytics-Carbon-dashboard.jpg\" alt=\"colourful dashboard with graphs and tables as a demonstration\">\r\n                    <\/div>\r\n                                    <\/div>\r\n            <\/div>\r\n        <\/div>\r\n    \n\n            <div class=\"content_section bg_grey\">\r\n            <div class=\"container\">\r\n                <div class=\"content_wrap right\">\r\n                    <div class=\"content_info ogo2\">\r\n                                                <p class=\"title_category\">Building Carbon Management Capability<\/p>\r\n                                                <div class=\"typical_text\">\r\n                            <h3>Eine ma\u00dfgeschneiderte L\u00f6sung f\u00fcr die Carbon Journey Ihres Unternehmens<\/h3>\n<p>Achilles unterst\u00fctzt Unternehmen bei der Entwicklung robuster Strategien f\u00fcr das Kohlenstoffmanagement. Unsere engagierten Kundenbetreuer bieten Ihnen pers\u00f6nliche Beratung in jeder Phase Ihres Weges zur Verringerung der Kohlenstoffemissionen.<\/p>\n<ul>\n<li>Melden und messen Sie genaue Emissionsdaten.<\/li>\n<li>Legen: Sie wissenschaftlich fundierte Kohlenstoffziele fest.<\/li>\n<li>Implementieren: Sie effektive Strategien zur Kohlenstoffreduzierung.<\/li>\n<\/ul>\n<p>Diese ma\u00dfgeschneiderte Unterst\u00fctzung stellt sicher, dass Unternehmen ihre Nachhaltigkeitsziele erreichen und sich beim <strong>langfristigen<\/strong>Kohlenstoffmanagement auszeichnen.<\/p>\n<p>&nbsp;<\/p>\n                        <\/div>\r\n                                                <a class=\"btn btn_big\" href=\"#carbon_form\">Beginnen Sie Ihren Jouney<\/a>\r\n                                            <\/div>\r\n\t\t\t\t\t\t\t\t\t\t\r\n                                        <div class=\"content_media\">\r\n                        <img decoding=\"async\" src=\"https:\/\/www.achilles.com\/app\/uploads\/2024\/10\/carbon-journey-1.png\" alt=\"an illustration of a winding road with wind turbines in the background\">\r\n                    <\/div>\r\n                                    <\/div>\r\n            <\/div>\r\n        <\/div>\r\n    \n\n    <div class=\"content_section\">\r\n        <div class=\"container\">\r\n                        <div class=\"description_section full\">\r\n                                <p class=\"title_category\">Carbon Reporting: Take the Next Step<\/p>\r\n                                <h2 class=\"title_section\">Die Reduzierung des Kohlenstoffaussto\u00dfes vorantreiben:<\/h2>\r\n                                <div class=\"typical_text\">\r\n                    <p>Achilles hilft Ihnen, \u00fcber die einfache Verfolgung von Emissionen hinauszugehen. Erzielen Sie eine Verifizierung nach ISO-Standard, \u00fcberwachen Sie kontinuierlich Ihre Fortschritte und nutzen Sie die Emissionsberichte, um neue Gesch\u00e4ftsm\u00f6glichkeiten zu erschlie\u00dfen. Mit Achilles f\u00fchren Ihre Klimaschutzbem\u00fchungen zu echtem, messbarem Wachstum.<\/p>\n                <\/div>\r\n                            <\/div>\r\n                        <div class=\"features_wrap\">\r\n                                <div class=\"feature_item\">\r\n                                        <div class=\"feature_item_icon\">\r\n                        <img decoding=\"async\" src=\"https:\/\/www.achilles.com\/app\/uploads\/2024\/10\/2.png\" alt=\"circle with a tick and shield\">\r\n                    <\/div>\r\n                                        <h3 class=\"feature_item_name\">Unabh\u00e4ngig gepr\u00fcfte Kohlenstoff-Berichterstattung<\/h3>\r\n                                        <div class=\"typical_text\">\r\n                        <p>Gehen Sie mit Achilles Carbon Reduce \u00fcber die Verfolgung von Emissionen hinaus. Erzielen Sie einen ISO-konformen Emissionsnachweis, entwickeln Sie wirkungsvolle Strategien f\u00fcr den Emissionsausgleich und demonstrieren Sie die Glaubw\u00fcrdigkeit Ihres Unternehmens in Sachen Klimaschutz.<\/p>\n                    <\/div>\r\n                                        <a class=\"btn\" aria-label=\"Unabh\u00e4ngig gepr\u00fcfte Kohlenstoff-Berichterstattung - Erfahren Sie mehr \u00fcber Carbon Reduce\" href=\"\/carbon-reduce-programme\/\">Erfahren Sie mehr \u00fcber Carbon Reduce<\/a>\r\n                                    <\/div>\r\n                                <div class=\"feature_item\">\r\n                                        <div class=\"feature_item_icon\">\r\n                        <img decoding=\"async\" src=\"https:\/\/www.achilles.com\/app\/uploads\/2024\/10\/3.png\" alt=\"green, gold and red icon with bar chart, pie chart and magnifying glass\">\r\n                    <\/div>\r\n                                        <h3 class=\"feature_item_name\">Kontinuierliche \u00dcberwachung der Dekarbonisierung<\/h3>\r\n                                        <div class=\"typical_text\">\r\n                        <p>Der j\u00e4hrliche \u00dcberwachungszyklus von Achilles hilft Ihnen, Ihre Fortschritte bei der Erreichung wissenschaftlich fundierter Kohlenstoffreduktionsziele konsequent zu verfolgen. Die fortlaufende \u00dcberwachung liefert Daten, die Ihnen helfen, Ihre Nachhaltigkeitsziele zu erreichen und Ihr Engagement f\u00fcr die Kohlenstoffreduzierung zu demonstrieren.<\/p>\n                    <\/div>\r\n                                        <a class=\"btn\" aria-label=\"Kontinuierliche \u00dcberwachung der Dekarbonisierung - Buchen Sie eine Konsultation\" href=\"https:\/\/meetings.hubspot.com\/ben-rodriguez1\/\">Buchen Sie eine Konsultation<\/a>\r\n                                    <\/div>\r\n                                <div class=\"feature_item\">\r\n                                        <div class=\"feature_item_icon\">\r\n                        <img decoding=\"async\" src=\"https:\/\/www.achilles.com\/app\/uploads\/2024\/10\/carbon-8.png\" alt=\"red circle icon with a green leaf and gold bar chart in the centre\">\r\n                    <\/div>\r\n                                        <h3 class=\"feature_item_name\">Carbon Reporting f\u00fcr Unternehmenswachstum<\/h3>\r\n                                        <div class=\"typical_text\">\r\n                        <p>Die Verwaltung Ihres CO2-Fu\u00dfabdrucks kann Ihre Nachhaltigkeitsleistung verbessern und neue M\u00f6glichkeiten er\u00f6ffnen. Der Austausch von Emissionsdaten \u00fcber die Achilles-Plattform erm\u00f6glicht es Ihnen, die Beziehungen zu umweltbewussten K\u00e4ufern zu st\u00e4rken.<\/p>\n                    <\/div>\r\n                                        <a class=\"btn\" aria-label=\"Carbon Reporting f\u00fcr Unternehmenswachstum - Anfangen\" href=\"#carbon_form\">Anfangen<\/a>\r\n                                    <\/div>\r\n                            <\/div>\r\n                    <\/div>\r\n    <\/div>\r\n\n\n            <div class=\"content_section bg_grey\">\r\n            <div class=\"container\">\r\n                <div class=\"content_wrap\">\r\n                    <div class=\"content_info ogo2\">\r\n                                                <p class=\"title_category\">Haben Sie Ihre eigene Lieferkette?<\/p>\r\n                                                <div class=\"typical_text\">\r\n                            <h2>Messen und reduzieren Sie den Kohlenstoff in Ihrer Lieferkette<\/h2>\n<p>Da gr\u00f6\u00dfere Unternehmen ehrgeizige Nachhaltigkeitsziele anstreben, wird die Dekarbonisierung der Lieferkette immer wichtiger. Entdecken Sie, wie Achilles Unternehmen bei der Zusammenarbeit mit Lieferanten hilft, um die Kohlenstoffemissionen in der gesamten Lieferkette zu reduzieren.<\/p>\n                        <\/div>\r\n                                                <a class=\"btn btn_big\" href=\"\/de\/supply-chain-decarbonisation\/\">Mehr erfahren<\/a>\r\n                                            <\/div>\r\n\t\t\t\t\t\t\t\t\t\t\r\n                                        <div class=\"content_media\">\r\n                        <img decoding=\"async\" src=\"https:\/\/www.achilles.com\/app\/uploads\/2024\/10\/DALL\u00b7E-2024-10-02-15.39.44-A-stylized-landscape-in-soft-greens-and-grays-similar-in-style-to-the-provided-image-representing-the-decarbonization-of-a-supply-chain.-The-scene-i-e1727880274207.webp\" alt=\"\"A stylized, minimalist landscape in soft green and gray tones. The image depicts the decarbonization of a supply chain with elements such as a logistics truck driving along a road lined with trees, a clean industrial facility equipped with solar panels and wind turbines in the background, and footprints transitioning from dark to light green, symbolizing a reduced carbon footprint. The scene blends nature and industrial elements harmoniously, with a smooth and serene design.\">\r\n                    <\/div>\r\n                                    <\/div>\r\n            <\/div>\r\n        <\/div>\r\n    \n\n    <div class=\"request_section\" id=\"carbon_form\">\r\n        <div class=\"contact_bg\">\r\n                        <img decoding=\"async\" src=\"https:\/\/www.achilles.com\/app\/uploads\/2024\/10\/carbon-banner.png\" alt=\"a pair of footprints in the middle of a green field\">\r\n                    <\/div>\r\n        <div class=\"container\">\r\n            <div class=\"request_inner\">\r\n                                <div class=\"request_wrapper\">\r\n                <h2 class=\"title_section\">Setzen Sie sich mit uns in Verbindung, um Ihre individuelle Reise zur Messung und Reduzierung Ihres Kohlenstoffaussto\u00dfes zu beginnen. <\/h2>\r\n                <\/div>\r\n                                <div class=\"request_box\">\r\n                    <script charset=\"utf-8\" type=\"text\/javascript\" src=\"\/\/js.hsforms.net\/forms\/embed\/v2.js\"><\/script><script>hbspt.forms.create({\n    region: \"na1\",\n    portalId: \"5387762\",\n    formId: \"60efffdd-f467-407e-b17e-472907903be4\"\n  });\n<\/script>                <\/div>\r\n            <\/div>\r\n        <\/div>\r\n    <\/div>\r\n\r\n","protected":false},"excerpt":{"rendered":"","protected":false},"author":9,"featured_media":50584,"parent":0,"menu_order":0,"comment_status":"closed","ping_status":"closed","template":"","meta":{"_acf_changed":false,"content-type":"","footnotes":""},"class_list":["post-54044","page","type-page","status-publish","has-post-thumbnail","hentry"],"acf":[],"_links":{"self":[{"href":"https:\/\/www.achilles.com\/de\/wp-json\/wp\/v2\/pages\/54044","targetHints":{"allow":["GET"]}}],"collection":[{"href":"https:\/\/www.achilles.com\/de\/wp-json\/wp\/v2\/pages"}],"about":[{"href":"https:\/\/www.achilles.com\/de\/wp-json\/wp\/v2\/types\/page"}],"author":[{"embeddable":true,"href":"https:\/\/www.achilles.com\/de\/wp-json\/wp\/v2\/users\/9"}],"replies":[{"embeddable":true,"href":"https:\/\/www.achilles.com\/de\/wp-json\/wp\/v2\/comments?post=54044"}],"version-history":[{"count":0,"href":"https:\/\/www.achilles.com\/de\/wp-json\/wp\/v2\/pages\/54044\/revisions"}],"wp:featuredmedia":[{"embeddable":true,"href":"https:\/\/www.achilles.com\/de\/wp-json\/wp\/v2\/media\/50584"}],"wp:attachment":[{"href":"https:\/\/www.achilles.com\/de\/wp-json\/wp\/v2\/media?parent=54044"}],"curies":[{"name":"wp","href":"https:\/\/api.w.org\/{rel}","templated":true}]}}