{"id":54043,"date":"2024-04-11T12:41:30","date_gmt":"2024-04-11T11:41:30","guid":{"rendered":"https:\/\/www.achilles.com\/achilles-audits-2\/"},"modified":"2025-05-19T14:21:33","modified_gmt":"2025-05-19T13:21:33","slug":"achilles-audits","status":"publish","type":"page","link":"https:\/\/www.achilles.com\/de\/achilles-audits\/","title":{"rendered":"Achilles Audits"},"content":{"rendered":"    <div class=\"top_section\">\n        <div class=\"container\">\n            <div class=\"top_info half\">\n                                    <h1 class=\"top_title\">Mit Achilles-Audits Risiken erkennen und Standards einhalten<\/h1>\n                                    <div class=\"top_text\">\n                        <p>Unsere Audits und Bewertungen helfen Ihnen, die Einhaltung gesetzlicher und branchenspezifischer Anforderungen sicherzustellen \u2013 in den Bereichen <strong data-start=\"454\" data-end=\"519\">Arbeitssicherheit, Umwelt, Qualit\u00e4t und soziale Verantwortung<\/strong>. So schaffen Sie Vertrauen bei Gesch\u00e4ftspartnern und st\u00e4rken Ihre Position am Markt.<\/p>\n                    <\/div>\n                                    <div class=\"top_buttons\">\n                                                    <a class=\"btn btn_white btn_big\" href=\"https:\/\/www.achilles.com\/contact-us\">Jetzt Ihr Unternehmen pr\u00fcfen lassen<\/a>\n                                                    <a class=\"btn btn_big\" href=\"https:\/\/www.achilles.com\/contact-us\">Jetzt Ihre Lieferkette pr\u00fcfen lassen<\/a>\n                                            <\/div>\n                            <\/div>\n        <\/div>\n        <div class=\"top_media\">\n\t\t\t            <img decoding=\"async\" src=\"https:\/\/www.achilles.com\/app\/uploads\/2024\/02\/Supply-Chain-Risk-Images-4.png\" alt=\"\">\n                    <\/div>\n    <\/div>\n\n\n    <div class=\"content_section\">\r\n        <div class=\"container\">\r\n                        <div class=\"description_section\">\r\n                                <h2 class=\"title_section\">Anerkannt von international f\u00fchrenden Unternehmen<\/h2>\r\n                            <\/div>\r\n                        <div class=\"logos_wrap\">\r\n                                <div class=\"logo_item\">\r\n                    <img decoding=\"async\" src=\"https:\/\/www.achilles.com\/app\/uploads\/2023\/06\/bwo-logo-610.jpg\" alt=\"\">\r\n                <\/div>\r\n                                <div class=\"logo_item\">\r\n                    <img decoding=\"async\" src=\"https:\/\/www.achilles.com\/app\/uploads\/2025\/05\/images-1.jpg\" alt=\"\">\r\n                <\/div>\r\n                                <div class=\"logo_item\">\r\n                    <img decoding=\"async\" src=\"https:\/\/www.achilles.com\/app\/uploads\/2023\/06\/Customer-logo_statkraft-logo-400-trans-300x94-1.png\" alt=\"Statkraft logo\">\r\n                <\/div>\r\n                                <div class=\"logo_item\">\r\n                    <img decoding=\"async\" src=\"https:\/\/www.achilles.com\/app\/uploads\/2023\/06\/Customer-logo_Sainsburys-logo.png\" alt=\"Sainsbury's chooses Achilles for ESG supply chain management\">\r\n                <\/div>\r\n                                <div class=\"logo_item\">\r\n                    <img decoding=\"async\" src=\"https:\/\/www.achilles.com\/app\/uploads\/2023\/06\/Acciona.png\" alt=\"\">\r\n                <\/div>\r\n                                <div class=\"logo_item\">\r\n                    <img decoding=\"async\" src=\"https:\/\/www.achilles.com\/app\/uploads\/2024\/04\/Weatherford-Achilles-Group_Client_LATAM.png\" alt=\"\">\r\n                <\/div>\r\n                                <div class=\"logo_item\">\r\n                    <img decoding=\"async\" src=\"https:\/\/www.achilles.com\/app\/uploads\/2023\/06\/iss_logo_whitebackground-RGB-e1525274679774.jpg\" alt=\"\">\r\n                <\/div>\r\n                                <div class=\"logo_item\">\r\n                    <img decoding=\"async\" src=\"https:\/\/www.achilles.com\/app\/uploads\/2023\/05\/Thameswater-e1725962162604.jpg\" alt=\"\">\r\n                <\/div>\r\n                                <div class=\"logo_item\">\r\n                    <img decoding=\"async\" src=\"\" alt=\"\">\r\n                <\/div>\r\n                                <div class=\"logo_item\">\r\n                    <img decoding=\"async\" src=\"https:\/\/www.achilles.com\/app\/uploads\/2024\/11\/NCC_Unternehmen_logo.svg_.png\" alt=\"\">\r\n                <\/div>\r\n                            <\/div>\r\n                    <\/div>\r\n    <\/div>\r\n\n\n    <div class=\"content_section\">\r\n        <div class=\"container\">\r\n                        <div class=\"description_section\">\r\n                                <p class=\"title_category\">Warum Achilles-Audits mehr sind als nur Due Diligence<\/p>\r\n                                <div class=\"typical_text\">\r\n                    <p class=\"\" data-start=\"256\" data-end=\"470\">Achilles-Audits helfen Eink\u00e4ufern, bew\u00e4hrte Praktiken umzusetzen, Vorschriften sicher einzuhalten und Transparenz in der gesamten Lieferkette zu schaffen. Das st\u00e4rkt das Vertrauen \u2013 intern wie extern.<\/p>\n<p class=\"\" data-start=\"472\" data-end=\"659\">Lieferanten profitieren doppelt: Sie zeigen ihr Engagement f\u00fcr Nachhaltigkeit und verbessern so ihre Marktchancen. Ein klarer Wettbewerbsvorteil in einem zunehmend regulierten Umfeld.<\/p>\n                <\/div>\r\n                            <\/div>\r\n                        <div class=\"features_wrap features_four\">\r\n                                <div class=\"feature_item\">\r\n                                        <div class=\"feature_item_icon\">\r\n                        <img decoding=\"async\" src=\"https:\/\/www.achilles.com\/app\/uploads\/2024\/04\/Certified-Ribbon-1-Streamline-Streamline-3.0.png\" alt=\"\">\r\n                    <\/div>\r\n                                        <h3 class=\"feature_item_name\">Vertrauen schaffen durch Transparenz<\/h3>\r\n                                        <div class=\"typical_text\">\r\n                        <p>Lieferanten zeigen ihr Engagement f\u00fcr Qualit\u00e4t, Sicherheit und Verantwortung \u2013 und st\u00e4rken so ihr Vertrauen bei potenziellen Kunden.<\/p>\n                    <\/div>\r\n                                    <\/div>\r\n                                <div class=\"feature_item\">\r\n                                        <div class=\"feature_item_icon\">\r\n                        <img decoding=\"async\" src=\"https:\/\/www.achilles.com\/app\/uploads\/2024\/04\/Performance-Increase-Streamline-Streamline-3.0.png\" alt=\"\">\r\n                    <\/div>\r\n                                        <h3 class=\"feature_item_name\">Wettbewerbsf\u00e4higkeit steigern<\/h3>\r\n                                        <div class=\"typical_text\">\r\n                        <p>Die Audits unterst\u00fctzen Lieferanten dabei, sich von der Konkurrenz abzuheben und neue Gesch\u00e4ftschancen zu er\u00f6ffnen.<\/p>\n                    <\/div>\r\n                                    <\/div>\r\n                                <div class=\"feature_item\">\r\n                                        <div class=\"feature_item_icon\">\r\n                        <img decoding=\"async\" src=\"https:\/\/www.achilles.com\/app\/uploads\/2023\/10\/achilles_icon_business-contract-approve.png\" alt=\"\">\r\n                    <\/div>\r\n                                        <h3 class=\"feature_item_name\">Compliance unkompliziert<\/h3>\r\n                                        <div class=\"typical_text\">\r\n                        <p>Sie helfen Lieferanten, Branchenstandards und Vorschriften einzuhalten \u2013 und den Aufwand f\u00fcr Compliance-Dokumente deutlich zu reduzieren.<\/p>\n                    <\/div>\r\n                                    <\/div>\r\n                                <div class=\"feature_item\">\r\n                                        <div class=\"feature_item_icon\">\r\n                        <img decoding=\"async\" src=\"https:\/\/www.achilles.com\/app\/uploads\/2023\/11\/Icons-8.png\" alt=\"\">\r\n                    <\/div>\r\n                                        <h3 class=\"feature_item_name\">St\u00e4rken erkennen<\/h3>\r\n                                        <div class=\"typical_text\">\r\n                        <p class=\"\" data-start=\"105\" data-end=\"228\">Der Auditbericht zeigt, wo Lieferanten besonders stark sind und wo noch Verbesserungen m\u00f6glich sind.<\/p>\n                    <\/div>\r\n                                    <\/div>\r\n                            <\/div>\r\n                    <\/div>\r\n    <\/div>\r\n\n\n     <div class=\"stats_section\">\r\n        <div class=\"stats_bg\">\r\n                    <\/div>\r\n        <div class=\"container\">\r\n            <div class=\"stats_inner\">\r\n                <div class=\"corner corner_top_left\"><\/div>\r\n                <div class=\"corner corner_top_right\"><\/div>\r\n                <div class=\"corner corner_bottom_left\"><\/div>\r\n                <div class=\"corner corner_bottom_right\"><\/div>\r\n                <div class=\"stats_wrap stats_anim\">\r\n                                        <div class=\"stats_item stats_anim_item\" data-total=\"6500\">\r\n                        <div class=\"stats_item_inner\">\r\n                            <p class=\"stats_item_count\"><span class=\"stats_anim_total\">0<\/span><\/p>\r\n                                                        <p class=\"stats_item_name\">Audits weltweit.<\/p>\r\n                                                    <\/div>\r\n                    <\/div>\r\n                                        <div class=\"stats_item stats_anim_item\" data-total=\"30\">\r\n                        <div class=\"stats_item_inner\">\r\n                            <p class=\"stats_item_count\"><span class=\"stats_anim_total\">0<\/span><\/p>\r\n                                                        <p class=\"stats_item_name\"> Jahre lange Erfahrung.<\/p>\r\n                                                    <\/div>\r\n                    <\/div>\r\n                                        <div class=\"stats_item stats_anim_item\" data-total=\"200\">\r\n                        <div class=\"stats_item_inner\">\r\n                            <p class=\"stats_item_count\"><span class=\"stats_anim_total\">0<\/span><span class=\"stats_item_symbol\"> <\/span><\/p>\r\n                                                        <p class=\"stats_item_name\">Auditoren mit internationaler Pr\u00e4senz.<\/p>\r\n                                                    <\/div>\r\n                    <\/div>\r\n                                    <\/div>\r\n            <\/div>\r\n        <\/div>\r\n    <\/div>\r\n\n\n    <div class=\"content_section bg_grey\">\r\n        <div class=\"container\">\r\n                        <div class=\"description_section\">\r\n                                <p class=\"title_category\">ARTEN VON AUDITS<\/p>\r\n                                <div class=\"typical_text\">\r\n                    <p class=\"\" data-start=\"130\" data-end=\"305\">Sch\u00fctzen Sie den Ruf Ihres Unternehmens, indem Sie volle Transparenz in Ihrer Lieferkette zeigen und die aktuellen ethischen, nachhaltigen und Umweltstandards sicher erf\u00fcllen.<\/p>\n                <\/div>\r\n                            <\/div>\r\n                        <div class=\"features_wrap\">\r\n                                <div class=\"feature_item\">\r\n                                        <h3 class=\"feature_item_name\">Desktop-Audits<\/h3>\r\n                                        <div class=\"typical_text\">\r\n                        <p class=\"\" data-start=\"100\" data-end=\"335\">Diese Audits werden remote durchgef\u00fchrt und pr\u00fcfen die Dokumente Ihres Managementsystems. So wird die Einhaltung internationaler Standards wie ISO 45001, ISO 14001, SA8000 sowie relevanter Berichtsrahmen \u00fcberpr\u00fcft.<\/p>\n<p class=\"\" data-start=\"337\" data-end=\"606\">\n                    <\/div>\r\n                                    <\/div>\r\n                                <div class=\"feature_item\">\r\n                                        <h3 class=\"feature_item_name\">Vor-Ort-Audits<\/h3>\r\n                                        <div class=\"typical_text\">\r\n                        <p class=\"\" data-start=\"337\" data-end=\"606\">Diese umfassenden Bewertungen gehen \u00fcber die Dokumente hinaus: Managementsysteme werden vor Ort gepr\u00fcft und anonyme Interviews mit Stakeholdern gef\u00fchrt. Zertifizierte Auditoren weltweit sorgen f\u00fcr ein tiefes Verst\u00e4ndnis Ihrer Unternehmenspraktiken.<\/p>\n                    <\/div>\r\n                                    <\/div>\r\n                            <\/div>\r\n                    <\/div>\r\n    <\/div>\r\n\n\n<div class=\"wp-block-image wp-duotone-unset-1\">\n<figure class=\"aligncenter size-large\"><img loading=\"lazy\" decoding=\"async\" width=\"1024\" height=\"705\" src=\"https:\/\/uat.achilles.com\/app\/uploads\/2024\/04\/AC1413-Audit-Compliance-Areas-diagram-V3-1024x705.png\" alt=\"\" class=\"wp-image-39453\" srcset=\"https:\/\/www.achilles.com\/app\/uploads\/2024\/04\/AC1413-Audit-Compliance-Areas-diagram-V3-1024x705.png 1024w, https:\/\/www.achilles.com\/app\/uploads\/2024\/04\/AC1413-Audit-Compliance-Areas-diagram-V3-300x207.png 300w, https:\/\/www.achilles.com\/app\/uploads\/2024\/04\/AC1413-Audit-Compliance-Areas-diagram-V3-768x529.png 768w, https:\/\/www.achilles.com\/app\/uploads\/2024\/04\/AC1413-Audit-Compliance-Areas-diagram-V3-1536x1058.png 1536w, https:\/\/www.achilles.com\/app\/uploads\/2024\/04\/AC1413-Audit-Compliance-Areas-diagram-V3.png 2048w\" sizes=\"auto, (max-width: 1024px) 100vw, 1024px\" \/><\/figure>\n<\/div>\n\n    <div class=\"content_section\">\r\n        <div class=\"container\">\r\n                        <div class=\"posts_panel\">\r\n                <div class=\"description_section\">\r\n                                        <p class=\"title_category\">News and Insight<\/p>\r\n                     \r\n                    <h2 class=\"title_section\">F\u00fcr Sie ausgew\u00e4hlt<\/h2>\r\n                                    <\/div>\r\n                            <\/div>\r\n                                    <div class=\"posts_wrap\">\r\n                                <div class=\"post_item\">\r\n                    <div class=\"post_item_top\">\r\n                                                <a class=\"post_item_img\" href=\"https:\/\/www.achilles.com\/de\/der-achilles-jahresbericht-zu-risiko-und-nachhaltigkeit-2026\/\">\r\n                            <img decoding=\"async\" src=\"https:\/\/www.achilles.com\/app\/uploads\/2026\/03\/Web-page-top-banner-thumbnail-of-Achilles-Global-Supplier-Risk-and-Sustainability-Survey-2026.jpg\" alt=\"Der Achilles Jahresbericht zu Risiko und Nachhaltigkeit 2026\">\r\n                        <\/a>\r\n                                                <ul class=\"post_item_categories\">\r\n                                                        <li>Wei\u00dfes Papier<\/li>\r\n                                                    <\/ul>\r\n                    <\/div>\r\n                    <a class=\"post_item_name\" href=\"https:\/\/www.achilles.com\/de\/der-achilles-jahresbericht-zu-risiko-und-nachhaltigkeit-2026\/\">Der Achilles Jahresbericht zu Risiko und Nachhaltigkeit 2026<\/a>\r\n                <\/div>\r\n                                <div class=\"post_item\">\r\n                    <div class=\"post_item_top\">\r\n                                                <a class=\"post_item_img\" href=\"https:\/\/www.achilles.com\/de\/der-roi-des-lieferketten-risikomanagements-neue-studie-von-verdantix\/\">\r\n                            <img decoding=\"async\" src=\"https:\/\/www.achilles.com\/app\/uploads\/2026\/03\/Verdantix-ROI-Web-site-header-4.png\" alt=\"Der ROI des Lieferketten-Risikomanagements: Neue Studie von Verdantix\">\r\n                        <\/a>\r\n                                                <ul class=\"post_item_categories\">\r\n                                                        <li>Bericht<\/li>\r\n                                                        <li>Einblicke in die Branche<\/li>\r\n                                                    <\/ul>\r\n                    <\/div>\r\n                    <a class=\"post_item_name\" href=\"https:\/\/www.achilles.com\/de\/der-roi-des-lieferketten-risikomanagements-neue-studie-von-verdantix\/\">Der ROI des Lieferketten-Risikomanagements: Neue Studie von Verdantix<\/a>\r\n                <\/div>\r\n                                <div class=\"post_item\">\r\n                    <div class=\"post_item_top\">\r\n                                                <a class=\"post_item_img\" href=\"https:\/\/www.achilles.com\/de\/einblicke-branche\/aufbau-eines-skalierbaren-nachhaltigen-und-resilienten-rechenzentrums-baunetzwerks\/\">\r\n                            <img decoding=\"async\" src=\"https:\/\/www.achilles.com\/app\/uploads\/2026\/03\/Achilles-Google-Supply-Chain-Risk-banner.png\" alt=\"Aufbau eines skalierbaren, nachhaltigen und resilienten Rechenzentrums-Baunetzwerks\">\r\n                        <\/a>\r\n                                                <ul class=\"post_item_categories\">\r\n                                                        <li>Einblicke in die Branche<\/li>\r\n                                                        <li>Fallstudien<\/li>\r\n                                                    <\/ul>\r\n                    <\/div>\r\n                    <a class=\"post_item_name\" href=\"https:\/\/www.achilles.com\/de\/einblicke-branche\/aufbau-eines-skalierbaren-nachhaltigen-und-resilienten-rechenzentrums-baunetzwerks\/\">Aufbau eines skalierbaren, nachhaltigen und resilienten Rechenzentrums-Baunetzwerks<\/a>\r\n                <\/div>\r\n                            <\/div>\r\n                    <\/div>\r\n    <\/div>\r\n\n\n    <div class=\"request_section\">\r\n        <div class=\"contact_bg\">\r\n                        <img decoding=\"async\" src=\"https:\/\/www.achilles.com\/app\/uploads\/2023\/07\/SMEs-bid-for-tenders.jpg\" alt=\"\">\r\n                    <\/div>\r\n        <div class=\"container\">\r\n            <div class=\"request_inner\">\r\n                                <div class=\"request_wrapper\">\r\n                <h2 class=\"title_section\">Kontaktieren Sie uns<\/h2>\r\n                <\/div>\r\n                                <div class=\"request_box\">\r\n                                        <h5 class=\"contact_content_subtitle\">Erfahren Sie, wie Sie Due-Diligence-Best-Practices erfolgreich in Ihrem Unternehmen umsetzen.<\/h5>\r\n                    <script charset=\"utf-8\" type=\"text\/javascript\" src=\"\/\/js.hsforms.net\/forms\/embed\/v2.js\"><\/script>\r\n<script>\r\n  hbspt.forms.create({\r\n    portalId: \"5387762\",\r\n    formId: \"b9cbe605-cb80-4bae-abf5-15d86ac4efdf\",\r\n    region: \"na1\"\r\n  });\r\n<\/script>                <\/div>\r\n            <\/div>\r\n        <\/div>\r\n    <\/div>\r\n\r\n","protected":false},"excerpt":{"rendered":"","protected":false},"author":24,"featured_media":0,"parent":0,"menu_order":0,"comment_status":"closed","ping_status":"closed","template":"","meta":{"_acf_changed":true,"content-type":"","footnotes":""},"class_list":["post-54043","page","type-page","status-publish","hentry"],"acf":[],"_links":{"self":[{"href":"https:\/\/www.achilles.com\/de\/wp-json\/wp\/v2\/pages\/54043","targetHints":{"allow":["GET"]}}],"collection":[{"href":"https:\/\/www.achilles.com\/de\/wp-json\/wp\/v2\/pages"}],"about":[{"href":"https:\/\/www.achilles.com\/de\/wp-json\/wp\/v2\/types\/page"}],"author":[{"embeddable":true,"href":"https:\/\/www.achilles.com\/de\/wp-json\/wp\/v2\/users\/24"}],"replies":[{"embeddable":true,"href":"https:\/\/www.achilles.com\/de\/wp-json\/wp\/v2\/comments?post=54043"}],"version-history":[{"count":0,"href":"https:\/\/www.achilles.com\/de\/wp-json\/wp\/v2\/pages\/54043\/revisions"}],"wp:attachment":[{"href":"https:\/\/www.achilles.com\/de\/wp-json\/wp\/v2\/media?parent=54043"}],"curies":[{"name":"wp","href":"https:\/\/api.w.org\/{rel}","templated":true}]}}