{"id":47219,"date":"2024-08-15T09:01:12","date_gmt":"2024-08-15T08:01:12","guid":{"rendered":"https:\/\/www.achilles.com\/grievance-form\/"},"modified":"2025-03-24T14:16:32","modified_gmt":"2025-03-24T14:16:32","slug":"grievance-form","status":"publish","type":"page","link":"https:\/\/www.achilles.com\/de\/beschwerdeerklarung\/","title":{"rendered":"Beschwerdeformular"},"content":{"rendered":"    <div class=\"top_section\">\n        <div class=\"container\">\n            <div class=\"top_info half\">\n                                    <h1 class=\"top_title\">Anliegen melden<\/h1>\n                                    <div class=\"top_text\">\n                        <p>Wir bei Achilles stehen f\u00fcr Transparenz, Integrit\u00e4t und ethisches Handeln. Melden Sie Fehlverhalten oder Compliance-Probleme in Unternehmen oder Lieferketten \u00fcber unser vertrauliches Formular. Jede Meldung z\u00e4hlt und tr\u00e4gt zu Verbesserungen bei.  <\/p>\n                    <\/div>\n                                    <div class=\"top_buttons\">\n                                                    <a class=\"btn btn_big\" href=\"#report-form\">Anliegen melden<\/a>\n                                                    <a class=\"btn btn_white btn_big\" href=\"#report-follow\">Nachverfolgung<\/a>\n                                            <\/div>\n                            <\/div>\n        <\/div>\n        <div class=\"top_media\">\n\t\t\t            <img decoding=\"async\" src=\"https:\/\/www.achilles.com\/app\/uploads\/2025\/02\/Main-Header-Network-People-1.png\" alt=\"Hundreds of photos of people on a blue background\">\n                    <\/div>\n    <\/div>\n\n\n    <div class=\"content_section page_default_text\">\r\n        <div class=\"container\">\r\n            <article class=\"article_wrap\">\r\n                <div class=\"article_main\">\r\n                    <div class=\"typical_text\">\r\n                        <h2 data-start=\"0\" data-end=\"131\">Nutzen Sie dieses Formular, um ein Anliegen oder eine Unstimmigkeit in der Lieferkette zu melden.<\/h2>\n<p class=\"\" data-start=\"133\" data-end=\"267\">\n<p style=\"text-align: left;\">Achilles provides a process to enable our customers to collect and record complaints and grievances relating to their environmental, social and governance actions and impacts.<\/p>\n<p style=\"text-align: left;\">Complaints can be submitted anonymously. If you would like to receive a response to your complaint or to allow further information to be collected to support an investigation, please provide your contact details at the end of this form.<\/p>\n \r\n                    <\/div>\r\n                <\/div>\r\n            <\/article>\r\n        <\/div>\r\n    <\/div>\r\n\n\n    <div class=\"request_section\" id=\"report-form\">\r\n        <div class=\"contact_bg\">\r\n                        <img decoding=\"async\" src=\"https:\/\/www.achilles.com\/app\/uploads\/2025\/03\/Form-Background-Plain.png\" alt=\"\">\r\n                    <\/div>\r\n        <div class=\"container\">\r\n            <div class=\"request_inner\">\r\n                                <div class=\"request_box\">\r\n                    <script src=\"https:\/\/www.cognitoforms.com\/f\/seamless.js\" data-key=\"6vlHRdu9HkagfolFspGvYA\" data-form=\"105\"><\/script>                <\/div>\r\n            <\/div>\r\n        <\/div>\r\n    <\/div>\r\n\r\n\n\n        <div class=\"content_section bg_grey\" id=\"report-follow\">\r\n            <div class=\"container\">\r\n                <div class=\"content_wrap\">\r\n                    <div class=\"content_info\">\r\n                                                <p class=\"title_category\">SIE HABEN BEREITS EIN ANLIEGEN GEMELDET?<\/p>\r\n                                                <h2 class=\"title_section\">Nachverfolgung<\/h2>\r\n                                                <div class=\"typical_text\">\r\n                            <p>Wenn Sie bereits ein Anliegen gemeldet haben und den Status oder weitere Details einsehen m\u00f6chten, klicken Sie bitte hier, um eine E-Mail zu senden. Geben Sie dabei Ihre Formularnummer und alle relevanten Informationen an.<\/p>\n<p><a href=\"mailto:marketing@achilles.com\">Nachverfolgung<\/a><\/p>\n                        <\/div>\r\n                                            <\/div>\r\n                <\/div>\r\n            <\/div>\r\n        <\/div>\r\n","protected":false},"excerpt":{"rendered":"","protected":false},"author":2,"featured_media":0,"parent":0,"menu_order":0,"comment_status":"closed","ping_status":"closed","template":"","meta":{"_acf_changed":true,"content-type":"","footnotes":""},"class_list":["post-47219","page","type-page","status-publish","hentry"],"acf":[],"_links":{"self":[{"href":"https:\/\/www.achilles.com\/de\/wp-json\/wp\/v2\/pages\/47219","targetHints":{"allow":["GET"]}}],"collection":[{"href":"https:\/\/www.achilles.com\/de\/wp-json\/wp\/v2\/pages"}],"about":[{"href":"https:\/\/www.achilles.com\/de\/wp-json\/wp\/v2\/types\/page"}],"author":[{"embeddable":true,"href":"https:\/\/www.achilles.com\/de\/wp-json\/wp\/v2\/users\/2"}],"replies":[{"embeddable":true,"href":"https:\/\/www.achilles.com\/de\/wp-json\/wp\/v2\/comments?post=47219"}],"version-history":[{"count":0,"href":"https:\/\/www.achilles.com\/de\/wp-json\/wp\/v2\/pages\/47219\/revisions"}],"wp:attachment":[{"href":"https:\/\/www.achilles.com\/de\/wp-json\/wp\/v2\/media?parent=47219"}],"curies":[{"name":"wp","href":"https:\/\/api.w.org\/{rel}","templated":true}]}}