{"id":38622,"date":"2024-03-08T17:07:47","date_gmt":"2024-03-08T17:07:47","guid":{"rendered":"https:\/\/www.achilles.com\/achilles-cyber-risk-management\/"},"modified":"2024-03-27T19:31:36","modified_gmt":"2024-03-27T16:31:36","slug":"achilles-cyber-risk-management","status":"publish","type":"page","link":"https:\/\/www.achilles.com\/de\/cyber-risikomanagement\/","title":{"rendered":"Cyber-Risikomanagement"},"content":{"rendered":"    <div class=\"top_section\">\n        <div class=\"container\">\n            <div class=\"top_info half\">\n                                    <h1 class=\"top_title\">Cyber-Risikomanagement<\/h1>\n                                    <div class=\"top_text\">\n                        <p>Die Achilles-L\u00f6sung umfasst auch die Cyber-Risikobewertung, -management und -verbesserung zur St\u00e4rkung und Widerstandsf\u00e4higkeit der Lieferkette.<\/p>\n                    <\/div>\n                                    <div class=\"top_buttons\">\n                                                    <a class=\"btn btn_big\" href=\"#Form\">Kommen Sie in Kontakt<\/a>\n                                            <\/div>\n                            <\/div>\n        <\/div>\n        <div class=\"top_media\">\n\t\t\t            <img decoding=\"async\" src=\"https:\/\/www.achilles.com\/app\/uploads\/2024\/03\/Orpheus-cyber-security-banner.png\" alt=\"\">\n                    <\/div>\n    <\/div>\n\n\n    <div class=\"content_section\">\r\n        <div class=\"container\">\r\n                        <div class=\"description_section big\">\r\n                                <h2 class=\"title_section\">\u00dcberwachen und mindern Sie Cyber-Risiken f\u00fcr Ihre Organisation und Ihre Lieferkette.<\/h2>\r\n                                <div class=\"typical_text middle_text\">\r\n                    <p>Achilles sammelt und bewertet Daten aus der breitesten Palette von Quellen, um den umfassendsten Schutz vor Risiken in der Lieferkette zu bieten. Zudem arbeiten wir mit f\u00fchrenden Partnern zusammen, um zus\u00e4tzliche St\u00e4rke und Widerstandsf\u00e4higkeit in der Lieferkette zu gew\u00e4hrleisten. Achilles Cyber Risk wird von <a href=\"https:\/\/orpheus-cyber.com\/\">Orpheus<\/a> bereitgestellt, dem einzigen staatlich akkreditierten Unternehmen f\u00fcr Cyber-Bedrohungsintelligenz, das Cyber-Risikobewertungen anbietet.<\/p>\n                <\/div>\r\n                            <\/div>\r\n                                    <div class=\"features_wrap\">\r\n                                <div class=\"feature_item center\">\r\n                                        <div class=\"feature_item_icon\">\r\n                        <img decoding=\"async\" src=\"https:\/\/www.achilles.com\/app\/uploads\/2024\/03\/Achilles-icon-hotspot.png\" alt=\"\">\r\n                    <\/div>\r\n                                        <h3 class=\"feature_item_name\">\u00dcbersicht \u00fcber Cyber-Risiken<\/h3>\r\n                                        <div class=\"typical_text middle_text\">\r\n                        <p>Erhalten Sie eine klare \u00dcbersicht \u00fcber die kritischen Stellen in Ihrem Cyber-Lieferkettenrisiko, um sich darauf konzentrieren zu k\u00f6nnen, wo das Cyber-Risiko und dessen Auswirkungen am h\u00f6chsten sind.<\/p>\r\n                    <\/div>\r\n                                    <\/div>\r\n                                <div class=\"feature_item center\">\r\n                                        <div class=\"feature_item_icon\">\r\n                        <img decoding=\"async\" src=\"https:\/\/www.achilles.com\/app\/uploads\/2023\/09\/shield-globe.png\" alt=\"\">\r\n                    <\/div>\r\n                                        <h3 class=\"feature_item_name\">Reduzierung von Cyber-Risiken<\/h3>\r\n                                        <div class=\"typical_text middle_text\">\r\n                        <p>\r\nJeder Lieferant erh\u00e4lt Zugang zu einem detaillierten Bericht \u00fcber ihre Cyber-Schwachstellen zusammen mit umsetzbaren Erkenntnissen und Empfehlungen zur Verbesserung ihrer Bewertung und Reduzierung ihrer Cyber-Risikoexposition.<\/p>\r\n                    <\/div>\r\n                                    <\/div>\r\n                                <div class=\"feature_item center\">\r\n                                        <div class=\"feature_item_icon\">\r\n                        <img decoding=\"async\" src=\"https:\/\/www.achilles.com\/app\/uploads\/2023\/11\/Icons-15.png\" alt=\"circle icon with arrows\">\r\n                    <\/div>\r\n                                        <h3 class=\"feature_item_name\"> Leistungs\u00fcberwachung<\/h3>\r\n                                        <div class=\"typical_text middle_text\">\r\n                        <p>Der Orpheus-Cyber-Score erm\u00f6glicht es Ihnen, die Leistung im Cyber-Risikomanagement zu \u00fcberwachen und dar\u00fcber zu berichten sowie Trends auf Gesamt- und Einzelanbieter-Ebene zu identifizieren.<\/p>\r\n                    <\/div>\r\n                                    <\/div>\r\n                            <\/div>\r\n                                <\/div>\r\n    <\/div>\r\n\n\n    <div class=\"content_section bg_grey\">\r\n        <div class=\"container\">\r\n                        <div class=\"description_section big center\">\r\n                                <h2 class=\"title_section\"> Cyberbedrohungen entwickeln sich st\u00e4ndig weiter. Lassen Sie Ihre Organisation nicht zur\u00fcckbleiben.<\/h2>\r\n                            <\/div>\r\n                                            <\/div>\r\n    <\/div>\r\n\n\n            <div class=\"content_section\">\r\n            <div class=\"container\">\r\n                <div class=\"content_wrap\">\r\n                    <div class=\"content_info ogo2\">\r\n                                                <p class=\"title_category\"> \u00dcber Orpheus<\/p>\r\n                                                <h2 class=\"title_page\"> Ein f\u00fchrendes Unternehmen im Bereich der Cyberbedrohung<\/h2>\r\n                                                <div class=\"typical_text middle_text\">\r\n                            <p>Orpheus verf\u00fcgt \u00fcber umfangreiche Erfahrung in der Bereitstellung wegweisender Cyber-Bedrohungsintelligenz-Dienste. Es geh\u00f6rt zu den Besten der Welt im Schutz von Unternehmen vor Cyberbedrohungen und verf\u00fcgt \u00fcber Unternehmensakkreditierungen, individuelle Zertifizierungen und den Ruf, dies zu belegen.<\/p>\n                        <\/div>\r\n                                            <\/div>\r\n\t\t\t\t\t\t\t\t\t\t\r\n                                        <div class=\"content_media\">\r\n                        <img decoding=\"async\" src=\"https:\/\/www.achilles.com\/app\/uploads\/2024\/03\/Orpheus-risk.jpeg\" width=\"500\" alt=\"\">\r\n                    <\/div>\r\n                                    <\/div>\r\n            <\/div>\r\n        <\/div>\r\n    \n\n            <div class=\"content_section bg_grey\">\r\n            <div class=\"container\">\r\n                <div class=\"content_wrap right\">\r\n                    <div class=\"content_info ogo2\">\r\n                                                <h2 class=\"title_page\"> Sophistizierte Technologie<\/h2>\r\n                                                <div class=\"typical_text\">\r\n                            <p>Orpheus verwendet hochentwickelte Technologie, um riesige Mengen an Cyber-Bedrohungsintelligenz aus einer Vielzahl von Quellen, sowohl technischen als auch nicht-technischen, zu sammeln, zu indizieren, zu speichern und zu analysieren. Es nutzt eine Mischung aus technologischen und manuellen Techniken, um pr\u00e4diktive und handlungsf\u00e4hige Intelligenz f\u00fcr Achilles-K\u00e4ufer und -Lieferanten bereitzustellen.<\/p>\n                        <\/div>\r\n                                            <\/div>\r\n\t\t\t\t\t\t\t\t\t\t\r\n                                        <div class=\"content_media\">\r\n                        <img decoding=\"async\" src=\"https:\/\/www.achilles.com\/app\/uploads\/2024\/03\/Orpheus-intelligence.jpeg\" width=\"450\" alt=\"\">\r\n                    <\/div>\r\n                                    <\/div>\r\n            <\/div>\r\n        <\/div>\r\n    \n\n            <div class=\"content_section\">\r\n            <div class=\"container\">\r\n                <div class=\"content_wrap\">\r\n                    <div class=\"content_info ogo2\">\r\n                                                <h2 class=\"title_page\"> Sicherheitsl\u00f6sungen auf der Basis von Bedrohungsanalysen<\/h2>\r\n                                                <h5 class=\"title_small\"> Die Erm\u00f6glichung pr\u00e4ventiver Ma\u00dfnahmen<\/h5>\r\n                                                <div class=\"typical_text\">\r\n                            <p>Das Orpheus-System identifiziert, wer wahrscheinlich angreifen wird, wie sie es tun werden und die aktuellen Schwachstellen, die sie ausnutzen werden. Dies erm\u00f6glicht es den Kunden, sich auf die unmittelbaren Sicherheitsma\u00dfnahmen zu konzentrieren, die erforderlich sind, um Cyber-Risiken zu stoppen, bevor sie auftreten.<\/p>\n                        <\/div>\r\n                                            <\/div>\r\n\t\t\t\t\t\t\t\t\t\t\r\n                                        <div class=\"content_media\">\r\n                        <img decoding=\"async\" src=\"https:\/\/www.achilles.com\/app\/uploads\/2024\/03\/Orpheus-process.png\" alt=\"\">\r\n                    <\/div>\r\n                                    <\/div>\r\n            <\/div>\r\n        <\/div>\r\n    \n\n    <div class=\"content_section\">\r\n        <div class=\"container\">\r\n                        <div class=\"description_section\">\r\n                                <p class=\"title_category\"> Kunden von Orpheus<\/p>\r\n                                <h2 class=\"title_section\">Vertrauensw\u00fcrdig bei f\u00fchrenden Organisationen weltweit.<\/h2>\r\n                            <\/div>\r\n                        <div class=\"logos_wrap\">\r\n                                <div class=\"logo_item\">\r\n                    <img decoding=\"async\" src=\"https:\/\/www.achilles.com\/app\/uploads\/2024\/03\/Aston-Martin.png\" alt=\"\" width=\"250\">\r\n                <\/div>\r\n                                <div class=\"logo_item\">\r\n                    <img decoding=\"async\" src=\"https:\/\/www.achilles.com\/app\/uploads\/2024\/03\/Telefonica-o2.svg_.png\" alt=\"o2 logo\" width=\"250\">\r\n                <\/div>\r\n                                <div class=\"logo_item\">\r\n                    <img decoding=\"async\" src=\"https:\/\/www.achilles.com\/app\/uploads\/2024\/03\/BNY-Mellon.png\" alt=\"\" width=\"251\">\r\n                <\/div>\r\n                                <div class=\"logo_item\">\r\n                    <img decoding=\"async\" src=\"https:\/\/www.achilles.com\/app\/uploads\/2024\/03\/Danmark-National-Bank-Logo.jpeg\" alt=\"Danmarks National Bank logo\" width=\"250\">\r\n                <\/div>\r\n                                <div class=\"logo_item\">\r\n                    <img decoding=\"async\" src=\"https:\/\/www.achilles.com\/app\/uploads\/2024\/03\/Goldman-sachs.png\" alt=\"\" width=\"250\">\r\n                <\/div>\r\n                                <div class=\"logo_item\">\r\n                    <img decoding=\"async\" src=\"https:\/\/www.achilles.com\/app\/uploads\/2024\/03\/SP.png\" alt=\"\" width=\"250\">\r\n                <\/div>\r\n                                <div class=\"logo_item\">\r\n                    <img decoding=\"async\" src=\"https:\/\/www.achilles.com\/app\/uploads\/2024\/03\/MOD.png\" alt=\"\" width=\"250\">\r\n                <\/div>\r\n                                <div class=\"logo_item\">\r\n                    <img decoding=\"async\" src=\"https:\/\/www.achilles.com\/app\/uploads\/2024\/03\/Morgan-Stanley-Logo-2001-2006.png\" alt=\"\" width=\"250\">\r\n                <\/div>\r\n                                <div class=\"logo_item\">\r\n                    <img decoding=\"async\" src=\"https:\/\/www.achilles.com\/app\/uploads\/2024\/03\/Standard-Chartered-1.jpeg\" alt=\"\" width=\"250\">\r\n                <\/div>\r\n                                <div class=\"logo_item\">\r\n                    <img decoding=\"async\" src=\"https:\/\/www.achilles.com\/app\/uploads\/2023\/09\/Morgan-Sindall.png\" alt=\"\" width=\"250\">\r\n                <\/div>\r\n                            <\/div>\r\n                    <\/div>\r\n    <\/div>\r\n\n\n            <div class=\"hero_section\">\r\n           <div class=\"hero_media\">\r\n                                <img decoding=\"async\" src=\"https:\/\/www.achilles.com\/app\/uploads\/2024\/03\/AdobeStock_512994567_Preview.jpeg\" alt=\"\">\r\n                            <\/div>\r\n            <div class=\"container\">\r\n                <div class=\"hero_wrapper\">\r\n                    <div class=\"hero_info\">\r\n                                                <h2 class=\"title_section\"> &#8222;Es gibt unz\u00e4hlige Funktionen auf der Orpheus-Plattform, die es uns erm\u00f6glichen, auf unsere Cyber-Risikoleistung zuzugreifen. Die Plattform von Orpheus ist zu einem prominenten und wesentlichen Bestandteil unserer Cybersicherheitsverfahren geworden.&#8220;<\/h2>\r\n                                                <div class=\"typical_text middle_text\">\r\n                            <p>Aston Martin<\/p>\r\n                        <\/div>\r\n                                            <\/div>\r\n                <\/div>\r\n            <\/div>\r\n        <\/div>\r\n    \n\n    <div class=\"content_section\">\r\n        <div class=\"container\">\r\n                        <div class=\"description_section\">\r\n                                <h2 class=\"title_section\"> Akkreditiert und zertifiziert durch<\/h2>\r\n                            <\/div>\r\n                        <div class=\"logos_wrap\">\r\n                                <div class=\"logo_item\">\r\n                    <img decoding=\"async\" src=\"https:\/\/www.achilles.com\/app\/uploads\/2024\/03\/BOE-Logo.jpg\" alt=\"\" width=\"250\">\r\n                <\/div>\r\n                                <div class=\"logo_item\">\r\n                    <img decoding=\"async\" src=\"https:\/\/www.achilles.com\/app\/uploads\/2024\/03\/CBEST-Accreditations.png\" alt=\"\" width=\"244\">\r\n                <\/div>\r\n                                <div class=\"logo_item\">\r\n                    <img decoding=\"async\" src=\"https:\/\/www.achilles.com\/app\/uploads\/2024\/03\/CCS-Accreditations.png\" alt=\"\" width=\"249\">\r\n                <\/div>\r\n                                <div class=\"logo_item\">\r\n                    <img decoding=\"async\" src=\"https:\/\/www.achilles.com\/app\/uploads\/2024\/03\/Crest-logo-Refresh_2022_CMYK_2_AW_col-no-reg-TM-scaled-1-scaled.jpeg\" alt=\"\" width=\"248\">\r\n                <\/div>\r\n                                <div class=\"logo_item\">\r\n                    <img decoding=\"async\" src=\"https:\/\/www.achilles.com\/app\/uploads\/2024\/03\/CTIPs-Accreditations.png\" alt=\"\" width=\"250\">\r\n                <\/div>\r\n                                <div class=\"logo_item\">\r\n                    <img decoding=\"async\" src=\"https:\/\/www.achilles.com\/app\/uploads\/2024\/03\/Star.png\" alt=\"\">\r\n                <\/div>\r\n                                <div class=\"logo_item\">\r\n                    <img decoding=\"async\" src=\"https:\/\/www.achilles.com\/app\/uploads\/2024\/03\/Star-FS.png\" alt=\"\">\r\n                <\/div>\r\n                                <div class=\"logo_item\">\r\n                    <img decoding=\"async\" src=\"https:\/\/www.achilles.com\/app\/uploads\/2024\/03\/gcloud.jpg\" alt=\"\">\r\n                <\/div>\r\n                                <div class=\"logo_item\">\r\n                    <img decoding=\"async\" src=\"https:\/\/www.achilles.com\/app\/uploads\/2024\/03\/FCA.png\" alt=\"\">\r\n                <\/div>\r\n                                <div class=\"logo_item\">\r\n                    <img decoding=\"async\" src=\"https:\/\/www.achilles.com\/app\/uploads\/2024\/03\/Cyber-Essentials-Plus.png\" alt=\"\">\r\n                <\/div>\r\n                            <\/div>\r\n                    <\/div>\r\n    <\/div>\r\n\n\n    <div class=\"request_section\" id=\"Form\">\r\n        <div class=\"contact_bg\">\r\n                    <\/div>\r\n        <div class=\"container\">\r\n            <div class=\"request_inner\">\r\n                                <div class=\"request_wrapper\">\r\n                <h2 class=\"title_section\">Kontaktieren Sie uns, um mehr \u00fcber unsere Cybersicherheitsl\u00f6sungen in Partnerschaft mit Orpheus zu erfahren.<\/h2>\r\n                <\/div>\r\n                                <div class=\"request_box\">\r\n                    <script charset=\"utf-8\" type=\"text\/javascript\" src=\"\/\/js.hsforms.net\/forms\/embed\/v2.js\"><\/script>\r\n<script>\r\n  hbspt.forms.create({\r\n    region: \"na1\",\r\n    portalId: \"5387762\",\r\n    formId: \"b9cbe605-cb80-4bae-abf5-15d86ac4efdf\"\r\n  });\r\n<\/script>                <\/div>\r\n            <\/div>\r\n        <\/div>\r\n    <\/div>\r\n\r\n\n\n    <div class=\"content_section\">\r\n        <div class=\"container\">\r\n                        <div class=\"posts_panel\">\r\n                <div class=\"description_section\">\r\n                                        <p class=\"title_category\"> Achilles Nachrichten und Einblicke<\/p>\r\n                     \r\n                    <h2 class=\"title_section\">Ausgew\u00e4hlt f\u00fcr Sie<\/h2>\r\n                                    <\/div>\r\n                            <\/div>\r\n                                <\/div>\r\n    <\/div>\r\n","protected":false},"excerpt":{"rendered":"","protected":false},"author":2,"featured_media":0,"parent":0,"menu_order":0,"comment_status":"closed","ping_status":"closed","template":"","meta":{"_acf_changed":false,"content-type":"","footnotes":""},"class_list":["post-38622","page","type-page","status-publish","hentry"],"acf":[],"_links":{"self":[{"href":"https:\/\/www.achilles.com\/de\/wp-json\/wp\/v2\/pages\/38622","targetHints":{"allow":["GET"]}}],"collection":[{"href":"https:\/\/www.achilles.com\/de\/wp-json\/wp\/v2\/pages"}],"about":[{"href":"https:\/\/www.achilles.com\/de\/wp-json\/wp\/v2\/types\/page"}],"author":[{"embeddable":true,"href":"https:\/\/www.achilles.com\/de\/wp-json\/wp\/v2\/users\/2"}],"replies":[{"embeddable":true,"href":"https:\/\/www.achilles.com\/de\/wp-json\/wp\/v2\/comments?post=38622"}],"version-history":[{"count":0,"href":"https:\/\/www.achilles.com\/de\/wp-json\/wp\/v2\/pages\/38622\/revisions"}],"wp:attachment":[{"href":"https:\/\/www.achilles.com\/de\/wp-json\/wp\/v2\/media?parent=38622"}],"curies":[{"name":"wp","href":"https:\/\/api.w.org\/{rel}","templated":true}]}}