{"id":25585,"date":"2023-06-01T20:53:47","date_gmt":"2023-06-01T19:53:47","guid":{"rendered":"https:\/\/www.achilles.com\/rechnung-s211\/"},"modified":"2023-12-08T14:02:06","modified_gmt":"2023-12-08T11:02:06","slug":"rechnung-s211","status":"publish","type":"page","link":"https:\/\/www.achilles.com\/de\/rechnung-s211\/","title":{"rendered":"Gesetzentwurf S211"},"content":{"rendered":"    <div class=\"top_section\">\n        <div class=\"container\">\n            <div class=\"top_info half\">\n                                    <h1 class=\"top_title\">Gesetz zur Bek\u00e4mpfung von Zwangsarbeit in Lieferketten (Fighting Against Forced Labour in Supply Chains Act)<\/h1>\n                                    <div class=\"top_text large_text\">\n                        <div class=\"page\" title=\"Seite 4\">\n<div class=\"layoutArea\">\n<div class=\"column\">\n<p>Der Fighting Against Forced Labour and Child Labour in Supply Chains Act (Gesetz zur Bek\u00e4mpfung von Zwangs- und Kinderarbeit in Lieferketten), auch bekannt als Bill S211, ist ein Gesetz, das im Mai 2023 die k\u00f6nigliche Zustimmung in Kanada erhalten hat und von Unternehmen verlangt, Verantwortung f\u00fcr die Bek\u00e4mpfung moderner Sklaverei in ihren Lieferketten zu \u00fcbernehmen und \u00fcber ihre Ma\u00dfnahmen zu berichten.<\/p>\n<\/div>\n<\/div>\n<\/div>\n                    <\/div>\n                                    <div class=\"top_buttons\">\n                                                    <a class=\"btn btn_big\" href=\"https:\/\/www.achilles.com\/de\/kontaktiere-uns\">Buche eine kostenlose S211 Beratung<\/a>\n                                            <\/div>\n                            <\/div>\n        <\/div>\n        <div class=\"top_media\">\n\t\t\t        <\/div>\n    <\/div>\n\n\n            <div class=\"content_section bg_grey\">\r\n            <div class=\"container\">\r\n                <div class=\"content_wrap right\">\r\n                    <div class=\"content_info ogo2\">\r\n                                                <p class=\"title_category\">Whitepaper<\/p>\r\n                                                <h2 class=\"title_page\">Eine Einf\u00fchrung in das Gesetz zur Bek\u00e4mpfung von Zwangsarbeit in Lieferketten (Fighting Against Forced Labour in Supply Chains Act)<\/h2>\r\n                                                <div class=\"typical_text\">\r\n                            <p>Selbst die erfahrensten Nachhaltigkeits- und Lieferkettenexperten geben zu, dass sie sich von dieser neuen \u00c4ra der ESG-Vorschriften f\u00fcr die Lieferkette und den Informationen, die erforderlich sind, um die Auswirkungen ihrer Organisationen auf die Menschen und den Planeten nachzuweisen, \u00fcberfordert f\u00fchlen.  <span data-ccp-props=\"{\"335559738\":120,\"335559739\":120}\">Der <\/span>ultimative <span data-ccp-props=\"{\"335559738\":120,\"335559739\":120}\">Achilles-Leitfaden <\/span>f\u00fcr den Kampf gegen Zwangs- und Kinderarbeit in Lieferketten (<span data-ccp-props=\"{\"335559738\":120,\"335559739\":120}\">The Achilles <\/span>Ultimate Guide to Fighting Against Forced Labour and Child Labour in Supply Chains Act)  <span data-ccp-props=\"{\"335559738\":120,\"335559739\":120}\">ist eine umfassende Ressource, die dir hilft, die Vorschriften einzuhalten.<\/span><\/p>\n                        <\/div>\r\n                                                <a class=\"btn btn_big\" href=\"https:\/\/www.achilles.com\/de\/einblicke-in-die-branche\/s-211\/\">Lesen Sie<\/a>\r\n                                            <\/div>\r\n\t\t\t\t\t\t\t\t\t\t\r\n                                    <\/div>\r\n            <\/div>\r\n        <\/div>\r\n    \n\n            <div class=\"content_section\">\r\n            <div class=\"container\">\r\n                <div class=\"content_wrap\">\r\n                    <div class=\"content_info ogo2\">\r\n                                                <p class=\"title_category\">Blog<\/p>\r\n                                                <h2 class=\"title_page\">Was ist genug?<\/h2>\r\n                                                <div class=\"typical_text\">\r\n                            <p><span lang=\"EN-GB\" data-contrast=\"none\" xml:lang=\"EN-GB\"><span data-ccp-parastyle=\"article-preview_articlepreviewsubheader__ffri1\">Das kanadische Gesetz zur Bek\u00e4mpfung von Zwangsarbeit in Lieferketten (Fighting Against Forced Labour in Supply Chains Act) verpflichtet Unternehmen zu einem risikobasierten Ansatz bei der Sorgfaltspflicht in der Lieferkette.<\/span> <span data-ccp-parastyle=\"article-preview_articlepreviewsubheader__ffri1\">Aber wie weit muss man gehen und <\/span><span data-ccp-parastyle=\"article-preview_articlepreviewsubheader__ffri1\">wann ist genug, genug?<\/span><\/span><\/p>\n                        <\/div>\r\n                                                <a class=\"btn btn_big\" href=\"https:\/\/www.achilles.com\/de\/artikel\/wann-ist-genug-genug\/\">Lesen Sie<\/a>\r\n                                            <\/div>\r\n\t\t\t\t\t\t\t\t\t\t\r\n                                        <div class=\"content_media\">\r\n                        <img decoding=\"async\" src=\"https:\/\/www.achilles.com\/app\/uploads\/2023\/09\/iStock-963011730.jpg\" width=\"401\" alt=\"A close up of the statue of lady justice standing in front of an out of focus row of law books.\">\r\n                    <\/div>\r\n                                    <\/div>\r\n            <\/div>\r\n        <\/div>\r\n    \n\n            <div class=\"content_section\">\r\n            <div class=\"container\">\r\n                <div class=\"content_wrap\">\r\n                    <div class=\"content_info ogo2\">\r\n                                                <p class=\"title_category\">Video<\/p>\r\n                                                <h2 class=\"title_page\">Schritte zur Bek\u00e4mpfung von Zwangsarbeit in Lieferketten Einhaltung des Gesetzes<\/h2>\r\n                                                <div class=\"typical_text\">\r\n                            <p><span lang=\"EN-GB\" data-contrast=\"none\" xml:lang=\"EN-GB\"><span data-ccp-parastyle=\"article-preview_articlepreviewsubheader__ffri1\">Das Gesetz zur Bek\u00e4mpfung von Zwangsarbeit in Lieferketten erfordert einen methodischen, risikobasierten Ansatz, der auch die allgemeine Nachhaltigkeit deines Unternehmens verbessert.<\/span><\/span><span data-ccp-props=\"{\"134233117\":false,\"134233118\":false,\"335559738\":300,\"335559739\":810}\"> <\/span><\/p>\n                        <\/div>\r\n                                                <a class=\"btn btn_big\" href=\"\/wp\/wp-content\/uploads\/2023\/09\/5-steps-to-Bill-S211-compliance.mp4\">Siehe<\/a>\r\n                                            <\/div>\r\n\t\t\t\t\t                    <div class=\"content_media_video\">\r\n                        <video  autoplay muted playsinline loop>\r\n                                        <source src=\"https:\/\/www.achilles.com\/app\/uploads\/2023\/09\/5-steps-to-Bill-S211-compliance.mp4\" type=\"video\/mp4\">\r\n                                        \r\n                                    <\/video>\r\n                    <\/div>\r\n                    \t\t\t\t\t\r\n                                    <\/div>\r\n            <\/div>\r\n        <\/div>\r\n    \n\n    <div class=\"content_section bg_grey\">\r\n        <div class=\"container\">\r\n                        <div class=\"description_section\">\r\n                                <p class=\"title_category\">ACHILLES ESG SOLUTIONS<\/p>\r\n                                <h2 class=\"title_section\">ESG-L\u00f6sungen f\u00fcr Lieferkettenrisiken<\/h2>\r\n                                <div class=\"typical_text\">\r\n                    <p>Achilles ist der weltweit f\u00fchrende Experte f\u00fcr globales Risikomanagement in der Lieferkette. Wir arbeiten mit marktf\u00fchrenden Finanz-, Industrie-, Handels- und Regierungsorganisationen zusammen, die seri\u00f6se, detaillierte Analysen und fachkundige Einblicke ben\u00f6tigen, um ein au\u00dfergew\u00f6hnlich hohes Ma\u00df an Sicherheit in der Berichterstattung zu gew\u00e4hrleisten.<\/p>\n                <\/div>\r\n                            <\/div>\r\n                        <div class=\"features_wrap features_four\">\r\n                                <div class=\"feature_item\">\r\n                                        <div class=\"feature_item_icon\">\r\n                        <img decoding=\"async\" src=\"https:\/\/www.achilles.com\/app\/uploads\/2023\/09\/icon_common-file-text-check.png\" alt=\"\">\r\n                    <\/div>\r\n                                        <h3 class=\"feature_item_name\">Pr\u00e4qualifiziertes Lieferantennetz<\/h3>\r\n                                        <div class=\"typical_text\">\r\n                        <p>Greifen Sie auf eine umfangreiche Datenbank mit vorqualifizierten Lieferanten zu, die die f\u00fcr Sie relevanten ESG- und Beschaffungsvorschriften erf\u00fcllen.<\/p>\n                    <\/div>\r\n                                        <a class=\"btn\" aria-label=\"Pr\u00e4qualifiziertes Lieferantennetz - Mehr erfahren\" href=\"https:\/\/www.achilles.com\/de\/vorqualifiziertes-lieferantennetzwerk\/\">Mehr erfahren<\/a>\r\n                                    <\/div>\r\n                                <div class=\"feature_item\">\r\n                                        <div class=\"feature_item_icon\">\r\n                        <img decoding=\"async\" src=\"https:\/\/www.achilles.com\/app\/uploads\/2023\/09\/icon_user-network-1.png\" alt=\"on site audits\">\r\n                    <\/div>\r\n                                        <h3 class=\"feature_item_name\">ESG-Due-Diligence in der Lieferkette<\/h3>\r\n                                        <div class=\"typical_text\">\r\n                        <p>Die strenge Pr\u00fcfung von Achilles ist der beste Weg, um das Gesetz zur Bek\u00e4mpfung von Zwangs- und Kinderarbeit in Lieferketten (The Fighting Against Forced Labour and Child Labour in Supply Chains Act) vollst\u00e4ndig zu erf\u00fcllen.<\/p>\n                    <\/div>\r\n                                        <a class=\"btn\" aria-label=\"ESG-Due-Diligence in der Lieferkette - Mehr erfahren\" href=\"https:\/\/www.achilles.com\/de\/sorgfaltspflicht-in-der-lieferkette\/\">Mehr erfahren<\/a>\r\n                                    <\/div>\r\n                                <div class=\"feature_item\">\r\n                                        <div class=\"feature_item_icon\">\r\n                        <img decoding=\"async\" src=\"https:\/\/www.achilles.com\/app\/uploads\/2023\/09\/Icon_air-pollution-co2-down-2.png\" alt=\"\">\r\n                    <\/div>\r\n                                        <h3 class=\"feature_item_name\">Kohlenstoffreduzierung<\/h3>\r\n                                        <div class=\"typical_text\">\r\n                        <p><span class=\"contentpasted1\">ISO14064-1 akkreditiertes Zertifizierungssystem <\/span><span class=\"contentpasted2\">das dir helfen soll, deinen \u00f6kologischen Fu\u00dfabdruck zu messen, zu verwalten und zu reduzieren.<\/span><\/p>\n                    <\/div>\r\n                                        <a class=\"btn\" aria-label=\"Kohlenstoffreduzierung - Mehr erfahren\" href=\"https:\/\/www.achilles.com\/de\/carbon-management-and-reduction\/\">Mehr erfahren<\/a>\r\n                                    <\/div>\r\n                                <div class=\"feature_item\">\r\n                                        <div class=\"feature_item_icon\">\r\n                        <img decoding=\"async\" src=\"https:\/\/www.achilles.com\/app\/uploads\/2023\/09\/saving-bank-1.png\" alt=\"\">\r\n                    <\/div>\r\n                                        <h3 class=\"feature_item_name\">Zuverl\u00e4ssigkeitserkl\u00e4rung<\/h3>\r\n                                        <div class=\"typical_text\">\r\n                        <p>Umfassende \u00dcberpr\u00fcfung und Validierung von Nachhaltigkeitsaussagen im Zusammenhang mit nachhaltigkeitsbezogenen Darlehen.<\/p>\n                    <\/div>\r\n                                        <a class=\"btn\" aria-label=\"Zuverl\u00e4ssigkeitserkl\u00e4rung - Mehr erfahren\" href=\"https:\/\/www.achilles.com\/de\/nachhaltig-finanzieren\/\">Mehr erfahren<\/a>\r\n                                    <\/div>\r\n                            <\/div>\r\n                    <\/div>\r\n    <\/div>\r\n\n\n    <div class=\"content_section\">\r\n        <div class=\"container\">\r\n                        <div class=\"posts_panel\">\r\n                <div class=\"description_section\">\r\n                                        <p class=\"title_category\">ACHILLESFERSE<\/p>\r\n                     \r\n                    <h2 class=\"title_section\">F\u00fcr Sie empfohlen<\/h2>\r\n                                    <\/div>\r\n                            <\/div>\r\n                                    <div class=\"posts_wrap\">\r\n                                <div class=\"post_item\">\r\n                    <div class=\"post_item_top\">\r\n                                                <a class=\"post_item_img\" href=\"https:\/\/www.achilles.com\/de\/das-omnibus-paket-mehr-eu-ungewissheit\/\">\r\n                            <img decoding=\"async\" src=\"https:\/\/www.achilles.com\/app\/uploads\/2024\/08\/AdobeStock_334037445_Editorial_Use_Only-scaled.jpeg\" alt=\"Das Omnibus-Paket: Mehr EU-Ungewissheit\">\r\n                        <\/a>\r\n                                                <ul class=\"post_item_categories\">\r\n                                                        <li>Artikel<\/li>\r\n                                                        <li>Einblicke in die Branche<\/li>\r\n                                                    <\/ul>\r\n                    <\/div>\r\n                    <a class=\"post_item_name\" href=\"https:\/\/www.achilles.com\/de\/das-omnibus-paket-mehr-eu-ungewissheit\/\">Das Omnibus-Paket: Mehr EU-Ungewissheit<\/a>\r\n                <\/div>\r\n                                <div class=\"post_item\">\r\n                    <div class=\"post_item_top\">\r\n                                                <a class=\"post_item_img\" href=\"https:\/\/www.achilles.com\/de\/boom-der-erneuerbaren-energien-birgt-risiken-fuer-die-lieferkette\/\">\r\n                            <img decoding=\"async\" src=\"https:\/\/www.achilles.com\/app\/uploads\/2025\/10\/andreas-gucklhorn-Ilpf2eUPpUE-unsplash.jpg\" alt=\"Boom der erneuerbaren Energien birgt Risiken f\u00fcr die Lieferkette\">\r\n                        <\/a>\r\n                                                <ul class=\"post_item_categories\">\r\n                                                        <li>Artikel<\/li>\r\n                                                        <li>Einblicke in die Branche<\/li>\r\n                                                    <\/ul>\r\n                    <\/div>\r\n                    <a class=\"post_item_name\" href=\"https:\/\/www.achilles.com\/de\/boom-der-erneuerbaren-energien-birgt-risiken-fuer-die-lieferkette\/\">Boom der erneuerbaren Energien birgt Risiken f\u00fcr die Lieferkette<\/a>\r\n                <\/div>\r\n                                <div class=\"post_item\">\r\n                    <div class=\"post_item_top\">\r\n                                                <a class=\"post_item_img\" href=\"https:\/\/www.achilles.com\/de\/einblicke-branche\/update-zur-lksg-gesetzgebung-in-deutschland\/\">\r\n                            <img decoding=\"async\" src=\"https:\/\/www.achilles.com\/app\/uploads\/2024\/04\/AdobeStock_374531333-scaled.jpeg\" alt=\"Update zur LKSG-Gesetzgebung in Deutschland\">\r\n                        <\/a>\r\n                                                <ul class=\"post_item_categories\">\r\n                                                        <li>Artikel<\/li>\r\n                                                        <li>Einblicke in die Branche<\/li>\r\n                                                    <\/ul>\r\n                    <\/div>\r\n                    <a class=\"post_item_name\" href=\"https:\/\/www.achilles.com\/de\/einblicke-branche\/update-zur-lksg-gesetzgebung-in-deutschland\/\">Update zur LKSG-Gesetzgebung in Deutschland<\/a>\r\n                <\/div>\r\n                            <\/div>\r\n                    <\/div>\r\n    <\/div>\r\n\n\n            <div class=\"content_section bg_grey\">\r\n            <div class=\"container\">\r\n                <div class=\"content_wrap\">\r\n                    <div class=\"content_info ogo2\">\r\n                                                <h2 class=\"title_page\">5 Gr\u00fcnde f\u00fcr den Einsatz von Achilles f\u00fcr die Due Diligence in der Lieferkette<\/h2>\r\n                                                <h5 class=\"title_small\">Weltweit f\u00fchrendes ESG-Lieferkettenmanagement und Compliance<\/h5>\r\n                                                <div class=\"typical_text\">\r\n                            <p><span lang=\"EN-GB\" data-contrast=\"none\" xml:lang=\"EN-GB\">Erfahren Sie mehr \u00fcber die Zusammenarbeit mit Achilles, und erleben Sie, wie die Belastung durch das Risikomanagement in der Lieferkette abnimmt und die Zuverl\u00e4ssigkeit Ihrer Berichterstattung zunimmt.<\/span><\/p>\n                        <\/div>\r\n                                                <a class=\"btn btn_big\" href=\"https:\/\/www.achilles.com\/de\/industry-insights\/5-gruende-warum-ihr-unternehmen-bei-der-lieferkettengesetz-compliance-auf-achilles-vertrauen-sollte\/\">Lesen Sie<\/a>\r\n                                            <\/div>\r\n\t\t\t\t\t\t\t\t\t\t\r\n                                        <div class=\"content_media\">\r\n                        <img decoding=\"async\" src=\"https:\/\/www.achilles.com\/app\/uploads\/2023\/09\/AdobeStock_555958628.png\" width=\"398\" alt=\"Carbon emissions\">\r\n                    <\/div>\r\n                                    <\/div>\r\n            <\/div>\r\n        <\/div>\r\n    \n\n    <div class=\"request_section\">\r\n        <div class=\"contact_bg\">\r\n                        <img decoding=\"async\" src=\"https:\/\/www.achilles.com\/app\/uploads\/2023\/09\/iStock-163352348.jpg\" alt=\"The Canadian \">\r\n                    <\/div>\r\n        <div class=\"container\">\r\n            <div class=\"request_inner\">\r\n                                <div class=\"request_wrapper\">\r\n                <h2 class=\"title_section\">Kontakt aufnehmen<\/h2>\r\n                <\/div>\r\n                                <div class=\"request_box\">\r\n                                        <h5 class=\"contact_content_subtitle\">Kontaktieren Sie uns, um Ihre Anforderungen an das Gesetz zur Bek\u00e4mpfung von Zwangsarbeit und Kinderarbeit in Lieferketten zu besprechen<\/h5>\r\n                    <script charset=\"utf-8\" type=\"text\/javascript\" src=\"\/\/js.hsforms.net\/forms\/embed\/v2.js\"><\/script><script>hbspt.forms.create({\n    region: \"na1\",\n    portalId: \"5387762\",\n    formId: \"a23cf73a-36bd-433c-a1d8-4acd8b05b928\"\n  });\n<\/script>                <\/div>\r\n            <\/div>\r\n        <\/div>\r\n    <\/div>\r\n\r\n","protected":false},"excerpt":{"rendered":"","protected":false},"author":2,"featured_media":20225,"parent":0,"menu_order":0,"comment_status":"closed","ping_status":"closed","template":"","meta":{"_acf_changed":false,"content-type":"","footnotes":""},"class_list":["post-25585","page","type-page","status-publish","has-post-thumbnail","hentry"],"acf":[],"_links":{"self":[{"href":"https:\/\/www.achilles.com\/de\/wp-json\/wp\/v2\/pages\/25585","targetHints":{"allow":["GET"]}}],"collection":[{"href":"https:\/\/www.achilles.com\/de\/wp-json\/wp\/v2\/pages"}],"about":[{"href":"https:\/\/www.achilles.com\/de\/wp-json\/wp\/v2\/types\/page"}],"author":[{"embeddable":true,"href":"https:\/\/www.achilles.com\/de\/wp-json\/wp\/v2\/users\/2"}],"replies":[{"embeddable":true,"href":"https:\/\/www.achilles.com\/de\/wp-json\/wp\/v2\/comments?post=25585"}],"version-history":[{"count":0,"href":"https:\/\/www.achilles.com\/de\/wp-json\/wp\/v2\/pages\/25585\/revisions"}],"wp:featuredmedia":[{"embeddable":true,"href":"https:\/\/www.achilles.com\/de\/wp-json\/wp\/v2\/media\/20225"}],"wp:attachment":[{"href":"https:\/\/www.achilles.com\/de\/wp-json\/wp\/v2\/media?parent=25585"}],"curies":[{"name":"wp","href":"https:\/\/api.w.org\/{rel}","templated":true}]}}