{"id":25243,"date":"2023-10-20T16:47:48","date_gmt":"2023-10-20T13:47:48","guid":{"rendered":"https:\/\/uat.achilles.com\/modern-slavery-statement\/"},"modified":"2023-10-20T16:51:11","modified_gmt":"2023-10-20T13:51:11","slug":"modern-slavery-statement","status":"publish","type":"page","link":"https:\/\/www.achilles.com\/de\/modern-slavery-statement\/","title":{"rendered":"Erkl\u00e4rung zur modernen Sklaverei"},"content":{"rendered":"\n<p>Diese Erkl\u00e4rung wird gem\u00e4\u00df Abschnitt 54(1) des Modern Slavery Act 2015 abgegeben und stellt die Achilles-Erkl\u00e4rung zu Sklaverei und Menschenhandel f\u00fcr das am 30. April 2023 endende Gesch\u00e4ftsjahr dar.<\/p>\n\n<p>Achilles verpflichtet sich, alle Gesch\u00e4ftspraktiken zu verbessern, um sicherzustellen, dass Sklaverei und Menschenhandel weder in unserem Unternehmen noch in unserer Lieferkette vorkommen.<\/p>\n\n<h2 class=\"wp-block-heading\">\u00dcber Achilles<\/h2>\n\n<p>Aurora II Topco Limited ist die Muttergesellschaft der Achilles-Unternehmensgruppe (&#8222;Achilles&#8220;). Achilles besch\u00e4ftigt weltweit etwa 500 Mitarbeiter und ist in Europa, Asien, dem Nahen Osten, den USA und Lateinamerika t\u00e4tig.<\/p>\n\n<p>Achilles schafft und verwaltet ein globales Netzwerk von kollaborativen Industrienetzwerken, die den Handel<br\/>Partner, um qualitativ hochwertige, strukturierte Echtzeitdaten auszutauschen. Mithilfe von cloudbasierter Technologie agieren wir als unabh\u00e4ngiger Partner, der validierte Daten und Analysen bereitstellt, damit Eink\u00e4ufer das Risiko in der Lieferkette managen und Lieferanten ihre Marktreichweite in ihrem Sektor erh\u00f6hen k\u00f6nnen.<\/p>\n\n<p>Wir bei Achilles engagieren uns f\u00fcr die Nachhaltigkeit und Leistungsf\u00e4higkeit der Unternehmen, mit denen wir zusammenarbeiten.<br\/>mit. Wir sammeln und validieren Lieferantendaten und mindern Risiken weltweit. Diese datengest\u00fctzten Erkenntnisse f\u00fchren zu sichereren, nachhaltigeren und transparenteren Lieferketten. Wir sind stolz darauf, ein verantwortungsbewusstes Unternehmen zu sein, das sich verpflichtet hat, mit Integrit\u00e4t f\u00fcr unsere Kunden, unsere Mitarbeiter und die Lieferanten und Abnehmer, die wir auf der ganzen Welt bedienen, zu handeln.<\/p>\n\n<h2 class=\"wp-block-heading\">Unser Engagement<\/h2>\n\n<p>Wir verabscheuen Sklaverei und Menschenhandel und lehnen solche Missst\u00e4nde in unseren direkten und indirekten Betrieben sowie in unserer Lieferkette strikt ab.<\/p>\n\n<p>Wir sind bestrebt, \u00fcber angemessene Richtlinien, Prozesse und Verfahren zu verf\u00fcgen, und wir bem\u00fchen uns st\u00e4ndig, die<br\/>unsere eigenen Gesch\u00e4ftsabl\u00e4ufe zu verbessern, um Menschenrechtsverletzungen in Lieferketten aufzudecken und zu beseitigen.<\/p>\n\n<h2 class=\"wp-block-heading\">Wir helfen unseren Kunden, Risiken in der Lieferkette zu erkennen<\/h2>\n\n<p>Achilles&#8216; Dienstleistungen zur Lieferantenregistrierung und -sicherung zielen darauf ab, sicherzustellen, dass es keine moderne Sklaverei gibt<br\/>in den Lieferketten unserer Kunden verborgen. Wir tun dies, indem wir unsere Dienstleistungen auf internationale<br\/>anerkannte Due-Diligence-Prozesse. Unser risikobasierter \u00dcberpr\u00fcfungsprozess umfasst (i) eine fortlaufende<br\/>Bewertung der Hauptlieferanten unserer Kunden anhand der bereitgestellten Informationen; (ii) Festlegung eines Risiko<br\/>Profil des Anbieters (basierend auf mehreren Indizes, einschlie\u00dflich der von der Internationalen Arbeitsorganisation<br\/>Organisation und Global Slavery Index); und (iii) eine detailliertere Bewertung der Lieferanten mit h\u00f6herem Risiko vorzunehmen.<\/p>\n\n<p>Bei vielen unserer Kunden werden die Antworten der Lieferanten durch ein Audit vor Ort oder aus der Ferne \u00fcberpr\u00fcft, um die Rechte der Besch\u00e4ftigten in der Lieferkette zu bewerten. Wir haben die Entwicklung dieser ethischen Gesch\u00e4ftspr\u00fcfungen aktiv vorangetrieben, und im Juli 2022 bildete das Achilles Ethical Business Programme einen wichtigen Aspekt der Scape Modern Slavery Strategic Partnership, die darauf abzielt, moderne Sklaverei und die Ausbeutung von Arbeitskr\u00e4ften zu bek\u00e4mpfen, den Ansatz des Bausektors zur Minimierung des Risikos moderner Sklaverei zu st\u00e4rken und M\u00f6glichkeiten f\u00fcr Ver\u00e4nderungen zu f\u00f6rdern.<\/p>\n\n<h2 class=\"wp-block-heading\">Unsere Lieferkette und Struktur<\/h2>\n\n<p>In dem Gesch\u00e4ftsjahr, das am 30. April 2023 endete, erhielt Achilles eine Vielzahl von Waren und Dienstleistungen von Drittanbietern. Unsere j\u00e4hrliche \u00dcberpr\u00fcfung und Analyse unserer Lieferanten zeigt, dass die wichtigsten Kategorien der Beschaffungsausgaben weiterhin aus folgenden Bereichen bestehen:<\/p>\n\n<ul class=\"wp-block-list\">\n<li>Auftragnehmer, einschlie\u00dflich qualifizierter unabh\u00e4ngiger Dritter, die die Lieferkette auditieren<br\/>Dienstleistungen<\/li>\n\n\n\n<li>Professionelle Beraterinnen und Berater<\/li>\n\n\n\n<li>Anbieter von B\u00fcrovermietung und Geb\u00e4udemanagement<\/li>\n\n\n\n<li>Technologie und Telekommunikationsausr\u00fcstung, Software und Dienstleistungen<\/li>\n<\/ul>\n\n<p>Nach unserer Analyse sind wir nicht der Ansicht, dass unsere Beziehungen zu einem unserer Lieferanten Anlass zu<br\/>wesentliche Risiken der Sklaverei oder des Menschenhandels.<\/p>\n\n<h2 class=\"wp-block-heading\">Richtlinien und Ausbildung<\/h2>\n\n<p>Unsere Richtlinie zur Bek\u00e4mpfung von Sklaverei und Menschenhandel spiegelt die Verpflichtung von Achilles wider, in allen unseren Gesch\u00e4ftsbeziehungen ethisch und integer zu handeln und wirksame Systeme und Kontrollen einzuf\u00fchren und durchzusetzen, um sicherzustellen, dass in unserer Lieferkette keine Sklaverei und kein Menschenhandel stattfindet. Wir arbeiten weiterhin mit der Anti-Sklaverei-Wohlt\u00e4tigkeitsorganisation Unseen zusammen und unterst\u00fctzen das Rights Lab der University of Nottingham, eine weltweit f\u00fchrende Forschungseinrichtung zur modernen Sklaverei, die sich f\u00fcr die Beendigung der Sklaverei einsetzt.<\/p>\n\n<p>Wo n\u00f6tig, bieten wir Anleitung und Schulungen an, um das Verst\u00e4ndnis der Mitarbeiter f\u00fcr die erwarteten<br\/>Verhalten, insbesondere in Bezug auf ihre Gesch\u00e4ftsentscheidungen und Interessenkonflikte. Alle Besch\u00e4ftigten erhalten eine Online-Schulung zur modernen Sklaverei, in der sie erfahren, wie sie Anzeichen von Sklaverei in der Lieferkette erkennen und wie sie etwaige Bedenken \u00e4u\u00dfern und melden k\u00f6nnen.<\/p>\n\n<h2 class=\"wp-block-heading\">Ma\u00dfnahmen zur Bek\u00e4mpfung der modernen Sklaverei<\/h2>\n\n<p>Wir bem\u00fchen uns, unsere Lieferanten, ihre Arbeitsabl\u00e4ufe und Praktiken genau zu kennen. Wir haben Systeme eingerichtet, um:<\/p>\n\n<ul class=\"wp-block-list\">\n<li>Potenzielle Risikobereiche in unserer Lieferkette identifizieren und bewerten<\/li>\n\n\n\n<li>Minderung des Risikos von Sklaverei und Menschenhandel in unserer Lieferkette<\/li>\n\n\n\n<li>Nachfassen bei Lieferanten, die ein h\u00f6heres Risikoprofil aufweisen<\/li>\n\n\n\n<li>Sch\u00fctze Whistleblower.<\/li>\n<\/ul>\n\n<p>Im letzten Gesch\u00e4ftsjahr setzte Achilles das Projekt fort, seine globalen Zulieferer in das Achilles-System einzubinden.<br\/>Lieferantenmanagement-Plattform, die die Transparenz unserer Lieferkette und unsere Beschaffungsentscheidungen verbessert. Als<br\/>Im Rahmen dieses Prozesses werden die Lieferanten von Achilles aufgefordert, den Achilles-Verhaltenskodex f\u00fcr Lieferanten einzuhalten, der Bereiche wie moderne Sklaverei, Gesundheit und Sicherheit sowie Bestechungsbek\u00e4mpfung abdeckt.<\/p>\n\n<p>Innerhalb von Achilles Audit Services informiert Achilles seine externen Audit-Dienstleister \u00fcber die Anforderungen<br\/>der Achilles Erkl\u00e4rungen zu Interessenkonflikten, unethischen Anreizen und beruflichem Verhalten, die<br\/>im Rahmen des Auditor Code of Practice. Auch die einzelnen Pr\u00fcfer m\u00fcssen sich an die gleichen<br\/>Berufsstandards wie bei Achilles angestellte Pr\u00fcfer\/innen, d.h. sie absolvieren dieselben Kurse im Klassenzimmer und vor Ort.<br\/>Schulung und laufende \u00dcberwachung, um die Einhaltung der Achilles-Verhaltenskodizes und Audits sicherzustellen<br\/>Normen. Die \u00dcberwachung der Pr\u00fcferschulung und der Akzeptanz der oben genannten Aussagen ist<br\/>die von der Abteilung Audit Services verwaltet werden.<\/p>\n\n<p>Achilles ist ein starker Bef\u00fcrworter des existenzsichernden Lohns und setzt sich f\u00fcr eine faire Bezahlung am Arbeitsplatz ein. Alle direkt<br\/>Angestellte und regul\u00e4res Vertragspersonal werden nach dem existenzsichernden Lohn oder dar\u00fcber bezahlt.<br\/><\/p>\n\n<p>Genehmigt durch den Verwaltungsrat von Aurora II Topco Limited am 21. September 2023.<br\/>Paul Stanley<br\/>Direktor und CEO<\/p>\n\n<p>Du kannst die PDF-Version dieser Erkl\u00e4rung <a href=\"https:\/\/uat.achilles.com\/wp\/wp-content\/uploads\/2023\/10\/Modern-Slavery-Statement-year-ending-April-2023-4.pdf\">hier<\/a> herunterladen.  <\/p>\n\n<ul class=\"wp-block-list\">\n<li><\/li>\n<\/ul>\n","protected":false},"excerpt":{"rendered":"<p>Diese Erkl\u00e4rung wird gem\u00e4\u00df Abschnitt 54(1) des Modern Slavery Act 2015 abgegeben und stellt die Achilles-Erkl\u00e4rung zu Sklaverei und Menschenhandel f\u00fcr das am 30. April 2023 endende Gesch\u00e4ftsjahr dar. Achilles verpflichtet sich, alle Gesch\u00e4ftspraktiken zu verbessern, um sicherzustellen, dass Sklaverei und Menschenhandel weder in unserem Unternehmen noch in unserer Lieferkette vorkommen. \u00dcber Achilles Aurora II [&hellip;]<\/p>\n","protected":false},"author":2,"featured_media":0,"parent":0,"menu_order":0,"comment_status":"closed","ping_status":"closed","template":"","meta":{"_acf_changed":false,"content-type":"","footnotes":""},"class_list":["post-25243","page","type-page","status-publish","hentry"],"acf":[],"_links":{"self":[{"href":"https:\/\/www.achilles.com\/de\/wp-json\/wp\/v2\/pages\/25243","targetHints":{"allow":["GET"]}}],"collection":[{"href":"https:\/\/www.achilles.com\/de\/wp-json\/wp\/v2\/pages"}],"about":[{"href":"https:\/\/www.achilles.com\/de\/wp-json\/wp\/v2\/types\/page"}],"author":[{"embeddable":true,"href":"https:\/\/www.achilles.com\/de\/wp-json\/wp\/v2\/users\/2"}],"replies":[{"embeddable":true,"href":"https:\/\/www.achilles.com\/de\/wp-json\/wp\/v2\/comments?post=25243"}],"version-history":[{"count":0,"href":"https:\/\/www.achilles.com\/de\/wp-json\/wp\/v2\/pages\/25243\/revisions"}],"wp:attachment":[{"href":"https:\/\/www.achilles.com\/de\/wp-json\/wp\/v2\/media?parent=25243"}],"curies":[{"name":"wp","href":"https:\/\/api.w.org\/{rel}","templated":true}]}}