{"id":24855,"date":"2023-09-27T22:42:59","date_gmt":"2023-09-27T21:42:59","guid":{"rendered":"https:\/\/uat.achilles.com\/a%cc%8apenhetsloven\/"},"modified":"2023-12-07T20:25:22","modified_gmt":"2023-12-07T17:25:22","slug":"a%cc%8apenhetsloven","status":"publish","type":"page","link":"https:\/\/www.achilles.com\/de\/apenhetsloven\/","title":{"rendered":"A\u030apenhetsloven"},"content":{"rendered":"    <div class=\"top_section\">\n        <div class=\"container\">\n            <div class=\"top_info half\">\n                                    <h1 class=\"top_title\">A\u030apenhetsloven<\/h1>\n                                    <div class=\"top_text large_text\">\n                        <div class=\"page\" title=\"Page 4\">\n<div class=\"layoutArea\">\n<div class=\"column\">\n<div class=\"page\" title=\"Page 4\">\n<div class=\"layoutArea\">\n<div class=\"column\">\n<p>A\u030apenhetsloven ist ein Gesetz, das vom norwegischen Parlament im Juni 2021 verabschiedet wurde. Es verpflichtet Unternehmen, Verantwortung f\u00fcr Menschenrechte und anst\u00e4ndige Arbeitsbedingungen in Bezug auf die Herstellung von G\u00fctern und Dienstleistungen in ihren Lieferketten zu \u00fcbernehmen.<\/p>\n<\/div>\n<\/div>\n<\/div>\n<\/div>\n<\/div>\n<\/div>\n                    <\/div>\n                                    <div class=\"top_buttons\">\n                                                    <a class=\"btn btn_big\" href=\"https:\/\/www.achilles.com\/de\/kontaktiere-uns\"> Vereinbaren Sie eine kostenlose A\u030apenhetsloven-Beratung<\/a>\n                                            <\/div>\n                            <\/div>\n        <\/div>\n        <div class=\"top_media\">\n\t\t\t            <img decoding=\"async\" src=\"https:\/\/www.achilles.com\/app\/uploads\/2023\/09\/iStock-1128065312.jpg\" alt=\"\">\n                    <\/div>\n    <\/div>\n\n\n            <div class=\"content_section bg_grey\">\r\n            <div class=\"container\">\r\n                <div class=\"content_wrap right\">\r\n                    <div class=\"content_info ogo2\">\r\n                                                <p class=\"title_category\">Whitepaper<\/p>\r\n                                                <h2 class=\"title_page\">Eine Einf\u00fchrung in die A\u030apenhetsloven<\/h2>\r\n                                                <div class=\"typical_text\">\r\n                            <p>Selbst erfahrene Fachleute im Bereich Nachhaltigkeit und Lieferkette geben zu, von diesem neuen Zeitalter der ESG-Lieferkettenregulierung und den ben\u00f6tigten Informationen, um die Auswirkungen ihrer Organisationen auf Menschen und den Planeten nachzuweisen, \u00fcberfordert zu sein. Der Achilles Ultimate Guide zu A\u030apenhetsloven ist eine umfassende Ressource, die Unternehmen dabei unterst\u00fctzt, die gesetzlichen Bestimmungen zu erf\u00fcllen.<\/p>\n                        <\/div>\r\n                                                <a class=\"btn btn_big\" href=\"https:\/\/www.achilles.com\/de\/industry-insights\/der-ultimative-leitfaden-zum-norwegischen-transparenz-gesetz\/\">Read<\/a>\r\n                                            <\/div>\r\n\t\t\t\t\t\t\t\t\t\t\r\n                                    <\/div>\r\n            <\/div>\r\n        <\/div>\r\n    \n\n            <div class=\"content_section\">\r\n            <div class=\"container\">\r\n                <div class=\"content_wrap\">\r\n                    <div class=\"content_info ogo2\">\r\n                                                <p class=\"title_category\">Blog<\/p>\r\n                                                <h2 class=\"title_page\">Was ist genug?<\/h2>\r\n                                                <div class=\"typical_text\">\r\n                            <p>Das norwegische A\u030apenhetsloven verlangt von Organisationen, dass sie bei der Risikobewertung von moderner Sklaverei und Kinderarbeit in der Lieferkette einen sorgf\u00e4ltigen Ansatz verfolgen. Doch wie weit m\u00fcssen Sie gehen, und wann ist genug wirklich genug?<\/p>\n                        <\/div>\r\n                                                <a class=\"btn btn_big\" href=\"\/de\/industry-insights\/compliance-mit-dem-lieferkettengesetz\/\">Lesen Sie<\/a>\r\n                                            <\/div>\r\n\t\t\t\t\t\t\t\t\t\t\r\n                                        <div class=\"content_media\">\r\n                        <img decoding=\"async\" src=\"https:\/\/www.achilles.com\/app\/uploads\/2023\/09\/iStock-963011730.jpg\" width=\"396\" alt=\"A close up of the statue of lady justice standing in front of an out of focus row of law books.\">\r\n                    <\/div>\r\n                                    <\/div>\r\n            <\/div>\r\n        <\/div>\r\n    \n\n            <div class=\"content_section bg_grey\">\r\n            <div class=\"container\">\r\n                <div class=\"content_wrap right\">\r\n                    <div class=\"content_info ogo2\">\r\n                                                <p class=\"title_category\">Video<\/p>\r\n                                                <h2 class=\"title_page\"> Schritte zur Einhaltung der A\u030apenhetsloven<\/h2>\r\n                                                <div class=\"typical_text\">\r\n                            <p>A\u030apenhetsloven erfordert einen methodischen, risikobasierten Ansatz, der auch die Gesamtnachhaltigkeit Ihrer Organisation verbessern wird.<\/p>\n                        <\/div>\r\n                                                <a class=\"btn btn_big\" href=\"\/wp\/wp-content\/uploads\/2023\/09\/5-steps-to-Bill-S211-compliance.mp4\">Watch<\/a>\r\n                                            <\/div>\r\n\t\t\t\t\t                    <div class=\"content_media_video\">\r\n                        <video  autoplay muted playsinline loop>\r\n                                        <source src=\"https:\/\/www.achilles.com\/app\/uploads\/2023\/09\/5-steps-to-Apenhetsloven-compliance.mp4\" type=\"video\/mp4\">\r\n                                        \r\n                                    <\/video>\r\n                    <\/div>\r\n                    \t\t\t\t\t\r\n                                    <\/div>\r\n            <\/div>\r\n        <\/div>\r\n    \n\n    <div class=\"content_section bg_grey\">\r\n        <div class=\"container\">\r\n                        <div class=\"description_section\">\r\n                                <p class=\"title_category\">ACHILLES ESG-L\u00f6sungen<\/p>\r\n                                <h2 class=\"title_section\">ESG-L\u00f6sungen f\u00fcr Risiken in der Lieferkette<\/h2>\r\n                                <div class=\"typical_text\">\r\n                    <p><span lang=\"EN-GB\" xml:lang=\"EN-GB\" data-contrast=\"none\"><span data-ccp-parastyle=\"article-preview_articlepreviewsubheader__ffri1\">Achilles ist der weltweit f\u00fchrende Experte f\u00fcr Risikomanagement in der globalen Lieferkette. Wir arbeiten mit f\u00fchrenden Finanz-, Industrie-, Handels- und Regierungsorganisationen zusammen, die eine ernsthafte, detaillierte Analyse und Experteneinblicke ben\u00f6tigen, um au\u00dfergew\u00f6hnliche Sicherheit bei der Berichterstattung \u00fcber das A\u030apenhetsloven zu gew\u00e4hrleisten.\u00a0<\/span><\/span><\/p>\n                <\/div>\r\n                            <\/div>\r\n                        <div class=\"features_wrap features_four\">\r\n                                <div class=\"feature_item\">\r\n                                        <div class=\"feature_item_icon\">\r\n                        <img decoding=\"async\" src=\"https:\/\/www.achilles.com\/app\/uploads\/2023\/09\/icon_common-file-text-check.png\" alt=\"\">\r\n                    <\/div>\r\n                                        <h3 class=\"feature_item_name\">Vorqualifiziertes Lieferantennetzwerk<\/h3>\r\n                                        <div class=\"typical_text\">\r\n                        <p>Greifen Sie auf eine umfangreiche Datenbank mit pr\u00e4qualifizierten Lieferanten zu, welche die f\u00fcr Sie relevanten Vorschriften in Sachen ESG und Beschaffung erf\u00fcllen.<\/p>\n                    <\/div>\r\n                                        <a class=\"btn\" aria-label=\"Vorqualifiziertes Lieferantennetzwerk - Mehr Erfahren\" href=\"https:\/\/www.achilles.com\/de\/vorqualifiziertes-lieferantennetzwerk\/\">Mehr Erfahren<\/a>\r\n                                    <\/div>\r\n                                <div class=\"feature_item\">\r\n                                        <div class=\"feature_item_icon\">\r\n                        <img decoding=\"async\" src=\"https:\/\/www.achilles.com\/app\/uploads\/2023\/09\/icon_user-network-1.png\" alt=\"on site audits\">\r\n                    <\/div>\r\n                                        <h3 class=\"feature_item_name\">Due Diligence in Bezug auf Lieferanten<\/h3>\r\n                                        <div class=\"typical_text\">\r\n                        <p>Achilles einzigartig strenge Validierung ist der beste Weg, um vollst\u00e4ndige A\u030apenhetsloven-Konformit\u00e4t zu erreichen.<\/p>\n                    <\/div>\r\n                                        <a class=\"btn\" aria-label=\"Due Diligence in Bezug auf Lieferanten - Mehr Erfahren\" href=\"https:\/\/www.achilles.com\/de\/supply-chain-due-diligence\/\">Mehr Erfahren<\/a>\r\n                                    <\/div>\r\n                                <div class=\"feature_item\">\r\n                                        <div class=\"feature_item_icon\">\r\n                        <img decoding=\"async\" src=\"https:\/\/www.achilles.com\/app\/uploads\/2023\/09\/Icon_air-pollution-co2-down-2.png\" alt=\"\">\r\n                    <\/div>\r\n                                        <h3 class=\"feature_item_name\">Reduzierung des Kohlendioxidaussto\u00dfes<\/h3>\r\n                                        <div class=\"typical_text\">\r\n                        <div class=\"typical_text\">\n<p>Das einzige im Vereinigten K\u00f6nigreich akkreditierte ISO 14064-1-Zertifizierungssystem unterst\u00fctzt Sie dabei, Ihren CO2-Fu\u00dfabdruck zu messen, zu verwalten und zu reduzieren.<\/p>\n<\/div>\n                    <\/div>\r\n                                        <a class=\"btn\" aria-label=\"Reduzierung des Kohlendioxidaussto\u00dfes - Mehr Erfahren\" href=\"https:\/\/www.achilles.com\/de\/carbon-management-and-reduction\/\">Mehr Erfahren<\/a>\r\n                                    <\/div>\r\n                                <div class=\"feature_item\">\r\n                                        <div class=\"feature_item_icon\">\r\n                        <img decoding=\"async\" src=\"https:\/\/www.achilles.com\/app\/uploads\/2023\/09\/saving-bank-1.png\" alt=\"\">\r\n                    <\/div>\r\n                                        <h3 class=\"feature_item_name\">Erkl\u00e4rung der Gewissheit<\/h3>\r\n                                        <div class=\"typical_text\">\r\n                        <p>Demonstrieren Sie klar Ihre Leistung gegen\u00fcber ESG-KPIs und Nachhaltigkeitsleistungszielen (SPTs) f\u00fcr Kreditgeber und andere Interessengruppen.<\/p>\n                    <\/div>\r\n                                        <a class=\"btn\" aria-label=\"Erkl\u00e4rung der Gewissheit - Mehr Erfahren\" href=\"https:\/\/www.achilles.com\/de\/nachhaltig-finanzieren\/\">Mehr Erfahren<\/a>\r\n                                    <\/div>\r\n                            <\/div>\r\n                    <\/div>\r\n    <\/div>\r\n\n\n    <div class=\"content_section\">\r\n        <div class=\"container\">\r\n                        <div class=\"posts_panel\">\r\n                <div class=\"description_section\">\r\n                                        <p class=\"title_category\">EINSICHT IN DIE BRANCHE VON ACHILLES<\/p>\r\n                     \r\n                    <h2 class=\"title_section\">Empfohlen f\u00fcr Sie<\/h2>\r\n                                    <\/div>\r\n                            <\/div>\r\n                                    <div class=\"posts_wrap\">\r\n                                <div class=\"post_item\">\r\n                    <div class=\"post_item_top\">\r\n                                                <a class=\"post_item_img\" href=\"https:\/\/www.achilles.com\/de\/der-achilles-jahresbericht-zu-risiko-und-nachhaltigkeit-2026\/\">\r\n                            <img decoding=\"async\" src=\"https:\/\/www.achilles.com\/app\/uploads\/2026\/03\/Web-page-top-banner-thumbnail-of-Achilles-Global-Supplier-Risk-and-Sustainability-Survey-2026.jpg\" alt=\"Der Achilles Jahresbericht zu Risiko und Nachhaltigkeit 2026\">\r\n                        <\/a>\r\n                                                <ul class=\"post_item_categories\">\r\n                                                        <li>Wei\u00dfes Papier<\/li>\r\n                                                    <\/ul>\r\n                    <\/div>\r\n                    <a class=\"post_item_name\" href=\"https:\/\/www.achilles.com\/de\/der-achilles-jahresbericht-zu-risiko-und-nachhaltigkeit-2026\/\">Der Achilles Jahresbericht zu Risiko und Nachhaltigkeit 2026<\/a>\r\n                <\/div>\r\n                                <div class=\"post_item\">\r\n                    <div class=\"post_item_top\">\r\n                                                <a class=\"post_item_img\" href=\"https:\/\/www.achilles.com\/de\/der-roi-des-lieferketten-risikomanagements-neue-studie-von-verdantix\/\">\r\n                            <img decoding=\"async\" src=\"https:\/\/www.achilles.com\/app\/uploads\/2026\/03\/Verdantix-ROI-Web-site-header-4.png\" alt=\"Der ROI des Lieferketten-Risikomanagements: Neue Studie von Verdantix\">\r\n                        <\/a>\r\n                                                <ul class=\"post_item_categories\">\r\n                                                        <li>Bericht<\/li>\r\n                                                        <li>Einblicke in die Branche<\/li>\r\n                                                    <\/ul>\r\n                    <\/div>\r\n                    <a class=\"post_item_name\" href=\"https:\/\/www.achilles.com\/de\/der-roi-des-lieferketten-risikomanagements-neue-studie-von-verdantix\/\">Der ROI des Lieferketten-Risikomanagements: Neue Studie von Verdantix<\/a>\r\n                <\/div>\r\n                                <div class=\"post_item\">\r\n                    <div class=\"post_item_top\">\r\n                                                <a class=\"post_item_img\" href=\"https:\/\/www.achilles.com\/de\/einblicke-branche\/aufbau-eines-skalierbaren-nachhaltigen-und-resilienten-rechenzentrums-baunetzwerks\/\">\r\n                            <img decoding=\"async\" src=\"https:\/\/www.achilles.com\/app\/uploads\/2026\/03\/Achilles-Google-Supply-Chain-Risk-banner.png\" alt=\"Aufbau eines skalierbaren, nachhaltigen und resilienten Rechenzentrums-Baunetzwerks\">\r\n                        <\/a>\r\n                                                <ul class=\"post_item_categories\">\r\n                                                        <li>Einblicke in die Branche<\/li>\r\n                                                        <li>Fallstudien<\/li>\r\n                                                    <\/ul>\r\n                    <\/div>\r\n                    <a class=\"post_item_name\" href=\"https:\/\/www.achilles.com\/de\/einblicke-branche\/aufbau-eines-skalierbaren-nachhaltigen-und-resilienten-rechenzentrums-baunetzwerks\/\">Aufbau eines skalierbaren, nachhaltigen und resilienten Rechenzentrums-Baunetzwerks<\/a>\r\n                <\/div>\r\n                            <\/div>\r\n                    <\/div>\r\n    <\/div>\r\n\n\n            <div class=\"content_section bg_grey\">\r\n            <div class=\"container\">\r\n                <div class=\"content_wrap\">\r\n                    <div class=\"content_info ogo2\">\r\n                                                <h2 class=\"title_page\">5 Gr\u00fcnde, die f\u00fcr Achilles sprechen<\/h2>\r\n                                                <h5 class=\"title_small\">Weltweit f\u00fchrendes ESG-Lieferkettenmanagement und Einhaltung<\/h5>\r\n                                                <div class=\"typical_text\">\r\n                            <p>Erfahren Sie mehr dar\u00fcber, wie Sie mit Achilles zusammenarbeiten k\u00f6nnen, und sehen Sie, wie Ihre Belastung durch das Risikomanagement in der Lieferkette verschwindet und Ihr Vertrauen in die Berichterstattung in die H\u00f6he schie\u00dft.<\/p>\n                        <\/div>\r\n                                                <a class=\"btn btn_big\" href=\"\/de\/industry-insights\/5-gruende-warum-ihr-unternehmen-bei-der-lieferkettengesetz-compliance-auf-achilles-vertrauen-sollte\/\">Lesen Sie<\/a>\r\n                                            <\/div>\r\n\t\t\t\t\t\t\t\t\t\t\r\n                                        <div class=\"content_media\">\r\n                        <img decoding=\"async\" src=\"https:\/\/www.achilles.com\/app\/uploads\/2023\/09\/AdobeStock_555958628.png\" width=\"400\" alt=\"Carbon emissions\">\r\n                    <\/div>\r\n                                    <\/div>\r\n            <\/div>\r\n        <\/div>\r\n    \n\n    <div class=\"request_section\">\r\n        <div class=\"contact_bg\">\r\n                        <img decoding=\"async\" src=\"https:\/\/www.achilles.com\/app\/uploads\/2023\/05\/Norway-road-snow-scaled.jpg\" alt=\"\">\r\n                    <\/div>\r\n        <div class=\"container\">\r\n            <div class=\"request_inner\">\r\n                                <div class=\"request_wrapper\">\r\n                <h2 class=\"title_section\">Treten Sie in Kontakt<\/h2>\r\n                <\/div>\r\n                                <div class=\"request_box\">\r\n                                        <h5 class=\"contact_content_subtitle\">Kontaktieren Sie uns, um Ihre A\u030apenhetsloven-Anforderungen zu besprechen.<\/h5>\r\n                    <script charset=\"utf-8\" type=\"text\/javascript\" src=\"\/\/js.hsforms.net\/forms\/embed\/v2.js\"><\/script>\r\n<script>\r\n  hbspt.forms.create({\r\n    region: \"na1\",\r\n    portalId: \"5387762\",\r\n    formId: \"a23cf73a-36bd-433c-a1d8-4acd8b05b928\"\r\n  });\r\n<\/script>                <\/div>\r\n            <\/div>\r\n        <\/div>\r\n    <\/div>\r\n\r\n","protected":false},"excerpt":{"rendered":"","protected":false},"author":2,"featured_media":20225,"parent":0,"menu_order":0,"comment_status":"closed","ping_status":"closed","template":"","meta":{"_acf_changed":false,"content-type":"","footnotes":""},"class_list":["post-24855","page","type-page","status-publish","has-post-thumbnail","hentry"],"acf":[],"_links":{"self":[{"href":"https:\/\/www.achilles.com\/de\/wp-json\/wp\/v2\/pages\/24855","targetHints":{"allow":["GET"]}}],"collection":[{"href":"https:\/\/www.achilles.com\/de\/wp-json\/wp\/v2\/pages"}],"about":[{"href":"https:\/\/www.achilles.com\/de\/wp-json\/wp\/v2\/types\/page"}],"author":[{"embeddable":true,"href":"https:\/\/www.achilles.com\/de\/wp-json\/wp\/v2\/users\/2"}],"replies":[{"embeddable":true,"href":"https:\/\/www.achilles.com\/de\/wp-json\/wp\/v2\/comments?post=24855"}],"version-history":[{"count":0,"href":"https:\/\/www.achilles.com\/de\/wp-json\/wp\/v2\/pages\/24855\/revisions"}],"wp:featuredmedia":[{"embeddable":true,"href":"https:\/\/www.achilles.com\/de\/wp-json\/wp\/v2\/media\/20225"}],"wp:attachment":[{"href":"https:\/\/www.achilles.com\/de\/wp-json\/wp\/v2\/media?parent=24855"}],"curies":[{"name":"wp","href":"https:\/\/api.w.org\/{rel}","templated":true}]}}