{"id":24816,"date":"2023-10-02T18:04:33","date_gmt":"2023-10-02T17:04:33","guid":{"rendered":"https:\/\/uat.achilles.com\/nachhaltig-finanzieren\/"},"modified":"2025-02-12T12:44:22","modified_gmt":"2025-02-12T12:44:22","slug":"nachhaltig-finanzieren","status":"publish","type":"page","link":"https:\/\/www.achilles.com\/de\/nachhaltig-finanzieren\/","title":{"rendered":"Nachhaltige Finanzen"},"content":{"rendered":"    <div class=\"top_section\">\n        <div class=\"container\">\n            <div class=\"top_info half\">\n                                    <h1 class=\"top_title\">Nachhaltige Finanzen st\u00e4rken<\/h1>\n                                    <div class=\"top_text\">\n                        <p class=\"cvGsUA direction-ltr align-start para-style-body\"><span class=\"OYPEnA text-decoration-none text-strikethrough-none\">Achilles hat mehr als 30 Jahre Erfahrung darin, Unternehmen dabei zu helfen, die h\u00f6chsten \u00f6kologischen, regulatorischen, ethischen und moralischen Standards einzuhalten.<\/span><\/p>\n<p class=\"cvGsUA direction-ltr align-start para-style-body\"><span class=\"ui-provider ec bkp bhv bkq bkr bks bkt bku bkv bkw bkx bky bkz bla blb blc bld ble blf blg blh bli blj blk bll blm bln blo blp blq blr bls blt blu blv\" dir=\"ltr\">Unsere Daten unterst\u00fctzen Unternehmen dabei, ihre Nachhaltigkeitsstrategien zu gestalten, zu \u00fcberpr\u00fcfen und zu \u00fcberwachen und die Vorteile von Sustainability Linked Loans zu nutzen.<\/span><\/p>\n                    <\/div>\n                                    <div class=\"top_buttons\">\n                                                    <a class=\"btn btn_big\" href=\"#Form\">Sprechen Sie mit uns<\/a>\n                                            <\/div>\n                            <\/div>\n        <\/div>\n        <div class=\"top_media\">\n\t\t\t            <img decoding=\"async\" src=\"https:\/\/www.achilles.com\/app\/uploads\/2025\/02\/Banking-and-Finance-Main-Header-Full-Width-1280-x.png\" alt=\"Banking and Finance Cityscape with graphic dollar signs and images overlayed a city view from above.\">\n                    <\/div>\n    <\/div>\n\n\n            <div class=\"content_section\">\r\n            <div class=\"container\">\r\n                <div class=\"content_wrap right\">\r\n                    <div class=\"content_info ogo2\">\r\n                                                <p class=\"title_category\">DIE HERAUSFORDERUNG<\/p>\r\n                                                <h2 class=\"title_section\">Traditionelle Finanzierung<\/h2>\r\n                                                <div class=\"typical_text\">\r\n                            <p class=\"cvGsUA direction-ltr align-start para-style-body\"><span class=\"OYPEnA text-decoration-none text-strikethrough-none\">In der sich schnell entwickelnden Landschaft der Unternehmensfinanzierung ist die Erf\u00fcllung von Nachhaltigkeitszielen nicht nur ein moralisches Gebot, sondern eine finanzielle Notwendigkeit. Herk\u00f6mmliche Kredite werden diesen Zielen jedoch oft nicht gerecht und stellen die Kreditnehmer vor Herausforderungen wie:<\/span><\/p>\n<ul>\n<li><span class=\"OYPEnA text-decoration-none text-strikethrough-none\">Hohe Zinss\u00e4tze<\/span><\/li>\n<li><span class=\"OYPEnA text-decoration-none text-strikethrough-none\">Bedenken bez\u00fcglich der Glaubw\u00fcrdigkeit<\/span><\/li>\n<li><span class=\"OYPEnA text-decoration-none text-strikethrough-none\">Eingeschr\u00e4nkte Flexibilit\u00e4t<\/span><\/li>\n<\/ul>\n<p class=\"cvGsUA direction-ltr align-start para-style-body\">\n                        <\/div>\r\n                                            <\/div>\r\n\t\t\t\t\t\t\t\t\t\t\r\n                                    <\/div>\r\n            <\/div>\r\n        <\/div>\r\n    \n\n\n<div class=\"wp-block-columns is-layout-flex wp-container-core-columns-is-layout-9d6595d7 wp-block-columns-is-layout-flex\">\n<div class=\"wp-block-column is-layout-flow wp-block-column-is-layout-flow\" style=\"flex-basis:100%\"><\/div>\n<\/div>\n\n\n     <div class=\"stats_full\">\r\n        <div class=\"stats_bg\">\r\n                        <img decoding=\"async\" src=\"https:\/\/www.achilles.com\/app\/uploads\/2023\/07\/Trees.jpg\" alt=\"\">\r\n                    <\/div>\r\n        <div class=\"container\">\r\n            <div class=\"stats_center\">\r\n                <div class=\"corner corner_top_left\"><\/div>\r\n                <div class=\"corner corner_top_right\"><\/div>\r\n                <div class=\"corner corner_bottom_left\"><\/div>\r\n                <div class=\"corner corner_bottom_right\"><\/div>\r\n                <div class=\"stats_center_item\">\r\n                                        <div class=\"stats_anim\">\r\n                        <div class=\"stats_center_number stats_anim_item\" data-total=\"17000000000\">\r\n                            <span class=\"stats_anim_total\">0<\/span>                        <\/div>\r\n                    <\/div>\r\n                                        <p class=\"stats_center_text\">Der Markt f\u00fcr Sustainability-Linked Loans (SLLs) erlebt ein beispielloses Wachstum, das von 143 Mrd. USD im Jahr 2019 auf 17.311 Mrd. USD im Jahr 2026 ansteigen soll.<\/p>\r\n                                    <\/div>\r\n            <\/div>\r\n        <\/div>\r\n    <\/div>\r\n\n\n    <div class=\"content_section bg_grey\">\r\n        <div class=\"container\">\r\n                        <div class=\"description_section\">\r\n                                <p class=\"title_category\">DIE ZUKUNFT<\/p>\r\n                                <h2 class=\"title_section\">Transformation der Finanzen f\u00fcr eine nachhaltige Zukunft<\/h2>\r\n                                <div class=\"typical_text\">\r\n                    <p><span class=\"OYPEnA text-decoration-none text-strikethrough-none\">Als nachhaltig gebundene Darlehen<\/span> <span class=\"OYPEnA text-decoration-none text-strikethrough-none\">immer mehr zum Bestandteil des Kapitalmanagements werden, erkennen die Unternehmen ihre strategische Bedeutung. Im Gegensatz zu gr\u00fcnen und sozialen Darlehen bieten SLLs eine vielseitige L\u00f6sung f\u00fcr allgemeine Unternehmenszwecke, die Kreditnehmern eine Reihe von Vorteilen bietet:<\/span><\/p>\n                <\/div>\r\n                            <\/div>\r\n                        <div class=\"features_wrap features_four\">\r\n                                <div class=\"feature_item\">\r\n                                        <div class=\"feature_item_icon\">\r\n                        <img decoding=\"async\" src=\"https:\/\/www.achilles.com\/app\/uploads\/2023\/06\/Achilles-icons_pound-decrease.png\" alt=\"\">\r\n                    <\/div>\r\n                                        <h3 class=\"feature_item_name\">Niedrigere Zinss\u00e4tze<\/h3>\r\n                                    <\/div>\r\n                                <div class=\"feature_item\">\r\n                                        <div class=\"feature_item_icon\">\r\n                        <img decoding=\"async\" src=\"https:\/\/www.achilles.com\/app\/uploads\/2023\/06\/Achilles-icons_Themis.png\" alt=\"\">\r\n                    <\/div>\r\n                                        <h3 class=\"feature_item_name\">Verbesserte Reputation<\/h3>\r\n                                    <\/div>\r\n                                <div class=\"feature_item\">\r\n                                        <div class=\"feature_item_icon\">\r\n                        <img decoding=\"async\" src=\"https:\/\/www.achilles.com\/app\/uploads\/2023\/06\/Achilles-icons_Environmental-sustainability.png\" alt=\"\">\r\n                    <\/div>\r\n                                        <h3 class=\"feature_item_name\">Nachhaltigkeit auf Unternehmensebene<\/h3>\r\n                                    <\/div>\r\n                                <div class=\"feature_item\">\r\n                                        <div class=\"feature_item_icon\">\r\n                        <img decoding=\"async\" src=\"https:\/\/www.achilles.com\/app\/uploads\/2023\/06\/Achilles-icons_Financial-risk-and-business-continuity.png\" alt=\"\">\r\n                    <\/div>\r\n                                        <h3 class=\"feature_item_name\">Kreditrisiko reduzieren<\/h3>\r\n                                    <\/div>\r\n                            <\/div>\r\n                    <\/div>\r\n    <\/div>\r\n\n\n    <div class=\"content_section\">\r\n        <div class=\"container\">\r\n                        <div class=\"tools_description\">\r\n                                <p class=\"title_category\">UNSERE L\u00d6SUNG<\/p>\r\n                                <h2 class=\"title_section\">Die Vorteile nachhaltiger Finanzierung erschlie\u00dfen<\/h2>\r\n                                <div class=\"typical_text\">\r\n                    <p>Das Sustainable Finance-Angebot von Achilles ist vielseitig und weist dir mit einem umfassenden und ganzheitlichen Ansatz den Weg, die Vorteile nachhaltiger Finanzen zu nutzen. Dank unserer 30-j\u00e4hrigen Erfahrung k\u00f6nnen wir dir helfen, dein Unternehmen auf dem Markt zu differenzieren, w\u00e4hrend du eine nachhaltige Finanzierung anstrebst. Achilles stattet dich mit den wichtigsten Werkzeugen und Sicherheiten f\u00fcr eine erfolgreiche und glaubw\u00fcrdige Reise aus.<\/p>\n<p>&nbsp;<\/p>\n<p>&nbsp;<\/p>\n                <\/div>\r\n                            <\/div>\r\n                        <div class=\"tools_wrap tabs_section\">\r\n                <div class=\"tools_tabs tabs_buttons\">\r\n                                        <div class=\"tools_btn tab_btn current\" data-tab=\"1\">\r\n                        <span>KPI-Auswahl und Benchmarking<\/span>\r\n                        <span class=\"tools_btn_arrow icon-Chevron-Right\"><\/span>\r\n                    <\/div>\r\n                                        <div class=\"tools_btn tab_btn\" data-tab=\"2\">\r\n                        <span>Zuverl\u00e4ssigkeitserkl\u00e4rung<\/span>\r\n                        <span class=\"tools_btn_arrow icon-Chevron-Right\"><\/span>\r\n                    <\/div>\r\n                                        <div class=\"tools_btn tab_btn\" data-tab=\"3\">\r\n                        <span>Regelm\u00e4\u00dfige unabh\u00e4ngige Berichte \u00fcber die Fortschritte des SPT<\/span>\r\n                        <span class=\"tools_btn_arrow icon-Chevron-Right\"><\/span>\r\n                    <\/div>\r\n                                    <\/div>\r\n                <div class=\"tools_content\">\r\n                                        <div class=\"tool_container tab_container tab_container_1 active\">\r\n                        <div class=\"typical_text\">\r\n                            <p>Achilles geht bei der Identifizierung und dem Benchmarking von Leistungsindikatoren (Key Performance Indicators, KPIs) und Nachhaltigkeitszielen (Sustainability Performance Targets, SPTs), die f\u00fcr dein Unternehmen relevant sind, sehr sorgf\u00e4ltig vor und orientiert sich dabei an Branchenstandards. Dank unserer umfassenden Erfahrung im Bereich Lieferkettenmanagement und ESG-Praktiken passen wir diese Indikatoren an deine spezifische Nachhaltigkeitsstrategie an und stellen sicher, dass sie messbar sind und sowohl mit internen Zielen als auch mit externen Branchenbenchmarks verglichen werden. Dieser erste Schritt ist entscheidend f\u00fcr die Schaffung eines robusten und effektiven Rahmens f\u00fcr nachhaltigkeitsbezogene Kredite.<\/p>\n                        <\/div>\r\n                                            <\/div>\r\n                                        <div class=\"tool_container tab_container tab_container_2\">\r\n                        <div class=\"typical_text\">\r\n                            <p><span class=\"OYPEnA text-decoration-none text-strikethrough-none\">Das Achilles Statement of Assurance (SA) ist das Herzst\u00fcck unseres Engagements f\u00fcr verantwortungsvolle Finanzierungen und bietet eine umfassende Verifizierung und Validierung von Nachhaltigkeitsanspr\u00fcchen im Bereich der nachhaltigkeitsbezogenen Kredite. Als beweisgest\u00fctztes Glaubw\u00fcrdigkeitssiegel erm\u00f6glicht es Kreditgebern, fundierte Entscheidungen mit beispiellosem Vertrauen zu treffen, und erm\u00f6glicht es Kreditnehmern, ehrgeizige, messbare Leistungen in Bezug auf Umwelt-, Sozial- und Governance-KPIs (ESG) und Nachhaltigkeitsziele (SPTs) vorzuweisen. Unser strenger und unabh\u00e4ngiger \u00dcberpr\u00fcfungsprozess, der von erfahrenen Nachhaltigkeitsexperten durchgef\u00fchrt wird, schlie\u00dft Greenwashing-Risiken aus und gew\u00e4hrleistet die Zuverl\u00e4ssigkeit von Nachhaltigkeitsaussagen. Es ist nicht nur ein Dokument, sondern ein Katalysator f\u00fcr Vertrauen, Einhaltung von Vorschriften und positives Engagement der Stakeholder im Streben nach einer nachhaltigen Unternehmenszukunft.  <a href=\"https:\/\/uat.achilles.com\/statement-of-limited-assurance\/\">Mehr erfahren<\/a><\/span><\/p>\n                        <\/div>\r\n                                            <\/div>\r\n                                        <div class=\"tool_container tab_container tab_container_3\">\r\n                        <div class=\"typical_text\">\r\n                            <p><span class=\"OYPEnA text-decoration-none text-strikethrough-none\">Nachhaltiges Finanzwesen ist eine fortlaufende Reise, und Achilles sorgt w\u00e4hrenddessen f\u00fcr Transparenz und Rechenschaftspflicht. Wir stellen Kreditnehmern und Kreditgebern regelm\u00e4\u00dfig unabh\u00e4ngige Berichte zur Verf\u00fcgung, in denen wir detailliert \u00fcber die Fortschritte bei der Erreichung der Nachhaltigkeitsziele (Sustainability Performance Targets, SPTs) berichten. Diese Berichte werden in der Regel j\u00e4hrlich erstellt und dienen dazu, dein Engagement f\u00fcr Nachhaltigkeit zu \u00fcberwachen und zu pr\u00e4sentieren. Durch die Nutzung unseres Daten- und Erfahrungsschatzes werden diese Berichte zu wertvollen Instrumenten f\u00fcr Unternehmen, die ihre Nachhaltigkeitsziele unternehmensweit abstimmen, Vertrauen schaffen und die Einhaltung von Branchenstandards sicherstellen wollen.<\/span><\/p>\n                        <\/div>\r\n                                            <\/div>\r\n                                    <\/div>\r\n            <\/div>\r\n                    <\/div>\r\n    <\/div>\r\n\n\n\n<div class=\"wp-block-buttons is-content-justification-right is-layout-flex wp-container-core-buttons-is-layout-765c4724 wp-block-buttons-is-layout-flex\"><\/div>\n\n\n\r\n\r\n  <div class=\"resources_other content_section\" id=\"insights\">\r\n        <div class=\"container\">\r\n                        <h3 class=\"title_block\">Achilles News and Insight<\/h3>\r\n                        <div class=\"resources_wrap\">\r\n                                <a class=\"resource_item\" href=\"https:\/\/www.achilles.com\/de\/einblicke-branche\/wind-europe-2026-madrid-staerkung-der-lieferantenbereitschaft\/\">\r\n                                        <div class=\"resource_item_img\">\r\n                        <img decoding=\"async\" src=\"https:\/\/www.achilles.com\/app\/uploads\/2023\/06\/renewable-energies.jpg\" alt=\"Wind Europe 2026 Madrid: St\u00e4rkung der Lieferantenbereitschaft\">\r\n                    <\/div>\r\n                                        <div class=\"resource_item_info\">\r\n                        <div class=\"resource_item_description\">\r\n                            <p class=\"resource_item_name\">Wind Europe 2026 Madrid: St\u00e4rkung der Lieferantenbereitschaft<\/p>\r\n                            <div class=\"typical_text\">\r\n                                <p>Der europ\u00e4ische Windsektor tritt in eine neue Wachstumsphase ein. Diese\u2026<\/p>\r\n                            <\/div>\r\n                        <\/div>\r\n                                                <div class=\"resource_item_categories\">\r\n                                                        <div class=\"resource_category\">\r\n                                                                <span class=\"resource_category_name\"><\/span>\r\n                            <\/div>\r\n                                                        <div class=\"resource_category\">\r\n                                                                <span class=\"resource_category_name\"><\/span>\r\n                            <\/div>\r\n                                                    <\/div>\r\n                                            <\/div>\r\n                <\/a>\r\n                                <a class=\"resource_item\" href=\"https:\/\/www.achilles.com\/de\/einblicke-branche\/hamburg-stimmt-fuer-netto-null-2040-beschleunigte-klimaambitionen-und-der-reality-check-der-lieferkette\/\">\r\n                                        <div class=\"resource_item_img\">\r\n                        <img decoding=\"async\" src=\"https:\/\/www.achilles.com\/app\/uploads\/2025\/10\/wolfgang-weiser-WQLhHi01gCY-unsplash.jpg\" alt=\"Hamburg stimmt f\u00fcr Netto-Null 2040: Beschleunigte Klimaambitionen und der Reality Check der Lieferkette\">\r\n                    <\/div>\r\n                                        <div class=\"resource_item_info\">\r\n                        <div class=\"resource_item_description\">\r\n                            <p class=\"resource_item_name\">Hamburg stimmt f\u00fcr Netto-Null 2040: Beschleunigte Klimaambitionen und der Reality Check der Lieferkette<\/p>\r\n                            <div class=\"typical_text\">\r\n                                <p>Am Sonntag stimmte die Hamburger B\u00fcrgerschaft daf\u00fcr, das Ziel der\u2026<\/p>\r\n                            <\/div>\r\n                        <\/div>\r\n                                                <div class=\"resource_item_categories\">\r\n                                                        <div class=\"resource_category\">\r\n                                                                <span class=\"resource_category_name\"><\/span>\r\n                            <\/div>\r\n                                                        <div class=\"resource_category\">\r\n                                                                <span class=\"resource_category_name\"><\/span>\r\n                            <\/div>\r\n                                                    <\/div>\r\n                                            <\/div>\r\n                <\/a>\r\n                                <a class=\"resource_item\" href=\"https:\/\/www.achilles.com\/de\/boom-der-erneuerbaren-energien-birgt-risiken-fuer-die-lieferkette\/\">\r\n                                        <div class=\"resource_item_img\">\r\n                        <img decoding=\"async\" src=\"https:\/\/www.achilles.com\/app\/uploads\/2025\/10\/andreas-gucklhorn-Ilpf2eUPpUE-unsplash.jpg\" alt=\"Boom der erneuerbaren Energien birgt Risiken f\u00fcr die Lieferkette\">\r\n                    <\/div>\r\n                                        <div class=\"resource_item_info\">\r\n                        <div class=\"resource_item_description\">\r\n                            <p class=\"resource_item_name\">Boom der erneuerbaren Energien birgt Risiken f\u00fcr die Lieferkette<\/p>\r\n                            <div class=\"typical_text\">\r\n                                <p>Einem aktuellen Bericht der BBC zufolge haben erneuerbare Energien die\u2026<\/p>\r\n                            <\/div>\r\n                        <\/div>\r\n                                                <div class=\"resource_item_categories\">\r\n                                                        <div class=\"resource_category\">\r\n                                                                <span class=\"resource_category_name\"><\/span>\r\n                            <\/div>\r\n                                                        <div class=\"resource_category\">\r\n                                                                <span class=\"resource_category_name\"><\/span>\r\n                            <\/div>\r\n                                                    <\/div>\r\n                                            <\/div>\r\n                <\/a>\r\n                                <a class=\"resource_item\" href=\"https:\/\/www.achilles.com\/de\/industry-insights\/comment-achilles-ameliore-lefficacite-des-marches-en-energies-renouvelables\/\">\r\n                                        <div class=\"resource_item_img\">\r\n                        <img decoding=\"async\" src=\"https:\/\/www.achilles.com\/app\/uploads\/2024\/11\/Untitled-design-12.png\" alt=\"Wie Achilles die Effizienz bei der Beschaffung von erneuerbaren Energien steigert\">\r\n                    <\/div>\r\n                                        <div class=\"resource_item_info\">\r\n                        <div class=\"resource_item_description\">\r\n                            <p class=\"resource_item_name\">Wie Achilles die Effizienz bei der Beschaffung von erneuerbaren Energien steigert<\/p>\r\n                            <div class=\"typical_text\">\r\n                                <p>Da der Sektor der erneuerbaren Energien weiter w\u00e4chst und sich\u2026<\/p>\r\n                            <\/div>\r\n                        <\/div>\r\n                                                <div class=\"resource_item_categories\">\r\n                                                        <div class=\"resource_category\">\r\n                                                                <span class=\"resource_category_name\"><\/span>\r\n                            <\/div>\r\n                                                        <div class=\"resource_category\">\r\n                                                                <span class=\"resource_category_name\"><\/span>\r\n                            <\/div>\r\n                                                    <\/div>\r\n                                            <\/div>\r\n                <\/a>\r\n                            <\/div>\r\n        <\/div>\r\n    <\/div> \r\n\n\n    <div class=\"request_section\" id=\"Form\">\r\n        <div class=\"contact_bg\">\r\n                    <\/div>\r\n        <div class=\"container\">\r\n            <div class=\"request_inner\">\r\n                                <div class=\"request_wrapper\">\r\n                <h2 class=\"title_section\">Kontakt aufnehmen<\/h2>\r\n                <\/div>\r\n                                <div class=\"request_box\">\r\n                                        <h5 class=\"contact_content_subtitle\">Kontakt, um deinen Bedarf an nachhaltiger Finanzierung zu besprechen<\/h5>\r\n                    <script charset=\"utf-8\" type=\"text\/javascript\" src=\"\/\/js.hsforms.net\/forms\/embed\/v2.js\"><\/script><script>hbspt.forms.create({\n    region: \"na1\",\n    portalId: \"5387762\",\n    formId: \"a23cf73a-36bd-433c-a1d8-4acd8b05b928\"\n  });\n<\/script>                <\/div>\r\n            <\/div>\r\n        <\/div>\r\n    <\/div>\r\n\r\n","protected":false},"excerpt":{"rendered":"","protected":false},"author":9,"featured_media":0,"parent":0,"menu_order":0,"comment_status":"closed","ping_status":"closed","template":"","meta":{"_acf_changed":true,"content-type":"","footnotes":""},"class_list":["post-24816","page","type-page","status-publish","hentry"],"acf":[],"_links":{"self":[{"href":"https:\/\/www.achilles.com\/de\/wp-json\/wp\/v2\/pages\/24816","targetHints":{"allow":["GET"]}}],"collection":[{"href":"https:\/\/www.achilles.com\/de\/wp-json\/wp\/v2\/pages"}],"about":[{"href":"https:\/\/www.achilles.com\/de\/wp-json\/wp\/v2\/types\/page"}],"author":[{"embeddable":true,"href":"https:\/\/www.achilles.com\/de\/wp-json\/wp\/v2\/users\/9"}],"replies":[{"embeddable":true,"href":"https:\/\/www.achilles.com\/de\/wp-json\/wp\/v2\/comments?post=24816"}],"version-history":[{"count":0,"href":"https:\/\/www.achilles.com\/de\/wp-json\/wp\/v2\/pages\/24816\/revisions"}],"wp:attachment":[{"href":"https:\/\/www.achilles.com\/de\/wp-json\/wp\/v2\/media?parent=24816"}],"curies":[{"name":"wp","href":"https:\/\/api.w.org\/{rel}","templated":true}]}}