{"id":24812,"date":"2023-10-02T14:02:11","date_gmt":"2023-10-02T13:02:11","guid":{"rendered":"https:\/\/uat.achilles.com\/utilities-2\/"},"modified":"2023-12-08T12:48:39","modified_gmt":"2023-12-08T09:48:39","slug":"utilities-2","status":"publish","type":"page","link":"https:\/\/www.achilles.com\/de\/transport-und-logistik\/","title":{"rendered":"Verkehr und Logistik"},"content":{"rendered":"    <div class=\"top_section\">\n        <div class=\"container\">\n            <div class=\"top_info\">\n                                    <h1 class=\"top_title\">Nachhaltige Supply Chain Management L\u00f6sungen f\u00fcr Transport und Logistik<\/h1>\n                                    <div class=\"top_text\">\n                        <p>Da sich die Welt auf eine sauberere, nachhaltigere Zukunft konzentriert, ist ein effektives Lieferkettenmanagement f\u00fcr den Transport- und Logistiksektor so wichtig wie nie zuvor &#8211; sowohl um neue und aufkommende Gesetze als auch ehrgeizige Umwelt-, Sozial- und Governance-Ziele zu erf\u00fcllen.<\/p>\n                    <\/div>\n                                    <div class=\"top_buttons\">\n                                                    <a class=\"btn btn_white btn_big\" href=\"https:\/\/www.achilles.com\/de\/kontaktiere-uns\">Sprechen Sie mit uns<\/a>\n                                            <\/div>\n                            <\/div>\n        <\/div>\n        <div class=\"top_media\">\n\t\t\t            <img decoding=\"async\" src=\"https:\/\/www.achilles.com\/app\/uploads\/2023\/06\/transport-3.jpg\" alt=\"\">\n                    <\/div>\n    <\/div>\n\n\n    <div class=\"content_section\">\r\n        <div class=\"container\">\r\n                        <div class=\"description_section\">\r\n                                <p class=\"title_category\">ACHILLES-KUNDEN<\/p>\r\n                                <h2 class=\"title_section\">Die weltweit f\u00fchrenden Transport- und Logistikunternehmen w\u00e4hlen Achilles<\/h2>\r\n                                <div class=\"typical_text middle_text\">\r\n                    <p>Achilles arbeitet mit f\u00fchrenden Eisenbahn-, Stra\u00dfen- und Logistikunternehmen auf allen Kontinenten zusammen, um die Auswirkungen auf die Lieferkette anzugehen, die kontinuierliche Verbesserung von Lieferanten zu unterst\u00fctzen, Vertrauen in Due-Diligence-Berichte zu schaffen und die Einhaltung von ESG-Gesetzen zu gew\u00e4hrleisten.<\/p>\n                <\/div>\r\n                            <\/div>\r\n                        <div class=\"logos_wrap\">\r\n                                <div class=\"logo_item\">\r\n                    <img decoding=\"async\" src=\"https:\/\/www.achilles.com\/app\/uploads\/2023\/10\/First-Group.jpeg\" alt=\"\" width=\"250\">\r\n                <\/div>\r\n                                <div class=\"logo_item\">\r\n                    <img decoding=\"async\" src=\"https:\/\/www.achilles.com\/app\/uploads\/2023\/10\/LNER.jpeg\" alt=\"The LNER logo is the name of the company in  red capital letters. The L and R use a thinner weight and the N and E in the middle are a thicker weight. Underneath the acronym the full name of the company, which is London North Eastern Railway, is spelt out also in red.\" width=\"250\">\r\n                <\/div>\r\n                                <div class=\"logo_item\">\r\n                    <img decoding=\"async\" src=\"https:\/\/www.achilles.com\/app\/uploads\/2023\/10\/wincanton-logo.svg\" alt=\"Achilles works with Wincanton to provide supply chain risk management solutions\" width=\"250\">\r\n                <\/div>\r\n                                <div class=\"logo_item\">\r\n                    <img decoding=\"async\" src=\"https:\/\/www.achilles.com\/app\/uploads\/2023\/06\/GWR-logo-1.png\" alt=\"\" width=\"250\">\r\n                <\/div>\r\n                                <div class=\"logo_item\">\r\n                    <img decoding=\"async\" src=\"https:\/\/www.achilles.com\/app\/uploads\/2023\/05\/swedavia_logo.jpg\" alt=\"\" width=\"250\">\r\n                <\/div>\r\n                                <div class=\"logo_item\">\r\n                    <img decoding=\"async\" src=\"\" alt=\"\" width=\"250\">\r\n                <\/div>\r\n                                <div class=\"logo_item\">\r\n                    <img decoding=\"async\" src=\"https:\/\/www.achilles.com\/app\/uploads\/2023\/06\/TPE-logo.jpg\" alt=\"\" width=\"250\">\r\n                <\/div>\r\n                                <div class=\"logo_item\">\r\n                    <img decoding=\"async\" src=\"https:\/\/www.achilles.com\/app\/uploads\/2023\/06\/bwo-logo-610.jpg\" alt=\"\" width=\"246\">\r\n                <\/div>\r\n                                <div class=\"logo_item\">\r\n                    <img decoding=\"async\" src=\"https:\/\/www.achilles.com\/app\/uploads\/2023\/06\/canal2.jpg\" alt=\"\" width=\"250\">\r\n                <\/div>\r\n                                <div class=\"logo_item\">\r\n                    <img decoding=\"async\" src=\"https:\/\/www.achilles.com\/app\/uploads\/2023\/05\/trv-logo.png\" alt=\"\" width=\"250\">\r\n                <\/div>\r\n                            <\/div>\r\n                    <\/div>\r\n    <\/div>\r\n\n\n    <div class=\"content_section\">\r\n        <div class=\"container\">\r\n                        <div class=\"posts_panel\">\r\n                <div class=\"description_section\">\r\n                                        <p class=\"title_category\">Kundengeschichten<\/p>\r\n                     \r\n                    <h2 class=\"title_section\">Die Kunden von Achilles sind Marktf\u00fchrer im Bereich der \u00f6kologischen und sozialen Governance.  <\/h2>\r\n                                    <\/div>\r\n                            <\/div>\r\n                                    <div class=\"posts_wrap\">\r\n                                <div class=\"post_item\">\r\n                    <div class=\"post_item_top\">\r\n                                                <a class=\"post_item_img\" href=\"https:\/\/www.achilles.com\/de\/einblicke-branche\/aufbau-eines-skalierbaren-nachhaltigen-und-resilienten-rechenzentrums-baunetzwerks\/\">\r\n                            <img decoding=\"async\" src=\"https:\/\/www.achilles.com\/app\/uploads\/2026\/03\/Achilles-Google-Supply-Chain-Risk-banner.png\" alt=\"Aufbau eines skalierbaren, nachhaltigen und resilienten Rechenzentrums-Baunetzwerks\">\r\n                        <\/a>\r\n                                                <ul class=\"post_item_categories\">\r\n                                                        <li>Einblicke in die Branche<\/li>\r\n                                                        <li>Fallstudien<\/li>\r\n                                                    <\/ul>\r\n                    <\/div>\r\n                    <a class=\"post_item_name\" href=\"https:\/\/www.achilles.com\/de\/einblicke-branche\/aufbau-eines-skalierbaren-nachhaltigen-und-resilienten-rechenzentrums-baunetzwerks\/\">Aufbau eines skalierbaren, nachhaltigen und resilienten Rechenzentrums-Baunetzwerks<\/a>\r\n                <\/div>\r\n                                <div class=\"post_item\">\r\n                    <div class=\"post_item_top\">\r\n                                                <a class=\"post_item_img\" href=\"https:\/\/www.achilles.com\/de\/einblicke-branche\/wie-das-engagement-von-lieferanten-die-nachhaltigkeit-in-maritimen-lieferketten-beeinflusst\/\">\r\n                            <img decoding=\"async\" src=\"https:\/\/www.achilles.com\/app\/uploads\/2025\/01\/Maritime.png\" alt=\"Wie das Engagement von Lieferanten die Nachhaltigkeit in maritimen Lieferketten beeinflusst\">\r\n                        <\/a>\r\n                                                <ul class=\"post_item_categories\">\r\n                                                        <li>Einblicke in die Branche<\/li>\r\n                                                        <li>Fallstudien<\/li>\r\n                                                    <\/ul>\r\n                    <\/div>\r\n                    <a class=\"post_item_name\" href=\"https:\/\/www.achilles.com\/de\/einblicke-branche\/wie-das-engagement-von-lieferanten-die-nachhaltigkeit-in-maritimen-lieferketten-beeinflusst\/\">Wie das Engagement von Lieferanten die Nachhaltigkeit in maritimen Lieferketten beeinflusst<\/a>\r\n                <\/div>\r\n                                <div class=\"post_item\">\r\n                    <div class=\"post_item_top\">\r\n                                                <a class=\"post_item_img\" href=\"https:\/\/www.achilles.com\/de\/einblicke-branche\/stadtwerke-solingen-mit-achilles-das-beschaffungsmanagement-neu-definieren\/\">\r\n                            <img decoding=\"async\" src=\"https:\/\/www.achilles.com\/app\/uploads\/2025\/02\/elektrotankstelle-stadtwerke-solingen-smart.jpg\" alt=\"Stadtwerke Solingen: Mit Achilles das Beschaffungsmanagement neu definieren\">\r\n                        <\/a>\r\n                                                <ul class=\"post_item_categories\">\r\n                                                        <li>Einblicke in die Branche<\/li>\r\n                                                        <li>Fallstudien<\/li>\r\n                                                    <\/ul>\r\n                    <\/div>\r\n                    <a class=\"post_item_name\" href=\"https:\/\/www.achilles.com\/de\/einblicke-branche\/stadtwerke-solingen-mit-achilles-das-beschaffungsmanagement-neu-definieren\/\">Stadtwerke Solingen: Mit Achilles das Beschaffungsmanagement neu definieren<\/a>\r\n                <\/div>\r\n                            <\/div>\r\n                    <\/div>\r\n    <\/div>\r\n\n\n    <div class=\"content_section\">\r\n        <div class=\"container\">\r\n                        <div class=\"description_section\">\r\n                                <p class=\"title_category\">LIEFERKETTENL\u00d6SUNGEN F\u00dcR TRANSPORT UND LOGISTIK<\/p>\r\n                                <h2 class=\"title_section\">L\u00f6sungen f\u00fcr eine sicherere, fairere und kohlenstoff\u00e4rmere Lieferkette<\/h2>\r\n                                <div class=\"typical_text middle_text\">\r\n                    <p>Achilles verf\u00fcgt \u00fcber jahrzehntelange Erfahrung in der Zusammenarbeit mit weltweit f\u00fchrenden Transport- und Logistikunternehmen, um Risiken in der Lieferkette zu vermeiden, den Kohlendioxidaussto\u00df zu reduzieren und eine au\u00dfergew\u00f6hnliche Transparenz in der Lieferkette zu schaffen.<\/p>\n                <\/div>\r\n                            <\/div>\r\n                        <div class=\"features_wrap features_four\">\r\n                                <div class=\"feature_item\">\r\n                                        <div class=\"feature_item_icon\">\r\n                        <img decoding=\"async\" src=\"https:\/\/www.achilles.com\/app\/uploads\/2023\/09\/icon_common-file-text-check.png\" alt=\"\">\r\n                    <\/div>\r\n                                        <h3 class=\"feature_item_name\">Pr\u00e4qualifiziertes Lieferantennetzwerk<\/h3>\r\n                                        <div class=\"typical_text\">\r\n                        <p>Greife auf eine streng gepr\u00fcfte Datenbank mit vorqualifizierten Lieferanten aus der Transport- und Logistikbranche zu, die lokale und internationale ESG- und Beschaffungsvorschriften erf\u00fcllen.<\/p>\n                    <\/div>\r\n                                        <a class=\"btn\" aria-label=\"Pr\u00e4qualifiziertes Lieferantennetzwerk - Mehr erfahren\" href=\"https:\/\/www.achilles.com\/de\/vorqualifiziertes-lieferantennetzwerk\/\">Mehr erfahren<\/a>\r\n                                    <\/div>\r\n                                <div class=\"feature_item\">\r\n                                        <div class=\"feature_item_icon\">\r\n                        <img decoding=\"async\" src=\"https:\/\/www.achilles.com\/app\/uploads\/2023\/09\/icon_user-network-1.png\" alt=\"on site audits\">\r\n                    <\/div>\r\n                                        <h3 class=\"feature_item_name\">Due-Diligence-Pr\u00fcfung von Lieferanten<\/h3>\r\n                                        <div class=\"typical_text\">\r\n                        <p>Strenge Bewertung und Validierung Ihrer Lieferkette, um sicherzustellen, dass Ihre Lieferanten Ihre Standards erf\u00fcllen und Sie die f\u00fcr Ihre T\u00e4tigkeit relevanten Vorschriften einhalten.<\/p>\n                    <\/div>\r\n                                        <a class=\"btn\" aria-label=\"Due-Diligence-Pr\u00fcfung von Lieferanten - Mehr erfahren\" href=\"https:\/\/www.achilles.com\/de\/supply-chain-due-diligence\">Mehr erfahren<\/a>\r\n                                    <\/div>\r\n                                <div class=\"feature_item\">\r\n                                        <div class=\"feature_item_icon\">\r\n                        <img decoding=\"async\" src=\"https:\/\/www.achilles.com\/app\/uploads\/2023\/09\/Icon_air-pollution-co2-down-2.png\" alt=\"\">\r\n                    <\/div>\r\n                                        <h3 class=\"feature_item_name\">Kohlenstoffreduzierung<\/h3>\r\n                                        <div class=\"typical_text\">\r\n                        <p>Messen, verwalten und reduzieren Sie Ihren CO2-Fu\u00dfabdruck effektiv mit dem weltweit einzigen ISO14064-1 Carbon Management Scheme.<\/p>\n                    <\/div>\r\n                                        <a class=\"btn\" aria-label=\"Kohlenstoffreduzierung - Mehr erfahren\" href=\"https:\/\/www.achilles.com\/de\/carbon-management-and-reduction\/\">Mehr erfahren<\/a>\r\n                                    <\/div>\r\n                                <div class=\"feature_item\">\r\n                                        <div class=\"feature_item_icon\">\r\n                        <img decoding=\"async\" src=\"https:\/\/www.achilles.com\/app\/uploads\/2023\/09\/saving-bank-1.png\" alt=\"\">\r\n                    <\/div>\r\n                                        <h3 class=\"feature_item_name\">Zuverl\u00e4ssigkeitserkl\u00e4rung<\/h3>\r\n                                        <div class=\"typical_text\">\r\n                        <p>Zeigen Sie Kreditgebern und anderen Interessengruppen Ihre Leistung anhand von ESG-KPIs und Nachhaltigkeitszielen (SPTs) deutlich auf.<\/p>\n                    <\/div>\r\n                                        <a class=\"btn\" aria-label=\"Zuverl\u00e4ssigkeitserkl\u00e4rung - Mehr erfahren\" href=\"https:\/\/www.achilles.com\/de\/nachhaltig-finanzieren\/\">Mehr erfahren<\/a>\r\n                                    <\/div>\r\n                            <\/div>\r\n                    <\/div>\r\n    <\/div>\r\n\n\n    <div class=\"content_section bg_grey\">\r\n        <div class=\"container\">\r\n                        <div class=\"description_section big\">\r\n                                <h2 class=\"title_section\">W\u00e4hle das richtige Transportnetzwerk f\u00fcr dein Unternehmen<\/h2>\r\n                                <div class=\"typical_text middle_text\">\r\n                    <p>Achilles ist an 17 Standorten auf der ganzen Welt vertreten und verf\u00fcgt \u00fcber die lokale Pr\u00e4senz, die ein tiefes Verst\u00e4ndnis der lokalen Vorschriften, Sprache und Kultur gew\u00e4hrleistet, sowie \u00fcber die globale Reichweite, die ein hervorragendes Risikomanagement in der Lieferkette erm\u00f6glicht, um den weltweiten Transport- und Logistikbedarf zu decken.<\/p>\n                <\/div>\r\n                            <\/div>\r\n                                    <div class=\"features_wrap features_four\">\r\n                                <div class=\"feature_item\">\r\n                                        <h3 class=\"feature_item_name\">Mein Achilles<\/h3>\r\n                                        <div class=\"typical_text middle_text\">\r\n                        <p>Das My Achilles Netzwerk bietet Zugang zu einem globalen Marktplatz von Achilles Gold Standard gepr\u00fcften Eink\u00e4ufern und Lieferanten in der Versorgungswirtschaft und anderen Branchen.<\/p>\r\n                    <\/div>\r\n                                        <a class=\"btn btn_big\" aria-label=\"Mein Achilles - Mehr erfahren\" href=\"https:\/\/www.achilles.com\/de\/achilles-network\/\">Mehr erfahren<\/a>\r\n                                    <\/div>\r\n                                <div class=\"feature_item\">\r\n                                        <h3 class=\"feature_item_name\">Link-Up<\/h3>\r\n                                        <div class=\"typical_text middle_text\">\r\n                        <p>Link-Up konzentriert sich auf den britischen Transportsektor und bietet aktuelle und gepr\u00fcfte Lieferanteninformationen, Lieferantenaudits und eine effiziente Beschaffung in \u00dcbereinstimmung mit den britischen Vorschriften<\/p>\r\n                    <\/div>\r\n                                        <a class=\"btn btn_big\" aria-label=\"Link-Up - Mehr erfahren\" href=\"https:\/\/www.achilles.com\/de\/link-up\/\">Mehr erfahren<\/a>\r\n                                    <\/div>\r\n                                <div class=\"feature_item\">\r\n                                        <h3 class=\"feature_item_name\">Supplyline<\/h3>\r\n                                        <div class=\"typical_text middle_text\">\r\n                        <p>Die Supply-Line-Gemeinschaft schafft M\u00f6glichkeiten f\u00fcr Zulieferer und hilft irischen Eink\u00e4ufern, vollst\u00e4ndig konforme Lieferketten aufzubauen und zu verwalten.<\/p>\r\n                    <\/div>\r\n                                        <a class=\"btn btn_big\" aria-label=\"Supplyline - Mehr erfahren\" href=\"https:\/\/www.achilles.com\/de\/supply-line\/\">Mehr erfahren<\/a>\r\n                                    <\/div>\r\n                                <div class=\"feature_item\">\r\n                                        <h3 class=\"feature_item_name\">TransQ Nordics<\/h3>\r\n                                        <div class=\"typical_text middle_text\">\r\n                        <p>TransQ konzentriert sich auf die nordischen L\u00e4nder und deckt die Bereiche Schiene, Stra\u00dfe, Luft, Post und Logistik ab.<\/p>\r\n                    <\/div>\r\n                                        <a class=\"btn btn_big\" aria-label=\"TransQ Nordics - Mehr erfahren\" href=\"https:\/\/www.achilles.com\/de\/transq-nordics\/\">Mehr erfahren<\/a>\r\n                                    <\/div>\r\n                            <\/div>\r\n                                <\/div>\r\n    <\/div>\r\n\n\n            <div class=\"hero_section\">\r\n           <div class=\"hero_media\">\r\n                                <img decoding=\"async\" src=\"https:\/\/www.achilles.com\/app\/uploads\/2023\/07\/transport-2-e1536317047230.jpg\" alt=\"\">\r\n                            <\/div>\r\n            <div class=\"container\">\r\n                <div class=\"hero_wrapper\">\r\n                    <div class=\"hero_info\">\r\n                                                <div class=\"typical_text middle_text\">\r\n                            <p>&#8222;Der Einsatz von TransQ erm\u00f6glicht einen schnelleren und effizienteren Beschaffungsprozess, da die Lieferanten von der schwedischen Verkehrsbeh\u00f6rde vorab zugelassen wurden.&#8220;\r\n<p>Schwedische Verkehrsbeh\u00f6rde (Trafikverket)<\/p>\r\n                        <\/div>\r\n                                                <div class=\"content_buttons\">\r\n                                                        <a class=\"btn btn_big\" aria-label=\" - Mehr erfahren\" href=\"https:\/\/www.achilles.com\/de\/transq-nordics\/\">Mehr erfahren<\/a>\r\n                                                    <\/div>\r\n                                            <\/div>\r\n                <\/div>\r\n            <\/div>\r\n        <\/div>\r\n    \n\n    <div class=\"content_section\">\r\n        <div class=\"container\">\r\n                        <div class=\"posts_panel\">\r\n                <div class=\"description_section\">\r\n                                        <p class=\"title_category\">Einblick in die Achilles-Industrie<\/p>\r\n                     \r\n                    <h2 class=\"title_section\">F\u00fcr Sie empfohlen<\/h2>\r\n                                    <\/div>\r\n                            <\/div>\r\n                                    <div class=\"posts_wrap\">\r\n                                <div class=\"post_item\">\r\n                    <div class=\"post_item_top\">\r\n                                                <a class=\"post_item_img\" href=\"https:\/\/www.achilles.com\/de\/einblicke-branche\/wind-europe-2026-madrid-staerkung-der-lieferantenbereitschaft\/\">\r\n                            <img decoding=\"async\" src=\"https:\/\/www.achilles.com\/app\/uploads\/2023\/06\/renewable-energies.jpg\" alt=\"Wind Europe 2026 Madrid: St\u00e4rkung der Lieferantenbereitschaft\">\r\n                        <\/a>\r\n                                                <ul class=\"post_item_categories\">\r\n                                                        <li>Einblicke in die Branche<\/li>\r\n                                                    <\/ul>\r\n                    <\/div>\r\n                    <a class=\"post_item_name\" href=\"https:\/\/www.achilles.com\/de\/einblicke-branche\/wind-europe-2026-madrid-staerkung-der-lieferantenbereitschaft\/\">Wind Europe 2026 Madrid: St\u00e4rkung der Lieferantenbereitschaft<\/a>\r\n                <\/div>\r\n                                <div class=\"post_item\">\r\n                    <div class=\"post_item_top\">\r\n                                                <a class=\"post_item_img\" href=\"https:\/\/www.achilles.com\/de\/der-roi-des-lieferketten-risikomanagements-neue-studie-von-verdantix\/\">\r\n                            <img decoding=\"async\" src=\"https:\/\/www.achilles.com\/app\/uploads\/2026\/03\/Verdantix-ROI-Web-site-header-4.png\" alt=\"Der ROI des Lieferketten-Risikomanagements: Neue Studie von Verdantix\">\r\n                        <\/a>\r\n                                                <ul class=\"post_item_categories\">\r\n                                                        <li>Bericht<\/li>\r\n                                                        <li>Einblicke in die Branche<\/li>\r\n                                                    <\/ul>\r\n                    <\/div>\r\n                    <a class=\"post_item_name\" href=\"https:\/\/www.achilles.com\/de\/der-roi-des-lieferketten-risikomanagements-neue-studie-von-verdantix\/\">Der ROI des Lieferketten-Risikomanagements: Neue Studie von Verdantix<\/a>\r\n                <\/div>\r\n                                <div class=\"post_item\">\r\n                    <div class=\"post_item_top\">\r\n                                                <a class=\"post_item_img\" href=\"https:\/\/www.achilles.com\/de\/einblicke-branche\/aufbau-eines-skalierbaren-nachhaltigen-und-resilienten-rechenzentrums-baunetzwerks\/\">\r\n                            <img decoding=\"async\" src=\"https:\/\/www.achilles.com\/app\/uploads\/2026\/03\/Achilles-Google-Supply-Chain-Risk-banner.png\" alt=\"Aufbau eines skalierbaren, nachhaltigen und resilienten Rechenzentrums-Baunetzwerks\">\r\n                        <\/a>\r\n                                                <ul class=\"post_item_categories\">\r\n                                                        <li>Einblicke in die Branche<\/li>\r\n                                                        <li>Fallstudien<\/li>\r\n                                                    <\/ul>\r\n                    <\/div>\r\n                    <a class=\"post_item_name\" href=\"https:\/\/www.achilles.com\/de\/einblicke-branche\/aufbau-eines-skalierbaren-nachhaltigen-und-resilienten-rechenzentrums-baunetzwerks\/\">Aufbau eines skalierbaren, nachhaltigen und resilienten Rechenzentrums-Baunetzwerks<\/a>\r\n                <\/div>\r\n                            <\/div>\r\n                    <\/div>\r\n    <\/div>\r\n\n\n    <div class=\"contact_main\">\r\n        <div class=\"contact_bg\">\r\n                        <img decoding=\"async\" src=\"https:\/\/www.achilles.com\/app\/uploads\/2023\/07\/Trees-road-e1716465304904.jpg\" alt=\"\">\r\n                    <\/div>\r\n        <div class=\"container\">\r\n            <div class=\"contact_content\">\r\n                <div class=\"contact_wrapper\">\r\n                <div class=\"contact_content_description\">\r\n                                        <h1 class=\"title_page\">Sprechen Sie mit uns<\/h1>\r\n                                        <h5 class=\"contact_content_subtitle\">Sprechen Sie mit einem unserer Experten f\u00fcr ESG- und Kohlenstoffmanagement<\/h5>\r\n                                    <\/div>\r\n                <\/div>\r\n                <div class=\"contact_reqiest\">\r\n                    <script charset=\"utf-8\" type=\"text\/javascript\" src=\"\/\/js.hsforms.net\/forms\/embed\/v2.js\"><\/script><script>hbspt.forms.create({\n    region: \"na1\",\n    portalId: \"5387762\",\n    formId: \"a23cf73a-36bd-433c-a1d8-4acd8b05b928\"\n  });\n<\/script>                <\/div>\r\n            <\/div>\r\n        <\/div>\r\n    <\/div>\r\n\r\n","protected":false},"excerpt":{"rendered":"","protected":false},"author":2,"featured_media":0,"parent":0,"menu_order":0,"comment_status":"closed","ping_status":"closed","template":"","meta":{"_acf_changed":false,"content-type":"","footnotes":""},"class_list":["post-24812","page","type-page","status-publish","hentry"],"acf":[],"_links":{"self":[{"href":"https:\/\/www.achilles.com\/de\/wp-json\/wp\/v2\/pages\/24812","targetHints":{"allow":["GET"]}}],"collection":[{"href":"https:\/\/www.achilles.com\/de\/wp-json\/wp\/v2\/pages"}],"about":[{"href":"https:\/\/www.achilles.com\/de\/wp-json\/wp\/v2\/types\/page"}],"author":[{"embeddable":true,"href":"https:\/\/www.achilles.com\/de\/wp-json\/wp\/v2\/users\/2"}],"replies":[{"embeddable":true,"href":"https:\/\/www.achilles.com\/de\/wp-json\/wp\/v2\/comments?post=24812"}],"version-history":[{"count":0,"href":"https:\/\/www.achilles.com\/de\/wp-json\/wp\/v2\/pages\/24812\/revisions"}],"wp:attachment":[{"href":"https:\/\/www.achilles.com\/de\/wp-json\/wp\/v2\/media?parent=24812"}],"curies":[{"name":"wp","href":"https:\/\/api.w.org\/{rel}","templated":true}]}}