{"id":2412,"date":"2023-05-16T16:15:41","date_gmt":"2023-05-16T15:15:41","guid":{"rendered":"https:\/\/uat.achilles.com\/training\/"},"modified":"2023-08-07T19:21:50","modified_gmt":"2023-08-07T16:21:50","slug":"training","status":"publish","type":"page","link":"https:\/\/www.achilles.com\/de\/schulungen\/","title":{"rendered":"Training"},"content":{"rendered":"            <div class=\"content_section\">\r\n            <div class=\"container\">\r\n                                <div class=\"description_page full top\">\r\n                                        <h1 class=\"title_page\">Schulungen<\/h1>\r\n                                        <div class=\"typical_text large_text\">\r\n                        <p>\u00d6ffentliche Eink\u00e4ufer unterliegen bei der Auswahl ihrer Anbieter Beschr\u00e4nkungen. Unsere Schulungen helfen Eink\u00e4ufern, diese Beschr\u00e4nkungen zu verstehen und zu meistern \u2013 und so ein wichtiges Hindernis im Beschaffungsprozess zu \u00fcberwinden.<\/p>\r\n                    <\/div>\r\n                                    <\/div>\r\n                                <div class=\"content_wrap align_vertical\">\r\n                    <div class=\"content_info ogo\">\r\n                                                <p class=\"title_category\">SCHULUNGEN \u2013 DIE VORTEILE<\/p>\r\n                                                <h2 class=\"title_section\">Chancen zug\u00e4nglich machen<\/h2>\r\n                                                <div class=\"typical_text\">\r\n                            <p>Das \u00f6ffentliche Auftragswesen ist oft kompliziert. Wenn Steuergelder ausgegeben werden \u2013 ob bei Energieversorgung, Gesundheit, Wohnungsbau, Transport oder wichtigen Infrastruktureinrichtungen \u2013, haben Eink\u00e4ufer die Pflicht, mit h\u00f6chster Sorgfalt vorzugehen.<\/p>\n<p>Genaue Kenntnisse der Vergabevorschriften und der praktischen Auswirkungen von Ausschreibungen sind ein enormer Wettbewerbsvorteil.<\/p>\n<p>Unsere Fachleute haben jahrelange Erfahrungen im \u00f6ffentlichen Sektor, mit Energieversorgern sowie den EU-Vergabevorschriften, die die Lieferantenauswahl bestimmen. Unsere eint\u00e4gigen Schulungen bieten:<\/p>\n<ul>\n<li>Informationen zum Zugang zu Ausschreibungen von staatlichen Organisationen<\/li>\n<li>Detaillierte Einblicke in die relevanten Vergaberichtlinien<\/li>\n<li>Praktisches Wissen, das Ihnen hilft, \u00f6ffentliche Auftr\u00e4ge zu gewinnen<\/li>\n<\/ul>\n                        <\/div>\r\n                                            <\/div>\r\n                                        <div class=\"content_media\">\r\n                        <img decoding=\"async\" src=\"https:\/\/www.achilles.com\/app\/uploads\/2023\/05\/training_img_1.jpg\" width=\"393\" alt=\"a human torso writing in a notebook next to a laptop\">\r\n                    <\/div>\r\n                                    <\/div>\r\n                            <\/div>\r\n        <\/div>\r\n    \n\n    <div class=\"quote_section\">\r\n        <div class=\"quote_bg\">\r\n                        <img decoding=\"async\" src=\"https:\/\/www.achilles.com\/app\/uploads\/2023\/05\/quote_training.jpg\" alt=\"people at a table having public procurement traininig\">\r\n                    <\/div>\r\n        <div class=\"container\">\r\n            <div class=\"quote_wrapper\">\r\n                <div class=\"quote_item half right\">\r\n                                        <div class=\"quote_item_text\">\r\n                        <p>\u201eVor der Veranstaltung wusste ich relativ wenig. Aber jetzt habe ich echte Ziele und einen Weg, dem ich folgen kann.\u201c<\/p>\n                    <\/div>\r\n                                        <p class=\"quote_item_author\">Tom Morgan, Business Development, National Grid<\/p>\r\n                                    <\/div>\r\n            <\/div>\r\n        <\/div>\r\n    <\/div>\r\n\n\n        <div class=\"content_section bg_grey\">\r\n            <div class=\"container\">\r\n                <div class=\"content_wrap\">\r\n                    <div class=\"content_info\">\r\n                                                <p class=\"title_category\">UNSERE SCHULUNGSPROGRAMME<\/p>\r\n                                                <h2 class=\"title_section\">Eine Vielzahl an Programmen, ganz nach Ihrem Bedarf<\/h2>\r\n                                                <div class=\"typical_text\">\r\n                            <p>Wir haben verschiedene Angebote, mit denen Sie Ihr Unternehmen weiterentwickeln k\u00f6nnen. W\u00e4hlen Sie eines der nachstehenden Programme \u2013 dort finden Sie Antworten auf Ihre dr\u00e4ngendsten Fragen:<\/p>\n<ul>\n<li>Neue Gesch\u00e4ftsm\u00f6glichkeiten finden<\/li>\n<li>Das Ausschreibungsverfahren<\/li>\n<li>\u00d6ffentliches vs. privatwirtschaftliches Beschaffungswesen<\/li>\n<li>EU-Vergaberecht<\/li>\n<\/ul>\n                        <\/div>\r\n                                            <\/div>\r\n                <\/div>\r\n            <\/div>\r\n        <\/div>\r\n\n\n        <div class=\"content_section\">\r\n            <div class=\"container\">\r\n                                <div class=\"description_page full\">\r\n                                        <p class=\"title_category\">UNSERE SCHULUNGEN<\/p>\r\n                                        <h2 class=\"title_section\">Finden Sie die passende Schulung, indem Sie die Region, das Thema und die Branche ausw\u00e4hlen<\/h2>\r\n                                    <\/div>\r\n                                <div class=\"filter_panel\" id=\"filter\">\r\n                    <span class=\"filter_panel_title\">Veranstaltungen filtern nach:<\/span>\r\n                                        <div class=\"filter_dropdown dropdown_wrap\">\r\n                        <a class=\"filter_dropdown_toggle dropdown_toggle\" href=\"#\">\r\n                            Industry                            <span class=\"icon-Chevron-Down\"><\/span>\r\n                        <\/a>\r\n                        <div class=\"filter_dropdown_box dropdown_box\">\r\n                            <ul>\r\n                                <li class=\"active\"><a href=\"https:\/\/www.achilles.com\/de\/schulungen\/#filter\">Aller<\/a><\/li>\r\n                                                                <li><a href=\"https:\/\/www.achilles.com\/de\/schulungen\/?filter1=#filter\"><\/a><\/li>\r\n                                                                <li><a href=\"https:\/\/www.achilles.com\/de\/schulungen\/?filter1=#filter\"><\/a><\/li>\r\n                                                                <li><a href=\"https:\/\/www.achilles.com\/de\/schulungen\/?filter1=#filter\"><\/a><\/li>\r\n                                                                <li><a href=\"https:\/\/www.achilles.com\/de\/schulungen\/?filter1=#filter\"><\/a><\/li>\r\n                                                                <li><a href=\"https:\/\/www.achilles.com\/de\/schulungen\/?filter1=#filter\"><\/a><\/li>\r\n                                                                <li><a href=\"https:\/\/www.achilles.com\/de\/schulungen\/?filter1=#filter\"><\/a><\/li>\r\n                                                                <li><a href=\"https:\/\/www.achilles.com\/de\/schulungen\/?filter1=#filter\"><\/a><\/li>\r\n                                                                <li><a href=\"https:\/\/www.achilles.com\/de\/schulungen\/?filter1=#filter\"><\/a><\/li>\r\n                                                                <li><a href=\"https:\/\/www.achilles.com\/de\/schulungen\/?filter1=#filter\"><\/a><\/li>\r\n                                                                <li><a href=\"https:\/\/www.achilles.com\/de\/schulungen\/?filter1=#filter\"><\/a><\/li>\r\n                                                            <\/ul>\r\n                        <\/div>\r\n                    <\/div>\r\n                                        <div class=\"filter_dropdown dropdown_wrap\">\r\n                        <a class=\"filter_dropdown_toggle dropdown_toggle\" href=\"#\">\r\n                            Region                            <span class=\"icon-Chevron-Down\"><\/span>\r\n                        <\/a>\r\n                        <div class=\"filter_dropdown_box dropdown_box\">\r\n                            <ul>\r\n                                <li class=\"active\"><a href=\"https:\/\/www.achilles.com\/de\/schulungen\/#filter\">Aller<\/a><\/li>\r\n                                                                <li><a href=\"https:\/\/www.achilles.com\/de\/schulungen\/?filter2=103#filter\">Central Europe<\/a><\/li>\r\n                                                                <li><a href=\"https:\/\/www.achilles.com\/de\/schulungen\/?filter2=#filter\"><\/a><\/li>\r\n                                                                <li><a href=\"https:\/\/www.achilles.com\/de\/schulungen\/?filter2=#filter\"><\/a><\/li>\r\n                                                            <\/ul>\r\n                        <\/div>\r\n                    <\/div>\r\n                                        <div class=\"filter_dropdown dropdown_wrap\">\r\n                        <a class=\"filter_dropdown_toggle dropdown_toggle\" href=\"#\">\r\n                            Thema                            <span class=\"icon-Chevron-Down\"><\/span>\r\n                        <\/a>\r\n                        <div class=\"filter_dropdown_box dropdown_box\">\r\n                            <ul>\r\n                                <li class=\"active\"><a href=\"https:\/\/www.achilles.com\/de\/schulungen\/#filter\">Aller<\/a><\/li>\r\n                                                                <li><a href=\"https:\/\/www.achilles.com\/de\/schulungen\/?filter3=#filter\"><\/a><\/li>\r\n                                                                <li><a href=\"https:\/\/www.achilles.com\/de\/schulungen\/?filter3=#filter\"><\/a><\/li>\r\n                                                                <li><a href=\"https:\/\/www.achilles.com\/de\/schulungen\/?filter3=#filter\"><\/a><\/li>\r\n                                                                <li><a href=\"https:\/\/www.achilles.com\/de\/schulungen\/?filter3=#filter\"><\/a><\/li>\r\n                                                                <li><a href=\"https:\/\/www.achilles.com\/de\/schulungen\/?filter3=#filter\"><\/a><\/li>\r\n                                                                <li><a href=\"https:\/\/www.achilles.com\/de\/schulungen\/?filter3=#filter\"><\/a><\/li>\r\n                                                                <li><a href=\"https:\/\/www.achilles.com\/de\/schulungen\/?filter3=#filter\"><\/a><\/li>\r\n                                                            <\/ul>\r\n                        <\/div>\r\n                    <\/div>\r\n                                    <\/div>\r\n                                <h2 class=\"nothing_found\">Nichts gefunden<\/h2>            <\/div>\r\n        <\/div>\r\n","protected":false},"excerpt":{"rendered":"","protected":false},"author":1,"featured_media":25439,"parent":0,"menu_order":0,"comment_status":"closed","ping_status":"closed","template":"","meta":{"_acf_changed":false,"content-type":"","footnotes":""},"class_list":["post-2412","page","type-page","status-publish","has-post-thumbnail","hentry"],"acf":[],"_links":{"self":[{"href":"https:\/\/www.achilles.com\/de\/wp-json\/wp\/v2\/pages\/2412","targetHints":{"allow":["GET"]}}],"collection":[{"href":"https:\/\/www.achilles.com\/de\/wp-json\/wp\/v2\/pages"}],"about":[{"href":"https:\/\/www.achilles.com\/de\/wp-json\/wp\/v2\/types\/page"}],"author":[{"embeddable":true,"href":"https:\/\/www.achilles.com\/de\/wp-json\/wp\/v2\/users\/1"}],"replies":[{"embeddable":true,"href":"https:\/\/www.achilles.com\/de\/wp-json\/wp\/v2\/comments?post=2412"}],"version-history":[{"count":0,"href":"https:\/\/www.achilles.com\/de\/wp-json\/wp\/v2\/pages\/2412\/revisions"}],"wp:featuredmedia":[{"embeddable":true,"href":"https:\/\/www.achilles.com\/de\/wp-json\/wp\/v2\/media\/25439"}],"wp:attachment":[{"href":"https:\/\/www.achilles.com\/de\/wp-json\/wp\/v2\/media?parent=2412"}],"curies":[{"name":"wp","href":"https:\/\/api.w.org\/{rel}","templated":true}]}}