{"id":23913,"date":"2023-06-07T11:20:10","date_gmt":"2023-06-07T10:20:10","guid":{"rendered":"https:\/\/uat.achilles.com\/bauwesen\/"},"modified":"2023-12-08T12:35:28","modified_gmt":"2023-12-08T09:35:28","slug":"bauwesen","status":"publish","type":"page","link":"https:\/\/www.achilles.com\/de\/bauwesen\/","title":{"rendered":"Bauwesen"},"content":{"rendered":"    <div class=\"top_section\">\n        <div class=\"container\">\n            <div class=\"top_info\">\n                                    <h1 class=\"top_title\">L\u00f6sungen f\u00fcr Lieferkettenrisiken in der Bauindustrie<\/h1>\n                                    <div class=\"top_text\">\n                        <p>Die strenge Validierung von Achilles, die Pr\u00fcfungen am Schreibtisch und vor Ort sowie die Befragung von Arbeitnehmern erm\u00f6glichen es f\u00fchrenden Bauunternehmen, eine konkurrenzlose Transparenz in der Lieferkette und ein hohes Ma\u00df an Vertrauen in die Berichterstattung zu erreichen und zum Aufbau einer sichereren, gerechteren und nachhaltigeren Branche beizutragen.<\/p>\n                    <\/div>\n                                    <div class=\"top_buttons\">\n                                                    <a class=\"btn btn_white btn_big\" href=\"https:\/\/www.achilles.com\/de\/kontaktiere-uns\">Sprechen Sie mit uns<\/a>\n                                            <\/div>\n                            <\/div>\n        <\/div>\n        <div class=\"top_media\">\n\t\t\t        <\/div>\n    <\/div>\n\n\n    <div class=\"content_section\">\r\n        <div class=\"container\">\r\n                        <div class=\"description_section\">\r\n                                <p class=\"title_category\">ACHILLES-KUNDEN<\/p>\r\n                                <h2 class=\"title_section\">Die weltweit f\u00fchrenden Baumarken entscheiden sich f\u00fcr Achilles<\/h2>\r\n                                <div class=\"typical_text middle_text\">\r\n                    <p>Achilles arbeitet mit den weltweit f\u00fchrenden Baumarken zusammen und unterst\u00fctzt sie auf allen Kontinenten bei der Reduzierung von Emissionen und Umweltauswirkungen, bei der Bek\u00e4mpfung der modernen Sklaverei, bei der Abschaffung von Kinderarbeit, bei der kontinuierlichen Verbesserung der Lieferkette und bei der Sicherstellung einer zuverl\u00e4ssigen Berichterstattung \u00fcber die Sorgfaltspflicht in der Lieferkette.<\/p>\n                <\/div>\r\n                            <\/div>\r\n                        <div class=\"logos_wrap\">\r\n                                <div class=\"logo_item\">\r\n                    <img decoding=\"async\" src=\"https:\/\/www.achilles.com\/app\/uploads\/2023\/06\/mace-e1524647954682-1.jpg\" alt=\"\" width=\"250\">\r\n                <\/div>\r\n                                <div class=\"logo_item\">\r\n                    <img decoding=\"async\" src=\"https:\/\/www.achilles.com\/app\/uploads\/2023\/09\/multiplex.jpeg\" alt=\"\" width=\"250\">\r\n                <\/div>\r\n                                <div class=\"logo_item\">\r\n                    <img decoding=\"async\" src=\"https:\/\/www.achilles.com\/app\/uploads\/2023\/09\/sisk-logo-transparent-1.png\" alt=\"The Sisk logo is a red lozenge with a thin white line inside with the SISK name in white outlined text and the words Builders and Contractors above and below it.\" width=\"250\">\r\n                <\/div>\r\n                                <div class=\"logo_item\">\r\n                    <img decoding=\"async\" src=\"https:\/\/www.achilles.com\/app\/uploads\/2023\/09\/Laing-ORourke.jpeg\" alt=\"\" width=\"246\">\r\n                <\/div>\r\n                                <div class=\"logo_item\">\r\n                    <img decoding=\"async\" src=\"https:\/\/www.achilles.com\/app\/uploads\/2023\/06\/Lendlease-logo.png\" alt=\"\" width=\"248\">\r\n                <\/div>\r\n                                <div class=\"logo_item\">\r\n                    <img decoding=\"async\" src=\"\" alt=\"\" width=\"250\">\r\n                <\/div>\r\n                                <div class=\"logo_item\">\r\n                    <img decoding=\"async\" src=\"https:\/\/www.achilles.com\/app\/uploads\/2023\/06\/tarmac-logo.png\" alt=\"\" width=\"250\">\r\n                <\/div>\r\n                                <div class=\"logo_item\">\r\n                    <img decoding=\"async\" src=\"https:\/\/www.achilles.com\/app\/uploads\/2023\/06\/Costain-e1524648164759.jpg\" alt=\"\" width=\"249\">\r\n                <\/div>\r\n                                <div class=\"logo_item\">\r\n                    <img decoding=\"async\" src=\"https:\/\/www.achilles.com\/app\/uploads\/2023\/10\/Kier-logo.jpeg\" alt=\"\" width=\"249\">\r\n                <\/div>\r\n                                <div class=\"logo_item\">\r\n                    <img decoding=\"async\" src=\"https:\/\/www.achilles.com\/app\/uploads\/2023\/10\/RSK-logo.jpeg\" alt=\"\" width=\"250\">\r\n                <\/div>\r\n                            <\/div>\r\n                    <\/div>\r\n    <\/div>\r\n\n\n    <div class=\"content_section\">\r\n        <div class=\"container\">\r\n                        <div class=\"posts_panel\">\r\n                <div class=\"description_section\">\r\n                                        <p class=\"title_category\">Kundengeschichten<\/p>\r\n                     \r\n                    <h2 class=\"title_section\">Die Kunden von Achilles sind Marktf\u00fchrer im Bereich der \u00f6kologischen und sozialen Governance.<\/h2>\r\n                                    <\/div>\r\n                            <\/div>\r\n                                    <div class=\"posts_wrap\">\r\n                                <div class=\"post_item\">\r\n                    <div class=\"post_item_top\">\r\n                                                <a class=\"post_item_img\" href=\"https:\/\/www.achilles.com\/de\/einblicke-branche\/aufbau-eines-skalierbaren-nachhaltigen-und-resilienten-rechenzentrums-baunetzwerks\/\">\r\n                            <img decoding=\"async\" src=\"https:\/\/www.achilles.com\/app\/uploads\/2026\/03\/Achilles-Google-Supply-Chain-Risk-banner.png\" alt=\"Aufbau eines skalierbaren, nachhaltigen und resilienten Rechenzentrums-Baunetzwerks\">\r\n                        <\/a>\r\n                                                <ul class=\"post_item_categories\">\r\n                                                        <li>Einblicke in die Branche<\/li>\r\n                                                        <li>Fallstudien<\/li>\r\n                                                    <\/ul>\r\n                    <\/div>\r\n                    <a class=\"post_item_name\" href=\"https:\/\/www.achilles.com\/de\/einblicke-branche\/aufbau-eines-skalierbaren-nachhaltigen-und-resilienten-rechenzentrums-baunetzwerks\/\">Aufbau eines skalierbaren, nachhaltigen und resilienten Rechenzentrums-Baunetzwerks<\/a>\r\n                <\/div>\r\n                                <div class=\"post_item\">\r\n                    <div class=\"post_item_top\">\r\n                                                <a class=\"post_item_img\" href=\"https:\/\/www.achilles.com\/de\/einblicke-branche\/wie-das-engagement-von-lieferanten-die-nachhaltigkeit-in-maritimen-lieferketten-beeinflusst\/\">\r\n                            <img decoding=\"async\" src=\"https:\/\/www.achilles.com\/app\/uploads\/2025\/01\/Maritime.png\" alt=\"Wie das Engagement von Lieferanten die Nachhaltigkeit in maritimen Lieferketten beeinflusst\">\r\n                        <\/a>\r\n                                                <ul class=\"post_item_categories\">\r\n                                                        <li>Einblicke in die Branche<\/li>\r\n                                                        <li>Fallstudien<\/li>\r\n                                                    <\/ul>\r\n                    <\/div>\r\n                    <a class=\"post_item_name\" href=\"https:\/\/www.achilles.com\/de\/einblicke-branche\/wie-das-engagement-von-lieferanten-die-nachhaltigkeit-in-maritimen-lieferketten-beeinflusst\/\">Wie das Engagement von Lieferanten die Nachhaltigkeit in maritimen Lieferketten beeinflusst<\/a>\r\n                <\/div>\r\n                                <div class=\"post_item\">\r\n                    <div class=\"post_item_top\">\r\n                                                <a class=\"post_item_img\" href=\"https:\/\/www.achilles.com\/de\/einblicke-branche\/stadtwerke-solingen-mit-achilles-das-beschaffungsmanagement-neu-definieren\/\">\r\n                            <img decoding=\"async\" src=\"https:\/\/www.achilles.com\/app\/uploads\/2025\/02\/elektrotankstelle-stadtwerke-solingen-smart.jpg\" alt=\"Stadtwerke Solingen: Mit Achilles das Beschaffungsmanagement neu definieren\">\r\n                        <\/a>\r\n                                                <ul class=\"post_item_categories\">\r\n                                                        <li>Einblicke in die Branche<\/li>\r\n                                                        <li>Fallstudien<\/li>\r\n                                                    <\/ul>\r\n                    <\/div>\r\n                    <a class=\"post_item_name\" href=\"https:\/\/www.achilles.com\/de\/einblicke-branche\/stadtwerke-solingen-mit-achilles-das-beschaffungsmanagement-neu-definieren\/\">Stadtwerke Solingen: Mit Achilles das Beschaffungsmanagement neu definieren<\/a>\r\n                <\/div>\r\n                            <\/div>\r\n                    <\/div>\r\n    <\/div>\r\n\n\n    <div class=\"content_section\">\r\n        <div class=\"container\">\r\n                        <div class=\"description_section\">\r\n                                <p class=\"title_category\">LIEFERKETTENL\u00d6SUNGEN<\/p>\r\n                                <h2 class=\"title_section\">L\u00f6sungen f\u00fcr eine sicherere, gerechtere und kohlenstoff\u00e4rmere Bauindustrie<\/h2>\r\n                                <div class=\"typical_text middle_text\">\r\n                    <p>Achilles verf\u00fcgt \u00fcber jahrzehntelange Erfahrung in der Zusammenarbeit mit weltweit f\u00fchrenden Unternehmen der Baubranche, um Risiken in der Lieferkette anzugehen, Kohlenstoffemissionen zu reduzieren und eine au\u00dfergew\u00f6hnliche Transparenz in der Lieferkette zu schaffen.<\/p>\n                <\/div>\r\n                            <\/div>\r\n                        <div class=\"features_wrap features_four\">\r\n                                <div class=\"feature_item\">\r\n                                        <div class=\"feature_item_icon\">\r\n                        <img decoding=\"async\" src=\"https:\/\/www.achilles.com\/app\/uploads\/2023\/09\/icon_common-file-text-check.png\" alt=\"\">\r\n                    <\/div>\r\n                                        <h3 class=\"feature_item_name\">Pr\u00e4qualifiziertes Lieferantennetzwerk<\/h3>\r\n                                        <div class=\"typical_text\">\r\n                        <p>Greifen Sie auf eine streng gepr\u00fcfte Datenbank mit vorqualifizierten Lieferanten aus der Baubranche zu, die die lokalen und internationalen ESG- und Beschaffungsvorschriften erf\u00fcllen.<\/p>\n                    <\/div>\r\n                                        <a class=\"btn\" aria-label=\"Pr\u00e4qualifiziertes Lieferantennetzwerk - Mehr erfahren\" href=\"https:\/\/www.achilles.com\/de\/vorqualifiziertes-lieferantennetzwerk\/\">Mehr erfahren<\/a>\r\n                                    <\/div>\r\n                                <div class=\"feature_item\">\r\n                                        <div class=\"feature_item_icon\">\r\n                        <img decoding=\"async\" src=\"https:\/\/www.achilles.com\/app\/uploads\/2023\/09\/icon_user-network-1.png\" alt=\"on site audits\">\r\n                    <\/div>\r\n                                        <h3 class=\"feature_item_name\">Due-Diligence-Pr\u00fcfung von Lieferanten<\/h3>\r\n                                        <div class=\"typical_text\">\r\n                        <p>Strenge Bewertung und Validierung Ihrer Lieferkette, um sicherzustellen, dass Ihre Lieferanten Ihre Standards erf\u00fcllen und Sie die f\u00fcr Ihre T\u00e4tigkeit relevanten Vorschriften einhalten.<\/p>\n                    <\/div>\r\n                                        <a class=\"btn\" aria-label=\"Due-Diligence-Pr\u00fcfung von Lieferanten - Mehr erfahren\" href=\"https:\/\/www.achilles.com\/de\/supply-chain-due-diligence\/\">Mehr erfahren<\/a>\r\n                                    <\/div>\r\n                                <div class=\"feature_item\">\r\n                                        <div class=\"feature_item_icon\">\r\n                        <img decoding=\"async\" src=\"https:\/\/www.achilles.com\/app\/uploads\/2023\/09\/Icon_air-pollution-co2-down-2.png\" alt=\"\">\r\n                    <\/div>\r\n                                        <h3 class=\"feature_item_name\">Carbon Reduce<\/h3>\r\n                                        <div class=\"typical_text\">\r\n                        <p>Messen, verwalten und reduzieren Sie Ihren CO2-Fu\u00dfabdruck effektiv mit dem weltweit einzigen ISO14064-1 Carbon Management Scheme.<\/p>\n                    <\/div>\r\n                                        <a class=\"btn\" aria-label=\"Carbon Reduce - Mehr erfahren\" href=\"https:\/\/www.achilles.com\/de\/carbon-management-and-reduction\/\">Mehr erfahren<\/a>\r\n                                    <\/div>\r\n                                <div class=\"feature_item\">\r\n                                        <div class=\"feature_item_icon\">\r\n                        <img decoding=\"async\" src=\"https:\/\/www.achilles.com\/app\/uploads\/2023\/09\/saving-bank-1.png\" alt=\"\">\r\n                    <\/div>\r\n                                        <h3 class=\"feature_item_name\">Zuverl\u00e4ssigkeitserkl\u00e4rung<\/h3>\r\n                                        <div class=\"typical_text\">\r\n                        <p>Zeigen Sie Kreditgebern und anderen Interessengruppen Ihre Leistung anhand von ESG-KPIs und Nachhaltigkeitszielen (SPTs) deutlich auf.<\/p>\n                    <\/div>\r\n                                        <a class=\"btn\" aria-label=\"Zuverl\u00e4ssigkeitserkl\u00e4rung - Mehr erfahren\" href=\"https:\/\/www.achilles.com\/de\/nachhaltig-finanzieren\/\">Mehr erfahren<\/a>\r\n                                    <\/div>\r\n                            <\/div>\r\n                    <\/div>\r\n    <\/div>\r\n\n\n    <div class=\"content_section\">\r\n        <div class=\"container\">\r\n                        <div class=\"description_section big\">\r\n                                <h2 class=\"title_section\">Global. Und lokal.<\/h2>\r\n                                <div class=\"typical_text middle_text\">\r\n                    <p>Achilles ist weltweit an 17 Standorten vertreten und verf\u00fcgt so \u00fcber eine lokale Pr\u00e4senz, die sowohl ein tiefes Verst\u00e4ndnis der lokalen Vorschriften, Sprache und Kultur als auch eine globale Dimension f\u00fcr ein hervorragendes Risikomanagement in der Lieferkette gew\u00e4hrleistet.<\/p>\n                <\/div>\r\n                            <\/div>\r\n                                    <div class=\"features_wrap\">\r\n                                <div class=\"feature_item center\">\r\n                                        <div class=\"feature_item_icon\">\r\n                        <img decoding=\"async\" src=\"https:\/\/www.achilles.com\/app\/uploads\/2023\/10\/Achilles-A.png\" alt=\"\">\r\n                    <\/div>\r\n                                        <h3 class=\"feature_item_name\">Achilles Netzwerk, Global<\/h3>\r\n                                        <div class=\"typical_text middle_text\">\r\n                        <p>Das Achilles Netzwerk bietet Zugang zu einem globalen Marktplatz von Achilles Gold Standard gepr\u00fcften K\u00e4ufern und Lieferanten aus dem Baugewerbe und anderen Industriezweigen.<\/p>\r\n                    <\/div>\r\n                                        <a class=\"btn btn_big\" aria-label=\"Achilles Netzwerk, Global - Mehr erfahren\" href=\"\/de\/achilles-network\/\">Mehr erfahren<\/a>\r\n                                    <\/div>\r\n                                <div class=\"feature_item center\">\r\n                                        <div class=\"feature_item_icon\">\r\n                        <img decoding=\"async\" src=\"https:\/\/www.achilles.com\/app\/uploads\/2023\/10\/Achilles-A.png\" alt=\"\">\r\n                    <\/div>\r\n                                        <h3 class=\"feature_item_name\">Vertrauensbildung, UK<\/h3>\r\n                                        <div class=\"typical_text middle_text\">\r\n                        <p>Der britische Goldstandard f\u00fcr das Baugewerbe, der die Zertifizierung von Sicherheitsprogrammen im Beschaffungswesen (SSIP) und des Common Assessment Standard (CAS) erm\u00f6glicht.<\/p>\r\n                    <\/div>\r\n                                        <a class=\"btn btn_big\" aria-label=\"Vertrauensbildung, UK - Mehr erfahren\" href=\"https:\/\/www.achilles.com\/de\/buildingconfidence\/\">Mehr erfahren<\/a>\r\n                                    <\/div>\r\n                                <div class=\"feature_item center\">\r\n                                        <h3 class=\"feature_item_name\">Startbank, Nordeuropa<\/h3>\r\n                                        <div class=\"typical_text middle_text\">\r\n                        <p>Sie wurde 2005 in Zusammenarbeit mit dem norwegischen Verband der Bauindustrie ins Leben gerufen, um den immer anspruchsvolleren Anforderungen an die Gesetzgebung und das Risikomanagement von Bau- und Facility-Management-Kunden gerecht zu werden.<\/p>\r\n                    <\/div>\r\n                                        <a class=\"btn btn_big\" aria-label=\"Startbank, Nordeuropa - Mehr erfahren\" href=\"\/startbank\/\">Mehr erfahren<\/a>\r\n                                    <\/div>\r\n                            <\/div>\r\n                                <\/div>\r\n    <\/div>\r\n\n\n    <div class=\"content_section\">\r\n        <div class=\"container\">\r\n                        <div class=\"posts_panel\">\r\n                <div class=\"description_section\">\r\n                                        <p class=\"title_category\">Einblick in die Achilles-Industrie<\/p>\r\n                     \r\n                    <h2 class=\"title_section\">F\u00fcr Sie empfohlen<\/h2>\r\n                                    <\/div>\r\n                            <\/div>\r\n                                    <div class=\"posts_wrap\">\r\n                                <div class=\"post_item\">\r\n                    <div class=\"post_item_top\">\r\n                                                <a class=\"post_item_img\" href=\"https:\/\/www.achilles.com\/de\/einblicke-branche\/wind-europe-2026-madrid-staerkung-der-lieferantenbereitschaft\/\">\r\n                            <img decoding=\"async\" src=\"https:\/\/www.achilles.com\/app\/uploads\/2023\/06\/renewable-energies.jpg\" alt=\"Wind Europe 2026 Madrid: St\u00e4rkung der Lieferantenbereitschaft\">\r\n                        <\/a>\r\n                                                <ul class=\"post_item_categories\">\r\n                                                        <li>Einblicke in die Branche<\/li>\r\n                                                    <\/ul>\r\n                    <\/div>\r\n                    <a class=\"post_item_name\" href=\"https:\/\/www.achilles.com\/de\/einblicke-branche\/wind-europe-2026-madrid-staerkung-der-lieferantenbereitschaft\/\">Wind Europe 2026 Madrid: St\u00e4rkung der Lieferantenbereitschaft<\/a>\r\n                <\/div>\r\n                                <div class=\"post_item\">\r\n                    <div class=\"post_item_top\">\r\n                                                <a class=\"post_item_img\" href=\"https:\/\/www.achilles.com\/de\/der-achilles-jahresbericht-zu-risiko-und-nachhaltigkeit-2026\/\">\r\n                            <img decoding=\"async\" src=\"https:\/\/www.achilles.com\/app\/uploads\/2026\/03\/Web-page-top-banner-thumbnail-of-Achilles-Global-Supplier-Risk-and-Sustainability-Survey-2026.jpg\" alt=\"Der Achilles Jahresbericht zu Risiko und Nachhaltigkeit 2026\">\r\n                        <\/a>\r\n                                                <ul class=\"post_item_categories\">\r\n                                                        <li>Wei\u00dfes Papier<\/li>\r\n                                                    <\/ul>\r\n                    <\/div>\r\n                    <a class=\"post_item_name\" href=\"https:\/\/www.achilles.com\/de\/der-achilles-jahresbericht-zu-risiko-und-nachhaltigkeit-2026\/\">Der Achilles Jahresbericht zu Risiko und Nachhaltigkeit 2026<\/a>\r\n                <\/div>\r\n                                <div class=\"post_item\">\r\n                    <div class=\"post_item_top\">\r\n                                                <a class=\"post_item_img\" href=\"https:\/\/www.achilles.com\/de\/der-roi-des-lieferketten-risikomanagements-neue-studie-von-verdantix\/\">\r\n                            <img decoding=\"async\" src=\"https:\/\/www.achilles.com\/app\/uploads\/2026\/03\/Verdantix-ROI-Web-site-header-4.png\" alt=\"Der ROI des Lieferketten-Risikomanagements: Neue Studie von Verdantix\">\r\n                        <\/a>\r\n                                                <ul class=\"post_item_categories\">\r\n                                                        <li>Bericht<\/li>\r\n                                                        <li>Einblicke in die Branche<\/li>\r\n                                                    <\/ul>\r\n                    <\/div>\r\n                    <a class=\"post_item_name\" href=\"https:\/\/www.achilles.com\/de\/der-roi-des-lieferketten-risikomanagements-neue-studie-von-verdantix\/\">Der ROI des Lieferketten-Risikomanagements: Neue Studie von Verdantix<\/a>\r\n                <\/div>\r\n                            <\/div>\r\n                    <\/div>\r\n    <\/div>\r\n\n\n    <div class=\"contact_main\">\r\n        <div class=\"contact_bg\">\r\n                        <img decoding=\"async\" src=\"https:\/\/www.achilles.com\/app\/uploads\/2023\/07\/Construction-site-black-overlay-scaled-1.jpg\" alt=\"\">\r\n                    <\/div>\r\n        <div class=\"container\">\r\n            <div class=\"contact_content\">\r\n                <div class=\"contact_wrapper\">\r\n                <div class=\"contact_content_description\">\r\n                                        <h1 class=\"title_page\">Sprechen Sie mit uns<\/h1>\r\n                                        <h5 class=\"contact_content_subtitle\">Sprechen Sie mit einem unserer Experten f\u00fcr ESG- und Kohlenstoffmanagement<\/h5>\r\n                                    <\/div>\r\n                <\/div>\r\n                <div class=\"contact_reqiest\">\r\n                    <script charset=\"utf-8\" type=\"text\/javascript\" src=\"\/\/js.hsforms.net\/forms\/embed\/v2.js\"><\/script><script>hbspt.forms.create({\n    region: \"na1\",\n    portalId: \"5387762\",\n    formId: \"a23cf73a-36bd-433c-a1d8-4acd8b05b928\"\n  });\n<\/script>                <\/div>\r\n            <\/div>\r\n        <\/div>\r\n    <\/div>\r\n\r\n","protected":false},"excerpt":{"rendered":"","protected":false},"author":2,"featured_media":0,"parent":0,"menu_order":0,"comment_status":"closed","ping_status":"closed","template":"","meta":{"_acf_changed":false,"content-type":"","footnotes":""},"class_list":["post-23913","page","type-page","status-publish","hentry"],"acf":[],"_links":{"self":[{"href":"https:\/\/www.achilles.com\/de\/wp-json\/wp\/v2\/pages\/23913","targetHints":{"allow":["GET"]}}],"collection":[{"href":"https:\/\/www.achilles.com\/de\/wp-json\/wp\/v2\/pages"}],"about":[{"href":"https:\/\/www.achilles.com\/de\/wp-json\/wp\/v2\/types\/page"}],"author":[{"embeddable":true,"href":"https:\/\/www.achilles.com\/de\/wp-json\/wp\/v2\/users\/2"}],"replies":[{"embeddable":true,"href":"https:\/\/www.achilles.com\/de\/wp-json\/wp\/v2\/comments?post=23913"}],"version-history":[{"count":0,"href":"https:\/\/www.achilles.com\/de\/wp-json\/wp\/v2\/pages\/23913\/revisions"}],"wp:attachment":[{"href":"https:\/\/www.achilles.com\/de\/wp-json\/wp\/v2\/media?parent=23913"}],"curies":[{"name":"wp","href":"https:\/\/api.w.org\/{rel}","templated":true}]}}