{"id":23896,"date":"2023-09-27T17:14:19","date_gmt":"2023-09-27T16:14:19","guid":{"rendered":"https:\/\/uat.achilles.com\/eu-cs-ddd-2\/"},"modified":"2024-01-26T19:15:32","modified_gmt":"2024-01-26T16:15:32","slug":"eu-cs-ddd-2","status":"publish","type":"page","link":"https:\/\/www.achilles.com\/de\/eu-cs-ddd\/","title":{"rendered":"EU CS DDD"},"content":{"rendered":"    <div class=\"top_section\">\n        <div class=\"container\">\n            <div class=\"top_info half\">\n                                    <h1 class=\"top_title\">Die EU-Richtlinie zur Sorgfaltspflicht von Unternehmen im Bereich der Nachhaltigkeit<\/h1>\n                                    <div class=\"top_text large_text\">\n                        <p><strong>Die EU-Richtlinie \u00fcber die Sorgfaltspflicht von Unternehmen im Bereich der Nachhaltigkeit wird voraussichtlich im Jahr 2024 in Kraft treten und sich sowohl auf in der EU ans\u00e4ssige Unternehmen als auch auf EU-Importeure auswirken.  <\/strong><strong>Erfahren Sie mehr dar\u00fcber, wie sich das Gesetz auf Ihr Unternehmen auswirken k\u00f6nnte<\/strong><\/p>\n                    <\/div>\n                                    <div class=\"top_buttons\">\n                                                    <a class=\"btn btn_big\" href=\"https:\/\/www.achilles.com\/de\/kontaktiere-uns\">Buchen Sie eine kostenlose CS DDD-Beratung<\/a>\n                                                    <a target=\"_blank\" class=\"btn btn_white btn_big\" href=\"https:\/\/www.linkedin.com\/groups\/12857865\/\">Tritt der CSDDD LinkedIn-Gruppe bei<\/a>\n                                            <\/div>\n                            <\/div>\n        <\/div>\n        <div class=\"top_media\">\n\t\t\t            <img decoding=\"async\" src=\"https:\/\/www.achilles.com\/app\/uploads\/2023\/06\/AdobeStock_597633716-scaled-1.jpeg\" alt=\"EU-Flagge als Symbol daf\u00fcr, wie Achilles Unternehmen bei der Einhaltung der EU-Nachhaltigkeitsvorschriften unterst\u00fctzt\">\n                    <\/div>\n    <\/div>\n\n\n            <div class=\"content_section bg_grey\">\r\n            <div class=\"container\">\r\n                <div class=\"content_wrap\">\r\n                    <div class=\"content_info ogo2\">\r\n                                                <p class=\"title_category\">Quiz<\/p>\r\n                                                <h2 class=\"title_page\">Testen Sie Ihr Wissen \u00fcber EU CS DDD<\/h2>\r\n                                                <div class=\"typical_text\">\r\n                            <p>Selbst die erfahrensten Beschaffungs- und Lieferkettenexperten geben zu, dass sie sich von dieser neuen \u00c4ra der ESG-Lieferkettenvorschriften \u00fcberfordert f\u00fchlen. Entschuldigen Sie, dieser Inhalt steht bisher nicht auf Deutsch zur Verf\u00fcgung Wie gut ist Ihr Wissen?<\/p>\n                        <\/div>\r\n                                                <a target=\"_blank\" class=\"btn btn_big\" href=\"https:\/\/achilles.cogniclick.app\/enter\/achilles-quiz-eu#\/\">Machen Sie das Quiz<\/a>\r\n                                            <\/div>\r\n\t\t\t\t\t\t\t\t\t\t\r\n                                    <\/div>\r\n            <\/div>\r\n        <\/div>\r\n    \n\n            <div class=\"content_section bg_grey\">\r\n            <div class=\"container\">\r\n                <div class=\"content_wrap right\">\r\n                    <div class=\"content_info ogo2\">\r\n                                                <p class=\"title_category\">Whitepaper<\/p>\r\n                                                <h2 class=\"title_page\">Eine Einf\u00fchrung in die EU CS DDD<\/h2>\r\n                                                <div class=\"typical_text\">\r\n                            <p><span data-ccp-props=\"{\">Die Achilles Einf\u00fchrung in die EU CS DDD ist ein umfassendes Hilfsmittel, das Ihnen hilft, vorauszuplanen und sicherzustellen, dass Sie auf das Inkrafttreten der neuen Rechtsvorschriften vorbereitet sind. Entschuldigen Sie, dieser Inhalt steht bisher nicht auf Deutsch zur Verf\u00fcgung<\/span><\/p>\n                        <\/div>\r\n                                                <a class=\"btn btn_big\" href=\"\/de\/industry-insights\/eine-einfuehrung-in-die-corporate-sustainability-due-diligence-richtlinie-csddd\/\">Lesen Sie<\/a>\r\n                                            <\/div>\r\n\t\t\t\t\t\t\t\t\t\t\r\n                                        <div class=\"content_media\">\r\n                        <img decoding=\"async\" src=\"https:\/\/www.achilles.com\/app\/uploads\/2023\/12\/EUCSDDD-Whitepaper-DE-thumbnail.png\" width=\"300\" alt=\"\">\r\n                    <\/div>\r\n                                    <\/div>\r\n            <\/div>\r\n        <\/div>\r\n    \n\n            <div class=\"content_section\">\r\n            <div class=\"container\">\r\n                <div class=\"content_wrap\">\r\n                    <div class=\"content_info ogo2\">\r\n                                                <p class=\"title_category\">Blog<\/p>\r\n                                                <h2 class=\"title_page\">Was ist genug?<\/h2>\r\n                                                <div class=\"typical_text\">\r\n                            <p><span lang=\"EN-GB\" data-contrast=\"none\" xml:lang=\"EN-GB\"><span data-ccp-parastyle=\"article-preview_articlepreviewsubheader__ffri1\">Die bevorstehende EU-Richtlinie \u00fcber die Sorgfaltspflicht von Unternehmen im Bereich der Nachhaltigkeit verlangt von den Unternehmen einen risikobasierten Ansatz f\u00fcr die Sorgfaltspflicht in der Lieferkette.<\/span> <span data-ccp-parastyle=\"article-preview_articlepreviewsubheader__ffri1\">Aber wie weit m\u00fcssen Sie gehen und <\/span><span data-ccp-parastyle=\"article-preview_articlepreviewsubheader__ffri1\">wann ist genug, genug?<\/span><\/span><\/p>\n                        <\/div>\r\n                                                <a class=\"btn btn_big\" href=\"\/de\/artikel\/wann-ist-genug-genug\/\">Lesen Sie<\/a>\r\n                                            <\/div>\r\n\t\t\t\t\t\t\t\t\t\t\r\n                                        <div class=\"content_media\">\r\n                        <img decoding=\"async\" src=\"https:\/\/www.achilles.com\/app\/uploads\/2023\/09\/iStock-963011730.jpg\" width=\"300\" alt=\"A close up of the statue of lady justice standing in front of an out of focus row of law books.\">\r\n                    <\/div>\r\n                                    <\/div>\r\n            <\/div>\r\n        <\/div>\r\n    \n\n            <div class=\"content_section bg_grey\">\r\n            <div class=\"container\">\r\n                <div class=\"content_wrap right\">\r\n                    <div class=\"content_info ogo2\">\r\n                                                <p class=\"title_category\">Infografik<\/p>\r\n                                                <h2 class=\"title_page\">Die neuen EU-Rechtsvorschriften f\u00fcr die Lieferkette und wie man sie einh\u00e4lt<\/h2>\r\n                                                <div class=\"typical_text\">\r\n                            <p><span lang=\"EN-GB\" data-contrast=\"none\" xml:lang=\"EN-GB\">In dieser Infografik zur EU CS DDD erfahren Sie mehr \u00fcber die wichtigsten Schritte zur Einhaltung der Vorschriften.<\/span><span data-ccp-props=\"{\"335559738\":120,\"335559739\":120}\"> <\/span><\/p>\n                        <\/div>\r\n                                                <a class=\"btn btn_big\" href=\"https:\/\/www.achilles.com\/de\/einblicke-branche\/deutschlands-neue-gesetzgebung-und-wie-man-sich-anpasst-2\/\">Erkunden Sie<\/a>\r\n                                            <\/div>\r\n\t\t\t\t\t\t\t\t\t\t\r\n                                        <div class=\"content_media\">\r\n                        <img decoding=\"async\" src=\"https:\/\/www.achilles.com\/app\/uploads\/2023\/12\/EUCSDDD-Infographic-EN-thumbnail-1.png\" width=\"300\" alt=\"\">\r\n                    <\/div>\r\n                                    <\/div>\r\n            <\/div>\r\n        <\/div>\r\n    \n\n            <div class=\"content_section\">\r\n            <div class=\"container\">\r\n                <div class=\"content_wrap\">\r\n                    <div class=\"content_info ogo2\">\r\n                                                <p class=\"title_category\">Video<\/p>\r\n                                                <h2 class=\"title_page\">Schritte zur Einhaltung der EU CS DDD<\/h2>\r\n                                                <div class=\"typical_text\">\r\n                            <p><span lang=\"EN-GB\" data-contrast=\"none\" xml:lang=\"EN-GB\"><span data-ccp-parastyle=\"article-preview_articlepreviewsubheader__ffri1\">Die EU CS DDD erfordert einen methodischen, risikobasierten Ansatz, der auch die allgemeine Nachhaltigkeit Ihrer Organisation verbessern wird. Entschuldigen Sie, dieser Inhalt steht bisher nicht auf Deutsch zur Verf\u00fcgung<\/span><\/span><span data-ccp-props=\"{\"134233117\":false,\"134233118\":false,\"335559738\":300,\"335559739\":810}\"> <\/span><\/p>\n                        <\/div>\r\n                                                <a class=\"btn btn_big\" href=\"https:\/\/www.achilles.com\/wp\/wp-content\/uploads\/2023\/12\/Achilles-Steps-to-EUCSDDD-compliance-DE-Video.mp4\">Siehe<\/a>\r\n                                            <\/div>\r\n\t\t\t\t\t                    <div class=\"content_media_video\">\r\n                        <video  autoplay muted playsinline loop>\r\n                                        <source src=\"https:\/\/www.achilles.com\/app\/uploads\/2023\/12\/Achilles-Steps-to-EUCSDDD-compliance-DE-Video.mp4\" type=\"video\/mp4\">\r\n\r\n                                    <\/video>\r\n                    <\/div>\r\n                    \t\t\t\t\t\r\n                                    <\/div>\r\n            <\/div>\r\n        <\/div>\r\n    \n\n    <div class=\"content_section bg_grey\">\r\n        <div class=\"container\">\r\n                        <div class=\"description_section\">\r\n                                <p class=\"title_category\">ACHILLES ESG SOLUTIONS<\/p>\r\n                                <h2 class=\"title_section\">ESG-L\u00f6sungen f\u00fcr Lieferkettenrisiken<\/h2>\r\n                                <div class=\"typical_text\">\r\n                    <p>Achilles ist der weltweit f\u00fchrende Experte f\u00fcr globales Risikomanagement in der Lieferkette. Wir arbeiten mit marktf\u00fchrenden Finanz-, Industrie-, Handels- und Regierungsorganisationen zusammen, die seri\u00f6se, detaillierte Analysen und fachkundige Einblicke ben\u00f6tigen, um ein au\u00dfergew\u00f6hnlich hohes Ma\u00df an Vertrauen in die Berichterstattung nach dem Leiferkettengesetz zu gew\u00e4hrleisten.<\/p>\n                <\/div>\r\n                            <\/div>\r\n                        <div class=\"features_wrap features_four\">\r\n                                <div class=\"feature_item\">\r\n                                        <div class=\"feature_item_icon\">\r\n                        <img decoding=\"async\" src=\"https:\/\/www.achilles.com\/app\/uploads\/2023\/09\/icon_common-file-text-check.png\" alt=\"\">\r\n                    <\/div>\r\n                                        <h3 class=\"feature_item_name\">Pr\u00e4qualifiziertes Lieferantennetz<\/h3>\r\n                                        <div class=\"typical_text\">\r\n                        <p>Greifen Sie auf eine umfangreiche Datenbank mit vorqualifizierten Lieferanten zu, die die f\u00fcr Sie relevanten ESG- und Beschaffungsvorschriften erf\u00fcllen.<\/p>\n                    <\/div>\r\n                                        <a class=\"btn\" aria-label=\"Pr\u00e4qualifiziertes Lieferantennetz - Mehr erfahren\" href=\"https:\/\/www.achilles.com\/de\/vorqualifiziertes-lieferantennetzwerk\/\">Mehr erfahren<\/a>\r\n                                    <\/div>\r\n                                <div class=\"feature_item\">\r\n                                        <div class=\"feature_item_icon\">\r\n                        <img decoding=\"async\" src=\"https:\/\/www.achilles.com\/app\/uploads\/2023\/09\/icon_user-network-1.png\" alt=\"on site audits\">\r\n                    <\/div>\r\n                                        <h3 class=\"feature_item_name\">ESG-Due-Diligence in der Lieferkette<\/h3>\r\n                                        <div class=\"typical_text\">\r\n                        <p>Die einzigartig strenge Validierung von Achilles ist der beste Weg, um die Einhaltung des Lieferkettengesetzes zu erreichen.<\/p>\n                    <\/div>\r\n                                        <a class=\"btn\" aria-label=\"ESG-Due-Diligence in der Lieferkette - Mehr erfahren\" href=\"https:\/\/www.achilles.com\/de\/lieferketten-due-diligence\/\">Mehr erfahren<\/a>\r\n                                    <\/div>\r\n                                <div class=\"feature_item\">\r\n                                        <div class=\"feature_item_icon\">\r\n                        <img decoding=\"async\" src=\"https:\/\/www.achilles.com\/app\/uploads\/2023\/09\/Icon_air-pollution-co2-down-2.png\" alt=\"\">\r\n                    <\/div>\r\n                                        <h3 class=\"feature_item_name\">Kohlenstoffreduzierung<\/h3>\r\n                                        <div class=\"typical_text\">\r\n                        <p><span class=\"contentpasted1\">Das einzige im Vereinigten K\u00f6nigreich akkreditierte ISO14064-1-Zertifizierungssystem <\/span><span class=\"contentpasted2\">das Ihnen helfen soll, Ihren \u00f6kologischen Fu\u00dfabdruck zu messen, zu verwalten und zu verringern.<\/span><\/p>\n                    <\/div>\r\n                                        <a class=\"btn\" aria-label=\"Kohlenstoffreduzierung - Mehr erfahren\" href=\"https:\/\/www.achilles.com\/de\/carbon-management-and-reduction\/\">Mehr erfahren<\/a>\r\n                                    <\/div>\r\n                                <div class=\"feature_item\">\r\n                                        <div class=\"feature_item_icon\">\r\n                        <img decoding=\"async\" src=\"https:\/\/www.achilles.com\/app\/uploads\/2023\/09\/saving-bank-1.png\" alt=\"\">\r\n                    <\/div>\r\n                                        <h3 class=\"feature_item_name\">Zuverl\u00e4ssigkeitserkl\u00e4rung<\/h3>\r\n                                        <div class=\"typical_text\">\r\n                        <p>Umfassende \u00dcberpr\u00fcfung und Validierung von Nachhaltigkeitsaussagen im Zusammenhang mit nachhaltigkeitsbezogenen Darlehen.<\/p>\n                    <\/div>\r\n                                        <a class=\"btn\" aria-label=\"Zuverl\u00e4ssigkeitserkl\u00e4rung - Mehr erfahren\" href=\"\/de\/nachhaltig-finanzieren\/\">Mehr erfahren<\/a>\r\n                                    <\/div>\r\n                            <\/div>\r\n                    <\/div>\r\n    <\/div>\r\n\n\n    <div class=\"content_section\">\r\n        <div class=\"container\">\r\n                        <div class=\"posts_panel\">\r\n                <div class=\"description_section\">\r\n                                        <p class=\"title_category\">ACHILLESFERSE<\/p>\r\n                     \r\n                    <h2 class=\"title_section\">F\u00fcr Sie empfohlen<\/h2>\r\n                                    <\/div>\r\n                            <\/div>\r\n                                    <div class=\"posts_wrap\">\r\n                                <div class=\"post_item\">\r\n                    <div class=\"post_item_top\">\r\n                                                <a class=\"post_item_img\" href=\"https:\/\/www.achilles.com\/de\/einblicke-branche\/selber-machen-oder-zusammenarbeiten\/\">\r\n                            <img decoding=\"async\" src=\"https:\/\/www.achilles.com\/app\/uploads\/2023\/12\/AdobeStock_668973942-scaled.jpeg\" alt=\"KI-gesteuertes Supply Chain Management &#8211; In-House vs. ausgelagerte L\u00f6sungen\">\r\n                        <\/a>\r\n                                                <ul class=\"post_item_categories\">\r\n                                                        <li>Artikel<\/li>\r\n                                                        <li>Einblicke in die Branche<\/li>\r\n                                                    <\/ul>\r\n                    <\/div>\r\n                    <a class=\"post_item_name\" href=\"https:\/\/www.achilles.com\/de\/einblicke-branche\/selber-machen-oder-zusammenarbeiten\/\">KI-gesteuertes Supply Chain Management &#8211; In-House vs. ausgelagerte L\u00f6sungen<\/a>\r\n                <\/div>\r\n                                <div class=\"post_item\">\r\n                    <div class=\"post_item_top\">\r\n                                                <a class=\"post_item_img\" href=\"https:\/\/www.achilles.com\/de\/das-omnibus-paket-mehr-eu-ungewissheit\/\">\r\n                            <img decoding=\"async\" src=\"https:\/\/www.achilles.com\/app\/uploads\/2024\/08\/AdobeStock_334037445_Editorial_Use_Only-scaled.jpeg\" alt=\"Das Omnibus-Paket: Mehr EU-Ungewissheit\">\r\n                        <\/a>\r\n                                                <ul class=\"post_item_categories\">\r\n                                                        <li>Artikel<\/li>\r\n                                                        <li>Einblicke in die Branche<\/li>\r\n                                                    <\/ul>\r\n                    <\/div>\r\n                    <a class=\"post_item_name\" href=\"https:\/\/www.achilles.com\/de\/das-omnibus-paket-mehr-eu-ungewissheit\/\">Das Omnibus-Paket: Mehr EU-Ungewissheit<\/a>\r\n                <\/div>\r\n                                <div class=\"post_item\">\r\n                    <div class=\"post_item_top\">\r\n                                                <a class=\"post_item_img\" href=\"https:\/\/www.achilles.com\/de\/einblicke-branche\/hamburg-stimmt-fuer-netto-null-2040-beschleunigte-klimaambitionen-und-der-reality-check-der-lieferkette\/\">\r\n                            <img decoding=\"async\" src=\"https:\/\/www.achilles.com\/app\/uploads\/2025\/10\/wolfgang-weiser-WQLhHi01gCY-unsplash.jpg\" alt=\"Hamburg stimmt f\u00fcr Netto-Null 2040: Beschleunigte Klimaambitionen und der Reality Check der Lieferkette\">\r\n                        <\/a>\r\n                                                <ul class=\"post_item_categories\">\r\n                                                        <li>Artikel<\/li>\r\n                                                    <\/ul>\r\n                    <\/div>\r\n                    <a class=\"post_item_name\" href=\"https:\/\/www.achilles.com\/de\/einblicke-branche\/hamburg-stimmt-fuer-netto-null-2040-beschleunigte-klimaambitionen-und-der-reality-check-der-lieferkette\/\">Hamburg stimmt f\u00fcr Netto-Null 2040: Beschleunigte Klimaambitionen und der Reality Check der Lieferkette<\/a>\r\n                <\/div>\r\n                            <\/div>\r\n                    <\/div>\r\n    <\/div>\r\n\n\n            <div class=\"content_section bg_grey\">\r\n            <div class=\"container\">\r\n                <div class=\"content_wrap\">\r\n                    <div class=\"content_info ogo2\">\r\n                                                <h2 class=\"title_page\">5 Gr\u00fcnde f\u00fcr den Einsatz von Achilles f\u00fcr die Due Diligence in der Lieferkette<\/h2>\r\n                                                <h5 class=\"title_small\">Weltweit f\u00fchrendes ESG-Lieferkettenmanagement und Compliance<\/h5>\r\n                                                <div class=\"typical_text\">\r\n                            <p><span lang=\"EN-GB\" xml:lang=\"EN-GB\" data-contrast=\"none\">Erfahren Sie mehr \u00fcber die Zusammenarbeit mit Achilles, und erleben Sie, wie die Belastung durch das Risikomanagement in der Lieferkette abnimmt und die Zuverl\u00e4ssigkeit Ihrer Berichterstattung zunimmt.<\/span><\/p>\n                        <\/div>\r\n                                                <a class=\"btn btn_big\" href=\"\/de\/industry-insights\/5-gruende-warum-ihr-unternehmen-bei-der-lieferkettengesetz-compliance-auf-achilles-vertrauen-sollte\/\">Lesen Sie<\/a>\r\n                                            <\/div>\r\n\t\t\t\t\t\t\t\t\t\t\r\n                                        <div class=\"content_media\">\r\n                        <img decoding=\"async\" src=\"https:\/\/www.achilles.com\/app\/uploads\/2023\/09\/AdobeStock_555958628.png\" width=\"300\" alt=\"Carbon emissions\">\r\n                    <\/div>\r\n                                    <\/div>\r\n            <\/div>\r\n        <\/div>\r\n    \n\n    <div class=\"request_section\" id=\"getintouch\">\r\n        <div class=\"contact_bg\">\r\n                        <img decoding=\"async\" src=\"https:\/\/www.achilles.com\/app\/uploads\/2023\/06\/AdobeStock_597633716-scaled-1.jpeg\" alt=\"EU-Flagge als Symbol daf\u00fcr, wie Achilles Unternehmen bei der Einhaltung der EU-Nachhaltigkeitsvorschriften unterst\u00fctzt\">\r\n                    <\/div>\r\n        <div class=\"container\">\r\n            <div class=\"request_inner\">\r\n                                <div class=\"request_wrapper\">\r\n                <h2 class=\"title_section\">Kontakt aufnehmen<\/h2>\r\n                <\/div>\r\n                                <div class=\"request_box\">\r\n                                        <h5 class=\"contact_content_subtitle\">Kontaktieren Sie uns, um Ihre ESG-Anforderungen an die Lieferkette zu besprechen<\/h5>\r\n                    <script charset=\"utf-8\" type=\"text\/javascript\" src=\"\/\/js.hsforms.net\/forms\/embed\/v2.js\"><\/script><script>hbspt.forms.create({\n    region: \"na1\",\n    portalId: \"5387762\",\n    formId: \"a23cf73a-36bd-433c-a1d8-4acd8b05b928\"\n  });\n<\/script>                <\/div>\r\n            <\/div>\r\n        <\/div>\r\n    <\/div>\r\n\r\n","protected":false},"excerpt":{"rendered":"","protected":false},"author":2,"featured_media":0,"parent":0,"menu_order":0,"comment_status":"closed","ping_status":"closed","template":"","meta":{"_acf_changed":false,"content-type":"","footnotes":""},"class_list":["post-23896","page","type-page","status-publish","hentry"],"acf":[],"_links":{"self":[{"href":"https:\/\/www.achilles.com\/de\/wp-json\/wp\/v2\/pages\/23896","targetHints":{"allow":["GET"]}}],"collection":[{"href":"https:\/\/www.achilles.com\/de\/wp-json\/wp\/v2\/pages"}],"about":[{"href":"https:\/\/www.achilles.com\/de\/wp-json\/wp\/v2\/types\/page"}],"author":[{"embeddable":true,"href":"https:\/\/www.achilles.com\/de\/wp-json\/wp\/v2\/users\/2"}],"replies":[{"embeddable":true,"href":"https:\/\/www.achilles.com\/de\/wp-json\/wp\/v2\/comments?post=23896"}],"version-history":[{"count":0,"href":"https:\/\/www.achilles.com\/de\/wp-json\/wp\/v2\/pages\/23896\/revisions"}],"wp:attachment":[{"href":"https:\/\/www.achilles.com\/de\/wp-json\/wp\/v2\/media?parent=23896"}],"curies":[{"name":"wp","href":"https:\/\/api.w.org\/{rel}","templated":true}]}}