{"id":23748,"date":"2023-09-28T15:57:10","date_gmt":"2023-09-28T14:57:10","guid":{"rendered":"https:\/\/uat.achilles.com\/carbon-management-and-reduction\/"},"modified":"2023-12-07T02:54:58","modified_gmt":"2023-12-06T23:54:58","slug":"kohlenstoffmanagement-und-reduzierung","status":"publish","type":"page","link":"https:\/\/www.achilles.com\/de\/carbon-management-and-reduction\/","title":{"rendered":"Kohlenstoffmanagement und -reduzierung"},"content":{"rendered":"    <div class=\"top_section\">\n        <div class=\"container\">\n            <div class=\"top_info half\">\n                                    <h1 class=\"top_title\">Ergreife Ma\u00dfnahmen, um deine Kohlenstoffemissionen zu reduzieren und einen positiven Einfluss zu haben<\/h1>\n                                    <div class=\"top_text large_text\">\n                        <p>Achilles bietet ein komplettes Kohlenstoffmanagementprogramm, mit dem du auf jedem Markt und gegen\u00fcber jeder Interessengruppe vertrauensvoll Aussagen zur Kohlenstoffreduktion machen kannst.<\/p>\n                    <\/div>\n                                    <div class=\"top_buttons\">\n                                                    <a class=\"btn btn_big\" href=\"\/#Get-in-touch\">Buche eine kostenlose Kohlenstoffberatung<\/a>\n                                            <\/div>\n                            <\/div>\n        <\/div>\n        <div class=\"top_media\">\n\t\t\t        <\/div>\n    <\/div>\n\n\n            <div class=\"content_section\">\r\n            <div class=\"container\">\r\n                <div class=\"content_wrap right\">\r\n                    <div class=\"content_info ogo2\">\r\n                                                <p class=\"title_category\">DIE HERAUSFORDERUNG<\/p>\r\n                                                <h2 class=\"title_page\">Reduzierung der Treibhausgasemissionen<\/h2>\r\n                                                <div class=\"typical_text\">\r\n                            <p>Da Umweltbelange immer mehr an Bedeutung gewinnen, m\u00fcssen Organisationen zunehmend nachweisen, dass sie nachhaltig arbeiten. Die Achilles-L\u00f6sung zur Kohlenstoffreduzierung orientiert sich an ISO 14064-1, TCFD, SBTi und CDP, misst und reduziert unabh\u00e4ngig deinen Kohlenstoff-Fu\u00dfabdruck und erf\u00fcllt alle deine Verpflichtungen zur Offenlegung von Kohlenstoff, einschlie\u00dflich der Anforderungen f\u00fcr nachhaltigkeitsbezogene Kredite.<\/p>\n                        <\/div>\r\n                                                <a class=\"btn btn_big\" href=\"\/contact-us\">Los geht&#8217;s<\/a>\r\n                                            <\/div>\r\n\t\t\t\t\t\t\t\t\t\t\r\n                                    <\/div>\r\n            <\/div>\r\n        <\/div>\r\n    \n\n    <div class=\"content_section bg_grey\">\r\n        <div class=\"container\">\r\n                        <div class=\"description_section\">\r\n                                <p class=\"title_category\">WAS WIR TUN<\/p>\r\n                                <h2 class=\"title_section\">Achilles L\u00f6sungen f\u00fcr das Kohlenstoffmanagement<\/h2>\r\n                                <div class=\"typical_text\">\r\n                    <p class=\"p1\">Achilles hilft Organisationen dabei, ihren CO2-Fu\u00dfabdruck zu reduzieren und sowohl freiwillige als auch gesetzliche Anforderungen zu erf\u00fcllen, indem es ihnen wissenschaftlich fundierte Instrumente, Dokumentationen, Ma\u00dfnahmen, Unterst\u00fctzung und Nachweise zur Verf\u00fcgung stellt, die sie ben\u00f6tigen, um echte Fortschritte in Richtung einer Netto-Null-Umstellung zu machen.<\/p>\n                <\/div>\r\n                            <\/div>\r\n                        <div class=\"features_wrap\">\r\n                                <div class=\"feature_item\">\r\n                                        <div class=\"feature_item_icon\">\r\n                        <img decoding=\"async\" src=\"https:\/\/www.achilles.com\/app\/uploads\/2023\/09\/air-pollution-co2.png\" alt=\"\">\r\n                    <\/div>\r\n                                        <h3 class=\"feature_item_name\">Kohlenstoffmanagement in der Lieferkette<\/h3>\r\n                                        <div class=\"typical_text\">\r\n                        <p>Erfasse Daten direkt von deinen Lieferanten und verfolge die Leistung im Laufe der Zeit.<\/p>\n                    <\/div>\r\n                                    <\/div>\r\n                                <div class=\"feature_item\">\r\n                                        <div class=\"feature_item_icon\">\r\n                        <img decoding=\"async\" src=\"https:\/\/www.achilles.com\/app\/uploads\/2023\/09\/cursor-target.png\" alt=\"\">\r\n                    <\/div>\r\n                                        <h3 class=\"feature_item_name\">Carbon Reduce Scheme<\/h3>\r\n                                        <div class=\"typical_text\">\r\n                        <p>Gehe weiter. Messung aller Emissionen nach ISO 14064-1 und dem WRI THG-Protokoll, einschlie\u00dflich Fahrzeuge, Gesch\u00e4ftsreisen, Kraftstoff und Strom, Papier und Abfall, mit der Option, alle f\u00fcnfzehn Unterkategorien von Scope 3 einzubeziehen.<\/p>\n<p>&nbsp;<\/p>\n                    <\/div>\r\n                                    <\/div>\r\n                                <div class=\"feature_item\">\r\n                                        <div class=\"feature_item_icon\">\r\n                        <img decoding=\"async\" src=\"https:\/\/www.achilles.com\/app\/uploads\/2023\/09\/certificate-authentication-document-badge-check-1.png\" alt=\"\">\r\n                    <\/div>\r\n                                        <h3 class=\"feature_item_name\">Zuverl\u00e4ssigkeitserkl\u00e4rung<\/h3>\r\n                                        <div class=\"typical_text\">\r\n                        <p>Zeige Kreditgebern und anderen Interessengruppen deine Leistung anhand von ESG-KPIs und Nachhaltigkeitszielen (SPTs) deutlich auf, um nachhaltigkeitsgebundene Kredite zu unterst\u00fctzen.<\/p>\n                    <\/div>\r\n                                    <\/div>\r\n                            <\/div>\r\n                    <\/div>\r\n    <\/div>\r\n\n\n            <div class=\"hero_section\">\r\n           <div class=\"hero_media\">\r\n                            <\/div>\r\n            <div class=\"container\">\r\n                <div class=\"hero_wrapper\">\r\n                    <div class=\"hero_info\">\r\n                                                <h2 class=\"title_section\">Bis zu 50% Erm\u00e4\u00dfigung<\/h2>\r\n                                                <div class=\"typical_text middle_text\">\r\n                            <p>Im Durchschnitt k\u00f6nnen Kunden, die das Achilles Carbon Reduce Programm einsetzen, damit rechnen, dass sie innerhalb von drei bis vier Jahren 30 % und innerhalb von f\u00fcnf bis sechs Jahren 50 % ihres Kohlenstoffverbrauchs reduzieren k\u00f6nnen.<\/p>\r\n                        <\/div>\r\n                                                <div class=\"content_buttons\">\r\n                                                        <a class=\"btn btn_big\" aria-label=\" - Mehr erfahren\" href=\"\/industry-insights\/\">Mehr erfahren<\/a>\r\n                                                    <\/div>\r\n                                            <\/div>\r\n                <\/div>\r\n            <\/div>\r\n        <\/div>\r\n    \n\n    <div class=\"content_section\">\r\n        <div class=\"container\">\r\n                        <div class=\"posts_panel\">\r\n                <div class=\"description_section\">\r\n                                        <p class=\"title_category\">Kundengeschichten<\/p>\r\n                     \r\n                    <h2 class=\"title_section\">F\u00fcr Sie empfohlen<\/h2>\r\n                                    <\/div>\r\n                            <\/div>\r\n                                    <div class=\"posts_wrap\">\r\n                                <div class=\"post_item\">\r\n                    <div class=\"post_item_top\">\r\n                                                <a class=\"post_item_img\" href=\"https:\/\/www.achilles.com\/de\/einblicke-branche\/aufbau-eines-skalierbaren-nachhaltigen-und-resilienten-rechenzentrums-baunetzwerks\/\">\r\n                            <img decoding=\"async\" src=\"https:\/\/www.achilles.com\/app\/uploads\/2026\/03\/Achilles-Google-Supply-Chain-Risk-banner.png\" alt=\"Aufbau eines skalierbaren, nachhaltigen und resilienten Rechenzentrums-Baunetzwerks\">\r\n                        <\/a>\r\n                                                <ul class=\"post_item_categories\">\r\n                                                        <li>Einblicke in die Branche<\/li>\r\n                                                        <li>Fallstudien<\/li>\r\n                                                    <\/ul>\r\n                    <\/div>\r\n                    <a class=\"post_item_name\" href=\"https:\/\/www.achilles.com\/de\/einblicke-branche\/aufbau-eines-skalierbaren-nachhaltigen-und-resilienten-rechenzentrums-baunetzwerks\/\">Aufbau eines skalierbaren, nachhaltigen und resilienten Rechenzentrums-Baunetzwerks<\/a>\r\n                <\/div>\r\n                                <div class=\"post_item\">\r\n                    <div class=\"post_item_top\">\r\n                                                <a class=\"post_item_img\" href=\"https:\/\/www.achilles.com\/de\/einblicke-branche\/wie-das-engagement-von-lieferanten-die-nachhaltigkeit-in-maritimen-lieferketten-beeinflusst\/\">\r\n                            <img decoding=\"async\" src=\"https:\/\/www.achilles.com\/app\/uploads\/2025\/01\/Maritime.png\" alt=\"Wie das Engagement von Lieferanten die Nachhaltigkeit in maritimen Lieferketten beeinflusst\">\r\n                        <\/a>\r\n                                                <ul class=\"post_item_categories\">\r\n                                                        <li>Einblicke in die Branche<\/li>\r\n                                                        <li>Fallstudien<\/li>\r\n                                                    <\/ul>\r\n                    <\/div>\r\n                    <a class=\"post_item_name\" href=\"https:\/\/www.achilles.com\/de\/einblicke-branche\/wie-das-engagement-von-lieferanten-die-nachhaltigkeit-in-maritimen-lieferketten-beeinflusst\/\">Wie das Engagement von Lieferanten die Nachhaltigkeit in maritimen Lieferketten beeinflusst<\/a>\r\n                <\/div>\r\n                                <div class=\"post_item\">\r\n                    <div class=\"post_item_top\">\r\n                                                <a class=\"post_item_img\" href=\"https:\/\/www.achilles.com\/de\/einblicke-branche\/stadtwerke-solingen-mit-achilles-das-beschaffungsmanagement-neu-definieren\/\">\r\n                            <img decoding=\"async\" src=\"https:\/\/www.achilles.com\/app\/uploads\/2025\/02\/elektrotankstelle-stadtwerke-solingen-smart.jpg\" alt=\"Stadtwerke Solingen: Mit Achilles das Beschaffungsmanagement neu definieren\">\r\n                        <\/a>\r\n                                                <ul class=\"post_item_categories\">\r\n                                                        <li>Einblicke in die Branche<\/li>\r\n                                                        <li>Fallstudien<\/li>\r\n                                                    <\/ul>\r\n                    <\/div>\r\n                    <a class=\"post_item_name\" href=\"https:\/\/www.achilles.com\/de\/einblicke-branche\/stadtwerke-solingen-mit-achilles-das-beschaffungsmanagement-neu-definieren\/\">Stadtwerke Solingen: Mit Achilles das Beschaffungsmanagement neu definieren<\/a>\r\n                <\/div>\r\n                            <\/div>\r\n                    <\/div>\r\n    <\/div>\r\n\n\n    <div class=\"content_section\">\r\n        <div class=\"container\">\r\n                        <div class=\"tools_description\">\r\n                                <p class=\"title_category\">UMFASSEND UND RIGOROS<\/p>\r\n                                <h2 class=\"title_section\">Ein vollst\u00e4ndiges Kohlenstoffmanagementprogramm<\/h2>\r\n                                <div class=\"typical_text\">\r\n                    <p class=\"p2\">Wir arbeiten mit dir zusammen, um den Umfang deines Programms auf der Grundlage der relevanten Vorschriften und Kohlenstoffziele festzulegen. Wichtig ist, dass wir alle Kohlenstoffmess- und -managementaktivit\u00e4ten ber\u00fccksichtigen, die du bereits durchgef\u00fchrt hast, damit du nicht zweimal daf\u00fcr bezahlen musst.<\/p>\n                <\/div>\r\n                            <\/div>\r\n                        <div class=\"tools_wrap tabs_section\">\r\n                <div class=\"tools_tabs tabs_buttons\">\r\n                                        <div class=\"tools_btn tab_btn current\" data-tab=\"1\">\r\n                        <span>Ma\u00dfnahme<\/span>\r\n                        <span class=\"tools_btn_arrow icon-Chevron-Right\"><\/span>\r\n                    <\/div>\r\n                                        <div class=\"tools_btn tab_btn\" data-tab=\"2\">\r\n                        <span>Verwalte<\/span>\r\n                        <span class=\"tools_btn_arrow icon-Chevron-Right\"><\/span>\r\n                    <\/div>\r\n                                        <div class=\"tools_btn tab_btn\" data-tab=\"3\">\r\n                        <span>\u00dcberpr\u00fcfe<\/span>\r\n                        <span class=\"tools_btn_arrow icon-Chevron-Right\"><\/span>\r\n                    <\/div>\r\n                                        <div class=\"tools_btn tab_btn\" data-tab=\"4\">\r\n                        <span>Entsch\u00e4rfe<\/span>\r\n                        <span class=\"tools_btn_arrow icon-Chevron-Right\"><\/span>\r\n                    <\/div>\r\n                                        <div class=\"tools_btn tab_btn\" data-tab=\"5\">\r\n                        <span>Offenlegen<\/span>\r\n                        <span class=\"tools_btn_arrow icon-Chevron-Right\"><\/span>\r\n                    <\/div>\r\n                                        <div class=\"tools_btn tab_btn\" data-tab=\"6\">\r\n                        <span>Monitor<\/span>\r\n                        <span class=\"tools_btn_arrow icon-Chevron-Right\"><\/span>\r\n                    <\/div>\r\n                                    <\/div>\r\n                <div class=\"tools_content\">\r\n                                        <div class=\"tool_container tab_container tab_container_1 active\">\r\n                        <div class=\"typical_text\">\r\n                            <p class=\"p1\">Achilles bietet Werkzeuge zur Messung aller Emissionen nach ISO 14064-1 und dem WRI GHG-Protokoll, einschlie\u00dflich Fahrzeuge, Gesch\u00e4ftsreisen, Kraftstoff und Strom, Papier und Abfall, mit der Option f\u00fcr Unternehmen, die gesamte Wertsch\u00f6pfungskette aller f\u00fcnfzehn Unterkategorien von Scope 3 zu erfassen.<\/p>\n                        <\/div>\r\n                                            <\/div>\r\n                                        <div class=\"tool_container tab_container tab_container_2\">\r\n                        <div class=\"typical_text\">\r\n                            <p class=\"p1\">Achilles bietet umfassende, wissenschaftlich fundierte Anleitungen, Ressourcen, Werkzeuge und Vorlagen, die dich bei der Planung und Umsetzung deines Kohlenstoffreduktionsmanagements unterst\u00fctzen, um das 1,5-Grad-Ziel zu erreichen und die ISO14064-1-Zertifizierung zu erhalten. Wir wissen, dass eine Gr\u00f6\u00dfe nicht f\u00fcr alle passt. Das Programm mit seiner bew\u00e4hrten Erfolgsbilanz wendet bew\u00e4hrte Verfahren an und erm\u00f6glicht unterschiedliche Ans\u00e4tze f\u00fcr verschiedene Arten von Unternehmen, sodass die beste L\u00f6sung f\u00fcr die Kohlenstoffverpflichtungen und -herausforderungen jedes einzelnen Unternehmens gefunden wird und die M\u00f6glichkeiten zur Reduzierung maximiert werden.<\/p>\n                        <\/div>\r\n                                            <\/div>\r\n                                        <div class=\"tool_container tab_container tab_container_3\">\r\n                        <div class=\"typical_text\">\r\n                            <p class=\"p1\">Die qualifizierten, unabh\u00e4ngigen ISO14066 THG-Auditoren von Achilles \u00fcberpr\u00fcfen, ob das Inventar den internationalen Normen ISO14064 Teil 1 und Teil 3 entspricht, mit der Option einer vollst\u00e4ndigen ISO14064-1-Zertifizierung.<\/p>\n                        <\/div>\r\n                                            <\/div>\r\n                                        <div class=\"tool_container tab_container tab_container_4\">\r\n                        <div class=\"typical_text\">\r\n                            <p class=\"p1\">Unternehmen haben die M\u00f6glichkeit, unvermeidbare Treibhausgasemissionen auszugleichen, um klimaneutral zu werden. Kohlenstoffgutschriften erm\u00f6glichen es Einzelpersonen, Organisationen und Gemeinden, die Waage auf dem Weg zur Reduktion auszugleichen, aber nicht alle Kohlenstoffkompensationen sind gleich. Die Experten von Achilles begleiten dich durch jeden Schritt der Kohlenstoffinvestitionen und -kompensationen, um sicherzustellen, dass Greenwash-Probleme vermieden werden und die Behauptungen des Unternehmens, es sei &#8222;Net Zero&#8220; oder &#8222;Carbon Neutral&#8220;, robust und glaubw\u00fcrdig sind.<\/p>\n                        <\/div>\r\n                                            <\/div>\r\n                                        <div class=\"tool_container tab_container tab_container_5\">\r\n                        <div class=\"typical_text\">\r\n                            <p class=\"p1\">Das Achilles-Verfahren liefert die von unabh\u00e4ngiger Seite verifizierten Daten, die f\u00fcr eine zuverl\u00e4ssige Berichterstattung \u00fcber Treibhausgasemissionen erforderlich sind, um die gesetzlichen Vorschriften einzuhalten und die Offenlegungsanforderungen von Interessengruppen wie SBTi, CDP und TCFD zu erf\u00fcllen. Der umfassende Bericht von Achilles \u00fcber die Bestandsaufnahme und das Management von Treibhausgasemissionen legt das Emissionsinventar, die Management- und Reduktionspl\u00e4ne sowie ein detailliertes Treibhausgasinventar fest. Wir ermutigen Unternehmen auch, ihre Leistungen mit einem THG-Audit oder einer ISO 14064-1-Zertifizierung zu pr\u00e4sentieren.<\/p>\n                        <\/div>\r\n                                            <\/div>\r\n                                        <div class=\"tool_container tab_container tab_container_6\">\r\n                        <div class=\"typical_text\">\r\n                            <p class=\"p1\">Der j\u00e4hrliche \u00dcberwachungszyklus von Achilles unterst\u00fctzt eine Reise der kontinuierlichen Reduktion, um Unternehmen dabei zu helfen, das Ziel der Begrenzung der globalen Erw\u00e4rmung auf 1,5\u00b0C &#8211; das h\u00f6chste Ziel des Pariser Abkommens &#8211; zu erreichen.<\/p>\n                        <\/div>\r\n                                            <\/div>\r\n                                    <\/div>\r\n            <\/div>\r\n                    <\/div>\r\n    <\/div>\r\n\n\n            <div class=\"content_section bg_grey\">\r\n            <div class=\"container\">\r\n                <div class=\"content_wrap\">\r\n                    <div class=\"content_info ogo2\">\r\n                                                <h2 class=\"title_page\">7 Gr\u00fcnde, Achilles zu w\u00e4hlen<\/h2>\r\n                                                <h5 class=\"title_small\">Weltweit f\u00fchrendes Kohlenstoffmanagement und -reduktion<\/h5>\r\n                                                <div class=\"typical_text\">\r\n                            <p>Erfahre mehr \u00fcber die Zusammenarbeit mit Achilles. Erf\u00fclle die immer strengeren Anforderungen an die Messung und Reduzierung von Kohlenstoff und erstatte zuverl\u00e4ssig Bericht.<\/p>\n                        <\/div>\r\n                                                <a class=\"btn btn_big\" href=\"\/industry-insights\/7-reasons-your-business-should-use-achilles-for-carbon-reduction\/\">Lesen Sie<\/a>\r\n                                            <\/div>\r\n\t\t\t\t\t\t\t\t\t\t\r\n                                        <div class=\"content_media\">\r\n                        <img decoding=\"async\" src=\"https:\/\/www.achilles.com\/app\/uploads\/2023\/09\/AdobeStock_555958628.png\" width=\"400\" alt=\"Carbon emissions\">\r\n                    <\/div>\r\n                                    <\/div>\r\n            <\/div>\r\n        <\/div>\r\n    \n\n    <div class=\"content_section\">\r\n        <div class=\"container\">\r\n                        <div class=\"posts_panel\">\r\n                <div class=\"description_section\">\r\n                                        <p class=\"title_category\">ACHILLES NACHRICHTEN UND EINBLICKE<\/p>\r\n                     \r\n                    <h2 class=\"title_section\">Ressourcen zur Kohlenstoffreduzierung<\/h2>\r\n                                    <\/div>\r\n                            <\/div>\r\n                                    <div class=\"posts_wrap\">\r\n                                <div class=\"post_item\">\r\n                    <div class=\"post_item_top\">\r\n                                                <a class=\"post_item_img\" href=\"https:\/\/www.achilles.com\/de\/einblicke-branche\/hamburg-stimmt-fuer-netto-null-2040-beschleunigte-klimaambitionen-und-der-reality-check-der-lieferkette\/\">\r\n                            <img decoding=\"async\" src=\"https:\/\/www.achilles.com\/app\/uploads\/2025\/10\/wolfgang-weiser-WQLhHi01gCY-unsplash.jpg\" alt=\"Hamburg stimmt f\u00fcr Netto-Null 2040: Beschleunigte Klimaambitionen und der Reality Check der Lieferkette\">\r\n                        <\/a>\r\n                                                <ul class=\"post_item_categories\">\r\n                                                        <li>Artikel<\/li>\r\n                                                    <\/ul>\r\n                    <\/div>\r\n                    <a class=\"post_item_name\" href=\"https:\/\/www.achilles.com\/de\/einblicke-branche\/hamburg-stimmt-fuer-netto-null-2040-beschleunigte-klimaambitionen-und-der-reality-check-der-lieferkette\/\">Hamburg stimmt f\u00fcr Netto-Null 2040: Beschleunigte Klimaambitionen und der Reality Check der Lieferkette<\/a>\r\n                <\/div>\r\n                                <div class=\"post_item\">\r\n                    <div class=\"post_item_top\">\r\n                                                <a class=\"post_item_img\" href=\"https:\/\/www.achilles.com\/de\/einblicke-branche\/vom-datensammeln-zur-offenlegung-so-treibt-der-einkauf-die-nachhaltigkeitsberichterstattung-voran\/\">\r\n                            <img decoding=\"async\" src=\"https:\/\/www.achilles.com\/app\/uploads\/2023\/07\/thought-catalog-UK78i6vK3sc-unsplash-scaled-1.jpg\" alt=\"Vom Datensammeln zur Offenlegung: So treibt der Einkauf die Nachhaltigkeitsberichterstattung voran\">\r\n                        <\/a>\r\n                                                <ul class=\"post_item_categories\">\r\n                                                        <li>Artikel<\/li>\r\n                                                        <li>Einblicke in die Branche<\/li>\r\n                                                    <\/ul>\r\n                    <\/div>\r\n                    <a class=\"post_item_name\" href=\"https:\/\/www.achilles.com\/de\/einblicke-branche\/vom-datensammeln-zur-offenlegung-so-treibt-der-einkauf-die-nachhaltigkeitsberichterstattung-voran\/\">Vom Datensammeln zur Offenlegung: So treibt der Einkauf die Nachhaltigkeitsberichterstattung voran<\/a>\r\n                <\/div>\r\n                                <div class=\"post_item\">\r\n                    <div class=\"post_item_top\">\r\n                                                <a class=\"post_item_img\" href=\"https:\/\/www.achilles.com\/de\/einblicke-branche\/wie-achilles-carbon-accounting-unternehmen-dabei-hilft-ihre-co2-ziele-zu-erreichen\/\">\r\n                            <img decoding=\"async\" src=\"https:\/\/www.achilles.com\/app\/uploads\/2025\/06\/Meet-your-carbon-goals_v2.png\" alt=\"Wie Achilles Carbon Accounting Unternehmen dabei hilft, ihre CO2 Ziele zu erreichen\">\r\n                        <\/a>\r\n                                                <ul class=\"post_item_categories\">\r\n                                                        <li>Einblicke in die Branche<\/li>\r\n                                                        <li>Produktaktualisierungen<\/li>\r\n                                                    <\/ul>\r\n                    <\/div>\r\n                    <a class=\"post_item_name\" href=\"https:\/\/www.achilles.com\/de\/einblicke-branche\/wie-achilles-carbon-accounting-unternehmen-dabei-hilft-ihre-co2-ziele-zu-erreichen\/\">Wie Achilles Carbon Accounting Unternehmen dabei hilft, ihre CO2 Ziele zu erreichen<\/a>\r\n                <\/div>\r\n                            <\/div>\r\n                    <\/div>\r\n    <\/div>\r\n\n\n    <div class=\"request_section\">\r\n        <div class=\"contact_bg\">\r\n                        <img decoding=\"async\" src=\"https:\/\/www.achilles.com\/app\/uploads\/2023\/06\/UK-Infrastructure-firms-reduce-carbon-emissions-by-30-scaled-1-1.jpg\" alt=\"\">\r\n                    <\/div>\r\n        <div class=\"container\">\r\n            <div class=\"request_inner\">\r\n                                <div class=\"request_wrapper\">\r\n                <h2 class=\"title_section\">Kontakt aufnehmen<\/h2>\r\n                <\/div>\r\n                                <div class=\"request_box\">\r\n                                        <h5 class=\"contact_content_subtitle\">Kontakt, um Ihre Anforderungen an die ESG-Lieferkette zu besprechen<\/h5>\r\n                    <script charset=\"utf-8\" type=\"text\/javascript\" src=\"\/\/js.hsforms.net\/forms\/embed\/v2.js\"><\/script><script>hbspt.forms.create({\r\n    region: \"na1\",\r\n    portalId: \"5387762\",\r\n    formId: \"a23cf73a-36bd-433c-a1d8-4acd8b05b928\"\r\n  });\r\n<\/script>                <\/div>\r\n            <\/div>\r\n        <\/div>\r\n    <\/div>\r\n\r\n","protected":false},"excerpt":{"rendered":"","protected":false},"author":2,"featured_media":0,"parent":0,"menu_order":0,"comment_status":"closed","ping_status":"closed","template":"","meta":{"_acf_changed":false,"content-type":"","footnotes":""},"class_list":["post-23748","page","type-page","status-publish","hentry"],"acf":[],"_links":{"self":[{"href":"https:\/\/www.achilles.com\/de\/wp-json\/wp\/v2\/pages\/23748","targetHints":{"allow":["GET"]}}],"collection":[{"href":"https:\/\/www.achilles.com\/de\/wp-json\/wp\/v2\/pages"}],"about":[{"href":"https:\/\/www.achilles.com\/de\/wp-json\/wp\/v2\/types\/page"}],"author":[{"embeddable":true,"href":"https:\/\/www.achilles.com\/de\/wp-json\/wp\/v2\/users\/2"}],"replies":[{"embeddable":true,"href":"https:\/\/www.achilles.com\/de\/wp-json\/wp\/v2\/comments?post=23748"}],"version-history":[{"count":0,"href":"https:\/\/www.achilles.com\/de\/wp-json\/wp\/v2\/pages\/23748\/revisions"}],"wp:attachment":[{"href":"https:\/\/www.achilles.com\/de\/wp-json\/wp\/v2\/media?parent=23748"}],"curies":[{"name":"wp","href":"https:\/\/api.w.org\/{rel}","templated":true}]}}