{"id":23241,"date":"2023-09-28T12:53:52","date_gmt":"2023-09-28T11:53:52","guid":{"rendered":"https:\/\/uat.achilles.com\/prequalified-supplier-network\/"},"modified":"2023-12-07T02:17:05","modified_gmt":"2023-12-06T23:17:05","slug":"prequalified-supplier-network","status":"publish","type":"page","link":"https:\/\/www.achilles.com\/de\/vorqualifiziertes-lieferantennetzwerk\/","title":{"rendered":"Vorqualifiziertes Lieferantennetzwerk"},"content":{"rendered":"    <div class=\"top_section\">\n        <div class=\"container\">\n            <div class=\"top_info half\">\n                                    <h1 class=\"top_title\">Reduzieren Sie ESG-Lieferantenrisiken und verbessern Sie die Agilit\u00e4t der Lieferkette.<\/h1>\n                                    <div class=\"top_text large_text\">\n                        <p>Achilles ist das weltweit streng vorqualifizierte globale Lieferantennetzwerk. Unsere umfassende \u00dcberpr\u00fcfung und Verifizierung von Lieferanten macht uns zur ersten Wahl f\u00fcr Organisationen, die es ernst meinen mit der Verbesserung von ESG-Standards, der Optimierung der Beschaffung und der Reduzierung von End-to-End-Lieferkettenrisiken.<\/p>\n                    <\/div>\n                                    <div class=\"top_buttons\">\n                                                    <a class=\"btn btn_big\" href=\"\/de\/kontaktiere-uns\">Sprechen Sie mit uns<\/a>\n                                            <\/div>\n                            <\/div>\n        <\/div>\n        <div class=\"top_media\">\n\t\t\t        <\/div>\n    <\/div>\n\n\n            <div class=\"content_section\">\r\n            <div class=\"container\">\r\n                <div class=\"content_wrap right\">\r\n                    <div class=\"content_info ogo2\">\r\n                                                <p class=\"title_category\">DIE HERAUSFORDERUNG<\/p>\r\n                                                <h2 class=\"title_page\">Beispielloses Ma\u00df an Vertrauen in der Lieferkette<\/h2>\r\n                                                <div class=\"typical_text\">\r\n                            <p>Unsere hochqualifizierten Validatoren und Auditoren f\u00fchren Sorgfaltspflichten durch und bieten Einblicke, um sicherzustellen, dass Lieferanten die h\u00f6chsten Standards in den Bereichen ESG, Nachhaltigkeit, Menschenrechte und Gesundheit und Sicherheit erf\u00fcllen.<\/p>\n                        <\/div>\r\n                                                <a class=\"btn btn_big\" href=\"\/de\/kontaktiere-uns\">Starten Sie<\/a>\r\n                                            <\/div>\r\n\t\t\t\t\t\t\t\t\t\t\r\n                                    <\/div>\r\n            <\/div>\r\n        <\/div>\r\n    \n\n    <div class=\"content_section bg_grey\">\r\n        <div class=\"container\">\r\n                        <div class=\"description_section\">\r\n                                <p class=\"title_category\">WAS WIR TUN<\/p>\r\n                                <h2 class=\"title_section\">Wir verbinden K\u00e4ufer mit global vorqualifizierten Lieferanten.<\/h2>\r\n                                <div class=\"typical_text\">\r\n                    <p>Achilles ist der weltweit f\u00fchrende Experte f\u00fcr das Risikomanagement in der globalen Lieferkette. Wir arbeiten mit f\u00fchrenden Finanz-, Industrie-, Handels- und Regierungsorganisationen zusammen, die eine ernsthafte, detaillierte Analyse und fachkundige Einblicke ben\u00f6tigen, um au\u00dfergew\u00f6hnliche Sicherheit bei der Lieferkettengesetz-Berichterstattung zu gew\u00e4hrleisten.<\/p>\n                <\/div>\r\n                            <\/div>\r\n                        <div class=\"features_wrap\">\r\n                                <div class=\"feature_item\">\r\n                                        <div class=\"feature_item_icon\">\r\n                        <img decoding=\"async\" src=\"https:\/\/www.achilles.com\/app\/uploads\/2023\/09\/currency-dollar-decrease.png\" alt=\"\">\r\n                    <\/div>\r\n                                        <h3 class=\"feature_item_name\">Kosteneffektive Beschaffung<\/h3>\r\n                                        <div class=\"typical_text\">\r\n                        <p>Sparen Sie bis zu 80 % bei der unternehmensinternen Lieferantenbeschaffung und -verifizierung.<\/p>\n                    <\/div>\r\n                                    <\/div>\r\n                                <div class=\"feature_item\">\r\n                                        <div class=\"feature_item_icon\">\r\n                        <img decoding=\"async\" src=\"https:\/\/www.achilles.com\/app\/uploads\/2023\/09\/shield-globe.png\" alt=\"\">\r\n                    <\/div>\r\n                                        <h3 class=\"feature_item_name\">Schutz vor Lieferkettenrisiken<\/h3>\r\n                                        <div class=\"typical_text\">\r\n                        <p>Verstehen Sie Ihre Beschaffungsrisiken und f\u00f6rdern Sie die Leistungsverbesserung mit dem leistungsstarken ESG-Bewertungssystem von Achilles.<\/p>\n                    <\/div>\r\n                                    <\/div>\r\n                                <div class=\"feature_item\">\r\n                                        <div class=\"feature_item_icon\">\r\n                        <img decoding=\"async\" src=\"https:\/\/www.achilles.com\/app\/uploads\/2023\/09\/organic-seedling-growth.png\" alt=\"\">\r\n                    <\/div>\r\n                                        <h3 class=\"feature_item_name\">Greifbare ESG-Verbesserung<\/h3>\r\n                                        <div class=\"typical_text\">\r\n                        <p>Akzeptieren Sie kein Greenwashing. Erreichen Sie Ihre ehrgeizigsten Nachhaltigkeitsziele mit der systematischen, mehrstufigen Lieferantenvalidierung von Achilles.<\/p>\n                    <\/div>\r\n                                    <\/div>\r\n                            <\/div>\r\n                    <\/div>\r\n    <\/div>\r\n\n\n            <div class=\"hero_section\">\r\n           <div class=\"hero_media\">\r\n                            <\/div>\r\n            <div class=\"container\">\r\n                <div class=\"hero_wrapper\">\r\n                    <div class=\"hero_info\">\r\n                                                <h2 class=\"title_section\">Achilles hilft Agbar, die Qualit\u00e4t zu steigern und das Risiko zu reduzieren.<\/h2>\r\n                                                <div class=\"typical_text middle_text\">\r\n                            <p>Ein spezifisches ESG-Modul und ein Nachhaltigkeitsfragebogen helfen uns wirklich dabei, nachhaltige Beschaffung zu managen und potenzielle Lieferanten zu identifizieren.\r\n<p> Sandra Reche, Supplier Risk &#038; DS, Agbar<\/p>\r\n                        <\/div>\r\n                                                <div class=\"content_buttons\">\r\n                                                        <a class=\"btn btn_big\" aria-label=\" - Erfahren Sie mehr\" href=\"\/industry-insights\/repro-helps-agbar-boost-quality-and-reduce-risk\">Erfahren Sie mehr<\/a>\r\n                                                    <\/div>\r\n                                            <\/div>\r\n                <\/div>\r\n            <\/div>\r\n        <\/div>\r\n    \n\n    <div class=\"content_section\">\r\n        <div class=\"container\">\r\n                        <div class=\"tools_description\">\r\n                                <p class=\"title_category\">UMFASSEND UND STRENG<\/p>\r\n                                <h2 class=\"title_section\">Weltweit f\u00fchrende Dienstleistungen f\u00fcr ethische und nachhaltige Beschaffung<\/h2>\r\n                                <div class=\"typical_text\">\r\n                    <p>Achilles verbindet die Besten jeder Branche und setzt sich kontinuierlich f\u00fcr bessere Praktiken ein, um letztendlich sicherere, ethischere und nachhaltigere Lieferketten zu schaffen.<\/p>\n                <\/div>\r\n                            <\/div>\r\n                        <div class=\"tools_wrap tabs_section\">\r\n                <div class=\"tools_tabs tabs_buttons\">\r\n                                        <div class=\"tools_btn tab_btn current\" data-tab=\"1\">\r\n                        <span>Breite der L\u00f6sung<\/span>\r\n                        <span class=\"tools_btn_arrow icon-Chevron-Right\"><\/span>\r\n                    <\/div>\r\n                                        <div class=\"tools_btn tab_btn\" data-tab=\"2\">\r\n                        <span>Tiefe der L\u00f6sung und verwalteter Service<\/span>\r\n                        <span class=\"tools_btn_arrow icon-Chevron-Right\"><\/span>\r\n                    <\/div>\r\n                                        <div class=\"tools_btn tab_btn\" data-tab=\"3\">\r\n                        <span>Kontinuierliches Lieferantenmonitoring<\/span>\r\n                        <span class=\"tools_btn_arrow icon-Chevron-Right\"><\/span>\r\n                    <\/div>\r\n                                        <div class=\"tools_btn tab_btn\" data-tab=\"4\">\r\n                        <span>Einzigartige globale Verifizierungs- und Auditf\u00e4higkeiten<\/span>\r\n                        <span class=\"tools_btn_arrow icon-Chevron-Right\"><\/span>\r\n                    <\/div>\r\n                                        <div class=\"tools_btn tab_btn\" data-tab=\"5\">\r\n                        <span>Achilles ESG Score<\/span>\r\n                        <span class=\"tools_btn_arrow icon-Chevron-Right\"><\/span>\r\n                    <\/div>\r\n                                        <div class=\"tools_btn tab_btn\" data-tab=\"6\">\r\n                        <span>Ma\u00dfgeschneiderter RFI-Prozess<\/span>\r\n                        <span class=\"tools_btn_arrow icon-Chevron-Right\"><\/span>\r\n                    <\/div>\r\n                                        <div class=\"tools_btn tab_btn\" data-tab=\"7\">\r\n                        <span>Vorteile f\u00fcr Lieferanten<\/span>\r\n                        <span class=\"tools_btn_arrow icon-Chevron-Right\"><\/span>\r\n                    <\/div>\r\n                                    <\/div>\r\n                <div class=\"tools_content\">\r\n                                        <div class=\"tool_container tab_container tab_container_1 active\">\r\n                        <div class=\"typical_text\">\r\n                            <p>Wir decken die breiteste Palette von Themenbereichen ab, um das Risiko von Lieferanten zu bewerten, einschlie\u00dflich aller Nachhaltigkeitsanforderungen. Das Modell von Achilles umfasst Bereiche wie Umwelt &amp; Nachhaltigkeit, Qualit\u00e4t, Governance \u2013 einschlie\u00dflich Gesch\u00e4ftskontinuit\u00e4t, Bestechung &amp; Korruption und Finanzen, eine Vielzahl von gesellschaftlichen Bereichen wie Gesundheit, Sicherheit, Mitarbeiterwohl, Ethik, Kohlenstoffemissionen und Cybersicherheitsstandards.<\/p>\n                        <\/div>\r\n                                            <\/div>\r\n                                        <div class=\"tool_container tab_container tab_container_2\">\r\n                        <div class=\"typical_text\">\r\n                            <p>Achilles ist ein systematisches, mehrstufiges Lieferantenqualifikations-, Risiko- und Leistungsmanagementprogramm, das den Kontext Ihrer Branche und Ihrer Betriebsumgebung widerspiegelt. Achilles erm\u00f6glicht einfachen Zugang zu einem tiefen und umfassenden Satz von validierten Lieferantendaten, auf denen Sie Gesch\u00e4ftsentscheidungen treffen k\u00f6nnen. Anders als Anbieter von reinen Softwarel\u00f6sungen \u00fcberpr\u00fcft Achilles vollst\u00e4ndig alle wichtigen Dokumente und validiert Antworten mithilfe einer Vielzahl von Tools und vertrauensw\u00fcrdigen alternativen Datenquellen, um Risiken zu identifizieren und zu mindern und Ihnen die tiefgreifende Gewissheit in der Lieferkette zu bieten, die Sie ben\u00f6tigen, um alle Anforderungen von Stakeholdern und Regulierungsbeh\u00f6rden sowohl heute als auch in der Zukunft zu erf\u00fcllen.<\/p>\n                        <\/div>\r\n                                            <\/div>\r\n                                        <div class=\"tool_container tab_container tab_container_3\">\r\n                        <div class=\"typical_text\">\r\n                            <p>Mit Achilles ist das Lieferkettenmanagement kein einmaliger Prozess. Wir \u00fcberwachen alle Lieferanten proaktiv nach ihrer erstmaligen Registrierung. Diese Rigorosit\u00e4t ist einzigartig und entscheidend, um die fortlaufende Datenpr\u00e4zision und den fortlaufenden Schutz Ihrer Organisation vor regulatorischen und reputationsbezogenen Auswirkungen zu gew\u00e4hrleisten.<\/p>\n                        <\/div>\r\n                                            <\/div>\r\n                                        <div class=\"tool_container tab_container tab_container_4\">\r\n                        <div class=\"typical_text\">\r\n                            <p>Achilles verwendet eine Vielzahl von Lieferantendaten, Tools und vertrauensw\u00fcrdigen Datenquellen, um Risiken zu identifizieren und zu mindern. Dabei wird eine detaillierte Grundlinie f\u00fcr die Einhaltung von Schl\u00fcsselpolitiken und -verfahren der Lieferanten aufgebaut. Es wird sichergestellt, dass die Lieferantenmanagementsysteme Ihren Standards entsprechen, und dann werden Unternehmen und Einzelpersonen mit erh\u00f6htem Risiko durch weitere Schichten der Sorgfaltspflicht \u00fcberpr\u00fcft. Achilles verf\u00fcgt weltweit \u00fcber mehr als 150 Auditoren, auch in f\u00fcr Sie wichtigen L\u00e4ndern.<\/p>\n                        <\/div>\r\n                                            <\/div>\r\n                                        <div class=\"tool_container tab_container tab_container_5\">\r\n                        <div class=\"typical_text\">\r\n                            <p>Durch eine Reihe von rigorosen Vorfrageb\u00f6gen sammeln wir Lieferantendetails und bewerten sie, indem wir jeden Lieferanten anhand von ESG-, Finanz- und Gesundheits- und Sicherheitsmetriken benchmarken. Dies gibt Ihnen eine objektive Sicht auf Ihre Lieferanten.<\/p>\n<p>Lieferanten erhalten auch eine Sternebewertung von 1 bis 5, die von anderen K\u00e4ufern gerankt wird. R\u00fcckmeldungen zur Leistung erm\u00f6glichen es Lieferanten, ihr Profil zu erh\u00f6hen und ihre Chancen auf Auswahl in der Zukunft zu verbessern, und erm\u00f6glichen es K\u00e4ufern, Lieferanten auszuw\u00e4hlen, von denen sie wissen, dass sie gut mit anderen Kunden zusammengearbeitet haben.<\/p>\n                        <\/div>\r\n                                            <\/div>\r\n                                        <div class=\"tool_container tab_container tab_container_6\">\r\n                        <div class=\"typical_text\">\r\n                            <p>Unser RFI (Anfrage nach Informationen)-Modul erm\u00f6glicht es Ihnen, die F\u00e4higkeiten der Lieferanten f\u00fcr bestimmte Vertr\u00e4ge zu bewerten. Es hilft Ihnen nicht nur dabei, eine \u00fcbersichtlichere Vorauswahl zu treffen, sondern Sie wissen auch, dass Sie die richtigen Lieferanten zur Angebotsabgabe einladen.<\/p>\n                        <\/div>\r\n                                                <a class=\"btn btn_white\" aria-label=\"Ma\u00dfgeschneiderter RFI-Prozess - Erfahren Sie mehr\" href=\"\/feature\/request-information\/\">Erfahren Sie mehr<\/a>\r\n                                            <\/div>\r\n                                        <div class=\"tool_container tab_container tab_container_7\">\r\n                        <div class=\"typical_text\">\r\n                            <p>Wenn Sie mit Achilles zusammenarbeiten, verbessern Sie nicht nur Ihr eigenes Lieferkettenmanagement, auch Ihre Lieferanten profitieren erheblich von einem Achilles-Programm \u2013 sie verstehen Ihre Risiko- und Leistungsanforderungen und arbeiten nicht nur daran, sie zu erreichen, sondern sie zu \u00fcbertreffen, um sich von der Masse abzuheben und neue Gesch\u00e4fte zu gewinnen. Lieferanten, die in den Vorqualifizierungsprozess investieren und ihn abschlie\u00dfen, sind f\u00fcr regionale, nationale oder internationale K\u00e4ufer sichtbar und erzielen erhebliche kommerzielle Vorteile durch ihre Teilnahme.<\/p>\n                        <\/div>\r\n                                            <\/div>\r\n                                    <\/div>\r\n            <\/div>\r\n                    <\/div>\r\n    <\/div>\r\n\n\n    <div class=\"content_section\">\r\n        <div class=\"container\">\r\n                        <div class=\"posts_panel\">\r\n                <div class=\"description_section\">\r\n                                        <p class=\"title_category\">Kundengeschichten<\/p>\r\n                     \r\n                    <h2 class=\"title_section\">Empfohlen f\u00fcr Sie<\/h2>\r\n                                    <\/div>\r\n                            <\/div>\r\n                                    <div class=\"posts_wrap\">\r\n                                <div class=\"post_item\">\r\n                    <div class=\"post_item_top\">\r\n                                                <a class=\"post_item_img\" href=\"https:\/\/www.achilles.com\/de\/einblicke-branche\/aufbau-eines-skalierbaren-nachhaltigen-und-resilienten-rechenzentrums-baunetzwerks\/\">\r\n                            <img decoding=\"async\" src=\"https:\/\/www.achilles.com\/app\/uploads\/2026\/03\/Achilles-Google-Supply-Chain-Risk-banner.png\" alt=\"Aufbau eines skalierbaren, nachhaltigen und resilienten Rechenzentrums-Baunetzwerks\">\r\n                        <\/a>\r\n                                                <ul class=\"post_item_categories\">\r\n                                                        <li>Einblicke in die Branche<\/li>\r\n                                                        <li>Fallstudien<\/li>\r\n                                                    <\/ul>\r\n                    <\/div>\r\n                    <a class=\"post_item_name\" href=\"https:\/\/www.achilles.com\/de\/einblicke-branche\/aufbau-eines-skalierbaren-nachhaltigen-und-resilienten-rechenzentrums-baunetzwerks\/\">Aufbau eines skalierbaren, nachhaltigen und resilienten Rechenzentrums-Baunetzwerks<\/a>\r\n                <\/div>\r\n                                <div class=\"post_item\">\r\n                    <div class=\"post_item_top\">\r\n                                                <a class=\"post_item_img\" href=\"https:\/\/www.achilles.com\/de\/einblicke-branche\/wie-das-engagement-von-lieferanten-die-nachhaltigkeit-in-maritimen-lieferketten-beeinflusst\/\">\r\n                            <img decoding=\"async\" src=\"https:\/\/www.achilles.com\/app\/uploads\/2025\/01\/Maritime.png\" alt=\"Wie das Engagement von Lieferanten die Nachhaltigkeit in maritimen Lieferketten beeinflusst\">\r\n                        <\/a>\r\n                                                <ul class=\"post_item_categories\">\r\n                                                        <li>Einblicke in die Branche<\/li>\r\n                                                        <li>Fallstudien<\/li>\r\n                                                    <\/ul>\r\n                    <\/div>\r\n                    <a class=\"post_item_name\" href=\"https:\/\/www.achilles.com\/de\/einblicke-branche\/wie-das-engagement-von-lieferanten-die-nachhaltigkeit-in-maritimen-lieferketten-beeinflusst\/\">Wie das Engagement von Lieferanten die Nachhaltigkeit in maritimen Lieferketten beeinflusst<\/a>\r\n                <\/div>\r\n                                <div class=\"post_item\">\r\n                    <div class=\"post_item_top\">\r\n                                                <a class=\"post_item_img\" href=\"https:\/\/www.achilles.com\/de\/einblicke-branche\/stadtwerke-solingen-mit-achilles-das-beschaffungsmanagement-neu-definieren\/\">\r\n                            <img decoding=\"async\" src=\"https:\/\/www.achilles.com\/app\/uploads\/2025\/02\/elektrotankstelle-stadtwerke-solingen-smart.jpg\" alt=\"Stadtwerke Solingen: Mit Achilles das Beschaffungsmanagement neu definieren\">\r\n                        <\/a>\r\n                                                <ul class=\"post_item_categories\">\r\n                                                        <li>Einblicke in die Branche<\/li>\r\n                                                        <li>Fallstudien<\/li>\r\n                                                    <\/ul>\r\n                    <\/div>\r\n                    <a class=\"post_item_name\" href=\"https:\/\/www.achilles.com\/de\/einblicke-branche\/stadtwerke-solingen-mit-achilles-das-beschaffungsmanagement-neu-definieren\/\">Stadtwerke Solingen: Mit Achilles das Beschaffungsmanagement neu definieren<\/a>\r\n                <\/div>\r\n                            <\/div>\r\n                    <\/div>\r\n    <\/div>\r\n\n\n            <div class=\"content_section bg_grey\">\r\n            <div class=\"container\">\r\n                <div class=\"content_wrap\">\r\n                    <div class=\"content_info ogo2\">\r\n                                                <h2 class=\"title_page\">5 Gr\u00fcnde, sich f\u00fcr Achilles zu entscheiden<\/h2>\r\n                                                <h5 class=\"title_small\">Weltweit f\u00fchrendes ESG-Lieferkettenmanagement und -compliance<\/h5>\r\n                                                <div class=\"typical_text\">\r\n                            <p>Erfahren Sie mehr dar\u00fcber, wie die Zusammenarbeit mit Achilles Ihre Belastung im Lieferkettenrisikomanagement beseitigen und Ihr Berichtsvertrauen in die H\u00f6he schnellen lassen kann.<\/p>\n                        <\/div>\r\n                                                <a class=\"btn btn_big\" href=\"\/de\/industry-insights\/7-gruende-warum-ihr-unternehmen-achilles-zur-kohlenstoffreduzierung-nutzen-sollte\/\">Lesen Sie<\/a>\r\n                                            <\/div>\r\n\t\t\t\t\t\t\t\t\t\t\r\n                                        <div class=\"content_media\">\r\n                        <img decoding=\"async\" src=\"https:\/\/www.achilles.com\/app\/uploads\/2023\/09\/AdobeStock_555958628.png\" width=\"400\" alt=\"Carbon emissions\">\r\n                    <\/div>\r\n                                    <\/div>\r\n            <\/div>\r\n        <\/div>\r\n    \n\n    <div class=\"request_section\">\r\n        <div class=\"contact_bg\">\r\n                        <img decoding=\"async\" src=\"https:\/\/www.achilles.com\/app\/uploads\/2023\/10\/iStock-1210167514-scaled.jpg\" alt=\"\">\r\n                    <\/div>\r\n        <div class=\"container\">\r\n            <div class=\"request_inner\">\r\n                                <div class=\"request_wrapper\">\r\n                <h2 class=\"title_section\">Treten Sie in Kontakt<\/h2>\r\n                <\/div>\r\n                                <div class=\"request_box\">\r\n                                        <h5 class=\"contact_content_subtitle\">Kontaktieren Sie uns, um Ihre ESG-Lieferkettenanforderungen zu besprechen.<\/h5>\r\n                    <script charset=\"utf-8\" type=\"text\/javascript\" src=\"\/\/js.hsforms.net\/forms\/embed\/v2.js\"><\/script>\r\n<script>\r\n  hbspt.forms.create({\r\n    region: \"na1\",\r\n    portalId: \"5387762\",\r\n    formId: \"a23cf73a-36bd-433c-a1d8-4acd8b05b928\"\r\n  });\r\n<\/script>                <\/div>\r\n            <\/div>\r\n        <\/div>\r\n    <\/div>\r\n\r\n","protected":false},"excerpt":{"rendered":"","protected":false},"author":2,"featured_media":0,"parent":0,"menu_order":0,"comment_status":"closed","ping_status":"closed","template":"","meta":{"_acf_changed":false,"content-type":"","footnotes":""},"class_list":["post-23241","page","type-page","status-publish","hentry"],"acf":[],"_links":{"self":[{"href":"https:\/\/www.achilles.com\/de\/wp-json\/wp\/v2\/pages\/23241","targetHints":{"allow":["GET"]}}],"collection":[{"href":"https:\/\/www.achilles.com\/de\/wp-json\/wp\/v2\/pages"}],"about":[{"href":"https:\/\/www.achilles.com\/de\/wp-json\/wp\/v2\/types\/page"}],"author":[{"embeddable":true,"href":"https:\/\/www.achilles.com\/de\/wp-json\/wp\/v2\/users\/2"}],"replies":[{"embeddable":true,"href":"https:\/\/www.achilles.com\/de\/wp-json\/wp\/v2\/comments?post=23241"}],"version-history":[{"count":0,"href":"https:\/\/www.achilles.com\/de\/wp-json\/wp\/v2\/pages\/23241\/revisions"}],"wp:attachment":[{"href":"https:\/\/www.achilles.com\/de\/wp-json\/wp\/v2\/media?parent=23241"}],"curies":[{"name":"wp","href":"https:\/\/api.w.org\/{rel}","templated":true}]}}