{"id":23214,"date":"2023-06-07T16:08:05","date_gmt":"2023-06-07T15:08:05","guid":{"rendered":"https:\/\/uat.achilles.com\/lieferkettengesetz\/"},"modified":"2024-03-27T15:05:05","modified_gmt":"2024-03-27T12:05:05","slug":"lieferkettengesetz","status":"publish","type":"page","link":"https:\/\/www.achilles.com\/de\/lieferkettengesetz\/","title":{"rendered":"Lieferkettengesetz"},"content":{"rendered":"    <div class=\"top_section\">\n        <div class=\"container\">\n            <div class=\"top_info half\">\n                                    <h1 class=\"top_title\">Lieferkettengesetz<\/h1>\n                                    <div class=\"top_text large_text\">\n                        <p>Der Geltungsbereich des Lieferkettengesetzes wird ab Januar 2024 erweitert, um eine gr\u00f6\u00dfere Gruppe von Organisationen einzubeziehen, die sowohl innerhalb als auch au\u00dferhalb Deutschlands t\u00e4tig sind<\/p>\n                    <\/div>\n                                    <div class=\"top_buttons\">\n                                                    <a class=\"btn btn_big\" href=\"#Sprechen-Sie-mit-uns\">Buchen Sie eine ESG-Beratung<\/a>\n                                            <\/div>\n                            <\/div>\n        <\/div>\n        <div class=\"top_media\">\n\t\t\t        <\/div>\n    <\/div>\n\n\n            <div class=\"content_section bg_grey\">\r\n            <div class=\"container\">\r\n                <div class=\"content_wrap\">\r\n                    <div class=\"content_info ogo2\">\r\n                                                <p class=\"title_category\">Quiz<\/p>\r\n                                                <h2 class=\"title_page\">Testen Sie Ihr Wissen \u00fcber das Lieferkettengesetz<\/h2>\r\n                                                <div class=\"typical_text\">\r\n                            <p>Sogar die erfahrensten Einkaufs- und Lieferkettenexperten geben zu, sich von diesem neuen Zeitalter der ESG-Lieferkettenregulierung \u00fcberw\u00e4ltigt zu f\u00fchlen. Wie gut ist Ihr Wissen?<\/p>\n                        <\/div>\r\n                                                <a target=\"_blank\" class=\"btn btn_big\" href=\"https:\/\/achilles.cogniclick.app\/enter\/Lieferkettengesetz-testen#\/\">Machen Sie das Quiz<\/a>\r\n                                            <\/div>\r\n\t\t\t\t\t\t\t\t\t\t\r\n                                    <\/div>\r\n            <\/div>\r\n        <\/div>\r\n    \n\n            <div class=\"content_section bg_grey\">\r\n            <div class=\"container\">\r\n                <div class=\"content_wrap right\">\r\n                    <div class=\"content_info ogo2\">\r\n                                                <p class=\"title_category\">Whitepaper<\/p>\r\n                                                <h2 class=\"title_page\">Lieferkettengesetz verstehen<\/h2>\r\n                                                <div class=\"typical_text\">\r\n                            <p><span data-ccp-props=\"{&quot;335559738&quot;:120,&quot;335559739&quot;:120}\">Das Lieferkettengesetz ist eine positive Entwicklung, die das Potenzial hat, ein ethischeres und nachhaltigeres Lieferketten\u00f6kosystem zu schaffen. Indem sie dem Wohlergehen von Arbeitnehmern, Gemeinschaften und der Umwelt Priorit\u00e4t einr\u00e4umen, k\u00f6nnen Unternehmen eine st\u00e4rkere und widerstandsf\u00e4higere Weltwirtschaft f\u00fcr die Zukunft aufbauen<\/span><\/p>\n                        <\/div>\r\n                                                <a class=\"btn btn_big\" href=\"https:\/\/www.achilles.com\/de\/einblicke-branche\/der-ultimative-leitfaden-zum-lieferkettengesetz\/\">Lesen sie<\/a>\r\n                                            <\/div>\r\n\t\t\t\t\t\t\t\t\t\t\r\n                                        <div class=\"content_media\">\r\n                        <img decoding=\"async\" src=\"https:\/\/www.achilles.com\/app\/uploads\/2023\/12\/LKSG-Infographic-DE-thumbnail.png\" width=\"300\" alt=\"\">\r\n                    <\/div>\r\n                                    <\/div>\r\n            <\/div>\r\n        <\/div>\r\n    \n\n            <div class=\"content_section\">\r\n            <div class=\"container\">\r\n                <div class=\"content_wrap\">\r\n                    <div class=\"content_info ogo2\">\r\n                                                <p class=\"title_category\">Blog<\/p>\r\n                                                <h2 class=\"title_page\">Was ist genug?<\/h2>\r\n                                                <div class=\"typical_text\">\r\n                            <p>Das Lieferkettengesetz verpflichtet Unternehmen zu einem risikobasierten Ansatz bei der Sorgfaltspflicht in der Lieferkette. Aber wie weit m\u00fcssen Sie gehen und wann ist genug, genug?<\/p>\n                        <\/div>\r\n                                                <a class=\"btn btn_big\" href=\"https:\/\/www.achilles.com\/de\/einblicke-branche\/compliance-mit-dem-lieferkettengesetz\/\">Lesen Sie<\/a>\r\n                                            <\/div>\r\n\t\t\t\t\t\t\t\t\t\t\r\n                                        <div class=\"content_media\">\r\n                        <img decoding=\"async\" src=\"https:\/\/www.achilles.com\/app\/uploads\/2023\/09\/iStock-963011730.jpg\" width=\"300\" alt=\"A close up of the statue of lady justice standing in front of an out of focus row of law books.\">\r\n                    <\/div>\r\n                                    <\/div>\r\n            <\/div>\r\n        <\/div>\r\n    \n\n            <div class=\"content_section bg_grey\">\r\n            <div class=\"container\">\r\n                <div class=\"content_wrap right\">\r\n                    <div class=\"content_info ogo2\">\r\n                                                <p class=\"title_category\">Infografik<\/p>\r\n                                                <h2 class=\"title_page\">Die neue Gesetzgebung in Deutschland und wie Sie diese einhalten<\/h2>\r\n                                                <div class=\"typical_text\">\r\n                            <p>Erkunden Sie dies Infografik, um mehr \u00fcber die wichtigsten Schritte zur Compliance zu erfahren.<\/p>\n                        <\/div>\r\n                                                <a class=\"btn btn_big\" href=\"\/de\/einblicke-branche\/infografik-deutschlands-neue-gesetzgebung\/\">Lesen Sie<\/a>\r\n                                            <\/div>\r\n\t\t\t\t\t\t\t\t\t\t\r\n                                        <div class=\"content_media\">\r\n                        <img decoding=\"async\" src=\"https:\/\/www.achilles.com\/app\/uploads\/2023\/12\/Infografik-LKSG-DE-Thumbnail.png\" width=\"300\" alt=\"\">\r\n                    <\/div>\r\n                                    <\/div>\r\n            <\/div>\r\n        <\/div>\r\n    \n\n            <div class=\"content_section\">\r\n            <div class=\"container\">\r\n                <div class=\"content_wrap\">\r\n                    <div class=\"content_info ogo2\">\r\n                                                <p class=\"title_category\">Video<\/p>\r\n                                                <h2 class=\"title_page\">Schritte zur Einhaltung des Lieferkettengesetzes<\/h2>\r\n                                                <div class=\"typical_text\">\r\n                            <p>Das Lieferkettengesetz erfordert einen methodischen, risikobasierten Ansatz, der auch die Nachhaltigkeit Ihrer Organisation insgesamt verbessert.<\/p>\n                        <\/div>\r\n                                                <a class=\"btn btn_big\" href=\"https:\/\/www.achilles.com\/wp\/wp-content\/uploads\/2023\/09\/Achilles-Steps-to-Lieferkettengesetz-compliance.mp4\">Anschauen<\/a>\r\n                                            <\/div>\r\n\t\t\t\t\t                    <div class=\"content_media_video\">\r\n                        <video  autoplay muted playsinline loop>\r\n                                        <source src=\"https:\/\/www.achilles.com\/app\/uploads\/2023\/12\/Achilles-Steps-to-Lieferkettengesetz-compliance-DE-Video.mp4\" type=\"video\/mp4\">\r\n                                        \r\n                                    <\/video>\r\n                    <\/div>\r\n                    \t\t\t\t\t\r\n                                    <\/div>\r\n            <\/div>\r\n        <\/div>\r\n    \n\n    <div class=\"content_section bg_grey\">\r\n        <div class=\"container\">\r\n                        <div class=\"description_section\">\r\n                                <p class=\"title_category\">ACHILLES ESG-L\u00f6sungen<\/p>\r\n                                <h2 class=\"title_section\">ESG-L\u00f6sungen f\u00fcr Risiken in der Lieferkette<\/h2>\r\n                                <div class=\"typical_text\">\r\n                    <p>Achilles ist der weltweit f\u00fchrende Experte f\u00fcr Risikomanagement in der globalen Lieferkette. Wir arbeiten mit f\u00fchrenden Finanz-, Industrie-, Handels- und Regierungsorganisationen zusammen, die eine ernsthafte, detaillierte Analyse und Experteneinblicke ben\u00f6tigen, um au\u00dfergew\u00f6hnliche Sicherheit bei der Berichterstattung \u00fcber das Lieferkettengesetz zu gew\u00e4hrleisten.<\/p>\n                <\/div>\r\n                            <\/div>\r\n                        <div class=\"features_wrap features_four\">\r\n                                <div class=\"feature_item\">\r\n                                        <div class=\"feature_item_icon\">\r\n                        <img decoding=\"async\" src=\"https:\/\/www.achilles.com\/app\/uploads\/2023\/09\/icon_common-file-text-check.png\" alt=\"\">\r\n                    <\/div>\r\n                                        <h3 class=\"feature_item_name\">Vorqualifiziertes Lieferantennetzwerk<\/h3>\r\n                                        <div class=\"typical_text\">\r\n                        <p>Greifen Sie auf eine umfangreiche Datenbank mit pr\u00e4qualifizierten Lieferanten zu, welche die f\u00fcr Sie relevanten Vorschriften in Sachen ESG und Beschaffung erf\u00fcllen.<\/p>\n                    <\/div>\r\n                                        <a class=\"btn\" aria-label=\"Vorqualifiziertes Lieferantennetzwerk - Mehr Erfahren\" href=\"https:\/\/www.achilles.com\/de\/vorqualifiziertes-lieferantennetzwerk\/\">Mehr Erfahren<\/a>\r\n                                    <\/div>\r\n                                <div class=\"feature_item\">\r\n                                        <div class=\"feature_item_icon\">\r\n                        <img decoding=\"async\" src=\"https:\/\/www.achilles.com\/app\/uploads\/2023\/09\/icon_user-network-1.png\" alt=\"on site audits\">\r\n                    <\/div>\r\n                                        <h3 class=\"feature_item_name\">Due Diligence in Bezug auf Lieferanten<\/h3>\r\n                                        <div class=\"typical_text\">\r\n                        <p>Das einzigartig strenge Validierungs- und ESG-Bewertungssystem von Achilles ist der beste Weg, um Ihre Verpflichtungen und Ihre Ziele in der\u00a0Lieferkette\u00a0zu erreichen.<\/p>\n                    <\/div>\r\n                                        <a class=\"btn\" aria-label=\"Due Diligence in Bezug auf Lieferanten - Mehr Erfahren\" href=\"https:\/\/www.achilles.com\/de\/supply-chain-due-diligence\/\">Mehr Erfahren<\/a>\r\n                                    <\/div>\r\n                                <div class=\"feature_item\">\r\n                                        <div class=\"feature_item_icon\">\r\n                        <img decoding=\"async\" src=\"https:\/\/www.achilles.com\/app\/uploads\/2023\/09\/Icon_air-pollution-co2-down-2.png\" alt=\"\">\r\n                    <\/div>\r\n                                        <h3 class=\"feature_item_name\">Reduzierung des Kohlendioxidaussto\u00dfes<\/h3>\r\n                                        <div class=\"typical_text\">\r\n                        <p>Das einzige im Vereinigten K\u00f6nigreich akkreditierte ISO 14064-1-Zertifizierungssystem unterst\u00fctzt Sie dabei, Ihren CO2-Fu\u00dfabdruck zu messen, zu verwalten und zu reduzieren.<\/p>\n                    <\/div>\r\n                                        <a class=\"btn\" aria-label=\"Reduzierung des Kohlendioxidaussto\u00dfes - Mehr Erfahren\" href=\"https:\/\/www.achilles.com\/de\/carbon-management-and-reduction\/\">Mehr Erfahren<\/a>\r\n                                    <\/div>\r\n                                <div class=\"feature_item\">\r\n                                        <div class=\"feature_item_icon\">\r\n                        <img decoding=\"async\" src=\"https:\/\/www.achilles.com\/app\/uploads\/2023\/09\/saving-bank-1.png\" alt=\"\">\r\n                    <\/div>\r\n                                        <h3 class=\"feature_item_name\">Erkl\u00e4rung der Gewissheit<\/h3>\r\n                                        <div class=\"typical_text\">\r\n                        <p>Demonstrieren Sie klar Ihre Leistung gegen\u00fcber ESG-KPIs und Nachhaltigkeitsleistungszielen (SPTs) f\u00fcr Kreditgeber und andere Interessengruppen.<\/p>\n                    <\/div>\r\n                                        <a class=\"btn\" aria-label=\"Erkl\u00e4rung der Gewissheit - Mehr Erfahren\" href=\"https:\/\/www.achilles.com\/de\/nachhaltig-finanzieren\/\">Mehr Erfahren<\/a>\r\n                                    <\/div>\r\n                            <\/div>\r\n                    <\/div>\r\n    <\/div>\r\n\n\n    <div class=\"content_section\">\r\n        <div class=\"container\">\r\n                        <div class=\"posts_panel\">\r\n                <div class=\"description_section\">\r\n                                        <p class=\"title_category\">EINSICHT IN DIE BRANCHE VON ACHILLES<\/p>\r\n                     \r\n                    <h2 class=\"title_section\">Empfohlen f\u00fcr Sie<\/h2>\r\n                                    <\/div>\r\n                            <\/div>\r\n                                    <div class=\"posts_wrap\">\r\n                                <div class=\"post_item\">\r\n                    <div class=\"post_item_top\">\r\n                                                <a class=\"post_item_img\" href=\"https:\/\/www.achilles.com\/de\/einblicke-branche\/selber-machen-oder-zusammenarbeiten\/\">\r\n                            <img decoding=\"async\" src=\"https:\/\/www.achilles.com\/app\/uploads\/2023\/12\/AdobeStock_668973942-scaled.jpeg\" alt=\"KI-gesteuertes Supply Chain Management &#8211; In-House vs. ausgelagerte L\u00f6sungen\">\r\n                        <\/a>\r\n                                                <ul class=\"post_item_categories\">\r\n                                                        <li>Artikel<\/li>\r\n                                                        <li>Einblicke in die Branche<\/li>\r\n                                                    <\/ul>\r\n                    <\/div>\r\n                    <a class=\"post_item_name\" href=\"https:\/\/www.achilles.com\/de\/einblicke-branche\/selber-machen-oder-zusammenarbeiten\/\">KI-gesteuertes Supply Chain Management &#8211; In-House vs. ausgelagerte L\u00f6sungen<\/a>\r\n                <\/div>\r\n                                <div class=\"post_item\">\r\n                    <div class=\"post_item_top\">\r\n                                                <a class=\"post_item_img\" href=\"https:\/\/www.achilles.com\/de\/das-omnibus-paket-mehr-eu-ungewissheit\/\">\r\n                            <img decoding=\"async\" src=\"https:\/\/www.achilles.com\/app\/uploads\/2024\/08\/AdobeStock_334037445_Editorial_Use_Only-scaled.jpeg\" alt=\"Das Omnibus-Paket: Mehr EU-Ungewissheit\">\r\n                        <\/a>\r\n                                                <ul class=\"post_item_categories\">\r\n                                                        <li>Artikel<\/li>\r\n                                                        <li>Einblicke in die Branche<\/li>\r\n                                                    <\/ul>\r\n                    <\/div>\r\n                    <a class=\"post_item_name\" href=\"https:\/\/www.achilles.com\/de\/das-omnibus-paket-mehr-eu-ungewissheit\/\">Das Omnibus-Paket: Mehr EU-Ungewissheit<\/a>\r\n                <\/div>\r\n                                <div class=\"post_item\">\r\n                    <div class=\"post_item_top\">\r\n                                                <a class=\"post_item_img\" href=\"https:\/\/www.achilles.com\/de\/einblicke-branche\/hamburg-stimmt-fuer-netto-null-2040-beschleunigte-klimaambitionen-und-der-reality-check-der-lieferkette\/\">\r\n                            <img decoding=\"async\" src=\"https:\/\/www.achilles.com\/app\/uploads\/2025\/10\/wolfgang-weiser-WQLhHi01gCY-unsplash.jpg\" alt=\"Hamburg stimmt f\u00fcr Netto-Null 2040: Beschleunigte Klimaambitionen und der Reality Check der Lieferkette\">\r\n                        <\/a>\r\n                                                <ul class=\"post_item_categories\">\r\n                                                        <li>Artikel<\/li>\r\n                                                    <\/ul>\r\n                    <\/div>\r\n                    <a class=\"post_item_name\" href=\"https:\/\/www.achilles.com\/de\/einblicke-branche\/hamburg-stimmt-fuer-netto-null-2040-beschleunigte-klimaambitionen-und-der-reality-check-der-lieferkette\/\">Hamburg stimmt f\u00fcr Netto-Null 2040: Beschleunigte Klimaambitionen und der Reality Check der Lieferkette<\/a>\r\n                <\/div>\r\n                            <\/div>\r\n                    <\/div>\r\n    <\/div>\r\n\n\n            <div class=\"content_section bg_grey\">\r\n            <div class=\"container\">\r\n                <div class=\"content_wrap\">\r\n                    <div class=\"content_info ogo2\">\r\n                                                <h2 class=\"title_page\">5 Gr\u00fcnde, die f\u00fcr Achilles sprechen<\/h2>\r\n                                                <h5 class=\"title_small\">Weltweit f\u00fchrendes ESG-Lieferkettenmanagement und Einhaltung<\/h5>\r\n                                                <div class=\"typical_text\">\r\n                            <p>Wenn Sie mehr Vertrauen gewinnen m\u00f6chten, die neuen, strengeren Anforderungen an die Sorgfaltspflicht in der Lieferkette gem\u00e4\u00df dem Lieferkettengesetz zu erf\u00fcllen, informieren Sie sich \u00fcber die Zusammenarbeit mit Achilles und erleben Sie, wie der Arbeitsaufwand im Zusammenhang mit dem Lieferketten-Risikomanagement schwindet und Ihr Vertrauen in die Berichterstattung steigt.<\/p>\n                        <\/div>\r\n                                                <a class=\"btn btn_big\" href=\"\/de\/industry-insights\/5-gruende-warum-ihr-unternehmen-bei-der-lieferkettengesetz-compliance-auf-achilles-vertrauen-sollte\/\">Lesen Sie<\/a>\r\n                                            <\/div>\r\n\t\t\t\t\t\t\t\t\t\t\r\n                                        <div class=\"content_media\">\r\n                        <img decoding=\"async\" src=\"https:\/\/www.achilles.com\/app\/uploads\/2023\/09\/AdobeStock_555958628.png\" width=\"300\" alt=\"Carbon emissions\">\r\n                    <\/div>\r\n                                    <\/div>\r\n            <\/div>\r\n        <\/div>\r\n    \n\n    <div class=\"request_section\" id=\"Sprechen-Sie-mit-uns\">\r\n        <div class=\"contact_bg\">\r\n                        <img decoding=\"async\" src=\"https:\/\/www.achilles.com\/app\/uploads\/2023\/05\/pexels-pok-rie-157827.jpg\" alt=\"UVDB Utilities Network UK\">\r\n                    <\/div>\r\n        <div class=\"container\">\r\n            <div class=\"request_inner\">\r\n                                <div class=\"request_wrapper\">\r\n                <h2 class=\"title_section\">Sprechen Sie mit uns<\/h2>\r\n                <\/div>\r\n                                <div class=\"request_box\">\r\n                                        <h5 class=\"contact_content_subtitle\">Sprechen Sie mit einem unserer ESG- und Kohlenstoffmanagement-Experten<\/h5>\r\n                    <script charset=\"utf-8\" type=\"text\/javascript\" src=\"\/\/js.hsforms.net\/forms\/embed\/v2.js\"><\/script>\r\n<script>\r\n  hbspt.forms.create({\r\n    region: \"na1\",\r\n    portalId: \"5387762\",\r\n    formId: \"a23cf73a-36bd-433c-a1d8-4acd8b05b928\"\r\n  });\r\n<\/script>                <\/div>\r\n            <\/div>\r\n        <\/div>\r\n    <\/div>\r\n\r\n","protected":false},"excerpt":{"rendered":"","protected":false},"author":2,"featured_media":0,"parent":0,"menu_order":0,"comment_status":"closed","ping_status":"closed","template":"","meta":{"_acf_changed":false,"content-type":"","footnotes":""},"class_list":["post-23214","page","type-page","status-publish","hentry"],"acf":[],"_links":{"self":[{"href":"https:\/\/www.achilles.com\/de\/wp-json\/wp\/v2\/pages\/23214","targetHints":{"allow":["GET"]}}],"collection":[{"href":"https:\/\/www.achilles.com\/de\/wp-json\/wp\/v2\/pages"}],"about":[{"href":"https:\/\/www.achilles.com\/de\/wp-json\/wp\/v2\/types\/page"}],"author":[{"embeddable":true,"href":"https:\/\/www.achilles.com\/de\/wp-json\/wp\/v2\/users\/2"}],"replies":[{"embeddable":true,"href":"https:\/\/www.achilles.com\/de\/wp-json\/wp\/v2\/comments?post=23214"}],"version-history":[{"count":0,"href":"https:\/\/www.achilles.com\/de\/wp-json\/wp\/v2\/pages\/23214\/revisions"}],"wp:attachment":[{"href":"https:\/\/www.achilles.com\/de\/wp-json\/wp\/v2\/media?parent=23214"}],"curies":[{"name":"wp","href":"https:\/\/api.w.org\/{rel}","templated":true}]}}