{"id":23210,"date":"2023-09-28T22:41:04","date_gmt":"2023-09-28T21:41:04","guid":{"rendered":"https:\/\/uat.achilles.com\/energy-2\/"},"modified":"2023-12-07T20:00:31","modified_gmt":"2023-12-07T17:00:31","slug":"energy-2","status":"publish","type":"page","link":"https:\/\/www.achilles.com\/de\/energy-2\/","title":{"rendered":"Energy"},"content":{"rendered":"    <div class=\"top_section\">\n        <div class=\"container\">\n            <div class=\"top_info\">\n                                    <h1 class=\"top_title\">Unternehmen Sie einen ethischen \u00dcbergang zu Netto-Null<\/h1>\n                                    <div class=\"top_text\">\n                        <p>Die strenge Bewertung und Validierung von Achilles, virtuelle und Vor-Ort-Audits sowie Befragungen von Arbeitnehmern erm\u00f6glichen es f\u00fchrenden Energieunternehmen, beispiellose Transparenz in ihrer Lieferkette und volles Vertrauen in ihre Berichterstattung zu erreichen, w\u00e4hrend sie gleichzeitig dazu beitragen, eine sicherere, gerechtere und nachhaltigere Welt aufzubauen.<\/p>\n                    <\/div>\n                                    <div class=\"top_buttons\">\n                                                    <a class=\"btn btn_white btn_big\" href=\"https:\/\/www.achilles.com\/de\/kontaktiere-uns\">Sprechen Sie mit uns<\/a>\n                                            <\/div>\n                            <\/div>\n        <\/div>\n        <div class=\"top_media\">\n\t\t\t        <\/div>\n    <\/div>\n\n\n    <div class=\"content_section\">\r\n        <div class=\"container\">\r\n                        <div class=\"description_section\">\r\n                                <p class=\"title_category\">KUNDEN VON ACHILLES<\/p>\r\n                                <h2 class=\"title_section\">Die weltweit f\u00fchrenden Energieunternehmen w\u00e4hlen Achilles<\/h2>\r\n                                <div class=\"typical_text middle_text\">\r\n                    <p>Achilles arbeitet mit den weltweit f\u00fchrenden Energieunternehmen zusammen und bietet Unterst\u00fctzung auf verschiedenen Kontinenten, um Umweltauswirkungen zu reduzieren, moderne Sklaverei auszumerzen, Kinderarbeit zu beseitigen, kontinuierliche Verbesserungen in der Lieferkette zu unterst\u00fctzen und das Vertrauen in die Due-Diligence-Berichterstattung in der Lieferkette sicherzustellen.<\/p>\n                <\/div>\r\n                            <\/div>\r\n                        <div class=\"logos_wrap\">\r\n                                <div class=\"logo_item\">\r\n                    <img decoding=\"async\" src=\"https:\/\/www.achilles.com\/app\/uploads\/2023\/06\/Customer-logo_EDF_logo_Electricite_de_France.png\" alt=\"EDF chooses Achilles for ESG supply chain management\" width=\"250\">\r\n                <\/div>\r\n                                <div class=\"logo_item\">\r\n                    <img decoding=\"async\" src=\"https:\/\/www.achilles.com\/app\/uploads\/2023\/09\/vattenfall_logo.png\" alt=\"This is the Vattenfall logo. It is made up of the Vattenfall name in upper case black text and mark that comprises a yellow semicircle above a blue semicircle.\" width=\"250\">\r\n                <\/div>\r\n                                <div class=\"logo_item\">\r\n                    <img decoding=\"async\" src=\"https:\/\/www.achilles.com\/app\/uploads\/2023\/09\/Total.jpeg\" alt=\"\" width=\"250\">\r\n                <\/div>\r\n                                <div class=\"logo_item\">\r\n                    <img decoding=\"async\" src=\"https:\/\/www.achilles.com\/app\/uploads\/2023\/09\/National-Grid.jpeg\" alt=\"National Grid logo\" width=\"246\">\r\n                <\/div>\r\n                                <div class=\"logo_item\">\r\n                    <img decoding=\"async\" src=\"https:\/\/www.achilles.com\/app\/uploads\/2023\/09\/Acciona.jpeg\" alt=\"\" width=\"248\">\r\n                <\/div>\r\n                                <div class=\"logo_item\">\r\n                    <img decoding=\"async\" src=\"\" alt=\"\" width=\"249\">\r\n                <\/div>\r\n                                <div class=\"logo_item\">\r\n                    <img decoding=\"async\" src=\"https:\/\/www.achilles.com\/app\/uploads\/2023\/09\/Naturgy_Pantone_Principal_Positiva.png\" alt=\"\" width=\"250\">\r\n                <\/div>\r\n                                <div class=\"logo_item\">\r\n                    <img decoding=\"async\" src=\"https:\/\/www.achilles.com\/app\/uploads\/2023\/09\/XLinks.jpeg\" alt=\"\" width=\"250\">\r\n                <\/div>\r\n                                <div class=\"logo_item\">\r\n                    <img decoding=\"async\" src=\"https:\/\/www.achilles.com\/app\/uploads\/2023\/09\/Ineos.jpeg\" alt=\"INEOS logo\" width=\"248\">\r\n                <\/div>\r\n                                <div class=\"logo_item\">\r\n                    <img decoding=\"async\" src=\"\" alt=\"\">\r\n                <\/div>\r\n                            <\/div>\r\n                    <\/div>\r\n    <\/div>\r\n\n\n    <div class=\"content_section\">\r\n        <div class=\"container\">\r\n                        <div class=\"posts_panel\">\r\n                <div class=\"description_section\">\r\n                                        <p class=\"title_category\">Kundengeschichten<\/p>\r\n                     \r\n                    <h2 class=\"title_section\">Die Kunden von Achilles sind Marktf\u00fchrer an vorderster Front in Bezug auf Umwelt- und Sozialverantwortung.<\/h2>\r\n                                    <\/div>\r\n                            <\/div>\r\n                                    <div class=\"posts_wrap\">\r\n                                <div class=\"post_item\">\r\n                    <div class=\"post_item_top\">\r\n                                                <a class=\"post_item_img\" href=\"https:\/\/www.achilles.com\/de\/einblicke-branche\/aufbau-eines-skalierbaren-nachhaltigen-und-resilienten-rechenzentrums-baunetzwerks\/\">\r\n                            <img decoding=\"async\" src=\"https:\/\/www.achilles.com\/app\/uploads\/2026\/03\/Achilles-Google-Supply-Chain-Risk-banner.png\" alt=\"Aufbau eines skalierbaren, nachhaltigen und resilienten Rechenzentrums-Baunetzwerks\">\r\n                        <\/a>\r\n                                                <ul class=\"post_item_categories\">\r\n                                                        <li>Einblicke in die Branche<\/li>\r\n                                                        <li>Fallstudien<\/li>\r\n                                                    <\/ul>\r\n                    <\/div>\r\n                    <a class=\"post_item_name\" href=\"https:\/\/www.achilles.com\/de\/einblicke-branche\/aufbau-eines-skalierbaren-nachhaltigen-und-resilienten-rechenzentrums-baunetzwerks\/\">Aufbau eines skalierbaren, nachhaltigen und resilienten Rechenzentrums-Baunetzwerks<\/a>\r\n                <\/div>\r\n                                <div class=\"post_item\">\r\n                    <div class=\"post_item_top\">\r\n                                                <a class=\"post_item_img\" href=\"https:\/\/www.achilles.com\/de\/einblicke-branche\/wie-das-engagement-von-lieferanten-die-nachhaltigkeit-in-maritimen-lieferketten-beeinflusst\/\">\r\n                            <img decoding=\"async\" src=\"https:\/\/www.achilles.com\/app\/uploads\/2025\/01\/Maritime.png\" alt=\"Wie das Engagement von Lieferanten die Nachhaltigkeit in maritimen Lieferketten beeinflusst\">\r\n                        <\/a>\r\n                                                <ul class=\"post_item_categories\">\r\n                                                        <li>Einblicke in die Branche<\/li>\r\n                                                        <li>Fallstudien<\/li>\r\n                                                    <\/ul>\r\n                    <\/div>\r\n                    <a class=\"post_item_name\" href=\"https:\/\/www.achilles.com\/de\/einblicke-branche\/wie-das-engagement-von-lieferanten-die-nachhaltigkeit-in-maritimen-lieferketten-beeinflusst\/\">Wie das Engagement von Lieferanten die Nachhaltigkeit in maritimen Lieferketten beeinflusst<\/a>\r\n                <\/div>\r\n                                <div class=\"post_item\">\r\n                    <div class=\"post_item_top\">\r\n                                                <a class=\"post_item_img\" href=\"https:\/\/www.achilles.com\/de\/einblicke-branche\/stadtwerke-solingen-mit-achilles-das-beschaffungsmanagement-neu-definieren\/\">\r\n                            <img decoding=\"async\" src=\"https:\/\/www.achilles.com\/app\/uploads\/2025\/02\/elektrotankstelle-stadtwerke-solingen-smart.jpg\" alt=\"Stadtwerke Solingen: Mit Achilles das Beschaffungsmanagement neu definieren\">\r\n                        <\/a>\r\n                                                <ul class=\"post_item_categories\">\r\n                                                        <li>Einblicke in die Branche<\/li>\r\n                                                        <li>Fallstudien<\/li>\r\n                                                    <\/ul>\r\n                    <\/div>\r\n                    <a class=\"post_item_name\" href=\"https:\/\/www.achilles.com\/de\/einblicke-branche\/stadtwerke-solingen-mit-achilles-das-beschaffungsmanagement-neu-definieren\/\">Stadtwerke Solingen: Mit Achilles das Beschaffungsmanagement neu definieren<\/a>\r\n                <\/div>\r\n                            <\/div>\r\n                    <\/div>\r\n    <\/div>\r\n\n\n    <div class=\"content_section\">\r\n        <div class=\"container\">\r\n                        <div class=\"description_section\">\r\n                                <p class=\"title_category\">L\u00d6SUNGEN F\u00dcR DIE ENERGIE-LIEFERKETTE<\/p>\r\n                                <h2 class=\"title_section\">L\u00f6sungen f\u00fcr eine sicherere, gerechtere, kohlenstoff\u00e4rmere Energiebranche<\/h2>\r\n                                <div class=\"typical_text\">\r\n                    <p>Achilles verf\u00fcgt \u00fcber jahrzehntelange Erfahrung in der Zusammenarbeit mit den weltweit f\u00fchrenden Energieunternehmen, um Lieferkettenrisiken anzugehen, Kohlenstoffemissionen zu reduzieren und eine au\u00dfergew\u00f6hnliche Transparenz in der Lieferkette zu gew\u00e4hrleisten.<\/p>\n                <\/div>\r\n                            <\/div>\r\n                        <div class=\"features_wrap features_four\">\r\n                                <div class=\"feature_item\">\r\n                                        <div class=\"feature_item_icon\">\r\n                        <img decoding=\"async\" src=\"https:\/\/www.achilles.com\/app\/uploads\/2023\/09\/icon_common-file-text-check.png\" alt=\"\">\r\n                    <\/div>\r\n                                        <h3 class=\"feature_item_name\">Netzwerk pr\u00e4qualifizierter Lieferanten<\/h3>\r\n                                        <div class=\"typical_text\">\r\n                        <p>Greifen Sie auf eine umfangreiche Datenbank mit pr\u00e4qualifizierten Lieferanten zu, welche die f\u00fcr Sie relevanten Vorschriften in Sachen ESG und Beschaffung erf\u00fcllen.<\/p>\n                    <\/div>\r\n                                        <a target=\"_blank\" class=\"btn\" aria-label=\"Netzwerk pr\u00e4qualifizierter Lieferanten - Mehr erfahren\" href=\"https:\/\/www.achilles.com\/de\/vorqualifiziertes-lieferantennetzwerk\/\">Mehr erfahren<\/a>\r\n                                    <\/div>\r\n                                <div class=\"feature_item\">\r\n                                        <div class=\"feature_item_icon\">\r\n                        <img decoding=\"async\" src=\"https:\/\/www.achilles.com\/app\/uploads\/2023\/09\/icon_user-network-1.png\" alt=\"on site audits\">\r\n                    <\/div>\r\n                                        <h3 class=\"feature_item_name\">Due Diligence in Bezug auf Lieferanten<\/h3>\r\n                                        <div class=\"typical_text\">\r\n                        <p>Das einzigartig strenge Validierungs- und ESG-Bewertungssystem von Achilles ist der beste Weg, um Ihre Verpflichtungen und Ihre Ziele in der\u00a0<a href=\"https:\/\/pages.achilles.com\/de-de\/lieferkettengesetz\">Lieferkette<\/a>\u00a0zu erreichen.<\/p>\n                    <\/div>\r\n                                        <a class=\"btn\" aria-label=\"Due Diligence in Bezug auf Lieferanten - Mehr erfahren\" href=\"https:\/\/www.achilles.com\/de\/supply-chain-due-diligence\/\">Mehr erfahren<\/a>\r\n                                    <\/div>\r\n                                <div class=\"feature_item\">\r\n                                        <div class=\"feature_item_icon\">\r\n                        <img decoding=\"async\" src=\"https:\/\/www.achilles.com\/app\/uploads\/2023\/09\/Icon_air-pollution-co2-down-2.png\" alt=\"\">\r\n                    <\/div>\r\n                                        <h3 class=\"feature_item_name\">Reduzierung des Kohlendioxidaussto\u00dfes<\/h3>\r\n                                        <div class=\"typical_text\">\r\n                        <p>Das einzige im Vereinigten K\u00f6nigreich akkreditierte ISO 14064-1-Zertifizierungssystem unterst\u00fctzt Sie dabei, Ihren CO2-Fu\u00dfabdruck zu messen, zu verwalten und zu reduzieren.<\/p>\n                    <\/div>\r\n                                        <a class=\"btn\" aria-label=\"Reduzierung des Kohlendioxidaussto\u00dfes - Mehr erfahren\" href=\"https:\/\/www.achilles.com\/de\/carbon-management-and-reduction\/\">Mehr erfahren<\/a>\r\n                                    <\/div>\r\n                                <div class=\"feature_item\">\r\n                                        <div class=\"feature_item_icon\">\r\n                        <img decoding=\"async\" src=\"https:\/\/www.achilles.com\/app\/uploads\/2023\/09\/saving-bank-1.png\" alt=\"\">\r\n                    <\/div>\r\n                                        <h3 class=\"feature_item_name\">Erkl\u00e4rung der Gewissheit<\/h3>\r\n                                        <div class=\"typical_text\">\r\n                        <p>Demonstrieren Sie klar Ihre Leistung gegen\u00fcber ESG-KPIs und Nachhaltigkeitsleistungszielen (SPTs) f\u00fcr Kreditgeber und andere Interessengruppen.<\/p>\n                    <\/div>\r\n                                        <a class=\"btn\" aria-label=\"Erkl\u00e4rung der Gewissheit - Mehr erfahren\" href=\"https:\/\/www.achilles.com\/de\/sustainable-finance\">Mehr erfahren<\/a>\r\n                                    <\/div>\r\n                            <\/div>\r\n                    <\/div>\r\n    <\/div>\r\n\n\n            <div class=\"hero_section\">\r\n           <div class=\"hero_media\">\r\n                            <\/div>\r\n            <div class=\"container\">\r\n                <div class=\"hero_wrapper\">\r\n                    <div class=\"hero_info\">\r\n                                                <h2 class=\"title_section\">Weltweite Energie<\/h2>\r\n                                                <div class=\"typical_text middle_text\">\r\n                            <p>Erf\u00fcllen Sie internationale Standards f\u00fcr globale Energie, erreichen Sie die Einhaltung globaler Gesetzgebung f\u00fcr die Lieferkette und leisten Sie Ihren Beitrag zur ethischen Umstellung auf eine saubere und gr\u00fcne Energiezukunft.<\/p>\r\n                        <\/div>\r\n                                                <div class=\"content_buttons\">\r\n                                                        <a class=\"btn btn_big\" aria-label=\" - Mehr erfahren\" href=\"https:\/\/www.achilles.com\/de\/global-energy\/\">Mehr erfahren<\/a>\r\n                                                    <\/div>\r\n                                            <\/div>\r\n                <\/div>\r\n            <\/div>\r\n        <\/div>\r\n    \n\n    <div class=\"content_section\">\r\n        <div class=\"container\">\r\n                        <div class=\"posts_panel\">\r\n                <div class=\"description_section\">\r\n                                        <p class=\"title_category\">Einsicht in die Branche von Achilles<\/p>\r\n                     \r\n                    <h2 class=\"title_section\">Empfohlen f\u00fcr Sie<\/h2>\r\n                                    <\/div>\r\n                            <\/div>\r\n                                    <div class=\"posts_wrap\">\r\n                                <div class=\"post_item\">\r\n                    <div class=\"post_item_top\">\r\n                                                <a class=\"post_item_img\" href=\"https:\/\/www.achilles.com\/de\/einblicke-branche\/wind-europe-2026-madrid-staerkung-der-lieferantenbereitschaft\/\">\r\n                            <img decoding=\"async\" src=\"https:\/\/www.achilles.com\/app\/uploads\/2023\/06\/renewable-energies.jpg\" alt=\"Wind Europe 2026 Madrid: St\u00e4rkung der Lieferantenbereitschaft\">\r\n                        <\/a>\r\n                                                <ul class=\"post_item_categories\">\r\n                                                        <li>Einblicke in die Branche<\/li>\r\n                                                    <\/ul>\r\n                    <\/div>\r\n                    <a class=\"post_item_name\" href=\"https:\/\/www.achilles.com\/de\/einblicke-branche\/wind-europe-2026-madrid-staerkung-der-lieferantenbereitschaft\/\">Wind Europe 2026 Madrid: St\u00e4rkung der Lieferantenbereitschaft<\/a>\r\n                <\/div>\r\n                                <div class=\"post_item\">\r\n                    <div class=\"post_item_top\">\r\n                                                <a class=\"post_item_img\" href=\"https:\/\/www.achilles.com\/de\/der-achilles-jahresbericht-zu-risiko-und-nachhaltigkeit-2026\/\">\r\n                            <img decoding=\"async\" src=\"https:\/\/www.achilles.com\/app\/uploads\/2026\/03\/Web-page-top-banner-thumbnail-of-Achilles-Global-Supplier-Risk-and-Sustainability-Survey-2026.jpg\" alt=\"Der Achilles Jahresbericht zu Risiko und Nachhaltigkeit 2026\">\r\n                        <\/a>\r\n                                                <ul class=\"post_item_categories\">\r\n                                                        <li>Wei\u00dfes Papier<\/li>\r\n                                                    <\/ul>\r\n                    <\/div>\r\n                    <a class=\"post_item_name\" href=\"https:\/\/www.achilles.com\/de\/der-achilles-jahresbericht-zu-risiko-und-nachhaltigkeit-2026\/\">Der Achilles Jahresbericht zu Risiko und Nachhaltigkeit 2026<\/a>\r\n                <\/div>\r\n                                <div class=\"post_item\">\r\n                    <div class=\"post_item_top\">\r\n                                                <a class=\"post_item_img\" href=\"https:\/\/www.achilles.com\/de\/der-roi-des-lieferketten-risikomanagements-neue-studie-von-verdantix\/\">\r\n                            <img decoding=\"async\" src=\"https:\/\/www.achilles.com\/app\/uploads\/2026\/03\/Verdantix-ROI-Web-site-header-4.png\" alt=\"Der ROI des Lieferketten-Risikomanagements: Neue Studie von Verdantix\">\r\n                        <\/a>\r\n                                                <ul class=\"post_item_categories\">\r\n                                                        <li>Bericht<\/li>\r\n                                                        <li>Einblicke in die Branche<\/li>\r\n                                                    <\/ul>\r\n                    <\/div>\r\n                    <a class=\"post_item_name\" href=\"https:\/\/www.achilles.com\/de\/der-roi-des-lieferketten-risikomanagements-neue-studie-von-verdantix\/\">Der ROI des Lieferketten-Risikomanagements: Neue Studie von Verdantix<\/a>\r\n                <\/div>\r\n                            <\/div>\r\n                    <\/div>\r\n    <\/div>\r\n\n\n    <div class=\"contact_main\">\r\n        <div class=\"contact_bg\">\r\n                        <img decoding=\"async\" src=\"https:\/\/www.achilles.com\/app\/uploads\/2023\/07\/Construction-site-black-overlay-scaled-1.jpg\" alt=\"\">\r\n                    <\/div>\r\n        <div class=\"container\">\r\n            <div class=\"contact_content\">\r\n                <div class=\"contact_wrapper\">\r\n                <div class=\"contact_content_description\">\r\n                                        <h1 class=\"title_page\">Sprechen Sie mit uns<\/h1>\r\n                                        <h5 class=\"contact_content_subtitle\">Sprechen Sie mit einem unserer ESG- und Kohlenstoffmanagement-Experten<\/h5>\r\n                                    <\/div>\r\n                <\/div>\r\n                <div class=\"contact_reqiest\">\r\n                    <script charset=\"utf-8\" type=\"text\/javascript\" src=\"\/\/js.hsforms.net\/forms\/embed\/v2.js\"><\/script>\r\n<script>\r\n  hbspt.forms.create({\r\n    region: \"na1\",\r\n    portalId: \"5387762\",\r\n    formId: \"a23cf73a-36bd-433c-a1d8-4acd8b05b928\"\r\n  });\r\n<\/script>                <\/div>\r\n            <\/div>\r\n        <\/div>\r\n    <\/div>\r\n\r\n","protected":false},"excerpt":{"rendered":"","protected":false},"author":2,"featured_media":0,"parent":0,"menu_order":0,"comment_status":"closed","ping_status":"closed","template":"","meta":{"_acf_changed":false,"content-type":"","footnotes":""},"class_list":["post-23210","page","type-page","status-publish","hentry"],"acf":[],"_links":{"self":[{"href":"https:\/\/www.achilles.com\/de\/wp-json\/wp\/v2\/pages\/23210","targetHints":{"allow":["GET"]}}],"collection":[{"href":"https:\/\/www.achilles.com\/de\/wp-json\/wp\/v2\/pages"}],"about":[{"href":"https:\/\/www.achilles.com\/de\/wp-json\/wp\/v2\/types\/page"}],"author":[{"embeddable":true,"href":"https:\/\/www.achilles.com\/de\/wp-json\/wp\/v2\/users\/2"}],"replies":[{"embeddable":true,"href":"https:\/\/www.achilles.com\/de\/wp-json\/wp\/v2\/comments?post=23210"}],"version-history":[{"count":0,"href":"https:\/\/www.achilles.com\/de\/wp-json\/wp\/v2\/pages\/23210\/revisions"}],"wp:attachment":[{"href":"https:\/\/www.achilles.com\/de\/wp-json\/wp\/v2\/media?parent=23210"}],"curies":[{"name":"wp","href":"https:\/\/api.w.org\/{rel}","templated":true}]}}