{"id":19566,"date":"2023-06-14T14:29:28","date_gmt":"2023-06-14T11:29:28","guid":{"rendered":"https:\/\/uat.achilles.com\/about-us\/referral-partners\/"},"modified":"2023-08-08T05:33:05","modified_gmt":"2023-08-08T02:33:05","slug":"referral-partners","status":"publish","type":"page","link":"https:\/\/www.achilles.com\/de\/about-us\/referral-partners\/","title":{"rendered":"Referral partners"},"content":{"rendered":"        <div class=\"content_section\">\r\n            <div class=\"container\">\r\n                                <div class=\"description_page half\">\r\n                                        <h1 class=\"title_page\">Werbepartner<\/h1>\r\n                                        <div class=\"typical_text large_text\">\r\n                        <p>Unser Partnerprogramm verbindet uns mit Personen und Unternehmen, die in unseren Branchen t\u00e4tig sind \u2013 \u00fcberall auf der Welt.<\/p>\n<p>Im Rahmen des Achilles-Empfehlungsprogramms arbeiten Dritte als Partner mit Achilles bei komplement\u00e4ren Aktivit\u00e4ten zusammen, von denen beide Unternehmen profitieren.<\/p>\n<p>Unsere Partner k\u00f6nnen nicht nur eine Vielzahl von Angeboten sowie unser gro\u00dfz\u00fcgiges Verg\u00fctungsmodell nutzen, sondern tragen auch zur Optimierung unseres existierenden Angebots und zur Gestaltung der Neuproduktentwicklung bei.<\/p>\n<p>Ob als Gro\u00dfunternehmen oder Einzelner \u2013 es ist ganz einfach, f\u00fcr die Achilles-L\u00f6sung zu werben. Empfehlen Sie unsere L\u00f6sungen einfach in Ihrem Netzwerk weiter. Um den Rest k\u00fcmmern wir uns.<\/p>\n                    <\/div>\r\n                                    <\/div>\r\n                            <\/div>\r\n        <\/div>\r\n\n\n    <div class=\"content_section bg_grey\">\r\n        <div class=\"container\">\r\n                                    <div class=\"cta_wrap\">\r\n                                <a href=\"\/contact-us\/\" class=\"cta_box\" >\r\n                    <div class=\"cta_box_bg\">\r\n                                                <img decoding=\"async\" src=\"https:\/\/www.achilles.com\/app\/uploads\/2023\/06\/contact-small.jpg\" alt=\"\">\r\n                                            <\/div>\r\n                    <div class=\"cta_box_info\">\r\n                                                <h3 class=\"cta_box_name\">F\u00fcllen Sie das Formular aus, um den Prozess zu starten.<\/h3>\r\n                                                <span class=\"btn\">Partner werden<\/span>\r\n                                            <\/div>\r\n                <\/a>\r\n                                <a href=\"\/about-us\/media-centre\/\" class=\"cta_box\" >\r\n                    <div class=\"cta_box_bg\">\r\n                                                <img decoding=\"async\" src=\"https:\/\/www.achilles.com\/app\/uploads\/2023\/06\/bridge-dark-1.jpg\" alt=\"\">\r\n                                            <\/div>\r\n                    <div class=\"cta_box_info\">\r\n                                                <h3 class=\"cta_box_name\">Als qualifizierter Werbepartner k\u00f6nnen Sie potenzielle Kunden vorschlagen<\/h3>\r\n                                                <span class=\"btn\">Potenzielle Kunden vorschlagen<\/span>\r\n                                            <\/div>\r\n                <\/a>\r\n                            <\/div>\r\n                                <\/div>\r\n    <\/div>\r\n","protected":false},"excerpt":{"rendered":"","protected":false},"author":1,"featured_media":0,"parent":18919,"menu_order":0,"comment_status":"closed","ping_status":"closed","template":"","meta":{"_acf_changed":false,"content-type":"","footnotes":""},"class_list":["post-19566","page","type-page","status-publish","hentry"],"acf":[],"_links":{"self":[{"href":"https:\/\/www.achilles.com\/de\/wp-json\/wp\/v2\/pages\/19566","targetHints":{"allow":["GET"]}}],"collection":[{"href":"https:\/\/www.achilles.com\/de\/wp-json\/wp\/v2\/pages"}],"about":[{"href":"https:\/\/www.achilles.com\/de\/wp-json\/wp\/v2\/types\/page"}],"author":[{"embeddable":true,"href":"https:\/\/www.achilles.com\/de\/wp-json\/wp\/v2\/users\/1"}],"replies":[{"embeddable":true,"href":"https:\/\/www.achilles.com\/de\/wp-json\/wp\/v2\/comments?post=19566"}],"version-history":[{"count":0,"href":"https:\/\/www.achilles.com\/de\/wp-json\/wp\/v2\/pages\/19566\/revisions"}],"up":[{"embeddable":true,"href":"https:\/\/www.achilles.com\/de\/wp-json\/wp\/v2\/pages\/18919"}],"wp:attachment":[{"href":"https:\/\/www.achilles.com\/de\/wp-json\/wp\/v2\/media?parent=19566"}],"curies":[{"name":"wp","href":"https:\/\/api.w.org\/{rel}","templated":true}]}}