{"id":19554,"date":"2023-06-14T10:50:45","date_gmt":"2023-06-14T09:50:45","guid":{"rendered":"https:\/\/uat.achilles.com\/procurement-teams\/"},"modified":"2023-08-08T04:23:53","modified_gmt":"2023-08-08T01:23:53","slug":"procurement-teams","status":"publish","type":"page","link":"https:\/\/www.achilles.com\/de\/wir-arbeiten-mit-ihnen-zusammen\/beschaffungsteams\/","title":{"rendered":"Procurement Teams"},"content":{"rendered":"            <div class=\"content_section\">\r\n            <div class=\"container\">\r\n                                <div class=\"description_page full top\">\r\n                                        <h1 class=\"title_page\">Beschaffungsteams<\/h1>\r\n                                        <div class=\"typical_text large_text\">\r\n                        <p>Als Eink\u00e4ufer m\u00fcssen Sie Daten, Compliance und Risiken \u00fcber nationale und globale Lieferketten hinweg verwalten. Gleichzeitig sind Sie bestrebt, Kosten zu reduzieren und einheitliche Beschaffungsprozesse zu gew\u00e4hrleisten.<\/p>\r\n                    <\/div>\r\n                                    <\/div>\r\n                                <div class=\"content_wrap\">\r\n                    <div class=\"content_info ogo\">\r\n                                                <div class=\"typical_text\">\r\n                            <p>Unsere\u00a0<a href=\"https:\/\/www.achilles.com\/feature\/prequalification-questionnaires\/\">Pr\u00e4qualifizierung<\/a>\u00a0sowie unsere\u00a0<a href=\"https:\/\/www.achilles.com\/feature\/data-validation\/\">Bewertungsleistungen\u00a0<\/a>und\u00a0<a href=\"https:\/\/www.achilles.com\/features\/management_system_audits\/\">Audits<\/a>\u00a0bieten eine einheitliche Methode zur Kategorisierung, Segmentierung und Bewertung von Lieferanten auf der Grundlage eines objektiven Risikomodells.<\/p>\n<p>Wir helfen Ihnen bei der Erstellung eines Pools von validierten Lieferanten, Auftragnehmern und Anbietern, die Ihre Pr\u00e4qualifizierungsanforderungen erf\u00fcllen. Mit unserem breiten Angebot an Tools k\u00f6nnen Sie Ihre eigenen vertragsspezifischen Qualifizierungsdaten hinzuf\u00fcgen oder Informationsanfragen\u00a0<a href=\"https:\/\/www.achilles.com\/features\/request-information\/\">(RFI)\u00a0<\/a>durchf\u00fchren, um Lieferanten zu identifizieren, die Sie zur Teilnahme an einer Ausschreibung einladen m\u00f6chten. Viele unserer Kunden\u00a0<a href=\"https:\/\/www.achilles.com\/features\/data-exchange\/\">verkn\u00fcpfen unsere Pr\u00e4qualifizierungsdaten auch mit ihrem ERP-System<\/a>\u00a0und anderen internen Systemen, um die Genauigkeit der Lieferantendaten zu verbessern und den Einkauf sowie die Erstellung von Lieferantendatens\u00e4tzen strenger zu kontrollieren.<\/p>\n                        <\/div>\r\n                                            <\/div>\r\n                                        <div class=\"content_media\">\r\n                        <img decoding=\"async\" src=\"https:\/\/www.achilles.com\/app\/uploads\/2023\/06\/Achilles-icons_Procurement-Team.png\" width=\"280\" alt=\"\">\r\n                    <\/div>\r\n                                    <\/div>\r\n                            <\/div>\r\n        <\/div>\r\n    \n\n    <div class=\"content_section bg_grey\">\r\n        <div class=\"container\">\r\n                        <div class=\"description_section\">\r\n                                <p class=\"title_category\">ERFOLG F\u00dcR IHR TEAM<\/p>\r\n                                <h2 class=\"title_section\">F\u00fcr Sie empfohlen<\/h2>\r\n                            <\/div>\r\n                        <div class=\"features_wrap\">\r\n                                <div class=\"feature_item\">\r\n                                        <div class=\"feature_item_icon\">\r\n                        <img decoding=\"async\" src=\"https:\/\/www.achilles.com\/app\/uploads\/2023\/06\/Achilles-icons_Financial-risk-and-business-continuity.png\" alt=\"\">\r\n                    <\/div>\r\n                                        <h3 class=\"feature_item_name\">Finanzielle Risiken und betriebliche Kontinuit\u00e4t<\/h3>\r\n                                        <div class=\"typical_text\">\r\n                        <p>Wir geben Eink\u00e4ufern den n\u00f6tigen \u00dcberblick, um m\u00f6gliche Probleme zu erkennen, Notfallpl\u00e4ne zu entwickeln und sicherzustellen, dass es zu keinen kostspieligen Unterbrechungen kommt.<\/p>\n                    <\/div>\r\n                                        <a class=\"btn\" aria-label=\"Finanzielle Risiken und betriebliche Kontinuit\u00e4t - Mehr erfahren\" href=\"https:\/\/uat.achilles.com\/products\/financial-risk\">Mehr erfahren<\/a>\r\n                                    <\/div>\r\n                                <div class=\"feature_item\">\r\n                                        <div class=\"feature_item_icon\">\r\n                        <img decoding=\"async\" src=\"https:\/\/www.achilles.com\/app\/uploads\/2023\/06\/Achilles-icons_Health-safety-and-quality.png\" alt=\"\">\r\n                    <\/div>\r\n                                        <h3 class=\"feature_item_name\">Arbeitsschutz und Qualit\u00e4t<\/h3>\r\n                                        <div class=\"typical_text\">\r\n                        <p>Die Sicherheit Ihrer Arbeitsumgebung wirkt sich nicht nur auf die Qualit\u00e4t Ihrer Ergebnisse aus, sie ist auch ein direktes Spiegelbild der Kultur und der Werte Ihres Unternehmens.<\/p>\n                    <\/div>\r\n                                        <a class=\"btn\" aria-label=\"Arbeitsschutz und Qualit\u00e4t - Mehr erfahren\" href=\"https:\/\/uat.achilles.com\/products\/health-and-safety\/\">Mehr erfahren<\/a>\r\n                                    <\/div>\r\n                                <div class=\"feature_item\">\r\n                                        <div class=\"feature_item_icon\">\r\n                        <img decoding=\"async\" src=\"https:\/\/www.achilles.com\/app\/uploads\/2023\/06\/Achilles-icons_Environmental-sustainability.png\" alt=\"\">\r\n                    <\/div>\r\n                                        <h3 class=\"feature_item_name\">\u00d6kologische Nachhaltigkeit<\/h3>\r\n                                        <div class=\"typical_text\">\r\n                        <p>Nachhaltigkeit in den Gesch\u00e4ftsaktivit\u00e4ten ist nicht nur das einzig Richtige, sondern zunehmend auch ein wichtiger Ma\u00dfstab f\u00fcr Erfolg und Rentabilit\u00e4t.<\/p>\n                    <\/div>\r\n                                        <a class=\"btn\" aria-label=\"\u00d6kologische Nachhaltigkeit - Mehr erfahren\" href=\"https:\/\/uat.achilles.com\/products\/environmental-sustainability\">Mehr erfahren<\/a>\r\n                                    <\/div>\r\n                            <\/div>\r\n                    <\/div>\r\n    <\/div>\r\n\n\n    <div class=\"content_section bg_grey\">\r\n        <div class=\"container\">\r\n                        <div class=\"description_section\">\r\n                                <h2 class=\"title_section\">Ebenfalls interessant:<\/h2>\r\n                            <\/div>\r\n                        <div class=\"features_wrap\">\r\n                                <div class=\"feature_item\">\r\n                                        <div class=\"feature_item_icon\">\r\n                        <img decoding=\"async\" src=\"https:\/\/www.achilles.com\/app\/uploads\/2023\/06\/Achilles-icons_Pre-qualification-questionnaire.png\" alt=\"\">\r\n                    <\/div>\r\n                                        <h3 class=\"feature_item_name\">Pr\u00e4qualifizierungsfragebogen<\/h3>\r\n                                        <div class=\"typical_text\">\r\n                        <p>Diese grundlegenden Tools sind der erste Schritt auf der Suche nach Lieferanten, die Ihre Auftr\u00e4ge erf\u00fcllen und allen Ihren Compliance-Standards gerecht werden.<\/p>\n                    <\/div>\r\n                                        <a class=\"btn\" aria-label=\"Pr\u00e4qualifizierungsfragebogen - Mehr erfahren\" href=\"https:\/\/uat.achilles.com\/features\/prequalification-questionnaires\/\">Mehr erfahren<\/a>\r\n                                    <\/div>\r\n                                <div class=\"feature_item\">\r\n                                        <div class=\"feature_item_icon\">\r\n                        <img decoding=\"async\" src=\"https:\/\/www.achilles.com\/app\/uploads\/2023\/06\/Achilles-icons_Data-validation.png\" alt=\"\">\r\n                    <\/div>\r\n                                        <h3 class=\"feature_item_name\">Datenvalidierung<\/h3>\r\n                                        <div class=\"typical_text\">\r\n                        <p>Fakten sind unsere W\u00e4hrung \u2013 daher w\u00fcrden wir es nie in Betracht ziehen, Daten \u00fcber Lieferanten weiterzugeben, bevor wir sie nicht unserem rigorosen Validierungsprozess unterzogen haben.<\/p>\n                    <\/div>\r\n                                        <a class=\"btn\" aria-label=\"Datenvalidierung - Mehr erfahren\" href=\"https:\/\/uat.achilles.com\/features\/data-validation\">Mehr erfahren<\/a>\r\n                                    <\/div>\r\n                                <div class=\"feature_item\">\r\n                                        <div class=\"feature_item_icon\">\r\n                        <img decoding=\"async\" src=\"https:\/\/www.achilles.com\/app\/uploads\/2023\/06\/Achilles-icons_Performance-Feedback.png\" alt=\"10 hours of content\">\r\n                    <\/div>\r\n                                        <h3 class=\"feature_item_name\">Leistungsfeedback<\/h3>\r\n                                        <div class=\"typical_text\">\r\n                        <p>Die Optimierung der Leistung Ihrer bestehenden Lieferanten ist eine wichtige Voraussetzung, um die unterbrechungsfreie Bereitstellung der von Ihnen erworbenen Dienstleistungen zu gew\u00e4hrleisten.<\/p>\n                    <\/div>\r\n                                        <a class=\"btn\" aria-label=\"Leistungsfeedback - Mehr erfahren\" href=\"https:\/\/uat.achilles.com\/features\/performance-feedback\">Mehr erfahren<\/a>\r\n                                    <\/div>\r\n                            <\/div>\r\n                    <\/div>\r\n    <\/div>\r\n","protected":false},"excerpt":{"rendered":"","protected":false},"author":1,"featured_media":0,"parent":0,"menu_order":0,"comment_status":"closed","ping_status":"closed","template":"","meta":{"_acf_changed":false,"content-type":"","footnotes":""},"class_list":["post-19554","page","type-page","status-publish","hentry"],"acf":[],"_links":{"self":[{"href":"https:\/\/www.achilles.com\/de\/wp-json\/wp\/v2\/pages\/19554","targetHints":{"allow":["GET"]}}],"collection":[{"href":"https:\/\/www.achilles.com\/de\/wp-json\/wp\/v2\/pages"}],"about":[{"href":"https:\/\/www.achilles.com\/de\/wp-json\/wp\/v2\/types\/page"}],"author":[{"embeddable":true,"href":"https:\/\/www.achilles.com\/de\/wp-json\/wp\/v2\/users\/1"}],"replies":[{"embeddable":true,"href":"https:\/\/www.achilles.com\/de\/wp-json\/wp\/v2\/comments?post=19554"}],"version-history":[{"count":0,"href":"https:\/\/www.achilles.com\/de\/wp-json\/wp\/v2\/pages\/19554\/revisions"}],"wp:attachment":[{"href":"https:\/\/www.achilles.com\/de\/wp-json\/wp\/v2\/media?parent=19554"}],"curies":[{"name":"wp","href":"https:\/\/api.w.org\/{rel}","templated":true}]}}