{"id":19510,"date":"2023-06-14T09:23:14","date_gmt":"2023-06-14T06:23:14","guid":{"rendered":"https:\/\/uat.achilles.com\/working-with-you\/"},"modified":"2023-08-07T18:42:25","modified_gmt":"2023-08-07T15:42:25","slug":"working-with-you","status":"publish","type":"page","link":"https:\/\/www.achilles.com\/de\/wir-arbeiten-mit-ihnen-zusammen\/","title":{"rendered":"Working with you"},"content":{"rendered":"            <div class=\"content_section\">\r\n            <div class=\"container\">\r\n                                <div class=\"description_page full top\">\r\n                                        <h1 class=\"title_page\">Wir arbeiten mit Ihnen zusammen<\/h1>\r\n                                        <div class=\"typical_text large_text\">\r\n                        <p>Neben der Steigerung der Unternehmens- und Lieferkettenleistung unterst\u00fctzen wir Verbesserungen bei Eink\u00e4ufern und Lieferanten, die der Gesellschaft zugutekommen, indem wir kritische Themen wie Sicherheit, moderne Sklaverei, Korruption, \u00f6kologische Nachhaltigkeit einschlie\u00dflich der Verringerung des Kohlendioxidaussto\u00dfes und die F\u00f6rderung kleiner und mittelst\u00e4ndischer Unternehmen angehen<\/p>\r\n                    <\/div>\r\n                                    <\/div>\r\n                                <div class=\"content_wrap\">\r\n                    <div class=\"content_info ogo\">\r\n                                                <div class=\"typical_text\">\r\n                            <p>Unterschiedliche Rollen in der Beschaffung und im Risikomanagement haben verschiedene Ans\u00e4tze in Bezug auf Lieferantenleistung und\u00a0<a href=\"https:\/\/www.achilles.com\/product\/risk-management\/\" target=\"_blank\" rel=\"noopener noreferrer\">Risikomanagement.<\/a><\/p>\n<p>Um diesen unterschiedlichen Anforderungen gerecht zu werden, sind unsere\u00a0globalen Produkte und Dienstleistungen modular aufgebaut und k\u00f6nnen so kombiniert und konfiguriert werden, dass sie den Risikomanagementbed\u00fcrfnissen bestimmter Unternehmen, Branchen und fachlicher Perspektiven entsprechen.<\/p>\n<p>Unser Angebot umfasst eine voll gemanagte Lieferantenregistrierung, Informations- und Compliance-Management sowie einen Pr\u00e4qualifizierungsservice. Unsere L\u00f6sung reduziert \u2013 oder eliminiert sogar \u2013 die Notwendigkeit eines kostspieligen internen Lieferkettenmanagements, sodass sich Ihre Teams auf andere wertvolle Aufgaben konzentrieren k\u00f6nnen, um die Ziele Ihrer Abteilungen zu erf\u00fcllen.<\/p>\n                        <\/div>\r\n                                            <\/div>\r\n                                        <div class=\"content_media\">\r\n                        <img decoding=\"async\" src=\"https:\/\/www.achilles.com\/app\/uploads\/2023\/06\/Achilles-icons_Risk-Management-team-1-1.png\" width=\"280\" alt=\"\">\r\n                    <\/div>\r\n                                    <\/div>\r\n                            <\/div>\r\n        <\/div>\r\n    \n\n    <div class=\"content_section bg_grey\">\r\n        <div class=\"container\">\r\n                        <div class=\"description_section\">\r\n                                <p class=\"title_category\">W\u00c4HLEN SIE IHR TEAM<\/p>\r\n                                <h2 class=\"title_section\">Entdecken Sie, wie wir die Leistung eines bestimmten Teams unterst\u00fctzen k\u00f6nnen<\/h2>\r\n                            <\/div>\r\n                        <div class=\"features_wrap\">\r\n                                <div class=\"feature_item\">\r\n                                        <div class=\"feature_item_icon\">\r\n                        <img decoding=\"async\" src=\"https:\/\/www.achilles.com\/app\/uploads\/2023\/06\/Achilles-icons_Health-Safety-Team.png\" alt=\"\">\r\n                    <\/div>\r\n                                        <h3 class=\"feature_item_name\">Arbeitsschutzteam<\/h3>\r\n                                        <a class=\"btn\" aria-label=\"Arbeitsschutzteam - Mehr erfahren\" href=\"\/working-with-you\/health-and-safety-team\/\">Mehr erfahren<\/a>\r\n                                    <\/div>\r\n                                <div class=\"feature_item\">\r\n                                        <div class=\"feature_item_icon\">\r\n                        <img decoding=\"async\" src=\"https:\/\/www.achilles.com\/app\/uploads\/2023\/06\/Achilles-icons_Contract-Management-Team.png\" alt=\"\">\r\n                    <\/div>\r\n                                        <h3 class=\"feature_item_name\">Vertragsmanagementteam<\/h3>\r\n                                        <a class=\"btn\" aria-label=\"Vertragsmanagementteam - Mehr erfahren\" href=\"\/working-with-you\/contract-management-team\/\">Mehr erfahren<\/a>\r\n                                    <\/div>\r\n                                <div class=\"feature_item\">\r\n                                        <div class=\"feature_item_icon\">\r\n                        <img decoding=\"async\" src=\"https:\/\/www.achilles.com\/app\/uploads\/2023\/06\/Achilles-icons_Sustainability-Team.png\" alt=\"\">\r\n                    <\/div>\r\n                                        <h3 class=\"feature_item_name\">CSR-\/Nachhaltigkeitsteam<\/h3>\r\n                                        <a class=\"btn\" aria-label=\"CSR-\/Nachhaltigkeitsteam - Mehr erfahren\" href=\"\/working-with-you\/sustainability-team\/\">Mehr erfahren<\/a>\r\n                                    <\/div>\r\n                                <div class=\"feature_item\">\r\n                                        <div class=\"feature_item_icon\">\r\n                        <img decoding=\"async\" src=\"https:\/\/www.achilles.com\/app\/uploads\/2023\/06\/Achilles-icons_Risk-Management-team-1.png\" alt=\"\">\r\n                    <\/div>\r\n                                        <h3 class=\"feature_item_name\">Risikomanagementteam<\/h3>\r\n                                        <a class=\"btn\" aria-label=\"Risikomanagementteam - Mehr erfahren\" href=\"\/working-with-you\/risk-management-team\">Mehr erfahren<\/a>\r\n                                    <\/div>\r\n                                <div class=\"feature_item\">\r\n                                        <div class=\"feature_item_icon\">\r\n                        <img decoding=\"async\" src=\"https:\/\/www.achilles.com\/app\/uploads\/2023\/06\/Achilles-icons_Compliance-Team.png\" alt=\"\">\r\n                    <\/div>\r\n                                        <h3 class=\"feature_item_name\">Compliance-Team<\/h3>\r\n                                        <a class=\"btn\" aria-label=\"Compliance-Team - Mehr erfahren\" href=\"\/working-with-you\/as-a-member-of-the-compliance-team\">Mehr erfahren<\/a>\r\n                                    <\/div>\r\n                                <div class=\"feature_item\">\r\n                                        <div class=\"feature_item_icon\">\r\n                        <img decoding=\"async\" src=\"https:\/\/www.achilles.com\/app\/uploads\/2023\/06\/Achilles-icons_Procurement-Team.png\" alt=\"\">\r\n                    <\/div>\r\n                                        <h3 class=\"feature_item_name\">Beschaffungsteam<\/h3>\r\n                                        <a class=\"btn\" aria-label=\"Beschaffungsteam - Mehr erfahren\" href=\"\/working-with-you\/procurement-teams\">Mehr erfahren<\/a>\r\n                                    <\/div>\r\n                            <\/div>\r\n                    <\/div>\r\n    <\/div>\r\n","protected":false},"excerpt":{"rendered":"","protected":false},"author":1,"featured_media":0,"parent":0,"menu_order":0,"comment_status":"closed","ping_status":"closed","template":"","meta":{"_acf_changed":false,"content-type":"","footnotes":""},"class_list":["post-19510","page","type-page","status-publish","hentry"],"acf":[],"_links":{"self":[{"href":"https:\/\/www.achilles.com\/de\/wp-json\/wp\/v2\/pages\/19510","targetHints":{"allow":["GET"]}}],"collection":[{"href":"https:\/\/www.achilles.com\/de\/wp-json\/wp\/v2\/pages"}],"about":[{"href":"https:\/\/www.achilles.com\/de\/wp-json\/wp\/v2\/types\/page"}],"author":[{"embeddable":true,"href":"https:\/\/www.achilles.com\/de\/wp-json\/wp\/v2\/users\/1"}],"replies":[{"embeddable":true,"href":"https:\/\/www.achilles.com\/de\/wp-json\/wp\/v2\/comments?post=19510"}],"version-history":[{"count":0,"href":"https:\/\/www.achilles.com\/de\/wp-json\/wp\/v2\/pages\/19510\/revisions"}],"wp:attachment":[{"href":"https:\/\/www.achilles.com\/de\/wp-json\/wp\/v2\/media?parent=19510"}],"curies":[{"name":"wp","href":"https:\/\/api.w.org\/{rel}","templated":true}]}}