{"id":19008,"date":"2023-06-14T11:06:04","date_gmt":"2023-06-14T10:06:04","guid":{"rendered":"https:\/\/uat.achilles.com\/csr\/"},"modified":"2024-10-15T17:42:04","modified_gmt":"2024-10-15T16:42:04","slug":"soziale-verantwortung-der-unternehmen","status":"publish","type":"page","link":"https:\/\/www.achilles.com\/de\/csr\/","title":{"rendered":"Soziale Verantwortung der Unternehmen"},"content":{"rendered":"    <div class=\"top_section\">\n        <div class=\"container\">\n            <div class=\"top_info\">\n                                    <h1 class=\"top_title\">Soziale Verantwortung der Unternehmen<\/h1>\n                            <\/div>\n        <\/div>\n        <div class=\"top_media\">\n\t\t\t            <img decoding=\"async\" src=\"https:\/\/www.achilles.com\/app\/uploads\/2023\/10\/iStock-152173072.jpg\" alt=\"Children working in a quarry\">\n                    <\/div>\n    <\/div>\n    <div class=\"content_section\">\r\n        <div class=\"container\">\r\n            <div class=\"article_text\">\r\n                                <div class=\"typical_text\">\r\n                    <p class=\"heading heading--1\"><span style=\"font-size: 16px;\">Da CSR f\u00fcr unsere Kunden wichtig ist, m\u00f6chten wir sicherstellen, dass wir bei unserer eigenen unternehmerischen und sozialen Verantwortung eine Vorreiterrolle spielen. Wo wir k\u00f6nnen, arbeiten wir mit externen Partnern zusammen, um sicherzustellen, dass unsere CSR so gut ist, wie sie nur sein kann, und dass sie einem unserer eigenen Audits standhalten w\u00fcrde. <\/span><\/p>\n<div class=\"wysiwyg-content\">\n<h4>Kohlenstoff<\/h4>\n<p data-pm-slice=\"1 1 []\">Wir wollen unsere F\u00fchrungsrolle bei der Messung, Verwaltung und Berichterstattung \u00fcber unseren betrieblichen Kohlenstoff-Fu\u00dfabdruck unter Beweis stellen. Durch unsere j\u00e4hrliche CarbonReduce-Zertifizierung (offiziell bekannt als CEMARS) wissen wir, dass wir seit 2012 eine 57%ige Reduzierung der Kohlenstoffemissionen erreicht haben.<\/p>\n<p><u><a class=\"ProsemirrorEditor-link\" href=\"\/wp-content\/uploads\/2023\/06\/Certificate_2020015J_Achilles_Toitu_carbonreduce_Org.pdf\">CarbonReduce Zertifikat<\/a><\/u><\/p>\n<p><u><a class=\"ProsemirrorEditor-link\" href=\"\/wp-content\/uploads\/2023\/06\/TOI0009-Certificates_23_Winner_Achilles-Information.pdf\">Zertifikat f\u00fcr den Climate Action Award<\/a><\/u><\/p>\n<h4>Moderne Sklaverei<\/h4>\n<p>Moderne Sklaverei ist wirklich eines der bedeutendsten Menschenrechtsthemen unserer Zeit, und wir arbeiten leidenschaftlich gern mit unseren Kunden zusammen, um die komplexen Arbeitsm\u00e4rkte, in denen sie t\u00e4tig sind, zu vereinfachen. Wir nehmen unsere eigene Rolle bei der Beseitigung der modernen Sklaverei ebenso ernst. <\/p>\n<p><a href=\"\/wp\/wp-content\/uploads\/2024\/10\/Modern-Slavery-Statement-2024.pdf\">Erkl\u00e4rung zur modernen Sklaverei<\/a><\/p>\n<h4>Politiken<\/h4>\n<p>Wir wissen, wie wichtig es ist, \u00fcber Richtlinien f\u00fcr Gesundheit, Sicherheit, Umwelt, Qualit\u00e4t und Informationssicherheit zu verf\u00fcgen. Wenn Sie diese oder unsere Managementsystem-Zertifikate einsehen m\u00f6chten, <a href=\"https:\/\/www.achilles.com\/de\/kontaktiere-uns\/\">kontaktieren Sie uns<\/a> bitte <a href=\"https:\/\/www.achilles.com\/de\/kontaktiere-uns\/\">hier<\/a>.<\/p>\n<p>&nbsp;<\/p>\n<\/div>\n<p><img loading=\"lazy\" decoding=\"async\" class=\"alignleft wp-image-44829 size-full\" src=\"https:\/\/uat.achilles.com\/wp\/wp-content\/uploads\/2024\/06\/mark-of-trust-multi-scheme-9001-27001-logo-En-GB-0320-e1719440534144.png\" alt=\"\" width=\"200\" height=\"66\"><\/p>\n<p>&nbsp;<\/p>\n<p>&nbsp;<\/p>\n<p>&nbsp;<\/p>\n<p>&nbsp;<\/p>\n<p>&nbsp;<\/p>\n                <\/div>\r\n                            <\/div>\r\n        <\/div>\r\n    <\/div>\r\n","protected":false},"excerpt":{"rendered":"","protected":false},"author":7,"featured_media":22790,"parent":0,"menu_order":0,"comment_status":"closed","ping_status":"closed","template":"","meta":{"_acf_changed":false,"content-type":"","footnotes":""},"class_list":["post-19008","page","type-page","status-publish","has-post-thumbnail","hentry"],"acf":[],"_links":{"self":[{"href":"https:\/\/www.achilles.com\/de\/wp-json\/wp\/v2\/pages\/19008","targetHints":{"allow":["GET"]}}],"collection":[{"href":"https:\/\/www.achilles.com\/de\/wp-json\/wp\/v2\/pages"}],"about":[{"href":"https:\/\/www.achilles.com\/de\/wp-json\/wp\/v2\/types\/page"}],"author":[{"embeddable":true,"href":"https:\/\/www.achilles.com\/de\/wp-json\/wp\/v2\/users\/7"}],"replies":[{"embeddable":true,"href":"https:\/\/www.achilles.com\/de\/wp-json\/wp\/v2\/comments?post=19008"}],"version-history":[{"count":0,"href":"https:\/\/www.achilles.com\/de\/wp-json\/wp\/v2\/pages\/19008\/revisions"}],"wp:featuredmedia":[{"embeddable":true,"href":"https:\/\/www.achilles.com\/de\/wp-json\/wp\/v2\/media\/22790"}],"wp:attachment":[{"href":"https:\/\/www.achilles.com\/de\/wp-json\/wp\/v2\/media?parent=19008"}],"curies":[{"name":"wp","href":"https:\/\/api.w.org\/{rel}","templated":true}]}}