{"id":18996,"date":"2023-06-14T09:45:09","date_gmt":"2023-06-14T06:45:09","guid":{"rendered":"https:\/\/uat.achilles.com\/contract-management-teams\/"},"modified":"2023-08-03T22:50:15","modified_gmt":"2023-08-03T19:50:15","slug":"contract-management-teams","status":"publish","type":"page","link":"https:\/\/www.achilles.com\/de\/wir-arbeiten-mit-ihnen-zusammen\/vertragsmanagementteam\/","title":{"rendered":"Vertragsmanagementteams"},"content":{"rendered":"            <div class=\"content_section\">\r\n            <div class=\"container\">\r\n                                <div class=\"description_page full top\">\r\n                                        <h1 class=\"title_page\">Vertragsmanagementteams<\/h1>\r\n                                        <div class=\"typical_text large_text\">\r\n                        <p>Wir verstehen Ihre Gesch\u00e4ftsbed\u00fcrfnisse. Mit unseren L\u00f6sungen k\u00f6nnen Sie unbesorgt sein.<\/p>\r\n                    <\/div>\r\n                                    <\/div>\r\n                                <div class=\"content_wrap\">\r\n                    <div class=\"content_info ogo\">\r\n                                                <div class=\"typical_text\">\r\n                            <p>Wir bieten eine L\u00f6sung f\u00fcr\u00a0<a href=\"https:\/\/www.achilles.com\/features\/performance-feedback\/\">Lieferantenleistungsmanagement<\/a>\u00a0an, die Ihre Teams bei der systematischen \u00dcberpr\u00fcfung und \u00dcberwachung der\u00a0<a href=\"https:\/\/www.achilles.com\/features\/performance-feedback\/\">Leistung von Lieferanten<\/a>\u00a0in Bezug auf Vertr\u00e4ge unterst\u00fctzt. Sie k\u00f6nnen den Zugriff auf dieses Tool f\u00fcr ausgew\u00e4hlte Mitarbeiter freigeben, um einen kollaborativen \u00dcberpr\u00fcfungs- und Verbesserungsprozess zu unterst\u00fctzen.<\/p>\n<p>Unsere\u00a0<a href=\"https:\/\/www.achilles.com\/feature\/prequalification-questionnaires\/\">Pr\u00e4qualifizierungsfrageb\u00f6gen<\/a>\u00a0beinhalten auch eine Tracking- und Benachrichtigungsfunktion zur Nachverfolgung Ihrer bestehenden Lieferanten. Sie erhalten Updates \u00fcber alle \u00c4nderungen ihres Status oder ihrer Daten, z.\u00a0B. Finanzstatus, Audit-Ergebnisse, Versicherungsschutz oder Antworten auf Frageb\u00f6gen.<\/p>\n                        <\/div>\r\n                                            <\/div>\r\n                                        <div class=\"content_media\">\r\n                        <img decoding=\"async\" src=\"https:\/\/www.achilles.com\/app\/uploads\/2023\/06\/Achilles-icons_Contract-Management-Team.png\" width=\"280\" alt=\"\">\r\n                    <\/div>\r\n                                    <\/div>\r\n                            <\/div>\r\n        <\/div>\r\n    \n\n    <div class=\"content_section bg_grey\">\r\n        <div class=\"container\">\r\n                        <div class=\"description_section\">\r\n                                <p class=\"title_category\">ERFOLG F\u00dcR IHR TEAM<\/p>\r\n                                <h2 class=\"title_section\">F\u00fcr Sie empfohlen<\/h2>\r\n                            <\/div>\r\n                        <div class=\"features_wrap\">\r\n                                <div class=\"feature_item\">\r\n                                        <div class=\"feature_item_icon\">\r\n                        <img decoding=\"async\" src=\"https:\/\/www.achilles.com\/app\/uploads\/2023\/06\/Achilles-icons_Financial-risk-and-business-continuity.png\" alt=\"\">\r\n                    <\/div>\r\n                                        <h3 class=\"feature_item_name\">Finanzielle Risiken<\/h3>\r\n                                        <div class=\"typical_text\">\r\n                        <p>Der Erfolg Ihres Unternehmens h\u00e4ngt von der finanziellen Tragf\u00e4higkeit und Stabilit\u00e4t Ihrer Lieferanten ab.<\/p>\n                    <\/div>\r\n                                        <a class=\"btn\" aria-label=\"Finanzielle Risiken - Mehr erfahren\" href=\"https:\/\/uat.achilles.com\/products\/financial-risk\/\">Mehr erfahren<\/a>\r\n                                    <\/div>\r\n                                <div class=\"feature_item\">\r\n                                        <div class=\"feature_item_icon\">\r\n                        <img decoding=\"async\" src=\"https:\/\/www.achilles.com\/app\/uploads\/2023\/06\/Achilles-icons_Workflow-tools.png\" alt=\"\">\r\n                    <\/div>\r\n                                        <h3 class=\"feature_item_name\">Workflow-Tools<\/h3>\r\n                                        <div class=\"typical_text\">\r\n                        <p>Das Management Ihrer Lieferkette ist schon komplex genug, auch ohne dass Sie sich mit unz\u00e4hligen, wenig intuitiven und isolierten Systemen herumschlagen m\u00fcssen.<\/p>\n                    <\/div>\r\n                                        <a class=\"btn\" aria-label=\"Workflow-Tools - Mehr erfahren\" href=\"##\">Mehr erfahren<\/a>\r\n                                    <\/div>\r\n                                <div class=\"feature_item\">\r\n                                        <div class=\"feature_item_icon\">\r\n                        <img decoding=\"async\" src=\"https:\/\/www.achilles.com\/app\/uploads\/2023\/06\/Achilles-icons_Risk-management-.png\" alt=\"\">\r\n                    <\/div>\r\n                                        <h3 class=\"feature_item_name\">Risikomanagement<\/h3>\r\n                                        <div class=\"typical_text\">\r\n                        <p>Risiken in der Lieferkette sind allgegenw\u00e4rtig \u2013 wer sie proaktiv managt, verschafft sich einen Wettbewerbsvorteil.<\/p>\n                    <\/div>\r\n                                        <a class=\"btn\" aria-label=\"Risikomanagement - Mehr erfahren\" href=\"https:\/\/uat.achilles.com\/products\/risk-management\">Mehr erfahren<\/a>\r\n                                    <\/div>\r\n                            <\/div>\r\n                    <\/div>\r\n    <\/div>\r\n\n\n    <div class=\"content_section bg_grey\">\r\n        <div class=\"container\">\r\n                        <div class=\"description_section\">\r\n                                <h2 class=\"title_section\">Ebenfalls interessant:<\/h2>\r\n                            <\/div>\r\n                        <div class=\"features_wrap\">\r\n                                <div class=\"feature_item\">\r\n                                        <div class=\"feature_item_icon\">\r\n                        <img decoding=\"async\" src=\"https:\/\/www.achilles.com\/app\/uploads\/2023\/06\/Achilles-icons_Themis.png\" alt=\"\">\r\n                    <\/div>\r\n                                        <h3 class=\"feature_item_name\">Schulung \u2013 EU Academy<\/h3>\r\n                                        <div class=\"typical_text\">\r\n                        <p>Verbessern Sie Ihr Verst\u00e4ndnis der Prinzipien und Ziele des EU-Vergaberechts und seiner Umsetzung in der Praxis.<\/p>\n                    <\/div>\r\n                                        <a class=\"btn\" aria-label=\"Schulung \u2013 EU Academy - Mehr erfahren\" href=\"https:\/\/uat.achilles.com\/training\">Mehr erfahren<\/a>\r\n                                    <\/div>\r\n                                <div class=\"feature_item\">\r\n                                        <div class=\"feature_item_icon\">\r\n                        <img decoding=\"async\" src=\"https:\/\/www.achilles.com\/app\/uploads\/2023\/06\/Achilles-icons_Performance-Feedback.png\" alt=\"10 hours of content\">\r\n                    <\/div>\r\n                                        <h3 class=\"feature_item_name\">Schulung \u2013 Abfassen von Spezifikationen<\/h3>\r\n                                        <div class=\"typical_text\">\r\n                        <p>Gegenstand dieser Kurse ist die Frage, warum es wichtig ist, sich im Vorfeld der Beschaffung zu engagieren und Zeit in die Entwicklung einer robusten, EU-konformen Spezifikation zu investieren.<\/p>\n                    <\/div>\r\n                                        <a class=\"btn\" aria-label=\"Schulung \u2013 Abfassen von Spezifikationen - Mehr erfahren\" href=\"https:\/\/uat.achilles.com\/training\">Mehr erfahren<\/a>\r\n                                    <\/div>\r\n                                <div class=\"feature_item\">\r\n                                        <div class=\"feature_item_icon\">\r\n                        <img decoding=\"async\" src=\"https:\/\/www.achilles.com\/app\/uploads\/2023\/06\/Achilles-icons_Data-exchange-.png\" alt=\"\">\r\n                    <\/div>\r\n                                        <h3 class=\"feature_item_name\">Schulung \u2013 Vergabe von Konzessionsvertr\u00e4gen<\/h3>\r\n                                        <div class=\"typical_text\">\r\n                        <p>M\u00fcssen Sie die Regeln f\u00fcr Dienstleistungs- und Baukonzessionen verstehen, beispielsweise wie sie vergeben werden und wie man sie verwaltet?<\/p>\n                    <\/div>\r\n                                        <a class=\"btn\" aria-label=\"Schulung \u2013 Vergabe von Konzessionsvertr\u00e4gen - Mehr erfahren\" href=\"https:\/\/uat.achilles.com\/training\">Mehr erfahren<\/a>\r\n                                    <\/div>\r\n                            <\/div>\r\n                    <\/div>\r\n    <\/div>\r\n","protected":false},"excerpt":{"rendered":"","protected":false},"author":1,"featured_media":0,"parent":0,"menu_order":0,"comment_status":"closed","ping_status":"closed","template":"","meta":{"_acf_changed":false,"content-type":"","footnotes":""},"class_list":["post-18996","page","type-page","status-publish","hentry"],"acf":[],"_links":{"self":[{"href":"https:\/\/www.achilles.com\/de\/wp-json\/wp\/v2\/pages\/18996","targetHints":{"allow":["GET"]}}],"collection":[{"href":"https:\/\/www.achilles.com\/de\/wp-json\/wp\/v2\/pages"}],"about":[{"href":"https:\/\/www.achilles.com\/de\/wp-json\/wp\/v2\/types\/page"}],"author":[{"embeddable":true,"href":"https:\/\/www.achilles.com\/de\/wp-json\/wp\/v2\/users\/1"}],"replies":[{"embeddable":true,"href":"https:\/\/www.achilles.com\/de\/wp-json\/wp\/v2\/comments?post=18996"}],"version-history":[{"count":0,"href":"https:\/\/www.achilles.com\/de\/wp-json\/wp\/v2\/pages\/18996\/revisions"}],"wp:attachment":[{"href":"https:\/\/www.achilles.com\/de\/wp-json\/wp\/v2\/media?parent=18996"}],"curies":[{"name":"wp","href":"https:\/\/api.w.org\/{rel}","templated":true}]}}