{"id":18919,"date":"2023-05-12T13:19:22","date_gmt":"2023-05-12T12:19:22","guid":{"rendered":"https:\/\/uat.achilles.com\/about-us\/"},"modified":"2026-01-12T14:19:35","modified_gmt":"2026-01-12T14:19:35","slug":"ueber-uns","status":"publish","type":"page","link":"https:\/\/www.achilles.com\/de\/uber-uns\/","title":{"rendered":"About Us"},"content":{"rendered":"    <div class=\"top_section\">\n        <div class=\"container\">\n            <div class=\"top_info half\">\n                                    <h1 class=\"top_title\">\u00dcber uns<\/h1>\n                                    <div class=\"top_text\">\n                        <p class=\"p1\">Achilles steht an vorderster Front im Kampf gegen den Klimawandel, ist ein Bef\u00fcrworter f\u00fcr soziale Gerechtigkeit und Menschenrechte und ein Experte in den Bereichen Gesundheit, Sicherheit und Risikomanagement<\/p>\n                    <\/div>\n                                    <div class=\"top_buttons\">\n                                                    <a class=\"btn btn_white btn_big\" href=\"\/de\/supplier-solutions\">Finden Sie ein Netzwerk<\/a>\n                                                    <a class=\"btn btn_big\" href=\"\/de\/contact-us\">Sprechen Sie mit einem Experten<\/a>\n                                            <\/div>\n                            <\/div>\n        <\/div>\n        <div class=\"top_media\">\n\t\t\t            <img decoding=\"async\" src=\"https:\/\/www.achilles.com\/app\/uploads\/2023\/07\/MicrosoftTeams-image-14-scaled-2.jpg\" alt=\"\">\n                    <\/div>\n    <\/div>\n\n\n    <div class=\"content_section page_default_text\">\r\n        <div class=\"container\">\r\n            <article class=\"article_wrap\">\r\n                <div class=\"article_main\">\r\n                    <div class=\"typical_text\">\r\n                        <h2 id=\"tw-target-text\" class=\"tw-data-text tw-text-large tw-ta\" dir=\"ltr\" data-placeholder=\"Translation\" data-ved=\"2ahUKEwj-npOo-ZOCAxVbQ0EAHVj-BC0Q3ewLegQICRAQ\"><span class=\"Y2IQFc\" lang=\"de\">Seit Beginn unserer Geschichte vor mehr als 30 Jahren ist es das Ziel von Achilles, eine nachhaltigere, sauberere, sicherere und gerechtere Welt aufzubauen.<\/span><\/h2>\n<p id=\"tw-target-text\" class=\"tw-data-text tw-text-large tw-ta\" dir=\"ltr\" data-placeholder=\"Translation\" data-ved=\"2ahUKEwj-npOo-ZOCAxVbQ0EAHVj-BC0Q3ewLegQICRAQ\"><span class=\"Y2IQFc\" lang=\"de\">Mithilfe unserer globalen Technologieplattform und Protokollen, die auf unserem un\u00fcbertroffenen ESG-Wissen und unserer Erfahrung basieren, f\u00fchren unsere hochqualifizierten Validatoren und Pr\u00fcfer eine Due-Diligence-Pr\u00fcfung durch und liefern tiefe Einblicke, die sicherstellen, dass Unternehmen Risiken in der Lieferkette sicher managen und ESG, Nachhaltigkeit, Menschenrechte usw. vollst\u00e4ndig erf\u00fcllen k\u00f6nnen Gesundheits- und Sicherheitsverpflichtungen.<\/span><\/p>\n \r\n                    <\/div>\r\n                <\/div>\r\n            <\/article>\r\n        <\/div>\r\n    <\/div>\r\n\n\n    <div class=\"quote_section\">\r\n        <div class=\"quote_bg\">\r\n                        <img decoding=\"async\" src=\"https:\/\/www.achilles.com\/app\/uploads\/2023\/07\/iStock-1130406722-scaled-1-e1696931703178.jpg\" alt=\"\">\r\n                    <\/div>\r\n        <div class=\"container\">\r\n            <div class=\"quote_wrapper\">\r\n                <div class=\"quote_item\">\r\n                                        <div class=\"quote_item_text\">\r\n                        <p id=\"tw-target-text\" class=\"tw-data-text tw-text-large tw-ta\" dir=\"ltr\" data-placeholder=\"Translation\" data-ved=\"2ahUKEwj-npOo-ZOCAxVbQ0EAHVj-BC0Q3ewLegQICRAQ\"><span class=\"Y2IQFc\" lang=\"de\">Ich freue mich, mit Achilles zusammenzuarbeiten, um gegen Missbrauch und Ausbeutung von Arbeitnehmern vorzugehen. Unsere Zusammenarbeit und der Austausch von Wissen und Daten helfen unseren beiden Organisationen, die Widerstandsf\u00e4higkeit globaler Unternehmen gegen\u00fcber den Risiken moderner Sklaverei zu st\u00e4rken.<\/span><\/p>\n                    <\/div>\r\n                                        <p class=\"quote_item_author\">Justine Currell, Gesch\u00e4ftsf\u00fchrender Direktor, Unseen UK<\/p>\r\n                                        <a href=\"\/de\/contact-us\" class=\"btn btn_big\">Loslegen<\/a>\r\n                                    <\/div>\r\n            <\/div>\r\n        <\/div>\r\n    <\/div>\r\n\n\n            <div class=\"content_section bg_grey\">\r\n            <div class=\"container\">\r\n                <div class=\"content_intro\">\r\n                    <div class=\"content_intro_info\">\r\n                                                <h2 class=\"title_section\">Umfassendes Supply-Chain-Risikomanagement<\/h2>\r\n                                                <div class=\"typical_text\">\r\n                            <p id=\"tw-target-text\" class=\"tw-data-text tw-text-large tw-ta\" dir=\"ltr\" data-placeholder=\"Translation\" data-ved=\"2ahUKEwj-npOo-ZOCAxVbQ0EAHVj-BC0Q3ewLegQICRAQ\"><span class=\"Y2IQFc\" lang=\"de\">Achilles bietet eine umfassende L\u00f6sung f\u00fcr Lieferkettenrisiken. Wir sind weltweit f\u00fchrende Experten in den Bereichen Beschaffung und Lieferkettenregulierung, Gesundheit und Sicherheit, Finanz- und Cyberrisiken sowie Nachhaltigkeit und Kohlenstoffmanagement.<\/span><\/p>\n                        <\/div>\r\n                                                <a class=\"btn btn_white\" href=\"\/de\/risk-mitigation\/\"> Erfahren Sie mehr<\/a>\r\n                                            <\/div>\r\n                                        <div class=\"content_intro_media\">\r\n                        <img decoding=\"async\" src=\"https:\/\/www.achilles.com\/app\/uploads\/2023\/10\/AdobeStock_180516796-scaled.jpeg\" width=\"500\" alt=\"\">\r\n                    <\/div>\r\n                                    <\/div>\r\n            <\/div>\r\n        <\/div>\r\n    \n\n            <div class=\"content_section\">\r\n            <div class=\"container\">\r\n                <div class=\"content_intro right\">\r\n                    <div class=\"content_intro_info\">\r\n                                                <h2 class=\"title_section\"> Un\u00fcbertroffene Transparenz der Lieferkette<\/h2>\r\n                                                <div class=\"typical_text\">\r\n                            <p id=\"tw-target-text\" class=\"tw-data-text tw-text-large tw-ta\" dir=\"ltr\" data-placeholder=\"Translation\" data-ved=\"2ahUKEwj-npOo-ZOCAxVbQ0EAHVj-BC0Q3ewLegQICRAQ\"><span class=\"Y2IQFc\" lang=\"de\">Die strenge Validierung der Lieferanteninformationen durch Achilles st\u00fctzt sich auf mehrere Quellen, um ein vollst\u00e4ndiges Bild zu erstellen, das in einzigartiger Weise auch pers\u00f6nliche Audits und Mitarbeiterbefragungen umfasst, um eine un\u00fcbertroffene ESG- und Lieferkettentransparenz zu gew\u00e4hrleisten.<\/span><\/p>\n                        <\/div>\r\n                                                <a class=\"btn btn_white\" href=\"\/de\/supply-chain-visibility\/\"> Erfahren Sie mehr<\/a>\r\n                                            <\/div>\r\n                                    <\/div>\r\n            <\/div>\r\n        <\/div>\r\n    \n\n            <div class=\"content_section bg_grey\">\r\n            <div class=\"container\">\r\n                <div class=\"content_intro\">\r\n                    <div class=\"content_intro_info\">\r\n                                                <h2 class=\"title_section\"> Effektive Kohlenstoffreduzierung<\/h2>\r\n                                                <div class=\"typical_text\">\r\n                            <p id=\"tw-target-text\" class=\"tw-data-text tw-text-large tw-ta\" dir=\"ltr\" data-placeholder=\"Translation\" data-ved=\"2ahUKEwj-npOo-ZOCAxVbQ0EAHVj-BC0Q3ewLegQICRAQ\"><span class=\"Y2IQFc\" lang=\"de\">Achilles bietet das einzige akkreditierte Programm zur CO2-Reduktion in Europa zur unabh\u00e4ngigen Messung und Reduzierung von CO2-Emissionen und zur Erf\u00fcllung aller Berichtspflichten der Stakeholder. Im Jahr 2022 hat Achilles Organisationen 97.000 Tonnen CO2 eingespart \u2013 das entspricht der Pflanzung von 4,8 Millionen B\u00e4umen.<\/span><\/p>\n                        <\/div>\r\n                                                <a class=\"btn btn_white\" href=\"\/de\/carbon-reduction\/\">Erfahren Sie mehr<\/a>\r\n                                            <\/div>\r\n                                    <\/div>\r\n            <\/div>\r\n        <\/div>\r\n    \n\n    <div class=\"content_section bg_grey\">\r\n        <div class=\"container\">\r\n                        <div class=\"description_section\">\r\n                                <h2 class=\"title_section\"> Der Achilles-Unterschied<\/h2>\r\n                                <div class=\"typical_text\">\r\n                    <p id=\"tw-target-text\" class=\"tw-data-text tw-text-large tw-ta\" dir=\"ltr\" data-placeholder=\"Translation\" data-ved=\"2ahUKEwj-npOo-ZOCAxVbQ0EAHVj-BC0Q3ewLegQICRAQ\"><span class=\"Y2IQFc\" lang=\"de\">Achilles ist der einzige ESG-Spezialist, der wirklich tiefgreifende Bewertungen, einschlie\u00dflich Vor-Ort-Audits, anbietet, um das Ma\u00df an Transparenz und Vertrauen in der Lieferkette zu gew\u00e4hrleisten, das von den umweltbewusstesten und ethischsten Organisationen von heute tats\u00e4chlich gefordert wird.<\/span><\/p>\n                <\/div>\r\n                            <\/div>\r\n                        <div class=\"features_wrap features_four\">\r\n                                <div class=\"feature_item\">\r\n                                        <div class=\"feature_item_icon\">\r\n                        <img decoding=\"async\" src=\"https:\/\/www.achilles.com\/app\/uploads\/2023\/10\/achilles_icon_multiple-users-network.png\" alt=\"400+ delegates\">\r\n                    <\/div>\r\n                                        <h3 class=\"feature_item_name\"> 500+ Leute<\/h3>\r\n                                        <div class=\"typical_text\">\r\n                        <p id=\"tw-target-text\" class=\"tw-data-text tw-text-large tw-ta\" dir=\"ltr\" data-placeholder=\"Translation\" data-ved=\"2ahUKEwj-npOo-ZOCAxVbQ0EAHVj-BC0Q3ewLegQICRAQ\"><span class=\"Y2IQFc\" lang=\"de\">Ein globales Expertenteam, bestehend aus Validatoren und Auditoren, bietet ein umfassendes Lieferkettenmanagement und Kundensupport in mehr als 20 Sprachen.<\/span><\/p>\n                    <\/div>\r\n                                        <a class=\"btn\" aria-label=\" 500+ Leute - Erfahren Sie mehr\" href=\"\/de\/about-us\/executive-team\/\">Erfahren Sie mehr<\/a>\r\n                                    <\/div>\r\n                                <div class=\"feature_item\">\r\n                                        <div class=\"feature_item_icon\">\r\n                        <img decoding=\"async\" src=\"https:\/\/www.achilles.com\/app\/uploads\/2023\/10\/achilles_icon_shield-globe.png\" alt=\"\">\r\n                    <\/div>\r\n                                        <h3 class=\"feature_item_name\">17 L\u00e4nder<\/h3>\r\n                                        <div class=\"typical_text\">\r\n                        <p>Globale Reichweite und lokale Pr\u00e4senz gew\u00e4hrleisten das Verst\u00e4ndnis der lokalen Vorschriften, Sprache und Kultur, um ein erstklassiges Risikomanagement in der Lieferkette zu erm\u00f6glichen.<\/p>\n                    <\/div>\r\n                                        <a class=\"btn\" aria-label=\"17 L\u00e4nder - Erfahren Sie mehr\" href=\"\/de\/location-search\/\">Erfahren Sie mehr<\/a>\r\n                                    <\/div>\r\n                                <div class=\"feature_item\">\r\n                                        <div class=\"feature_item_icon\">\r\n                        <img decoding=\"async\" src=\"https:\/\/www.achilles.com\/app\/uploads\/2023\/10\/achilles_icon_business-contract-approve.png\" alt=\"\">\r\n                    <\/div>\r\n                                        <h3 class=\"feature_item_name\">6500+ audits<\/h3>\r\n                                        <div class=\"typical_text\">\r\n                        <p id=\"tw-target-text\" class=\"tw-data-text tw-text-large tw-ta\" dir=\"ltr\" data-placeholder=\"Translation\" data-ved=\"2ahUKEwj-npOo-ZOCAxVbQ0EAHVj-BC0Q3ewLegQICRAQ\"><span class=\"Y2IQFc\" lang=\"de\">Die einzigartige F\u00e4higkeit von Achilles, Audits und Mitarbeiterbefragungen am Schreibtisch und vor Ort durchzuf\u00fchren, unterst\u00fctzt die strengen Anforderungen und Ziele der Lieferketten-Due-Diligence.<\/span><\/p>\n                    <\/div>\r\n                                        <a class=\"btn\" aria-label=\"6500+ audits - Erfahren Sie mehr\" href=\"\/de\/features\/ethical-business-programme\/\">Erfahren Sie mehr<\/a>\r\n                                    <\/div>\r\n                                <div class=\"feature_item\">\r\n                                        <div class=\"feature_item_icon\">\r\n                        <img decoding=\"async\" src=\"https:\/\/www.achilles.com\/app\/uploads\/2023\/06\/Achilles-icons_Management-Systems-audit.png\" alt=\" 10 hours of networking\">\r\n                    <\/div>\r\n                                        <h3 class=\"feature_item_name\">#1  globale Plattform<\/h3>\r\n                                        <div class=\"typical_text\">\r\n                        <p id=\"tw-target-text\" class=\"tw-data-text tw-text-large tw-ta\" dir=\"ltr\" data-placeholder=\"Translation\" data-ved=\"2ahUKEwj-npOo-ZOCAxVbQ0EAHVj-BC0Q3ewLegQICRAQ\"><span class=\"Y2IQFc\" lang=\"de\">Die My Achilles-Plattform dient der Erfassung, Validierung und Verwaltung komplexer Lieferkettendaten sowie der Vereinfachung des Lieferkettenmanagements und der Berichterstattung.<\/span><\/p>\n                    <\/div>\r\n                                        <a class=\"btn\" aria-label=\"#1  globale Plattform - Erfahren Sie mehr\" href=\"\/de\/my-achilles\/\">Erfahren Sie mehr<\/a>\r\n                                    <\/div>\r\n                            <\/div>\r\n                    <\/div>\r\n    <\/div>\r\n\n\n    <div class=\"content_section\">\r\n        <div class=\"container\">\r\n                        <div class=\"posts_panel\">\r\n                <div class=\"description_section\">\r\n                                        <p class=\"title_category\">Pressemitteilungen<\/p>\r\n                     \r\n                    <h2 class=\"title_section\"> Bleiben Sie \u00fcber die neuesten Achilles-Neuigkeiten auf dem Laufenden<\/h2>\r\n                                    <\/div>\r\n                            <\/div>\r\n                                    <div class=\"posts_wrap\">\r\n                                <div class=\"post_item\">\r\n                    <div class=\"post_item_top\">\r\n                                                <a class=\"post_item_img\" href=\"https:\/\/www.achilles.com\/de\/einblicke-branche\/achillesai-predictive-scoring-ein-um-tiefere-lieferantenbewertungen-zu-ergaenzen\/\">\r\n                            <img decoding=\"async\" src=\"https:\/\/www.achilles.com\/app\/uploads\/2025\/09\/Predictive-Scoring-background-image.png\" alt=\"Achilles verbessert Lieferantenbewertungen durch KI-gest\u00fctztes Scoring\">\r\n                        <\/a>\r\n                                                <ul class=\"post_item_categories\">\r\n                                                        <li>Pressemitteilung<\/li>\r\n                                                    <\/ul>\r\n                    <\/div>\r\n                    <a class=\"post_item_name\" href=\"https:\/\/www.achilles.com\/de\/einblicke-branche\/achillesai-predictive-scoring-ein-um-tiefere-lieferantenbewertungen-zu-ergaenzen\/\">Achilles verbessert Lieferantenbewertungen durch KI-gest\u00fctztes Scoring<\/a>\r\n                <\/div>\r\n                                <div class=\"post_item\">\r\n                    <div class=\"post_item_top\">\r\n                                                <a class=\"post_item_img\" href=\"https:\/\/www.achilles.com\/de\/mutuality-schliest-sich-der-achilles-community-an-um-das-lieferantenmanagement-zu-digitalisieren-und-sein-risikokontrollmodell-zu-starken\/\">\r\n                            <img decoding=\"async\" src=\"https:\/\/www.achilles.com\/app\/uploads\/2025\/03\/Untitled-1000-x-500-px-1.png\" alt=\"Mutuality schlie\u00dft sich der Achilles-Community an, um das Lieferantenmanagement zu digitalisieren und sein Risikokontrollmodell zu st\u00e4rken\">\r\n                        <\/a>\r\n                                                <ul class=\"post_item_categories\">\r\n                                                        <li>Einblicke in die Branche<\/li>\r\n                                                        <li>Pressemitteilung<\/li>\r\n                                                    <\/ul>\r\n                    <\/div>\r\n                    <a class=\"post_item_name\" href=\"https:\/\/www.achilles.com\/de\/mutuality-schliest-sich-der-achilles-community-an-um-das-lieferantenmanagement-zu-digitalisieren-und-sein-risikokontrollmodell-zu-starken\/\">Mutuality schlie\u00dft sich der Achilles-Community an, um das Lieferantenmanagement zu digitalisieren und sein Risikokontrollmodell zu st\u00e4rken<\/a>\r\n                <\/div>\r\n                                <div class=\"post_item\">\r\n                    <div class=\"post_item_top\">\r\n                                                <a class=\"post_item_img\" href=\"https:\/\/www.achilles.com\/de\/einblicke-branche\/stodig-ship-management-tritt-dem-achilles-maritime-network-bei\/\">\r\n                            <img decoding=\"async\" src=\"https:\/\/www.achilles.com\/app\/uploads\/2025\/07\/FF109878.jpg\" alt=\"St\u00f8dig Ship Management tritt dem Achilles Maritime Network bei\">\r\n                        <\/a>\r\n                                                <ul class=\"post_item_categories\">\r\n                                                        <li>Einblicke in die Branche<\/li>\r\n                                                        <li>Pressemitteilung<\/li>\r\n                                                    <\/ul>\r\n                    <\/div>\r\n                    <a class=\"post_item_name\" href=\"https:\/\/www.achilles.com\/de\/einblicke-branche\/stodig-ship-management-tritt-dem-achilles-maritime-network-bei\/\">St\u00f8dig Ship Management tritt dem Achilles Maritime Network bei<\/a>\r\n                <\/div>\r\n                            <\/div>\r\n                    <\/div>\r\n    <\/div>\r\n\n\n    <div class=\"content_section\">\r\n        <div class=\"container\">\r\n                        <div class=\"content_block\">\r\n                                <div class=\"description_section\">\r\n                                        <p class=\"title_category\"> Zertifizierungen<\/p>\r\n                                        <h2 class=\"title_section\"> Achilles arbeitet mit internationalen Standards zusammen und h\u00e4lt diese ein<\/h2>\r\n                                    <\/div>\r\n                                <div class=\"logos_block\">\r\n                    <div class=\"logos_slider swiper-container\">\r\n                        <div class=\"swiper-wrapper\">\r\n                                                        <div class=\"logo_slide_item swiper-slide\">\r\n                                <img decoding=\"async\" src=\"https:\/\/www.achilles.com\/app\/uploads\/2023\/05\/certification_1.png\" width=\"144\" alt=\"\">\r\n                            <\/div>\r\n                                                        <div class=\"logo_slide_item swiper-slide\">\r\n                                <img decoding=\"async\" src=\"https:\/\/www.achilles.com\/app\/uploads\/2023\/05\/certification_2.jpg\" width=\"144\" alt=\"\">\r\n                            <\/div>\r\n                                                        <div class=\"logo_slide_item swiper-slide\">\r\n                                <img decoding=\"async\" src=\"https:\/\/www.achilles.com\/app\/uploads\/2023\/05\/certification_3.jpg\" width=\"145\" alt=\"\">\r\n                            <\/div>\r\n                                                        <div class=\"logo_slide_item swiper-slide\">\r\n                                <img decoding=\"async\" src=\"https:\/\/www.achilles.com\/app\/uploads\/2023\/05\/certification_4.png\" width=\"143\" alt=\"\">\r\n                            <\/div>\r\n                                                    <\/div>\r\n                    <\/div>\r\n                    <div class=\"logos_arrow logos_arrow_prev icon-Chevron-Left\"><\/div>\r\n                    <div class=\"logos_arrow logos_arrow_next icon-Chevron-Right\"><\/div>\r\n                <\/div>\r\n                            <\/div>\r\n                    <\/div>\r\n    <\/div>\r\n\n\n    <div class=\"content_section bg_grey\">\r\n        <div class=\"container\">\r\n                                    <div class=\"cta_wrap\">\r\n                                <a href=\"\/de\/about-us\/careers\/\" class=\"cta_box\" >\r\n                    <div class=\"cta_box_bg\">\r\n                                                <img decoding=\"async\" src=\"https:\/\/www.achilles.com\/app\/uploads\/2023\/05\/quote_team.jpg\" alt=\"\">\r\n                                            <\/div>\r\n                    <div class=\"cta_box_info\">\r\n                                                <h3 class=\"cta_box_name\">Treten Sie dem Achilles-Team bei<\/h3>\r\n                                                <span class=\"btn\"> Sehen Sie sich unsere offenen Stellen an<\/span>\r\n                                            <\/div>\r\n                <\/a>\r\n                                <a href=\"\/de\/location-search\/\" class=\"cta_box\" >\r\n                    <div class=\"cta_box_bg\">\r\n                                                <img decoding=\"async\" src=\"https:\/\/www.achilles.com\/app\/uploads\/2023\/06\/iStock-1435661969.jpg\" alt=\"G\">\r\n                                            <\/div>\r\n                    <div class=\"cta_box_info\">\r\n                                                <h3 class=\"cta_box_name\"> B\u00fcros auf der ganzen Welt<\/h3>\r\n                                                <span class=\"btn\">Entdecken Sie unsere Standorte<\/span>\r\n                                            <\/div>\r\n                <\/a>\r\n                            <\/div>\r\n                        <div class=\"cta_text typical_text\">\r\n                <p>Lesen Sie mehr \u00fcber unsere <a href=\"https:\/\/www.achilles.com\/de\/csr\/\">soziale Verantwortung des Unternehmens<\/a><\/p>\n            <\/div>\r\n                                <\/div>\r\n    <\/div>\r\n","protected":false},"excerpt":{"rendered":"","protected":false},"author":1,"featured_media":0,"parent":0,"menu_order":0,"comment_status":"closed","ping_status":"closed","template":"","meta":{"_acf_changed":false,"content-type":"","footnotes":""},"class_list":["post-18919","page","type-page","status-publish","hentry"],"acf":[],"_links":{"self":[{"href":"https:\/\/www.achilles.com\/de\/wp-json\/wp\/v2\/pages\/18919","targetHints":{"allow":["GET"]}}],"collection":[{"href":"https:\/\/www.achilles.com\/de\/wp-json\/wp\/v2\/pages"}],"about":[{"href":"https:\/\/www.achilles.com\/de\/wp-json\/wp\/v2\/types\/page"}],"author":[{"embeddable":true,"href":"https:\/\/www.achilles.com\/de\/wp-json\/wp\/v2\/users\/1"}],"replies":[{"embeddable":true,"href":"https:\/\/www.achilles.com\/de\/wp-json\/wp\/v2\/comments?post=18919"}],"version-history":[{"count":0,"href":"https:\/\/www.achilles.com\/de\/wp-json\/wp\/v2\/pages\/18919\/revisions"}],"wp:attachment":[{"href":"https:\/\/www.achilles.com\/de\/wp-json\/wp\/v2\/media?parent=18919"}],"curies":[{"name":"wp","href":"https:\/\/api.w.org\/{rel}","templated":true}]}}