{"id":173,"date":"2023-05-12T12:50:08","date_gmt":"2023-05-12T11:50:08","guid":{"rendered":"https:\/\/uat.achilles.com\/terms-of-use\/"},"modified":"2024-11-11T16:52:53","modified_gmt":"2024-11-11T16:52:53","slug":"nutzungsbedingungen","status":"publish","type":"page","link":"https:\/\/www.achilles.com\/de\/nutzungsbedingungen\/","title":{"rendered":"Nutzungsbedingungen"},"content":{"rendered":"    <div class=\"content_section page_default_text\">\r\n        <div class=\"container\">\r\n            <article class=\"article_wrap\">\r\n                <div class=\"article_main\">\r\n                    <div class=\"typical_text\">\r\n                        <h1>Nutzungsbedingungen<\/h1>\n<p>Die folgenden Bedingungen sind Bestandteil einer rechtlichen Vereinbarung zwischen Ihnen und Achilles. Indem Sie auf die \u00f6ffentlich zug\u00e4nglichen Seiten dieser Website zugreifen, sie durchbl\u00e4ttern und\/oder nutzen, best\u00e4tigen Sie, dass Sie diese Bedingungen gelesen und verstanden haben und sich damit einverstanden erkl\u00e4ren, an diese Bedingungen gebunden zu sein und alle geltenden Gesetze und Vorschriften einzuhalten, einschlie\u00dflich der Gesetze und Vorschriften zur Export- und Reexportkontrolle (USA). Wenn Sie mit diesen Bedingungen nicht einverstanden sind, d\u00fcrfen Sie diese Website nicht nutzen. In diesen Bedingungen bezieht sich der Begriff &#8222;Website&#8220; auf die \u00f6ffentlich zug\u00e4nglichen Webseiten, die von Achilles oder seinen Tochtergesellschaften auf achilles.com oder anderen zugeh\u00f6rigen Achilles-Internetdom\u00e4nen ver\u00f6ffentlicht werden, und soll keine spezifischen Kundenabonnementdienste oder zugeh\u00f6rige Inhalte, ob bezahlt oder nicht, umfassen, die den Kunden von Achilles mittels eines eindeutigen Passworts oder von Achilles oder seinen Tochtergesellschaften zur Verf\u00fcgung gestellten Anmeldedaten zug\u00e4nglich gemacht werden. Um Zweifel auszuschlie\u00dfen, werden solche von Achilles oder seinen Tochtergesellschaften angebotenen Abonnementdienste Gegenstand spezifischer Kundenvereinbarungen f\u00fcr diese Dienste sein, deren Bedingungen Vorrang vor den Nutzungsbedingungen dieser \u00f6ffentlichen Website haben. Diese Website kann weitere urheberrechtliche Hinweise und Copyright-Informationen enthalten, deren Bedingungen beachtet und befolgt werden m\u00fcssen. Die Informationen auf dieser Website k\u00f6nnen technische Ungenauigkeiten oder typografische Fehler enthalten. Die Informationen k\u00f6nnen ohne vorherige Ank\u00fcndigung ge\u00e4ndert oder aktualisiert werden. Achilles kann auch jederzeit und ohne Vorank\u00fcndigung Verbesserungen und\/oder \u00c4nderungen an den in diesen Informationen beschriebenen Produkten und\/oder Programmen vornehmen. Achilles \u00fcbernimmt keine Verantwortung f\u00fcr die Richtigkeit der von Achilles zur Verf\u00fcgung gestellten Informationen und die Nutzung dieser Informationen erfolgt auf eigenes Risiko des Empf\u00e4ngers. Achilles gibt keine Zusicherungen, dass gemeldete Probleme gel\u00f6st werden k\u00f6nnen. Durch die Bereitstellung von Informationen gew\u00e4hrt Achilles keine Lizenzen an Urheberrechten, Patenten oder anderen geistigen Eigentumsrechten. Achilles m\u00f6chte keine vertraulichen oder gesch\u00fctzten Informationen von Ihnen \u00fcber unsere Website erhalten. Bitte beachten Sie, dass alle Informationen oder Materialien, die Sie an Achilles senden, als NICHT vertraulich betrachtet werden. Indem Sie Achilles Informationen oder Material zusenden, gew\u00e4hren Sie Achilles eine uneingeschr\u00e4nkte, unwiderrufliche Lizenz zur Nutzung, Reproduktion, Darstellung, Ausf\u00fchrung, \u00c4nderung, \u00dcbertragung und Verteilung dieser Materialien oder Informationen. Sie erkl\u00e4ren sich au\u00dferdem damit einverstanden, dass es Achilles freisteht, Ideen, Konzepte, Know-how oder Techniken, die Sie uns zusenden, f\u00fcr jeden Zweck zu nutzen. Wir werden jedoch Ihren Namen nicht ver\u00f6ffentlichen oder anderweitig bekannt geben, dass Sie uns Materialien oder andere Informationen zur Verf\u00fcgung gestellt haben, es sei denn: (a) wir erhalten Ihre Erlaubnis, Ihren Namen zu verwenden; oder (b) wir informieren Sie zuerst dar\u00fcber, dass die Materialien oder anderen Informationen, die Sie an einen bestimmten Teil dieser Website senden, ver\u00f6ffentlicht oder anderweitig mit Ihrem Namen verwendet werden; oder (c) wir sind gesetzlich dazu verpflichtet.    <\/p>\n<h3>Globale Verf\u00fcgbarkeit<\/h3>\n<p>Informationen, die Achilles im World Wide Web ver\u00f6ffentlicht, k\u00f6nnen Hinweise oder Querverweise auf Produkte, Programme und Dienstleistungen von Achilles enthalten, die in Ihrem Land nicht angek\u00fcndigt oder verf\u00fcgbar sind. Solche Verweise bedeuten nicht, dass Achilles beabsichtigt, solche Produkte, Programme oder Dienstleistungen in Ihrem Land anzuk\u00fcndigen. Wenden Sie sich an Ihren lokalen Ansprechpartner bei Achilles, um Informationen \u00fcber die Produkte, Programme und Dienstleistungen zu erhalten, die Ihnen zur Verf\u00fcgung stehen k\u00f6nnten. Die Verpflichtungen von Achilles in Bezug auf seine Produkte und Dienstleistungen werden ausschlie\u00dflich durch die Vereinbarungen geregelt, unter denen sie bereitgestellt werden. Wenn Sie ein Produkt oder eine Dienstleistung von Achilles \u00fcber diese Website beziehen, das\/die ohne eine Vereinbarung bereitgestellt wird, wird dieses Produkt oder diese Dienstleistung ohne jegliche ausdr\u00fcckliche oder stillschweigende Garantie bereitgestellt, und die Nutzung dieses Produkts oder dieser Dienstleistung erfolgt auf Ihr eigenes Risiko.    <\/p>\n<h3>Gesch\u00e4ftsbeziehungen<\/h3>\n<p>Achilles gibt keinerlei Zusicherungen \u00fcber andere Websites ab, auf die Sie \u00fcber diese Website zugreifen k\u00f6nnen. Wenn Sie auf eine Nicht-Achilles-Website zugreifen, auch wenn diese das Achilles-Logo enth\u00e4lt, sollten Sie sich dar\u00fcber im Klaren sein, dass diese unabh\u00e4ngig von Achilles ist und dass Achilles keine Kontrolle \u00fcber deren Inhalt hat. Dar\u00fcber hinaus bedeutet ein Link zu einer Nicht-Achilles-Website nicht, dass Achilles den Inhalt oder die Nutzung einer solchen Website billigt oder daf\u00fcr verantwortlich ist. Es liegt an Ihnen, Vorsichtsma\u00dfnahmen zu ergreifen, um sicherzustellen, dass die von Ihnen f\u00fcr Ihre Nutzung ausgew\u00e4hlten Inhalte frei von Viren, W\u00fcrmern, Trojanern und anderen sch\u00e4dlichen Elementen sind. In keinem Fall haftet Achilles f\u00fcr direkte, indirekte, besondere oder sonstige Folgesch\u00e4den, die sich aus der Nutzung dieser Website oder einer anderen mit ihr verlinkten Website ergeben, einschlie\u00dflich, aber nicht beschr\u00e4nkt auf entgangenen Gewinn, Betriebsunterbrechung, Verlust von Programmen oder sonstigen Daten auf Ihrem Datenverarbeitungssystem oder anderweitig, selbst wenn wir ausdr\u00fccklich auf die M\u00f6glichkeit solcher Sch\u00e4den hingewiesen werden. Alle Informationen werden von Achilles ausschlie\u00dflich auf einer &#8222;AS-IS&#8220;-Basis bereitgestellt. Achilles gibt keine ausdr\u00fccklichen oder stillschweigenden Zusicherungen und Gew\u00e4hrleistungen, einschlie\u00dflich der stillschweigenden Gew\u00e4hrleistungen der Eignung f\u00fcr einen bestimmten Zweck, der Marktg\u00e4ngigkeit und der Nichtverletzung. Achilles kann diese Bedingungen jederzeit durch eine Aktualisierung dieses Textes \u00fcberarbeiten. Durch die Nutzung dieser Website erkl\u00e4ren Sie sich mit solchen \u00c4nderungen einverstanden und sollten daher regelm\u00e4\u00dfig diese Seite besuchen, um sich \u00fcber die aktuellen Bedingungen zu informieren, an die Sie gebunden sind.        <\/p>\n<h3>Links zu anderen Websites<\/h3>\n<p>Die Seiten von Achilles k\u00f6nnen Links zu anderen Websites enthalten. Achilles ist nicht verantwortlich f\u00fcr die Datenschutzpraktiken oder den Inhalt dieser anderen Websites, die nicht zu Achilles geh\u00f6ren. <\/p>\n \r\n                    <\/div>\r\n                <\/div>\r\n            <\/article>\r\n        <\/div>\r\n    <\/div>\r\n","protected":false},"excerpt":{"rendered":"","protected":false},"author":1,"featured_media":0,"parent":0,"menu_order":0,"comment_status":"closed","ping_status":"closed","template":"","meta":{"_acf_changed":false,"content-type":"","footnotes":""},"class_list":["post-173","page","type-page","status-publish","hentry"],"acf":[],"_links":{"self":[{"href":"https:\/\/www.achilles.com\/de\/wp-json\/wp\/v2\/pages\/173","targetHints":{"allow":["GET"]}}],"collection":[{"href":"https:\/\/www.achilles.com\/de\/wp-json\/wp\/v2\/pages"}],"about":[{"href":"https:\/\/www.achilles.com\/de\/wp-json\/wp\/v2\/types\/page"}],"author":[{"embeddable":true,"href":"https:\/\/www.achilles.com\/de\/wp-json\/wp\/v2\/users\/1"}],"replies":[{"embeddable":true,"href":"https:\/\/www.achilles.com\/de\/wp-json\/wp\/v2\/comments?post=173"}],"version-history":[{"count":0,"href":"https:\/\/www.achilles.com\/de\/wp-json\/wp\/v2\/pages\/173\/revisions"}],"wp:attachment":[{"href":"https:\/\/www.achilles.com\/de\/wp-json\/wp\/v2\/media?parent=173"}],"curies":[{"name":"wp","href":"https:\/\/api.w.org\/{rel}","templated":true}]}}