{"id":1527,"date":"2023-05-14T18:47:06","date_gmt":"2023-05-14T15:47:06","guid":{"rendered":"https:\/\/uat.achilles.com\/about-us\/media-centre\/"},"modified":"2023-08-07T11:56:43","modified_gmt":"2023-08-07T08:56:43","slug":"media-centre","status":"publish","type":"page","link":"https:\/\/www.achilles.com\/de\/uber-uns\/medien-center\/","title":{"rendered":"Media Centre"},"content":{"rendered":"        <div class=\"content_section\">\r\n            <div class=\"container\">\r\n                <div class=\"press_intro\">\r\n                                        <h1 class=\"title_page\">Medien-Center<\/h1>\r\n                                        <div class=\"press_intro_wrap\">\r\n                                                <div class=\"press_intro_left\">\r\n                                                        <h2 class=\"title_section\">Wir verbessern Standards in den unterschiedlichsten Branchen. Die Erfolgsstorys gehen uns also nie aus. Und wir m\u00f6chten sie gern mit Ihnen teilen.<\/h2>\r\n                                                        <div class=\"typical_text\">\r\n                                <p>Wir sprechen immer gern dar\u00fcber, was wir tun. Wenn Sie \u00fcber unsere Arbeit berichten m\u00f6chten, helfen wir Ihnen selbstverst\u00e4ndlich gern weiter \u2013 bitte wenden Sie sich an uns.<\/p>\n<p>Wir danken der Foto-Website\u00a0<a href=\"https:\/\/unsplash.com\/\" target=\"_blank\" rel=\"noopener noreferrer\">Unsplash<\/a>\u00a0und ihren Mitgliedern herzlich f\u00fcr die Erlaubnis, ihre tollen Bilder auf unserer Website und in unseren Materialien zu verwenden.<\/p>\n                            <\/div>\r\n                                                    <\/div>\r\n                                                <div class=\"press_intro_right\">\r\n                            <div class=\"press_contact\">\r\n                                                                <h3 class=\"title_block has_border\">Achilles-Medienkontakt<\/h3>\r\n                                                                <div class=\"press_contact_item\">\r\n                                                                        <h4 class=\"press_contact_title\">PR Team<\/h4>\r\n                                                                        <ul class=\"press_contact_list\">\r\n                                                                                <li>\r\n                                                                                        <span class=\"icon-Phone\"><\/span>\r\n                                            +44(0) 1235 861118                                        <\/li>\r\n                                                                                <li>\r\n                                                                                        <span class=\"icon-Email-Outline\"><\/span>\r\n                                            marketing@achilles.com                                        <\/li>\r\n                                                                            <\/ul>\r\n                                                                    <\/div>\r\n                            <\/div>\r\n                        <\/div>\r\n                                            <\/div>\r\n                <\/div>\r\n            <\/div>\r\n        <\/div>\r\n\n\n        <div class=\"content_section bg_grey\">\r\n            <div class=\"container\">\r\n                                <div class=\"description_section\">\r\n                                        <p class=\"title_category\">PRESSEMITTEILUNGEN<\/p>\r\n                                        <h2 class=\"title_block\">Unsere neuesten Pressemitteilungen<\/h2>\r\n                                    <\/div>\r\n                                <div class=\"resources_wrap\">\r\n                                    <a class=\"resource_item resource_press\" href=\"https:\/\/www.achilles.com\/de\/about-us\/media-centre\/achilles-appoints-new-chief-executive-officer-paul-stanley-to-succeed-jay-katzen-as-ceo\/\">\r\n                                                <div class=\"resource_item_img\">\r\n                            <img decoding=\"async\" src=\"https:\/\/www.achilles.com\/app\/uploads\/2023\/06\/Paul-Stanley-2.jpg\" alt=\"Achilles appoints new Chief Executive Officer\u00a0Paul Stanley to succeed Jay Katzen as CEO\">\r\n                        <\/div>\r\n                                                <div class=\"resource_item_info\">\r\n                            <div class=\"resource_item_description\">\r\n                                <p class=\"resource_item_name\">Achilles appoints new Chief Executive Officer\u00a0Paul Stanley to succeed Jay Katzen as CEO<\/p>\r\n                                <div class=\"typical_text\">\r\n                                    <p>Achilles, a global leader and partner of choice for supply\u2026<\/p>\r\n                                <\/div>\r\n                            <\/div>\r\n                        <\/div>\r\n                    <\/a>\r\n                      \r\n                <\/div>\r\n            <\/div>\r\n        <\/div>\r\n","protected":false},"excerpt":{"rendered":"","protected":false},"author":1,"featured_media":0,"parent":18919,"menu_order":0,"comment_status":"closed","ping_status":"closed","template":"","meta":{"_acf_changed":false,"content-type":"","footnotes":""},"class_list":["post-1527","page","type-page","status-publish","hentry"],"acf":[],"_links":{"self":[{"href":"https:\/\/www.achilles.com\/de\/wp-json\/wp\/v2\/pages\/1527","targetHints":{"allow":["GET"]}}],"collection":[{"href":"https:\/\/www.achilles.com\/de\/wp-json\/wp\/v2\/pages"}],"about":[{"href":"https:\/\/www.achilles.com\/de\/wp-json\/wp\/v2\/types\/page"}],"author":[{"embeddable":true,"href":"https:\/\/www.achilles.com\/de\/wp-json\/wp\/v2\/users\/1"}],"replies":[{"embeddable":true,"href":"https:\/\/www.achilles.com\/de\/wp-json\/wp\/v2\/comments?post=1527"}],"version-history":[{"count":0,"href":"https:\/\/www.achilles.com\/de\/wp-json\/wp\/v2\/pages\/1527\/revisions"}],"up":[{"embeddable":true,"href":"https:\/\/www.achilles.com\/de\/wp-json\/wp\/v2\/pages\/18919"}],"wp:attachment":[{"href":"https:\/\/www.achilles.com\/de\/wp-json\/wp\/v2\/media?parent=1527"}],"curies":[{"name":"wp","href":"https:\/\/api.w.org\/{rel}","templated":true}]}}