{"id":1046,"date":"2023-05-14T12:32:30","date_gmt":"2023-05-14T11:32:30","guid":{"rendered":"https:\/\/uat.achilles.com\/supplier-solutions\/"},"modified":"2024-06-24T01:27:43","modified_gmt":"2024-06-23T22:27:43","slug":"supplier-solutions","status":"publish","type":"page","link":"https:\/\/www.achilles.com\/de\/lieferantenlosungen\/","title":{"rendered":"Finde dein Netzwerk"},"content":{"rendered":"    <div class=\"top_section\">\n        <div class=\"container\">\n            <div class=\"top_info half\">\n                                    <h1 class=\"top_title\">Treten Sie dem globalen Netzwerk bei<\/h1>\n                                    <div class=\"top_text large_text\">\n                        <p>Steigern Sie Ihr Gesch\u00e4ft und erweitern Sie Ihren Markt mit Achilles &#8211; dem globalen Standard f\u00fcr Lieferanten-Vorqualifikation, ESG-Supply-Chain-Risikomanagement und Pr\u00fcfung.<\/p>\n                    <\/div>\n                                    <div class=\"top_buttons\">\n                                                    <a class=\"btn btn_big\" href=\"#findnetwork\">Find your Network<\/a>\n                                                    <a class=\"btn btn_white btn_big\" href=\"https:\/\/my.achilles.com\/join-community?communitycode=ANT&#038;lang=en-GB\">Join Achilles<\/a>\n                                            <\/div>\n                            <\/div>\n        <\/div>\n        <div class=\"top_media\">\n\t\t\t            <img decoding=\"async\" src=\"https:\/\/www.achilles.com\/app\/uploads\/2023\/07\/iStock-499148204.jpg\" alt=\"\">\n                    <\/div>\n    <\/div>\n    <div class=\"content_section\">\r\n        <div class=\"container\">\r\n                        <div class=\"description_section big\">\r\n                                <div class=\"typical_text middle_text\">\r\n                    <p>Achilles provides detailed data validation alongside desk and site audits and worker interviews to enable suppliers to demonstrate superior ESG credentials and give buyers unrivalled supply chain confidence.<\/p>\n                <\/div>\r\n                            <\/div>\r\n                                    <div class=\"features_wrap\">\r\n                                <div class=\"feature_item center\">\r\n                                        <div class=\"feature_item_icon\">\r\n                        <img decoding=\"async\" src=\"https:\/\/www.achilles.com\/app\/uploads\/2023\/06\/Achilles-icons_Pre-qualification-questionnaire.png\" alt=\"\">\r\n                    <\/div>\r\n                                        <h3 class=\"feature_item_name\">Improve compliance standards<\/h3>\r\n                                        <div class=\"typical_text middle_text\">\r\n                        <p>Achilles in-depth data validation,  extensive audit services and ESG scoring enable you to demonstrate superior supplier credentials, drive improvement and provide greater customer confidence.<\/p>\r\n                    <\/div>\r\n                                    <\/div>\r\n                                <div class=\"feature_item center\">\r\n                                        <div class=\"feature_item_icon\">\r\n                        <img decoding=\"async\" src=\"https:\/\/www.achilles.com\/app\/uploads\/2023\/06\/Achilles-icons_Data-validation.png\" alt=\"\">\r\n                    <\/div>\r\n                                        <h3 class=\"feature_item_name\">Grow your business<\/h3>\r\n                                        <div class=\"typical_text middle_text\">\r\n                        <p>Open up new opportunities with market-leading organisations and take the hard work out of tracking down new prospects in your sector. Get tender alerts matched to your products and services. <\/p>\r\n                    <\/div>\r\n                                    <\/div>\r\n                                <div class=\"feature_item center\">\r\n                                        <div class=\"feature_item_icon\">\r\n                        <img decoding=\"async\" src=\"https:\/\/www.achilles.com\/app\/uploads\/2023\/06\/Achilles-icons_Management-Systems-audit.png\" alt=\" 10 hours of networking\">\r\n                    <\/div>\r\n                                        <h3 class=\"feature_item_name\">Save time and money<\/h3>\r\n                                        <div class=\"typical_text middle_text\">\r\n                        <p>Simplify your pre-qualification and tendering process. Complete one questionnaire, pay one fee and gain access to the buyers you want to reach.<\/p>\r\n                    <\/div>\r\n                                    <\/div>\r\n                            <\/div>\r\n                                <\/div>\r\n    <\/div>\r\n    <div class=\"content_section\">\r\n        <div class=\"container\">\r\n                        <div class=\"description_section\">\r\n                                <p class=\"title_category\">ACHILLES BUYERS<\/p>\r\n                                <h2 class=\"title_section\">Unrivalled market access<\/h2>\r\n                                <div class=\"typical_text middle_text\">\r\n                    <p>Achilles is trusted by the world&#8217;s biggest brands across the highest risk and most regulated industry sectors including construction, energy, manufacturing, transport and utilities.<\/p>\n                <\/div>\r\n                            <\/div>\r\n                        <div class=\"logos_wrap\">\r\n                                <div class=\"logo_item\">\r\n                    <img decoding=\"async\" src=\"https:\/\/www.achilles.com\/app\/uploads\/2023\/09\/Ineos.jpeg\" alt=\"INEOS logo\" width=\"250\">\r\n                <\/div>\r\n                                <div class=\"logo_item\">\r\n                    <img decoding=\"async\" src=\"https:\/\/www.achilles.com\/app\/uploads\/2023\/09\/Exxon.jpg\" alt=\"\" width=\"250\">\r\n                <\/div>\r\n                                <div class=\"logo_item\">\r\n                    <img decoding=\"async\" src=\"https:\/\/www.achilles.com\/app\/uploads\/2023\/10\/wincanton-logo.svg\" alt=\"Achilles works with Wincanton to provide supply chain risk management solutions\" width=\"250\">\r\n                <\/div>\r\n                                <div class=\"logo_item\">\r\n                    <img decoding=\"async\" src=\"https:\/\/www.achilles.com\/app\/uploads\/2023\/06\/GWR-logo-1.png\" alt=\"\" width=\"250\">\r\n                <\/div>\r\n                                <div class=\"logo_item\">\r\n                    <img decoding=\"async\" src=\"https:\/\/www.achilles.com\/app\/uploads\/2023\/06\/Customer-logo_Sainsburys-logo.png\" alt=\"Sainsbury's chooses Achilles for ESG supply chain management\" width=\"250\">\r\n                <\/div>\r\n                                <div class=\"logo_item\">\r\n                    <img decoding=\"async\" src=\"https:\/\/www.achilles.com\/app\/uploads\/2023\/10\/First-Group.jpeg\" alt=\"\">\r\n                <\/div>\r\n                                <div class=\"logo_item\">\r\n                    <img decoding=\"async\" src=\"https:\/\/www.achilles.com\/app\/uploads\/2023\/06\/Customer-logo_EDF_logo_Electricite_de_France.png\" alt=\"EDF chooses Achilles for ESG supply chain management\">\r\n                <\/div>\r\n                                <div class=\"logo_item\">\r\n                    <img decoding=\"async\" src=\"https:\/\/www.achilles.com\/app\/uploads\/2023\/06\/Lendlease-logo.png\" alt=\"\">\r\n                <\/div>\r\n                                <div class=\"logo_item\">\r\n                    <img decoding=\"async\" src=\"https:\/\/www.achilles.com\/app\/uploads\/2023\/10\/RSK-logo.jpeg\" alt=\"\">\r\n                <\/div>\r\n                            <\/div>\r\n                    <\/div>\r\n    <\/div>\r\n    <div class=\"content_section page_default_text\">\r\n        <div class=\"container\">\r\n            <article class=\"article_wrap\">\r\n                <div class=\"article_main\">\r\n                    <div class=\"typical_text\">\r\n                        <h2>Find your Network<\/h2>\n<p>Our networks bring together the world&#8217;s most highly qualified suppliers with market leading buyers. Connecting those working in the same regions and industries, sharing the same risk management and sustainability goals.<\/p>\n \r\n                    <\/div>\r\n                <\/div>\r\n            <\/article>\r\n        <\/div>\r\n    <\/div>\r\n    <div class=\"content_section\" id=\"findnetwork\">\r\n        <div class=\"container\">\r\n            <div class=\"find_network\">\r\n                                <div class=\"find_network_left\">\r\n                                        <div class=\"description_section full\">\r\n                                                <p class=\"title_category\">Route 1<\/p>\r\n                                                <h2 class=\"title_block\">Search by company name<\/h2>\r\n                                            <\/div>\r\n                                        <form class=\"network_search\" action=\"#\" method=\"get\">\r\n                        <div class=\"autocomplete_box\">\r\n                            <input class=\"search_field autocomplete_field\" data-path=\"https:\/\/www.achilles.com\/app\/themes\/achilles\/json.php?networks\" type=\"text\" placeholder=\"Enter company name here\">\r\n                            <ul class=\"autocomplete_list\"><\/ul>\r\n                        <\/div>\r\n                    <\/form>\r\n                <\/div>\r\n                                <div class=\"find_network_right\">\r\n                                        <div class=\"description_section full\">\r\n                                                <p class=\"title_category\">Route 2<\/p>\r\n                                                <h2 class=\"title_block\">Filter by industry<\/h2>\r\n                                            <\/div>\r\n                                        <div class=\"route_filter_wrap\">\r\n                                                <a class=\"route_filter_item\" href=\"https:\/\/www.achilles.com\/de\/community\/?industry=2589\">\r\n                                                        <span class=\"route_filter_icon icon-Automotive\"><\/span>\r\n                                                        <p class=\"route_filter_name\">Automotive<\/p>\r\n                        <\/a>\r\n                                                <a class=\"route_filter_item\" href=\"https:\/\/www.achilles.com\/de\/community\/?industry=2590\">\r\n                                                        <span class=\"route_filter_icon icon-Chemicals\"><\/span>\r\n                                                        <p class=\"route_filter_name\">Chemicals<\/p>\r\n                        <\/a>\r\n                                                <a class=\"route_filter_item\" href=\"https:\/\/www.achilles.com\/de\/community\/?industry=2585\">\r\n                                                        <span class=\"route_filter_icon icon-Construction\"><\/span>\r\n                                                        <p class=\"route_filter_name\">Construction<\/p>\r\n                        <\/a>\r\n                                                <a class=\"route_filter_item\" href=\"https:\/\/www.achilles.com\/de\/community\/?industry=2603\">\r\n                                                        <span class=\"route_filter_icon icon-Services\"><\/span>\r\n                                                        <p class=\"route_filter_name\">Energy<\/p>\r\n                        <\/a>\r\n                                                <a class=\"route_filter_item\" href=\"https:\/\/www.achilles.com\/de\/community\/?industry=2588\">\r\n                                                        <span class=\"route_filter_icon icon-Industrial-Manufacturing\"><\/span>\r\n                                                        <p class=\"route_filter_name\">Industrial Manufacturing<\/p>\r\n                        <\/a>\r\n                                                <a class=\"route_filter_item\" href=\"https:\/\/www.achilles.com\/de\/community\/?industry=2586\">\r\n                                                        <span class=\"route_filter_icon icon-Mining-n-Cement\"><\/span>\r\n                                                        <p class=\"route_filter_name\">Mining and Cement<\/p>\r\n                        <\/a>\r\n                                                <a class=\"route_filter_item\" href=\"https:\/\/www.achilles.com\/de\/community\/?industry=2592\">\r\n                                                        <span class=\"route_filter_icon icon-Services\"><\/span>\r\n                                                        <p class=\"route_filter_name\">Services<\/p>\r\n                        <\/a>\r\n                                                <a class=\"route_filter_item\" href=\"https:\/\/www.achilles.com\/de\/community\/?industry=2587\">\r\n                                                        <span class=\"route_filter_icon icon-Transport\"><\/span>\r\n                                                        <p class=\"route_filter_name\">Transport and Logistics<\/p>\r\n                        <\/a>\r\n                                                <a class=\"route_filter_item\" href=\"https:\/\/www.achilles.com\/de\/community\/?industry=2584\">\r\n                                                        <span class=\"route_filter_icon icon-Utilities\"><\/span>\r\n                                                        <p class=\"route_filter_name\">Utilities<\/p>\r\n                        <\/a>\r\n                                            <\/div>\r\n                                    <\/div>\r\n                            <\/div>\r\n                        <div class=\"find_network_view\">\r\n                <a class=\"link\" href=\"https:\/\/www.achilles.com\/community\/\">Show all networks<\/a>\r\n            <\/div>\r\n                    <\/div>\r\n    <\/div>\r\n            <div class=\"content_section bg_grey\">\r\n            <div class=\"container\">\r\n                <div class=\"content_wrap\">\r\n                    <div class=\"content_info ogo2\">\r\n                                                <p class=\"title_category\">ADDED VALUE SUPPLIER SERVICES<\/p>\r\n                                                <h2 class=\"title_page\">Win more business with Supplier NOTiCE<\/h2>\r\n                                                <h5 class=\"title_small\">The easy way to find new tender opportunities across all of Europe.<\/h5>\r\n                                                <div class=\"typical_text\">\r\n                            <p>Around 2,500 tender opportunities are published in the Official European Journal (OJEU) and Find A Tender Service (FTS) every week, but identifying which ones are of interest can be hard. Supplier NOTiCE provides a simple solution to track both databases, particularly when compared to the cost of advertising for business.<\/p>\n                        <\/div>\r\n                                                <a class=\"btn btn_big\" href=\"\/contact-us\/\">Arrange a demo<\/a>\r\n                                            <\/div>\r\n\t\t\t\t\t\t\t\t\t\t\r\n                                        <div class=\"content_media\">\r\n                        <img decoding=\"async\" src=\"https:\/\/www.achilles.com\/app\/uploads\/2023\/07\/total-image.jpg\" alt=\"\">\r\n                    <\/div>\r\n                                    <\/div>\r\n            <\/div>\r\n        <\/div>\r\n        <div class=\"content_section\">\r\n        <div class=\"container\">\r\n                        <div class=\"posts_panel\">\r\n                <div class=\"description_section\">\r\n                                        <p class=\"title_category\">ACHILLES NEWS AND INSIGHT<\/p>\r\n                     \r\n                    <h2 class=\"title_section\">Neueste Nachrichten<\/h2>\r\n                                    <\/div>\r\n                            <\/div>\r\n                                    <div class=\"posts_wrap\">\r\n                                <div class=\"post_item\">\r\n                    <div class=\"post_item_top\">\r\n                                                <a class=\"post_item_img\" href=\"https:\/\/www.achilles.com\/de\/einblicke-branche\/wind-europe-2026-madrid-staerkung-der-lieferantenbereitschaft\/\">\r\n                            <img decoding=\"async\" src=\"https:\/\/www.achilles.com\/app\/uploads\/2023\/06\/renewable-energies.jpg\" alt=\"Wind Europe 2026 Madrid: St\u00e4rkung der Lieferantenbereitschaft\">\r\n                        <\/a>\r\n                                                <ul class=\"post_item_categories\">\r\n                                                        <li>Einblicke in die Branche<\/li>\r\n                                                    <\/ul>\r\n                    <\/div>\r\n                    <a class=\"post_item_name\" href=\"https:\/\/www.achilles.com\/de\/einblicke-branche\/wind-europe-2026-madrid-staerkung-der-lieferantenbereitschaft\/\">Wind Europe 2026 Madrid: St\u00e4rkung der Lieferantenbereitschaft<\/a>\r\n                <\/div>\r\n                                <div class=\"post_item\">\r\n                    <div class=\"post_item_top\">\r\n                                                <a class=\"post_item_img\" href=\"https:\/\/www.achilles.com\/de\/der-achilles-jahresbericht-zu-risiko-und-nachhaltigkeit-2026\/\">\r\n                            <img decoding=\"async\" src=\"https:\/\/www.achilles.com\/app\/uploads\/2026\/03\/Web-page-top-banner-thumbnail-of-Achilles-Global-Supplier-Risk-and-Sustainability-Survey-2026.jpg\" alt=\"Der Achilles Jahresbericht zu Risiko und Nachhaltigkeit 2026\">\r\n                        <\/a>\r\n                                                <ul class=\"post_item_categories\">\r\n                                                        <li>Wei\u00dfes Papier<\/li>\r\n                                                    <\/ul>\r\n                    <\/div>\r\n                    <a class=\"post_item_name\" href=\"https:\/\/www.achilles.com\/de\/der-achilles-jahresbericht-zu-risiko-und-nachhaltigkeit-2026\/\">Der Achilles Jahresbericht zu Risiko und Nachhaltigkeit 2026<\/a>\r\n                <\/div>\r\n                                <div class=\"post_item\">\r\n                    <div class=\"post_item_top\">\r\n                                                <a class=\"post_item_img\" href=\"https:\/\/www.achilles.com\/de\/der-roi-des-lieferketten-risikomanagements-neue-studie-von-verdantix\/\">\r\n                            <img decoding=\"async\" src=\"https:\/\/www.achilles.com\/app\/uploads\/2026\/03\/Verdantix-ROI-Web-site-header-4.png\" alt=\"Der ROI des Lieferketten-Risikomanagements: Neue Studie von Verdantix\">\r\n                        <\/a>\r\n                                                <ul class=\"post_item_categories\">\r\n                                                        <li>Bericht<\/li>\r\n                                                        <li>Einblicke in die Branche<\/li>\r\n                                                    <\/ul>\r\n                    <\/div>\r\n                    <a class=\"post_item_name\" href=\"https:\/\/www.achilles.com\/de\/der-roi-des-lieferketten-risikomanagements-neue-studie-von-verdantix\/\">Der ROI des Lieferketten-Risikomanagements: Neue Studie von Verdantix<\/a>\r\n                <\/div>\r\n                            <\/div>\r\n                    <\/div>\r\n    <\/div>\r\n            <div class=\"cta_section\" id=\"JoinAchilles\">\r\n            <div class=\"cta_box_bg\">\r\n                            <\/div>\r\n                <div class=\"container\">\r\n                    <div class=\"cta_wrapper\">\r\n                        <div class=\"cta_info\">\r\n                                                        <h3 class=\"cta_box_name\">It\u2019s time to get started<\/h3>\r\n                                                        <a class=\"btn btn_big\" href=\"https:\/\/my.achilles.com\/join-community?communitycode=ANT&#038;lang=en-GB\">Join Achilles<\/a>\r\n                                                    <\/div>\r\n                <\/div>\r\n            <\/div>\r\n        <\/div>\r\n    ","protected":false},"excerpt":{"rendered":"","protected":false},"author":1,"featured_media":0,"parent":0,"menu_order":0,"comment_status":"closed","ping_status":"closed","template":"","meta":{"_acf_changed":false,"content-type":"","footnotes":""},"class_list":["post-1046","page","type-page","status-publish","hentry"],"acf":[],"_links":{"self":[{"href":"https:\/\/www.achilles.com\/de\/wp-json\/wp\/v2\/pages\/1046","targetHints":{"allow":["GET"]}}],"collection":[{"href":"https:\/\/www.achilles.com\/de\/wp-json\/wp\/v2\/pages"}],"about":[{"href":"https:\/\/www.achilles.com\/de\/wp-json\/wp\/v2\/types\/page"}],"author":[{"embeddable":true,"href":"https:\/\/www.achilles.com\/de\/wp-json\/wp\/v2\/users\/1"}],"replies":[{"embeddable":true,"href":"https:\/\/www.achilles.com\/de\/wp-json\/wp\/v2\/comments?post=1046"}],"version-history":[{"count":0,"href":"https:\/\/www.achilles.com\/de\/wp-json\/wp\/v2\/pages\/1046\/revisions"}],"wp:attachment":[{"href":"https:\/\/www.achilles.com\/de\/wp-json\/wp\/v2\/media?parent=1046"}],"curies":[{"name":"wp","href":"https:\/\/api.w.org\/{rel}","templated":true}]}}