{"id":43684,"date":"2023-09-27T17:14:19","date_gmt":"2023-09-27T16:14:19","guid":{"rendered":"https:\/\/uat.achilles.com\/eu-cs-ddd-2-2\/"},"modified":"2024-06-26T20:02:10","modified_gmt":"2024-06-26T17:02:10","slug":"eu-cs-ddd-2-2","status":"publish","type":"page","link":"https:\/\/www.achilles.com\/ar\/eu-cs-ddd-2-2\/","title":{"rendered":"\u0627\u0644\u0627\u062a\u062d\u0627\u062f \u0627\u0644\u0623\u0648\u0631\u0648\u0628\u064a CS DDD"},"content":{"rendered":"    <div class=\"top_section\">\n        <div class=\"container\">\n            <div class=\"top_info half\">\n                                    <h1 class=\"top_title\">Directiva sobre debida diligencia en materia de sostenibilidad<\/h1>\n                                    <div class=\"top_text large_text\">\n                        <p>La Directiva sobre debida diligencia en materia de sostenibilidad de la UE (CSDDD) ha estado avanzando a trav\u00e9s de varias lecturas en el Parlamento Europeo y se espera que entre en vigor en 2024, afectando tanto a las empresas con sede en la UE como a los importadores de la UE por igual. Obt\u00e9n m\u00e1s informaci\u00f3n sobre c\u00f3mo la legislaci\u00f3n podr\u00eda afectar a tu empresa.<\/p>\n                    <\/div>\n                                    <div class=\"top_buttons\">\n                                                    <a class=\"btn btn_big\" href=\"\/es\/contact-us\">Agenda una reuni\u00f3n<\/a>\n                                            <\/div>\n                            <\/div>\n        <\/div>\n        <div class=\"top_media\">\n\t\t\t            <img decoding=\"async\" src=\"https:\/\/www.achilles.com\/app\/uploads\/2023\/06\/AdobeStock_597633716-scaled-1.jpeg\" alt=\"Regulation demanding greater supply chain transparency including establishing end-to-end visibility on supplier performance through collaboration and engagement, operating more rigorous supplier qualification processes and embedding ESG requirements into source-to-pay processes.\">\n                    <\/div>\n    <\/div>\n            <div class=\"content_section bg_grey\">\r\n            <div class=\"container\">\r\n                <div class=\"content_wrap\">\r\n                    <div class=\"content_info ogo2\">\r\n                                                <p class=\"title_category\">Quiz<\/p>\r\n                                                <h2 class=\"title_page\">Pon a prueba tu conocimiento sobre la Directiva<\/h2>\r\n                                                <div class=\"typical_text\">\r\n                            <p>Incluso los profesionales m\u00e1s experimentados en compras y cadena de suministro admiten sentirse abrumados por esta nueva era de regulaci\u00f3n de la cadena de suministro de ESG. \u00bfConoces lo suficiente?<\/p>\n                        <\/div>\r\n                                                <a target=\"_blank\" class=\"btn btn_big\" href=\"https:\/\/achilles.cogniclick.app\/enter\/achilles-quiz-eu#\/\">Empieza el quiz<\/a>\r\n                                            <\/div>\r\n\t\t\t\t\t\t\t\t\t\t\r\n                                    <\/div>\r\n            <\/div>\r\n        <\/div>\r\n                <div class=\"content_section bg_grey\">\r\n            <div class=\"container\">\r\n                <div class=\"content_wrap right\">\r\n                    <div class=\"content_info ogo2\">\r\n                                                <p class=\"title_category\">Gu\u00eda<\/p>\r\n                                                <h2 class=\"title_page\">Una introducci\u00f3n a la Directiva sobre diligencia debida en materia de sostenibilidad<\/h2>\r\n                                                <div class=\"typical_text\">\r\n                            <p>Esta gu\u00eda tiene la intenci\u00f3n de proporcionar un resumen \u00fatil de lo que sabemos (y lo que no sabemos) hasta ahora. La mantendremos actualizada a medida que surja m\u00e1s informaci\u00f3n.<\/p>\n                        <\/div>\r\n                                                <a class=\"btn btn_big\" href=\"https:\/\/www.achilles.com\/es\/informacion-sectorial\/una-introduccion-a-la-directiva-sobre-diligencia-debida-en-materia-de-sostenibilidad\/\">Leer<\/a>\r\n                                            <\/div>\r\n\t\t\t\t\t\t\t\t\t\t\r\n                                        <div class=\"content_media\">\r\n                        <img decoding=\"async\" src=\"https:\/\/www.achilles.com\/app\/uploads\/2023\/12\/Directiva-sobre-diligencia-212x300-1.jpg\" width=\"300\" alt=\"\">\r\n                    <\/div>\r\n                                    <\/div>\r\n            <\/div>\r\n        <\/div>\r\n                <div class=\"content_section\">\r\n            <div class=\"container\">\r\n                <div class=\"content_wrap\">\r\n                    <div class=\"content_info ogo2\">\r\n                                                <p class=\"title_category\">Art\u00edculo<\/p>\r\n                                                <h2 class=\"title_page\">\u00bfCu\u00e1nto es suficiente?<\/h2>\r\n                                                <div class=\"typical_text\">\r\n                            <p>La pr\u00f3xima Directiva sobre diligencia debida en materia de sostenibilidad de la UE requiere que las organizaciones adopten un enfoque basado en el riesgo para la debida diligencia en la cadena de suministro. Pero, \u00bfhasta d\u00f3nde es necesario llegar y cu\u00e1nto es suficiente?<\/p>\n                        <\/div>\r\n                                                <a class=\"btn btn_big\" href=\"https:\/\/www.achilles.com\/es\/informacion-sectorial\/cumplimiento-de-la-directiva-sobre-diligencia-debida-en-materia-de-sostenibilidad-cuando-es-suficiente\/\">Leer<\/a>\r\n                                            <\/div>\r\n\t\t\t\t\t\t\t\t\t\t\r\n                                        <div class=\"content_media\">\r\n                        <img decoding=\"async\" src=\"https:\/\/www.achilles.com\/app\/uploads\/2023\/09\/iStock-963011730.jpg\" width=\"300\" alt=\"A close up of the statue of lady justice standing in front of an out of focus row of law books.\">\r\n                    <\/div>\r\n                                    <\/div>\r\n            <\/div>\r\n        <\/div>\r\n                <div class=\"content_section bg_grey\">\r\n            <div class=\"container\">\r\n                <div class=\"content_wrap right\">\r\n                    <div class=\"content_info ogo2\">\r\n                                                <p class=\"title_category\">Infograf\u00eda<\/p>\r\n                                                <h2 class=\"title_page\">La nueva legislaci\u00f3n de la UE sobre la cadena de suministro y c\u00f3mo cumplir con ella<\/h2>\r\n                                                <div class=\"typical_text\">\r\n                            <p>En esta infograf\u00eda te damos a conocer los diferentes pasos que debes seguir para cumplir con la CSDDD.<\/p>\n                        <\/div>\r\n                                                <a class=\"btn btn_big\" href=\"https:\/\/www.achilles.com\/es\/informacion-sectorial\/infografia-directiva-debida-diligencia-ue-y-consejos-para-el-cumplimiento\/\">Ver infograf\u00eda<\/a>\r\n                                            <\/div>\r\n\t\t\t\t\t\t\t\t\t\t\r\n                                        <div class=\"content_media\">\r\n                        <img decoding=\"async\" src=\"https:\/\/www.achilles.com\/app\/uploads\/2024\/02\/infographic-es.png\" width=\"300\" alt=\"\">\r\n                    <\/div>\r\n                                    <\/div>\r\n            <\/div>\r\n        <\/div>\r\n                <div class=\"content_section bg_grey\">\r\n            <div class=\"container\">\r\n                <div class=\"content_wrap\">\r\n                    <div class=\"content_info ogo2\">\r\n                                                <h2 class=\"title_page\">5 razones por las que deber\u00edas usar Achilles para la debida diligencia de la cadena de suministro<\/h2>\r\n                                                <h5 class=\"title_small\">Gesti\u00f3n de la cadena de suministro y cumplimiento ESG l\u00edder en el mundo<\/h5>\r\n                                                <div class=\"typical_text\">\r\n                            <p>Aqu\u00ed tienes cinco razones por las que debes comenzar a gestionar la debida diligencia de tu cadena de suministro y los informes con Achilles.<\/p>\n                        <\/div>\r\n                                                <a class=\"btn btn_big\" href=\"https:\/\/www.achilles.com\/es\/informacion-sectorial\/5-razones-por-las-que-deberias-usar-achilles-para-la-debida-diligencia-de-la-cadena-de-suministro\/\">Leer<\/a>\r\n                                            <\/div>\r\n\t\t\t\t\t\t\t\t\t\t\r\n                                        <div class=\"content_media\">\r\n                        <img decoding=\"async\" src=\"https:\/\/www.achilles.com\/app\/uploads\/2023\/09\/AdobeStock_555958628.png\" width=\"300\" alt=\"Carbon emissions\">\r\n                    <\/div>\r\n                                    <\/div>\r\n            <\/div>\r\n        <\/div>\r\n        <div class=\"content_section bg_grey\">\r\n        <div class=\"container\">\r\n                        <div class=\"description_section\">\r\n                                <p class=\"title_category\">Soluciones ESG de Achilles<\/p>\r\n                                <h2 class=\"title_section\">Soluciones de evaluaci\u00f3n y mejora ESG de la cadena de suministro<\/h2>\r\n                                <div class=\"typical_text\">\r\n                    <p>Achilles es el experto l\u00edder mundial en gesti\u00f3n de riesgos de la cadena de suministro. Trabajamos con organizaciones l\u00edderes en el mercado que requieren un an\u00e1lisis serio y detallado, as\u00ed como una visi\u00f3n experta necesaria para ofrecer niveles excepcionales de confianza en la presentaci\u00f3n de informes.<\/p>\n                <\/div>\r\n                            <\/div>\r\n                        <div class=\"features_wrap features_four\">\r\n                                <div class=\"feature_item\">\r\n                                        <div class=\"feature_item_icon\">\r\n                        <img decoding=\"async\" src=\"https:\/\/www.achilles.com\/app\/uploads\/2023\/09\/icon_common-file-text-check.png\" alt=\"\">\r\n                    <\/div>\r\n                                        <h3 class=\"feature_item_name\">Red de proveedores evaluados<\/h3>\r\n                                        <div class=\"typical_text\">\r\n                        <p>Accede a una base de datos rigurosamente evaluada y validada de proveedores globales de servicios financieros que cumplen con las regulaciones locales e internacionales de ESG y compras, como la EBA o la Directiva sobre diligencia debida en materia de sostenibilidad.<\/p>\n                    <\/div>\r\n                                        <a class=\"btn\" aria-label=\"Red de proveedores evaluados - M\u00e1s informaci\u00f3n\" href=\"https:\/\/www.achilles.com\/es\/red-de-proveedores-homologados\/\">M\u00e1s informaci\u00f3n<\/a>\r\n                                    <\/div>\r\n                                <div class=\"feature_item\">\r\n                                        <div class=\"feature_item_icon\">\r\n                        <img decoding=\"async\" src=\"https:\/\/www.achilles.com\/app\/uploads\/2023\/09\/icon_user-network-1.png\" alt=\"on site audits\">\r\n                    <\/div>\r\n                                        <h3 class=\"feature_item_name\">Diligencia debida de proveedores<\/h3>\r\n                                        <div class=\"typical_text\">\r\n                        <p>Una evaluaci\u00f3n y validaci\u00f3n rigurosas de tu cadena de suministro para asegurarnos de que tus proveedores cumplen con tus est\u00e1ndares y con las regulaciones relevantes para tus operaciones.<\/p>\n                    <\/div>\r\n                                        <a class=\"btn\" aria-label=\"Diligencia debida de proveedores - M\u00e1s informaci\u00f3n\" href=\"https:\/\/www.achilles.com\/es\/cumplimiento-cadena-de-suministro\/\">M\u00e1s informaci\u00f3n<\/a>\r\n                                    <\/div>\r\n                                <div class=\"feature_item\">\r\n                                        <div class=\"feature_item_icon\">\r\n                        <img decoding=\"async\" src=\"https:\/\/www.achilles.com\/app\/uploads\/2023\/09\/Icon_air-pollution-co2-down-2.png\" alt=\"\">\r\n                    <\/div>\r\n                                        <h3 class=\"feature_item_name\">Reducci\u00f3n de carbono<\/h3>\r\n                                        <div class=\"typical_text\">\r\n                        <p>Mide, gestiona y reduce de manera efectiva tu huella de carbono con el \u00fanico Esquema de Gesti\u00f3n de Carbono ISO14064-1 en el mundo.<\/p>\n                    <\/div>\r\n                                    <\/div>\r\n                            <\/div>\r\n                    <\/div>\r\n    <\/div>\r\n    <div class=\"content_section\">\r\n        <div class=\"container\">\r\n                        <div class=\"posts_panel\">\r\n                <div class=\"description_section\">\r\n                                        <p class=\"title_category\">RECURSOS<\/p>\r\n                     \r\n                    <h2 class=\"title_section\">Recomendado para ti<\/h2>\r\n                                    <\/div>\r\n                            <\/div>\r\n                                    <div class=\"posts_wrap\">\r\n                                <div class=\"post_item\">\r\n                    <div class=\"post_item_top\">\r\n                                                <a class=\"post_item_img\" href=\"https:\/\/www.achilles.com\/ar\/industry-insights\/guide-simplify-supplier-selection-gcc-projects\/\">\r\n                            <img decoding=\"async\" src=\"https:\/\/www.achilles.com\/app\/uploads\/2025\/06\/uk-website-banners-9.png\" alt=\"\u062f\u0644\u064a\u0644 \u0639\u0645\u0644\u064a \u0644\u062a\u0628\u0633\u064a\u0637 \u0627\u062e\u062a\u064a\u0627\u0631 \u0627\u0644\u0645\u0648\u0631\u062f\u064a\u0646 \u0641\u064a \u0645\u0634\u0627\u0631\u064a\u0639 \u062f\u0648\u0644 \u0645\u062c\u0644\u0633 \u0627\u0644\u062a\u0639\u0627\u0648\u0646 \u0627\u0644\u062e\u0644\u064a\u062c\u064a \u0633\u0631\u064a\u0639\u0629 \u0627\u0644\u0646\u0645\u0648\">\r\n                        <\/a>\r\n                                                <ul class=\"post_item_categories\">\r\n                                                        <li>\u063a\u064a\u0631 \u0645\u0635\u0646\u0641<\/li>\r\n                                                        <li>\u0645\u0642\u0627\u0644\u0629<\/li>\r\n                                                    <\/ul>\r\n                    <\/div>\r\n                    <a class=\"post_item_name\" href=\"https:\/\/www.achilles.com\/ar\/industry-insights\/guide-simplify-supplier-selection-gcc-projects\/\">\u062f\u0644\u064a\u0644 \u0639\u0645\u0644\u064a \u0644\u062a\u0628\u0633\u064a\u0637 \u0627\u062e\u062a\u064a\u0627\u0631 \u0627\u0644\u0645\u0648\u0631\u062f\u064a\u0646 \u0641\u064a \u0645\u0634\u0627\u0631\u064a\u0639 \u062f\u0648\u0644 \u0645\u062c\u0644\u0633 \u0627\u0644\u062a\u0639\u0627\u0648\u0646 \u0627\u0644\u062e\u0644\u064a\u062c\u064a \u0633\u0631\u064a\u0639\u0629 \u0627\u0644\u0646\u0645\u0648<\/a>\r\n                <\/div>\r\n                                <div class=\"post_item\">\r\n                    <div class=\"post_item_top\">\r\n                                                <a class=\"post_item_img\" href=\"https:\/\/www.achilles.com\/ar\/industry-insights\/7-thdyt-thdyt-thqyq-mtthl-lthd-lwrwby-lltwydt-wkyf-ymkn-shyl-msd-at-shrktk-l-ltwfq\/\">\r\n                            <img decoding=\"async\" src=\"https:\/\/www.achilles.com\/app\/uploads\/2024\/09\/AdobeStock_456312821-scaled.jpeg\" alt=\"7 \u062a\u062d\u062f\u064a\u0627\u062a \u062a\u0648\u0627\u062c\u0647 \u062a\u062d\u0642\u064a\u0642 \u0627\u0644\u0627\u0645\u062a\u062b\u0627\u0644 \u0644\u0645\u0639\u0627\u064a\u064a\u0631 \u0627\u0644\u0627\u062a\u062d\u0627\u062f \u0627\u0644\u0623\u0648\u0631\u0648\u0628\u064a \u0641\u064a \u0645\u062c\u0627\u0644 \u0627\u0644\u062a\u0639\u0627\u0641\u064a \u0645\u0646 \u0627\u0644\u0643\u0648\u0627\u0631\u062b \u0648\u0643\u064a\u0641 \u064a\u0645\u0643\u0646 \u0644\u0634\u0631\u0643\u0629 Achilles \u0645\u0633\u0627\u0639\u062f\u0629 \u0634\u0631\u0643\u062a\u0643 \u0639\u0644\u0649 \u0627\u0644\u0627\u0645\u062a\u062b\u0627\u0644\">\r\n                        <\/a>\r\n                                                <ul class=\"post_item_categories\">\r\n                                                        <li>\u063a\u064a\u0631 \u0645\u0635\u0646\u0641<\/li>\r\n                                                        <li>\u0645\u0642\u0627\u0644\u0629<\/li>\r\n                                                    <\/ul>\r\n                    <\/div>\r\n                    <a class=\"post_item_name\" href=\"https:\/\/www.achilles.com\/ar\/industry-insights\/7-thdyt-thdyt-thqyq-mtthl-lthd-lwrwby-lltwydt-wkyf-ymkn-shyl-msd-at-shrktk-l-ltwfq\/\">7 \u062a\u062d\u062f\u064a\u0627\u062a \u062a\u0648\u0627\u062c\u0647 \u062a\u062d\u0642\u064a\u0642 \u0627\u0644\u0627\u0645\u062a\u062b\u0627\u0644 \u0644\u0645\u0639\u0627\u064a\u064a\u0631 \u0627\u0644\u0627\u062a\u062d\u0627\u062f \u0627\u0644\u0623\u0648\u0631\u0648\u0628\u064a \u0641\u064a \u0645\u062c\u0627\u0644 \u0627\u0644\u062a\u0639\u0627\u0641\u064a \u0645\u0646 \u0627\u0644\u0643\u0648\u0627\u0631\u062b \u0648\u0643\u064a\u0641 \u064a\u0645\u0643\u0646 \u0644\u0634\u0631\u0643\u0629 Achilles \u0645\u0633\u0627\u0639\u062f\u0629 \u0634\u0631\u0643\u062a\u0643 \u0639\u0644\u0649 \u0627\u0644\u0627\u0645\u062a\u062b\u0627\u0644<\/a>\r\n                <\/div>\r\n                                <div class=\"post_item\">\r\n                    <div class=\"post_item_top\">\r\n                                                <a class=\"post_item_img\" href=\"https:\/\/www.achilles.com\/ar\/industry-insights\/ltshryt-ltshryt-ljdyd-at-lwrwby-at-ltshryt-kl-m-thtj-l-mrfth\/\">\r\n                            <img decoding=\"async\" src=\"https:\/\/www.achilles.com\/app\/uploads\/2024\/08\/AdobeStock_334037445_Editorial_Use_Only-scaled.jpeg\" alt=\"\u0627\u0644\u062a\u0634\u0631\u064a\u0639\u0627\u062a \u0627\u0644\u0623\u0648\u0631\u0648\u0628\u064a\u0629 \u0627\u0644\u062c\u062f\u064a\u062f\u0629 \u0644\u0644\u0639\u0646\u0627\u064a\u0629 \u0627\u0644\u0648\u0627\u062c\u0628\u0629 &#8211; \u0643\u0644 \u0645\u0627 \u062a\u062d\u062a\u0627\u062c \u0625\u0644\u0649 \u0645\u0639\u0631\u0641\u062a\u0647\">\r\n                        <\/a>\r\n                                                <ul class=\"post_item_categories\">\r\n                                                        <li>\u063a\u064a\u0631 \u0645\u0635\u0646\u0641<\/li>\r\n                                                        <li>\u0645\u0642\u0627\u0644\u0629<\/li>\r\n                                                    <\/ul>\r\n                    <\/div>\r\n                    <a class=\"post_item_name\" href=\"https:\/\/www.achilles.com\/ar\/industry-insights\/ltshryt-ltshryt-ljdyd-at-lwrwby-at-ltshryt-kl-m-thtj-l-mrfth\/\">\u0627\u0644\u062a\u0634\u0631\u064a\u0639\u0627\u062a \u0627\u0644\u0623\u0648\u0631\u0648\u0628\u064a\u0629 \u0627\u0644\u062c\u062f\u064a\u062f\u0629 \u0644\u0644\u0639\u0646\u0627\u064a\u0629 \u0627\u0644\u0648\u0627\u062c\u0628\u0629 &#8211; \u0643\u0644 \u0645\u0627 \u062a\u062d\u062a\u0627\u062c \u0625\u0644\u0649 \u0645\u0639\u0631\u0641\u062a\u0647<\/a>\r\n                <\/div>\r\n                            <\/div>\r\n                    <\/div>\r\n    <\/div>\r\n    <div class=\"request_section\">\r\n        <div class=\"contact_bg\">\r\n                        <img decoding=\"async\" src=\"https:\/\/www.achilles.com\/app\/uploads\/2023\/06\/AdobeStock_597633716-scaled-1.jpeg\" alt=\"Regulation demanding greater supply chain transparency including establishing end-to-end visibility on supplier performance through collaboration and engagement, operating more rigorous supplier qualification processes and embedding ESG requirements into source-to-pay processes.\">\r\n                    <\/div>\r\n        <div class=\"container\">\r\n            <div class=\"request_inner\">\r\n                                <div class=\"request_wrapper\">\r\n                <h2 class=\"title_section\">Cont\u00e1ctanos<\/h2>\r\n                <\/div>\r\n                                <div class=\"request_box\">\r\n                                        <h5 class=\"contact_content_subtitle\">Habla con uno de nuestros expertos en ESG y gesti\u00f3n de carbono.<\/h5>\r\n                    <script charset=\"utf-8\" type=\"text\/javascript\" src=\"\/\/js.hsforms.net\/forms\/embed\/v2.js\"><\/script>\r\n<script>\r\n  hbspt.forms.create({\r\n    region: \"na1\",\r\n    portalId: \"5387762\",\r\n    formId: \"3354ee4e-a554-4ea7-9a18-3d2d39739a6e\"\r\n  });\r\n<\/script>                <\/div>\r\n            <\/div>\r\n        <\/div>\r\n    <\/div>\r\n\r\n","protected":false},"excerpt":{"rendered":"","protected":false},"author":2,"featured_media":0,"parent":0,"menu_order":0,"comment_status":"closed","ping_status":"closed","template":"","meta":{"_acf_changed":false,"content-type":"","footnotes":""},"class_list":["post-43684","page","type-page","status-publish","hentry"],"acf":[],"_links":{"self":[{"href":"https:\/\/www.achilles.com\/ar\/wp-json\/wp\/v2\/pages\/43684","targetHints":{"allow":["GET"]}}],"collection":[{"href":"https:\/\/www.achilles.com\/ar\/wp-json\/wp\/v2\/pages"}],"about":[{"href":"https:\/\/www.achilles.com\/ar\/wp-json\/wp\/v2\/types\/page"}],"author":[{"embeddable":true,"href":"https:\/\/www.achilles.com\/ar\/wp-json\/wp\/v2\/users\/2"}],"replies":[{"embeddable":true,"href":"https:\/\/www.achilles.com\/ar\/wp-json\/wp\/v2\/comments?post=43684"}],"version-history":[{"count":0,"href":"https:\/\/www.achilles.com\/ar\/wp-json\/wp\/v2\/pages\/43684\/revisions"}],"wp:attachment":[{"href":"https:\/\/www.achilles.com\/ar\/wp-json\/wp\/v2\/media?parent=43684"}],"curies":[{"name":"wp","href":"https:\/\/api.w.org\/{rel}","templated":true}]}}